{"id":140192,"date":"2023-09-26T13:07:04","date_gmt":"2023-09-26T11:07:04","guid":{"rendered":"https:\/\/secureus.se\/elslutbleck-step-98-omstallbar-24v\/"},"modified":"2026-04-08T16:28:32","modified_gmt":"2026-04-08T14:28:32","slug":"elslutbleck-step-98-omstallbar-24v","status":"publish","type":"product","link":"https:\/\/secureus.se\/pl\/elslutbleck-step-98-omstallbar-24v\/","title":{"rendered":"Elektryczna p\u0142yta ko\u0144cowa STEP 98 Prze\u0142\u0105czana 24V"},"content":{"rendered":"<p>Elektryczna p\u0142yta ko\u0144cowa STEP 98 Prze\u0142\u0105czana 24V<\/p>\n<p>STEP 98 Preload to elektrozaczep przeciwpo\u017carowy z regulowan\u0105 funkcj\u0105, przeznaczony do drzwi antyw\u0142amaniowych zamykanych na ga\u0142k\u0119 lub klucz.<\/p>\n<p>Elektryczna p\u0142yta zaczepowa STEP 98 Wyposa\u017cona w technologi\u0119 HPR\u00ae, diod\u0119 zabezpieczaj\u0105c\u0105 i wysok\u0105 wytrzyma\u0142o\u015b\u0107 na rozbicie.<\/p>\n<p class=\"\" data-start=\"345\" data-end=\"805\">Preload to elektrozaczep o wysokim poziomie bezpiecze\u0144stwa, kt\u00f3ry zapewnia niezawodne zabezpieczenie i funkcjonalno\u015b\u0107 drzwi zamykanych na ga\u0142k\u0119 lub klucz.<\/p>\n<p class=\"\" data-start=\"345\" data-end=\"805\">Certyfikowany pod k\u0105tem odporno\u015bci ogniowej do E\/EI 120 zgodnie z norm\u0105 SS-EN 14846:2008, elektrozaczep gwarantuje, \u017ce drzwi pozostan\u0105 zamkni\u0119te nawet w ekstremalnych warunkach.<\/p>\n<p class=\"\" data-start=\"345\" data-end=\"805\">STEP 98 jest wyposa\u017cony w opatentowan\u0105 technologi\u0119 docisku paska STEP, kt\u00f3ra umo\u017cliwia odblokowanie drzwi nawet przy nacisku paska do 40 kg.<\/p>\n<p class=\"\" data-start=\"807\" data-end=\"1111\">Funkcja rewersyjna (do przodu lub do ty\u0142u) pozwala na dostosowanie STEP 98 do potrzeb instalacji, zapewniaj\u0105c wi\u0119ksz\u0105 elastyczno\u015b\u0107 w przypadku r\u00f3\u017cnych system\u00f3w drzwiowych.<\/p>\n<p class=\"\" data-start=\"807\" data-end=\"1111\">Wyposa\u017cono go r\u00f3wnie\u017c w prze\u0142\u0105cznik t\u0142okowy, kt\u00f3ry informuje o stanie drzwi (zamkni\u0119te\/otwarte), co umo\u017cliwia integracj\u0119 z systemami kontroli dost\u0119pu i systemami alarmowymi.<\/p>\n<p class=\"\" data-start=\"1113\" data-end=\"1305\">Dzi\u0119ki wytrzyma\u0142o\u015bci na zerwanie wynosz\u0105cej 9 kN (ok. 900 kg), konstrukcji odpornej na uderzenia i mo\u017cliwo\u015bci otwierania pomimo nacisku ta\u015bmy do 40 kg, STEP 98 oferuje niezawodn\u0105 prac\u0119 zar\u00f3wno przy ruchu do przodu, jak i do ty\u0142u.<\/p>\n<p class=\"\" data-start=\"1307\" data-end=\"1322\"><strong data-start=\"1307\" data-end=\"1322\">W\u0142a\u015bciwo\u015bci:<\/strong><\/p>\n<ul data-start=\"1323\" data-end=\"1863\">\n<li class=\"\" data-start=\"1323\" data-end=\"1402\">\n<p class=\"\" data-start=\"1325\" data-end=\"1402\">Mo\u017cliwo\u015b\u0107 prze\u0142\u0105czania funkcji do przodu lub do ty\u0142u (blokada lub odblokowanie w trybie bez zasilania)<\/p>\n<\/li>\n<li class=\"\" data-start=\"1403\" data-end=\"1459\">\n<p class=\"\" data-start=\"1405\" data-end=\"1459\">Ognioodporno\u015b\u0107 do E\/EI 120 zgodnie z norm\u0105 SS-EN 14846:2008<\/p>\n<\/li>\n<li class=\"\" data-start=\"1460\" data-end=\"1508\">\n<p class=\"\" data-start=\"1462\" data-end=\"1508\">Wbudowana dioda zabezpieczaj\u0105ca zapewniaj\u0105ca wi\u0119ksze bezpiecze\u0144stwo elektryczne<\/p>\n<\/li>\n<li class=\"\" data-start=\"1509\" data-end=\"1567\">\n<p class=\"\" data-start=\"1511\" data-end=\"1567\">Wska\u017anik stanu drzwi (zamkni\u0119te\/otwarte) poprzez styk t\u0142oka<\/p>\n<\/li>\n<li class=\"\" data-start=\"1568\" data-end=\"1605\">\n<p class=\"\" data-start=\"1570\" data-end=\"1605\">Wytrzyma\u0142o\u015b\u0107 na zerwanie 9 kN (ok. 900 kg)<\/p>\n<\/li>\n<li class=\"\" data-start=\"1606\" data-end=\"1705\">\n<p class=\"\" data-start=\"1608\" data-end=\"1705\">Gwarantuje otwarcie pomimo nacisku ta\u015bmy do 40 kg (0,4 kN) zar\u00f3wno w trybie do przodu, jak i do ty\u0142u<\/p>\n<\/li>\n<li class=\"\" data-start=\"1706\" data-end=\"1765\">\n<p class=\"\" data-start=\"1708\" data-end=\"1765\">Odporne na uderzenia i odwracalne, do drzwi prawych i lewych<\/p>\n<\/li>\n<li class=\"\" data-start=\"1766\" data-end=\"1812\">\n<p class=\"\" data-start=\"1768\" data-end=\"1812\">Mo\u017cliwo\u015b\u0107 blokowania \u015brub hakowych lub \u015brub prostych<\/p>\n<\/li>\n<li class=\"\" data-start=\"1813\" data-end=\"1863\">\n<p class=\"\" data-start=\"1815\" data-end=\"1863\">Mikrowy\u0142\u0105cznik jednobiegunowy prze\u0142\u0105czaj\u0105cy, max. 30V pr\u0105du sta\u0142ego, 1A<\/p>\n<\/li>\n<\/ul>\n<p class=\"\" data-start=\"1865\" data-end=\"1894\"><strong data-start=\"1865\" data-end=\"1894\">Dane techniczne:<\/strong><\/p>\n<ul data-start=\"1895\" data-end=\"2433\">\n<li class=\"\" data-start=\"1895\" data-end=\"2002\">\n<p class=\"\" data-start=\"1897\" data-end=\"2002\">Zasilanie: 12 V DC (+15% -10%) 220 mAh \/ maks. 600 mA lub 24 V DC (+15% -10%) 110 mAh \/ maks. 300 mA<\/p>\n<\/li>\n<li class=\"\" data-start=\"2003\" data-end=\"2043\">\n<p class=\"\" data-start=\"2005\" data-end=\"2043\">Trwa\u0142o\u015b\u0107: Klasa X zgodnie z norm\u0105 SS-EN 14846<\/p>\n<\/li>\n<li class=\"\" data-start=\"2044\" data-end=\"2083\">\n<p class=\"\" data-start=\"2046\" data-end=\"2083\">Korozja: Stopie\u0144 M zgodnie z norm\u0105 SS-EN 14846<\/p>\n<\/li>\n<li class=\"\" data-start=\"2084\" data-end=\"2122\">\n<p class=\"\" data-start=\"2086\" data-end=\"2122\">Bezpiecze\u0144stwo: Stopie\u0144 3 zgodnie z norm\u0105 SS-EN 14846<\/p>\n<\/li>\n<li class=\"\" data-start=\"2123\" data-end=\"2185\">\n<p class=\"\" data-start=\"2125\" data-end=\"2185\">Bezpiecze\u0144stwo manipulacji elektrycznych: Stopie\u0144 1 zgodnie z norm\u0105 SS-EN 14846<\/p>\n<\/li>\n<li class=\"\" data-start=\"2186\" data-end=\"2208\">\n<p class=\"\" data-start=\"2188\" data-end=\"2208\">Test ogniowy: 120 min<\/p>\n<\/li>\n<li class=\"\" data-start=\"2209\" data-end=\"2234\">\n<p class=\"\" data-start=\"2211\" data-end=\"2234\">Si\u0142a zrywaj\u0105ca: 900 kg<\/p>\n<\/li>\n<li class=\"\" data-start=\"2235\" data-end=\"2265\">\n<p class=\"\" data-start=\"2237\" data-end=\"2265\">Zawiasy drzwi: Prawe, Lewe<\/p>\n<\/li>\n<li class=\"\" data-start=\"2266\" data-end=\"2284\">\n<p class=\"\" data-start=\"2268\" data-end=\"2284\">Kabel w zestawie: Nie<\/p>\n<\/li>\n<li class=\"\" data-start=\"2285\" data-end=\"2303\">\n<p class=\"\" data-start=\"2287\" data-end=\"2303\">Nacisk ta\u015bmy: 40 kg<\/p>\n<\/li>\n<li class=\"\" data-start=\"2304\" data-end=\"2339\">\n<p class=\"\" data-start=\"2306\" data-end=\"2339\">Typ zamka: Zamek z pojedynczym zatrzaskiem, Zamek z podw\u00f3jnym zatrzaskiem<\/p>\n<\/li>\n<li class=\"\" data-start=\"2340\" data-end=\"2393\">\n<p class=\"\" data-start=\"2342\" data-end=\"2393\">Wymiary produktu: Szeroko\u015b\u0107: 25 mm, G\u0142\u0119boko\u015b\u0107: 35 mm, Wysoko\u015b\u0107: 90 mm<\/p>\n<\/li>\n<li class=\"\" data-start=\"2394\" data-end=\"2412\">\n<p class=\"\" data-start=\"2396\" data-end=\"2412\">Styk t\u0142oka: Nie<\/p>\n<\/li>\n<li class=\"\" data-start=\"2413\" data-end=\"2433\">\n<p class=\"\" data-start=\"2415\" data-end=\"2433\">Napi\u0119cie AC\/DC: DC<\/p>\n<\/li>\n<\/ul>","protected":false},"excerpt":{"rendered":"<p>Tutaj mo\u017cesz zobaczy\u0107, kt\u00f3re s\u0142upki i modele pasuj\u0105 do siebie z asortymentu elektrycznych ogranicznik\u00f3w drzwi STEP.<\/p>\n<h5><strong><a href=\"https:\/\/steplock.com\/sv\/stolpguide\/#!?lang=sv&amp;blog_id=1&amp;paged=1&amp;number=50\" target=\"_blank\" rel=\"noopener\">Przewodnik po STEP Post\u00a0<\/a><\/strong><\/h5>\n<h5><strong><a href=\"https:\/\/steplock.com\/sv\/projekteringsguide\/#!?lang=sv&amp;blog_id=1&amp;paged=1&amp;number=999\" target=\"_blank\" rel=\"noopener\">Przewodnik projektowy STEP<\/a><\/strong><\/h5>","protected":false},"featured_media":140191,"template":"","meta":{"_acf_changed":false},"product_brand":[],"product_cat":[3355],"product_tag":[4197,4202],"class_list":{"0":"post-140192","1":"product","2":"type-product","3":"status-publish","4":"has-post-thumbnail","6":"product_cat-elslutbleck","7":"product_tag-24v","8":"product_tag-omstallbar-rattvand-omvand","9":"product_shipping_class-tunga-paket","10":"pa_brands-step","11":"tm-no-options","13":"first","14":"outofstock","15":"sale","16":"taxable","17":"shipping-taxable","18":"purchasable","19":"product-type-simple"},"acf":[],"_links":{"self":[{"href":"https:\/\/secureus.se\/pl\/wp-json\/wp\/v2\/product\/140192","targetHints":{"allow":["GET"]}}],"collection":[{"href":"https:\/\/secureus.se\/pl\/wp-json\/wp\/v2\/product"}],"about":[{"href":"https:\/\/secureus.se\/pl\/wp-json\/wp\/v2\/types\/product"}],"wp:featuredmedia":[{"embeddable":true,"href":"https:\/\/secureus.se\/pl\/wp-json\/wp\/v2\/media\/140191"}],"wp:attachment":[{"href":"https:\/\/secureus.se\/pl\/wp-json\/wp\/v2\/media?parent=140192"}],"wp:term":[{"taxonomy":"product_brand","embeddable":true,"href":"https:\/\/secureus.se\/pl\/wp-json\/wp\/v2\/product_brand?post=140192"},{"taxonomy":"product_cat","embeddable":true,"href":"https:\/\/secureus.se\/pl\/wp-json\/wp\/v2\/product_cat?post=140192"},{"taxonomy":"product_tag","embeddable":true,"href":"https:\/\/secureus.se\/pl\/wp-json\/wp\/v2\/product_tag?post=140192"}],"curies":[{"name":"wp","href":"https:\/\/api.w.org\/{rel}","templated":true}]}}