{"id":140202,"date":"2023-09-26T13:06:52","date_gmt":"2023-09-26T11:06:52","guid":{"rendered":"https:\/\/secureus.se\/elslutbleck-step-18-hoger-omvand-24v-10mm-regel\/"},"modified":"2026-04-08T16:23:01","modified_gmt":"2026-04-08T14:23:01","slug":"elslutbleck-step-18-hoger-omvand-24v-10mm-regel","status":"publish","type":"product","link":"https:\/\/secureus.se\/pl\/elslutbleck-step-18-hoger-omvand-24v-10mm-regel\/","title":{"rendered":"Elektryczna p\u0142yta ko\u0144cowa KROK 18 Prawy bieg wsteczny 24 V 10 mm Linia"},"content":{"rendered":"<h1>Elektryczna p\u0142yta ko\u0144cowa KROK 18 Prawy bieg wsteczny 24 V 10 mm Linia<\/h1>\n<p>Zaczep elektryczny STEP 18 Secure to ognioodporny zaczep elektryczny do zamk\u00f3w ryglowych z t\u0142okiem 10 mm z serii Modul, przeznaczony do drzwi o wysokim poziomie bezpiecze\u0144stwa antyw\u0142amaniowego i szybkim ryglowaniu.<\/p>\n<p class=\"\" data-start=\"357\" data-end=\"700\">Elektrozaczep STEP 18 Secure nale\u017cy do serii Secure marki STEP i zapewnia najwy\u017cszy poziom bezpiecze\u0144stwa drzwiom, w kt\u00f3rych wymagane jest szybkie i trwa\u0142e blokowanie i odblokowywanie. Dzi\u0119ki temu idealnie nadaje si\u0119 do drzwi o du\u017cej liczbie wej\u015b\u0107 i wyj\u015b\u0107.<\/p>\n<p class=\"\" data-start=\"357\" data-end=\"700\">Produkt jest dopuszczony do stosowania w drzwiach antyw\u0142amaniowych do klasy RC4 i drzwiach przeciwpo\u017carowych do klasy E\/EI 60.<\/p>\n<p class=\"\" data-start=\"702\" data-end=\"1186\">Dzi\u0119ki wytrzyma\u0142o\u015bci na zerwanie wynosz\u0105cej 15 kN (ok. 1500 kg) i mo\u017cliwo\u015bci otwierania si\u0119 pomimo nacisku ta\u015bmy wynosz\u0105cego 5 kN (ok. 500 kg) zar\u00f3wno podczas ruchu do przodu, jak i do ty\u0142u, STEP 18 Secure oferuje niezawodno\u015b\u0107 i bezpiecze\u0144stwo.<\/p>\n<p class=\"\" data-start=\"702\" data-end=\"1186\">Funkcja rewersyjna oznacza, \u017ce drzwi s\u0105 odblokowane w pozycji bez zasilania, co umo\u017cliwia ich szybkie otwarcie, je\u015bli zajdzie taka potrzeba.<\/p>\n<p class=\"\" data-start=\"702\" data-end=\"1186\">Wbudowany styk popychacza informuje o stanie zamkni\u0119tym\/otwartym drzwi i stanie blokady (zablokowane\/odblokowane), co u\u0142atwia integracj\u0119 z systemami kontroli dost\u0119pu i systemami alarmowymi.<\/p>\n<p class=\"\" data-start=\"1188\" data-end=\"1328\">STEP 18 Secure jest tak\u017ce zabezpieczony przed ingerencj\u0105 os\u00f3b niepowo\u0142anych, aby wytrzyma\u0107 wp\u0142ywy zewn\u0119trzne, a 5-metrowy kabel po\u0142\u0105czeniowy bezhalogenowy u\u0142atwia instalacj\u0119.<\/p>\n<p class=\"\" data-start=\"1330\" data-end=\"1345\"><strong data-start=\"1330\" data-end=\"1345\">W\u0142a\u015bciwo\u015bci:<\/strong><\/p>\n<ul data-start=\"1346\" data-end=\"1879\">\n<li class=\"\" data-start=\"1346\" data-end=\"1390\">\n<p class=\"\" data-start=\"1348\" data-end=\"1390\">Do zamka regulacyjnego z t\u0142okiem 10 mm w serii Modul<\/p>\n<\/li>\n<li class=\"\" data-start=\"1391\" data-end=\"1433\">\n<p class=\"\" data-start=\"1393\" data-end=\"1433\">Funkcja rewersu (odblokowana w trybie beznapi\u0119ciowym)<\/p>\n<\/li>\n<li class=\"\" data-start=\"1434\" data-end=\"1458\">\n<p class=\"\" data-start=\"1436\" data-end=\"1458\">Do drzwi prawych<\/p>\n<\/li>\n<li class=\"\" data-start=\"1459\" data-end=\"1490\">\n<p class=\"\" data-start=\"1461\" data-end=\"1490\">Zatwierdzone ognioodpornie do E\/EI 60<\/p>\n<\/li>\n<li class=\"\" data-start=\"1491\" data-end=\"1568\">\n<p class=\"\" data-start=\"1493\" data-end=\"1568\">Wbudowany wska\u017anik stanu drzwi (zamkni\u0119te\/otwarte) i stanu zamka (zablokowane\/odblokowane)<\/p>\n<\/li>\n<li class=\"\" data-start=\"1569\" data-end=\"1607\">\n<p class=\"\" data-start=\"1571\" data-end=\"1607\">Wbudowana dioda zabezpieczaj\u0105ca dla wi\u0119kszego bezpiecze\u0144stwa<\/p>\n<\/li>\n<li class=\"\" data-start=\"1608\" data-end=\"1647\">\n<p class=\"\" data-start=\"1610\" data-end=\"1647\">Wytrzyma\u0142o\u015b\u0107 na zerwanie 15 kN (ok. 1500 kg)<\/p>\n<\/li>\n<li class=\"\" data-start=\"1648\" data-end=\"1728\">\n<p class=\"\" data-start=\"1650\" data-end=\"1728\">Otwiera si\u0119 pomimo nacisku ta\u015bmy wynosz\u0105cego 5 kN (ok. 500 kg) zar\u00f3wno w ruchu do przodu, jak i do ty\u0142u<\/p>\n<\/li>\n<li class=\"\" data-start=\"1729\" data-end=\"1788\">\n<p class=\"\" data-start=\"1731\" data-end=\"1788\">Odporne na uderzenia i odwracalne, do drzwi prawych i lewych<\/p>\n<\/li>\n<li class=\"\" data-start=\"1789\" data-end=\"1835\">\n<p class=\"\" data-start=\"1791\" data-end=\"1835\">Mo\u017cliwo\u015b\u0107 blokowania \u015brub hakowych lub \u015brub prostych<\/p>\n<\/li>\n<li class=\"\" data-start=\"1836\" data-end=\"1879\">\n<p class=\"\" data-start=\"1838\" data-end=\"1879\">W zestawie 5-metrowy kabel po\u0142\u0105czeniowy bezhalogenowy<\/p>\n<\/li>\n<\/ul>\n<p class=\"\" data-start=\"1881\" data-end=\"1910\"><strong data-start=\"1881\" data-end=\"1910\">Dane techniczne:<\/strong><\/p>\n<ul data-start=\"1911\" data-end=\"2702\">\n<li class=\"\" data-start=\"1911\" data-end=\"2002\">\n<p class=\"\" data-start=\"1913\" data-end=\"2002\">Zasilanie: 12 V DC (+15% -10%) 639 mA odblokowane lub 24 V DC (+15% -10%) 313 mA odblokowane<\/p>\n<\/li>\n<li class=\"\" data-start=\"2003\" data-end=\"2067\">\n<p class=\"\" data-start=\"2005\" data-end=\"2067\">Styk t\u0142okowy: Mikroprze\u0142\u0105cznik jednobiegunowy prze\u0142\u0105czaj\u0105cy, maks. 30V pr\u0105du sta\u0142ego, 1A<\/p>\n<\/li>\n<li class=\"\" data-start=\"2068\" data-end=\"2108\">\n<p class=\"\" data-start=\"2070\" data-end=\"2108\">Trwa\u0142o\u015b\u0107: Klasa Y zgodnie z norm\u0105 SS-EN 14846<\/p>\n<\/li>\n<li class=\"\" data-start=\"2109\" data-end=\"2148\">\n<p class=\"\" data-start=\"2111\" data-end=\"2148\">Korozja: Stopie\u0144 M zgodnie z norm\u0105 SS-EN 14846<\/p>\n<\/li>\n<li class=\"\" data-start=\"2149\" data-end=\"2187\">\n<p class=\"\" data-start=\"2151\" data-end=\"2187\">Bezpiecze\u0144stwo: Klasa 7 zgodnie z norm\u0105 SS-EN 14846<\/p>\n<\/li>\n<li class=\"\" data-start=\"2188\" data-end=\"2278\">\n<p class=\"\" data-start=\"2190\" data-end=\"2278\">Bezpiecze\u0144stwo manipulacji elektrycznych: Stopie\u0144 3 (skierowany do przodu) Stopie\u0144 1 (skierowany do ty\u0142u) zgodnie z norm\u0105 SS-EN 14846<\/p>\n<\/li>\n<li class=\"\" data-start=\"2279\" data-end=\"2300\">\n<p class=\"\" data-start=\"2281\" data-end=\"2300\">Test ogniowy: 60 min<\/p>\n<\/li>\n<li class=\"\" data-start=\"2301\" data-end=\"2327\">\n<p class=\"\" data-start=\"2303\" data-end=\"2327\">Wytrzyma\u0142o\u015b\u0107 na zerwanie: 1500 kg<\/p>\n<\/li>\n<li class=\"\" data-start=\"2328\" data-end=\"2349\">\n<p class=\"\" data-start=\"2330\" data-end=\"2349\">Zawias drzwi: prawy<\/p>\n<\/li>\n<li class=\"\" data-start=\"2350\" data-end=\"2404\">\n<p class=\"\" data-start=\"2352\" data-end=\"2404\">Kabel w zestawie: Tak, 5-metrowy kabel po\u0142\u0105czeniowy bezhalogenowy<\/p>\n<\/li>\n<li class=\"\" data-start=\"2405\" data-end=\"2424\">\n<p class=\"\" data-start=\"2407\" data-end=\"2424\">Nacisk listwy: 500 kg<\/p>\n<\/li>\n<li class=\"\" data-start=\"2425\" data-end=\"2456\">\n<p class=\"\" data-start=\"2427\" data-end=\"2456\">Typ zamka: Zamek zatrzaskowy, Zamek zatrzaskowy<\/p>\n<\/li>\n<li class=\"\" data-start=\"2457\" data-end=\"2511\">\n<p class=\"\" data-start=\"2459\" data-end=\"2511\">Wymiary produktu: Szeroko\u015b\u0107: 35 mm, G\u0142\u0119boko\u015b\u0107: 40 mm, Wysoko\u015b\u0107: 230 mm<\/p>\n<\/li>\n<li class=\"\" data-start=\"2512\" data-end=\"2529\">\n<p class=\"\" data-start=\"2514\" data-end=\"2529\">Kontakt t\u0142okowy: Tak<\/p>\n<\/li>\n<li class=\"\" data-start=\"2530\" data-end=\"2550\">\n<p class=\"\" data-start=\"2532\" data-end=\"2550\">Napi\u0119cie AC\/DC: DC<\/p>\n<\/li>\n<li class=\"\" data-start=\"2551\" data-end=\"2573\">\n<p class=\"\" data-start=\"2553\" data-end=\"2573\">Maksymalne napi\u0119cie: 27,6 V<\/p>\n<\/li>\n<li class=\"\" data-start=\"2574\" data-end=\"2596\">\n<p class=\"\" data-start=\"2576\" data-end=\"2596\">Napi\u0119cie min: 21,6 V<\/p>\n<\/li>\n<li class=\"\" data-start=\"2597\" data-end=\"2625\">\n<p class=\"\" data-start=\"2599\" data-end=\"2625\">Kolor\/Wyko\u0144czenie: Stal nierdzewna<\/p>\n<\/li>\n<li class=\"\" data-start=\"2626\" data-end=\"2646\">\n<p class=\"\" data-start=\"2628\" data-end=\"2646\">Oceniony produkt budowlany: Tak<\/p>\n<\/li>\n<li class=\"\" data-start=\"2647\" data-end=\"2668\">\n<p class=\"\" data-start=\"2649\" data-end=\"2668\">Zweryfikowano przez EPD: Nie<\/p>\n<\/li>\n<li class=\"\" data-start=\"2669\" data-end=\"2681\">\n<p class=\"\" data-start=\"2671\" data-end=\"2681\">FINFO: Nie<\/p>\n<\/li>\n<li class=\"\" data-start=\"2682\" data-end=\"2702\">\n<p class=\"\" data-start=\"2684\" data-end=\"2702\">SundaHouse oceni\u0142(a): Tak<\/p>\n<\/li>\n<\/ul>","protected":false},"excerpt":{"rendered":"<p>Tutaj mo\u017cesz zobaczy\u0107, kt\u00f3re s\u0142upki i modele pasuj\u0105 do siebie z asortymentu elektrycznych ogranicznik\u00f3w drzwi STEP.<\/p>\n<h5><strong><a href=\"https:\/\/steplock.com\/sv\/stolpguide\/#!?lang=sv&amp;blog_id=1&amp;paged=1&amp;number=50\" target=\"_blank\" rel=\"noopener\">Przewodnik po STEP Post\u00a0<\/a><\/strong><\/h5>\n<h5><strong><a href=\"https:\/\/steplock.com\/sv\/projekteringsguide\/#!?lang=sv&amp;blog_id=1&amp;paged=1&amp;number=999\" target=\"_blank\" rel=\"noopener\">Przewodnik projektowy STEP<\/a><\/strong><\/h5>","protected":false},"featured_media":140199,"template":"","meta":{"_acf_changed":false},"product_brand":[],"product_cat":[3355],"product_tag":[4197,4201],"class_list":{"0":"post-140202","1":"product","2":"type-product","3":"status-publish","4":"has-post-thumbnail","6":"product_cat-elslutbleck","7":"product_tag-24v","8":"product_tag-omvand","9":"product_shipping_class-tunga-paket","10":"pa_brands-step","11":"tm-no-options","13":"first","14":"onbackorder","15":"sale","16":"taxable","17":"shipping-taxable","18":"purchasable","19":"product-type-simple"},"acf":[],"_links":{"self":[{"href":"https:\/\/secureus.se\/pl\/wp-json\/wp\/v2\/product\/140202","targetHints":{"allow":["GET"]}}],"collection":[{"href":"https:\/\/secureus.se\/pl\/wp-json\/wp\/v2\/product"}],"about":[{"href":"https:\/\/secureus.se\/pl\/wp-json\/wp\/v2\/types\/product"}],"wp:featuredmedia":[{"embeddable":true,"href":"https:\/\/secureus.se\/pl\/wp-json\/wp\/v2\/media\/140199"}],"wp:attachment":[{"href":"https:\/\/secureus.se\/pl\/wp-json\/wp\/v2\/media?parent=140202"}],"wp:term":[{"taxonomy":"product_brand","embeddable":true,"href":"https:\/\/secureus.se\/pl\/wp-json\/wp\/v2\/product_brand?post=140202"},{"taxonomy":"product_cat","embeddable":true,"href":"https:\/\/secureus.se\/pl\/wp-json\/wp\/v2\/product_cat?post=140202"},{"taxonomy":"product_tag","embeddable":true,"href":"https:\/\/secureus.se\/pl\/wp-json\/wp\/v2\/product_tag?post=140202"}],"curies":[{"name":"wp","href":"https:\/\/api.w.org\/{rel}","templated":true}]}}