{"id":140248,"date":"2023-09-26T13:06:27","date_gmt":"2023-09-26T11:06:27","guid":{"rendered":"https:\/\/secureus.se\/elslutbleck-step-90-omstallbar-12v\/"},"modified":"2026-04-23T12:54:08","modified_gmt":"2026-04-23T10:54:08","slug":"elslutbleck-step-90-omstallbar-12v","status":"publish","type":"product","link":"https:\/\/secureus.se\/pl\/elslutbleck-step-90-omstallbar-12v\/","title":{"rendered":"Elektryczna listwa przy\u0142\u0105czeniowa STEP 90 Prze\u0142\u0105czana 12V"},"content":{"rendered":"<h1>Elektryczna listwa przy\u0142\u0105czeniowa STEP 90 Prze\u0142\u0105czana 12V<\/h1>\n<p>Elektrozaczep STEP 90 Preload HPR to kompaktowy i ognioodporny elektrozaczep o wysokim poziomie bezpiecze\u0144stwa, d\u0142ugiej \u017cywotno\u015bci i niezawodnym dzia\u0142aniu nawet w trudnych warunkach.<\/p>\n<p>Nadaje si\u0119 do drzwi o du\u017cej cz\u0119stotliwo\u015bci otwierania.<\/p>\n<p class=\"\" data-start=\"355\" data-end=\"810\">STEP 90 Preload HPR to elektrozaczep z atestem przeciwpo\u017carowym, zaprojektowany tak, aby spe\u0142nia\u0107 wysokie wymagania dotycz\u0105ce bezpiecze\u0144stwa i funkcjonalno\u015bci.<\/p>\n<p class=\"\" data-start=\"355\" data-end=\"810\">Posiada certyfikat odporno\u015bci ogniowej E\/EI120 zgodnie z norm\u0105 SS-EN 14846 i stanowi niezawodne i trwa\u0142e rozwi\u0105zanie dla drzwi nara\u017conych na cz\u0119ste u\u017cytkowanie.<\/p>\n<p class=\"\" data-start=\"355\" data-end=\"810\">W STEP 90 zastosowano opatentowan\u0105 technologi\u0119 HPR\u00ae, kt\u00f3ra gwarantuje, \u017ce drzwi otworz\u0105 si\u0119 nawet przy nacisku ta\u015bmy wynosz\u0105cym do 250 kg.<\/p>\n<p class=\"\" data-start=\"812\" data-end=\"1133\">Zaczep elektryczny posiada funkcj\u0119 odwracania, zar\u00f3wno w pozycji przedniej, jak i odwrotnej, co oznacza, \u017ce mo\u017cna go stosowa\u0107 w r\u00f3\u017cnych systemach zamykania.<\/p>\n<p class=\"\" data-start=\"812\" data-end=\"1133\">Produkt jest przeznaczony do drzwi otwieranych zar\u00f3wno na praw\u0105, jak i na lew\u0105 stron\u0119 i mo\u017cna go \u0142atwo zamontowa\u0107 w systemach drzwiowych z pojedynczym lub podw\u00f3jnym zamkiem zatrzaskowym, szczeg\u00f3lnie w seriach Connect, Modul i Narrow Profile.<\/p>\n<p class=\"\" data-start=\"1135\" data-end=\"1152\"><strong data-start=\"1135\" data-end=\"1149\">Charakterystyka<\/strong>:<\/p>\n<ul data-start=\"1153\" data-end=\"1691\">\n<li class=\"\" data-start=\"1153\" data-end=\"1234\">\n<p class=\"\" data-start=\"1155\" data-end=\"1234\">Mo\u017cliwo\u015b\u0107 prze\u0142\u0105czania funkcji do przodu lub do ty\u0142u (blokada lub odblokowanie w trybie bez zasilania)<\/p>\n<\/li>\n<li class=\"\" data-start=\"1235\" data-end=\"1310\">\n<p class=\"\" data-start=\"1237\" data-end=\"1310\">Certyfikowany pod k\u0105tem odporno\u015bci ogniowej do E\/EI 120 zgodnie z norm\u0105 SS-EN 14846:2008<\/p>\n<\/li>\n<li class=\"\" data-start=\"1311\" data-end=\"1333\">\n<p class=\"\" data-start=\"1313\" data-end=\"1333\">Wbudowana dioda zabezpieczaj\u0105ca<\/p>\n<\/li>\n<li class=\"\" data-start=\"1334\" data-end=\"1428\">\n<p class=\"\" data-start=\"1336\" data-end=\"1428\">Wska\u017anik wykrywania zamkni\u0119cia\/otwarcia drzwi (dotyczy produkt\u00f3w z kontaktem t\u0142okowym)<\/p>\n<\/li>\n<li class=\"\" data-start=\"1429\" data-end=\"1467\">\n<p class=\"\" data-start=\"1431\" data-end=\"1467\">Wytrzyma\u0142o\u015b\u0107 na zerwanie 1200 kg (ok. 12 kN)<\/p>\n<\/li>\n<li class=\"\" data-start=\"1468\" data-end=\"1549\">\n<p class=\"\" data-start=\"1470\" data-end=\"1549\">Technologia HPR\u00ae gwarantuje otwieranie pomimo nacisku ta\u015bmy do 250 kg (ok. 2,5 kN)<\/p>\n<\/li>\n<li class=\"\" data-start=\"1550\" data-end=\"1606\">\n<p class=\"\" data-start=\"1552\" data-end=\"1606\">Odporne na uderzenia i odwracalne do drzwi prawych i lewych<\/p>\n<\/li>\n<li class=\"\" data-start=\"1607\" data-end=\"1691\">\n<p class=\"\" data-start=\"1609\" data-end=\"1691\">Pasuje do skrzynek zamk\u00f3w z pojedynczym lub podw\u00f3jnym zatrzaskiem z serii Connect, Modul i Narrow Profile<\/p>\n<\/li>\n<\/ul>\n<p class=\"\" data-start=\"1693\" data-end=\"1724\"><strong data-start=\"1693\" data-end=\"1721\">Specyfikacje techniczne<\/strong>:<\/p>\n<ul data-start=\"1725\" data-end=\"2338\">\n<li class=\"\" data-start=\"1725\" data-end=\"1761\">\n<p class=\"\" data-start=\"1727\" data-end=\"1761\"><strong data-start=\"1727\" data-end=\"1750\">Si\u0142a zrywaj\u0105ca maks<\/strong>: 1200 kg<\/p>\n<\/li>\n<li class=\"\" data-start=\"1762\" data-end=\"1798\">\n<p class=\"\" data-start=\"1764\" data-end=\"1798\"><strong data-start=\"1764\" data-end=\"1780\">Wisz\u0105ce drzwi<\/strong>:Prawo, Lewo<\/p>\n<\/li>\n<li class=\"\" data-start=\"1799\" data-end=\"1823\">\n<p class=\"\" data-start=\"1801\" data-end=\"1823\"><strong data-start=\"1801\" data-end=\"1816\">Kabel w zestawie<\/strong>: NIE<\/p>\n<\/li>\n<li class=\"\" data-start=\"1824\" data-end=\"1849\">\n<p class=\"\" data-start=\"1826\" data-end=\"1849\"><strong data-start=\"1826\" data-end=\"1839\">Drukowanie listy<\/strong>: 250 kg<\/p>\n<\/li>\n<li class=\"\" data-start=\"1850\" data-end=\"1891\">\n<p class=\"\" data-start=\"1852\" data-end=\"1891\"><strong data-start=\"1852\" data-end=\"1862\">Typ zamka<\/strong>: Zamek z pojedyncz\u0105 zapadk\u0105, Zamek z podw\u00f3jn\u0105 zapadk\u0105<\/p>\n<\/li>\n<li class=\"\" data-start=\"1892\" data-end=\"1920\">\n<p class=\"\" data-start=\"1894\" data-end=\"1920\"><strong data-start=\"1894\" data-end=\"1911\">Szeroki produkt<\/strong>: 25 mm<\/p>\n<\/li>\n<li class=\"\" data-start=\"1921\" data-end=\"1947\">\n<p class=\"\" data-start=\"1923\" data-end=\"1947\"><strong data-start=\"1923\" data-end=\"1941\">Oceniono materia\u0142y budowlane<\/strong>: Tak<\/p>\n<\/li>\n<li class=\"\" data-start=\"1948\" data-end=\"1975\">\n<p class=\"\" data-start=\"1950\" data-end=\"1975\"><strong data-start=\"1950\" data-end=\"1966\">G\u0142\u0119boki produkt<\/strong>: 28mm<\/p>\n<\/li>\n<li class=\"\" data-start=\"1976\" data-end=\"2010\">\n<p class=\"\" data-start=\"1978\" data-end=\"2010\"><strong data-start=\"1978\" data-end=\"2003\">Napi\u0119cie robocze 12V\/24V<\/strong>: 12 V<\/p>\n<\/li>\n<li class=\"\" data-start=\"2011\" data-end=\"2039\">\n<p class=\"\" data-start=\"2013\" data-end=\"2039\"><strong data-start=\"2013\" data-end=\"2032\">Podw\u00f3jne zakr\u0119cane etui<\/strong>: NIE<\/p>\n<\/li>\n<li class=\"\" data-start=\"2040\" data-end=\"2067\">\n<p class=\"\" data-start=\"2042\" data-end=\"2067\"><strong data-start=\"2042\" data-end=\"2060\">Zweryfikowano przez EPD<\/strong>: NIE<\/p>\n<\/li>\n<li class=\"\" data-start=\"2068\" data-end=\"2086\">\n<p class=\"\" data-start=\"2070\" data-end=\"2086\"><strong data-start=\"2070\" data-end=\"2079\">DOBRA INFORMACJA<\/strong>: NIE<\/p>\n<\/li>\n<li class=\"\" data-start=\"2087\" data-end=\"2121\">\n<p class=\"\" data-start=\"2089\" data-end=\"2121\"><strong data-start=\"2089\" data-end=\"2110\">Kolor\/Obr\u00f3bka powierzchni<\/strong>:Stal nierdzewna<\/p>\n<\/li>\n<li class=\"\" data-start=\"2122\" data-end=\"2149\">\n<p class=\"\" data-start=\"2124\" data-end=\"2149\"><strong data-start=\"2124\" data-end=\"2140\">Podwy\u017cszony produkt<\/strong>: 90mm<\/p>\n<\/li>\n<li class=\"\" data-start=\"2150\" data-end=\"2174\">\n<p class=\"\" data-start=\"2152\" data-end=\"2174\"><strong data-start=\"2152\" data-end=\"2167\">Z\u0142\u0105cze t\u0142okowe<\/strong>: NIE<\/p>\n<\/li>\n<li class=\"\" data-start=\"2175\" data-end=\"2226\">\n<p class=\"\" data-start=\"2177\" data-end=\"2226\"><strong data-start=\"2177\" data-end=\"2196\">W prawo\/wstecz<\/strong>: Prze\u0142\u0105czany do przodu\/do ty\u0142u<\/p>\n<\/li>\n<li class=\"\" data-start=\"2227\" data-end=\"2253\">\n<p class=\"\" data-start=\"2229\" data-end=\"2253\"><strong data-start=\"2229\" data-end=\"2247\">Napi\u0119cie AC\/DC<\/strong>:DC<\/p>\n<\/li>\n<li class=\"\" data-start=\"2254\" data-end=\"2282\">\n<p class=\"\" data-start=\"2256\" data-end=\"2282\"><strong data-start=\"2256\" data-end=\"2272\">Napi\u0119cie maks<\/strong>: 13,8 V<\/p>\n<\/li>\n<li class=\"\" data-start=\"2283\" data-end=\"2311\">\n<p class=\"\" data-start=\"2285\" data-end=\"2311\"><strong data-start=\"2285\" data-end=\"2301\">Napi\u0119cie min<\/strong>: 10,8 V<\/p>\n<\/li>\n<li class=\"\" data-start=\"2312\" data-end=\"2338\">\n<p class=\"\" data-start=\"2314\" data-end=\"2338\"><strong data-start=\"2314\" data-end=\"2332\">Ocena SundaHouse<\/strong>: Tak<\/p>\n<\/li>\n<\/ul>","protected":false},"excerpt":{"rendered":"<p>Tutaj mo\u017cesz zobaczy\u0107, kt\u00f3re s\u0142upki i modele pasuj\u0105 do siebie z asortymentu elektrycznych ogranicznik\u00f3w drzwi STEP.<\/p>\n<h5><strong><a href=\"https:\/\/steplock.com\/sv\/stolpguide\/#!?lang=sv&amp;blog_id=1&amp;paged=1&amp;number=50\" target=\"_blank\" rel=\"noopener\">Przewodnik po STEP Post\u00a0<\/a><\/strong><\/h5>\n<h5><strong><a href=\"https:\/\/steplock.com\/sv\/projekteringsguide\/#!?lang=sv&amp;blog_id=1&amp;paged=1&amp;number=999\" target=\"_blank\" rel=\"noopener\">Przewodnik projektowy STEP<\/a><\/strong><\/h5>","protected":false},"featured_media":140241,"template":"","meta":{"_acf_changed":false},"product_brand":[],"product_cat":[3355],"product_tag":[4198,4202],"class_list":{"0":"post-140248","1":"product","2":"type-product","3":"status-publish","4":"has-post-thumbnail","6":"product_cat-elslutbleck","7":"product_tag-12v","8":"product_tag-omstallbar-rattvand-omvand","9":"product_shipping_class-tunga-paket","10":"pa_brands-step","11":"tm-no-options","13":"first","14":"onbackorder","15":"sale","16":"taxable","17":"shipping-taxable","18":"purchasable","19":"product-type-simple"},"acf":[],"_links":{"self":[{"href":"https:\/\/secureus.se\/pl\/wp-json\/wp\/v2\/product\/140248","targetHints":{"allow":["GET"]}}],"collection":[{"href":"https:\/\/secureus.se\/pl\/wp-json\/wp\/v2\/product"}],"about":[{"href":"https:\/\/secureus.se\/pl\/wp-json\/wp\/v2\/types\/product"}],"wp:featuredmedia":[{"embeddable":true,"href":"https:\/\/secureus.se\/pl\/wp-json\/wp\/v2\/media\/140241"}],"wp:attachment":[{"href":"https:\/\/secureus.se\/pl\/wp-json\/wp\/v2\/media?parent=140248"}],"wp:term":[{"taxonomy":"product_brand","embeddable":true,"href":"https:\/\/secureus.se\/pl\/wp-json\/wp\/v2\/product_brand?post=140248"},{"taxonomy":"product_cat","embeddable":true,"href":"https:\/\/secureus.se\/pl\/wp-json\/wp\/v2\/product_cat?post=140248"},{"taxonomy":"product_tag","embeddable":true,"href":"https:\/\/secureus.se\/pl\/wp-json\/wp\/v2\/product_tag?post=140248"}],"curies":[{"name":"wp","href":"https:\/\/api.w.org\/{rel}","templated":true}]}}