{"id":140280,"date":"2023-09-26T13:06:11","date_gmt":"2023-09-26T11:06:11","guid":{"rendered":"https:\/\/secureus.se\/elslutbleck-step-18-hoger-omvand-24v-for-assa-511\/"},"modified":"2026-03-26T09:57:00","modified_gmt":"2026-03-26T08:57:00","slug":"elslutbleck-step-18-hoger-omvand-24v-for-assa-511","status":"publish","type":"product","link":"https:\/\/secureus.se\/pl\/elslutbleck-step-18-hoger-omvand-24v-for-assa-511\/","title":{"rendered":"Elektryczna p\u0142yta ko\u0144cowa STEP 18 Prawy bieg wsteczny 24 V dla Assa 511"},"content":{"rendered":"<h1>Elektryczna p\u0142yta ko\u0144cowa STEP 18 Prawy bieg wsteczny 24 V dla Assa 511<\/h1>\n<p>Elektrozaczep STEP 18 Secure do Assa 511 oferuje wysokie bezpiecze\u0144stwo i posiada atest ognioodporno\u015bci do E\/EI 60. Doskonale nadaje si\u0119 do drzwi o wysokich wymaganiach dotycz\u0105cych ochrony przed w\u0142amaniem i du\u017cej cz\u0119stotliwo\u015bci otwierania.<\/p>\n<p class=\"\" data-start=\"417\" data-end=\"793\">STEP 18 Secure to zamek elektryczny o wysokim poziomie bezpiecze\u0144stwa, zaprojektowany specjalnie do stosowania w drzwiach o wysokich wymaganiach bezpiecze\u0144stwa, np. w wi\u0119zieniach, bankach i drzwiach antyw\u0142amaniowych.<\/p>\n<p class=\"\" data-start=\"417\" data-end=\"793\">Dzi\u0119ki wytrzyma\u0142o\u015bci na zerwanie wynosz\u0105cej 15 kN (ok. 1500 kg) ten zamek elektryczny jest tak skonstruowany, aby wytrzyma\u0107 du\u017cy nacisk ta\u015bmy i zapewni\u0107 niezawodne blokowanie i odblokowywanie nawet przy du\u017cych obci\u0105\u017ceniach.<\/p>\n<p class=\"\" data-start=\"795\" data-end=\"1252\">Ten zamek elektryczny jest dopuszczony do zamykania drzwi antyw\u0142amaniowych do klasy RC4 i posiada klas\u0119 odporno\u015bci ogniowej do E\/EI 60.<\/p>\n<p class=\"\" data-start=\"795\" data-end=\"1252\">Nadaje si\u0119 do zamka hakowego Assa 511 z t\u0142okiem 10 mm i posiada funkcj\u0119 rewersyjn\u0105 (odblokowanie w pozycji bez zasilania), dzi\u0119ki czemu jest szczeg\u00f3lnie przydatny w drzwiach, w kt\u00f3rych otwieranie i zamykanie odbywa si\u0119 cz\u0119sto.<\/p>\n<p class=\"\" data-start=\"795\" data-end=\"1252\">Dzi\u0119ki wbudowanemu prze\u0142\u0105cznikowi t\u0142okowemu, kt\u00f3ry wskazuje, czy drzwi s\u0105 zamkni\u0119te\/otwarte i zablokowane\/odblokowane, zamek elektryczny mo\u017cna z \u0142atwo\u015bci\u0105 zintegrowa\u0107 z systemami kontroli dost\u0119pu i systemami alarmowymi.<\/p>\n<p class=\"\" data-start=\"1254\" data-end=\"1271\"><strong data-start=\"1254\" data-end=\"1268\">Charakterystyka<\/strong>:<\/p>\n<ul data-start=\"1272\" data-end=\"1713\">\n<li class=\"\" data-start=\"1272\" data-end=\"1315\">\n<p class=\"\" data-start=\"1274\" data-end=\"1315\">Do zamka hakowego Assa 511 z t\u0142okiem 10 mm<\/p>\n<\/li>\n<li class=\"\" data-start=\"1316\" data-end=\"1360\">\n<p class=\"\" data-start=\"1318\" data-end=\"1360\">Funkcja cofania (odblokowana w trybie bez zasilania)<\/p>\n<\/li>\n<li class=\"\" data-start=\"1361\" data-end=\"1387\">\n<p class=\"\" data-start=\"1363\" data-end=\"1387\">Do drzwi prawych<\/p>\n<\/li>\n<li class=\"\" data-start=\"1388\" data-end=\"1421\">\n<p class=\"\" data-start=\"1390\" data-end=\"1421\">Zatwierdzone ognioodpornie do E\/EI 60<\/p>\n<\/li>\n<li class=\"\" data-start=\"1422\" data-end=\"1506\">\n<p class=\"\" data-start=\"1424\" data-end=\"1506\">Wbudowany prze\u0142\u0105cznik popychaj\u0105cy wskazuj\u0105cy stan drzwi zamkni\u0119tych\/otwartych i zablokowanych\/odblokowanych<\/p>\n<\/li>\n<li class=\"\" data-start=\"1507\" data-end=\"1529\">\n<p class=\"\" data-start=\"1509\" data-end=\"1529\">Wbudowana dioda zabezpieczaj\u0105ca<\/p>\n<\/li>\n<li class=\"\" data-start=\"1530\" data-end=\"1568\">\n<p class=\"\" data-start=\"1532\" data-end=\"1568\">Wytrzyma\u0142o\u015b\u0107 na zerwanie 15 kN (ok. 1500 kg)<\/p>\n<\/li>\n<li class=\"\" data-start=\"1569\" data-end=\"1651\">\n<p class=\"\" data-start=\"1571\" data-end=\"1651\">Otwiera si\u0119 pomimo nacisku ta\u015bmy wynosz\u0105cego 5 kN (ok. 500 kg) zar\u00f3wno w ruchu do przodu, jak i do ty\u0142u<\/p>\n<\/li>\n<li class=\"\" data-start=\"1652\" data-end=\"1667\">\n<p class=\"\" data-start=\"1654\" data-end=\"1667\">Antystukowy<\/p>\n<\/li>\n<li class=\"\" data-start=\"1668\" data-end=\"1713\">\n<p class=\"\" data-start=\"1670\" data-end=\"1713\">W zestawie 5-metrowy kabel po\u0142\u0105czeniowy bezhalogenowy<\/p>\n<\/li>\n<\/ul>\n<p class=\"\" data-start=\"1715\" data-end=\"1746\"><strong data-start=\"1715\" data-end=\"1743\">Specyfikacje techniczne<\/strong>:<\/p>\n<ul data-start=\"1747\" data-end=\"2354\">\n<li class=\"\" data-start=\"1747\" data-end=\"1783\">\n<p class=\"\" data-start=\"1749\" data-end=\"1783\"><strong data-start=\"1749\" data-end=\"1772\">Si\u0142a zrywaj\u0105ca maks<\/strong>: 1500 kg<\/p>\n<\/li>\n<li class=\"\" data-start=\"1784\" data-end=\"1811\">\n<p class=\"\" data-start=\"1786\" data-end=\"1811\"><strong data-start=\"1786\" data-end=\"1802\">Wisz\u0105ce drzwi<\/strong>: Prawid\u0142owy<\/p>\n<\/li>\n<li class=\"\" data-start=\"1812\" data-end=\"1835\">\n<p class=\"\" data-start=\"1814\" data-end=\"1835\"><strong data-start=\"1814\" data-end=\"1829\">Kabel w zestawie<\/strong>: Tak<\/p>\n<\/li>\n<li class=\"\" data-start=\"1836\" data-end=\"1861\">\n<p class=\"\" data-start=\"1838\" data-end=\"1861\"><strong data-start=\"1838\" data-end=\"1851\">Drukowanie listy<\/strong>: 500 kg<\/p>\n<\/li>\n<li class=\"\" data-start=\"1862\" data-end=\"1899\">\n<p class=\"\" data-start=\"1864\" data-end=\"1899\"><strong data-start=\"1864\" data-end=\"1874\">Typ zamka<\/strong>: Zamek zatrzaskowy, Zamek zatrzaskowy<\/p>\n<\/li>\n<li class=\"\" data-start=\"1900\" data-end=\"1928\">\n<p class=\"\" data-start=\"1902\" data-end=\"1928\"><strong data-start=\"1902\" data-end=\"1919\">Szeroki produkt<\/strong>: 35mm<\/p>\n<\/li>\n<li class=\"\" data-start=\"1929\" data-end=\"1955\">\n<p class=\"\" data-start=\"1931\" data-end=\"1955\"><strong data-start=\"1931\" data-end=\"1949\">Oceniono materia\u0142y budowlane<\/strong>: Tak<\/p>\n<\/li>\n<li class=\"\" data-start=\"1956\" data-end=\"1983\">\n<p class=\"\" data-start=\"1958\" data-end=\"1983\"><strong data-start=\"1958\" data-end=\"1974\">G\u0142\u0119boki produkt<\/strong>: 40mm<\/p>\n<\/li>\n<li class=\"\" data-start=\"1984\" data-end=\"2018\">\n<p class=\"\" data-start=\"1986\" data-end=\"2018\"><strong data-start=\"1986\" data-end=\"2011\">Napi\u0119cie robocze 12V\/24V<\/strong>: 24V<\/p>\n<\/li>\n<li class=\"\" data-start=\"2019\" data-end=\"2047\">\n<p class=\"\" data-start=\"2021\" data-end=\"2047\"><strong data-start=\"2021\" data-end=\"2040\">Podw\u00f3jne zakr\u0119cane etui<\/strong>: NIE<\/p>\n<\/li>\n<li class=\"\" data-start=\"2048\" data-end=\"2075\">\n<p class=\"\" data-start=\"2050\" data-end=\"2075\"><strong data-start=\"2050\" data-end=\"2068\">Zweryfikowano przez EPD<\/strong>: NIE<\/p>\n<\/li>\n<li class=\"\" data-start=\"2076\" data-end=\"2094\">\n<p class=\"\" data-start=\"2078\" data-end=\"2094\"><strong data-start=\"2078\" data-end=\"2087\">DOBRA INFORMACJA<\/strong>: NIE<\/p>\n<\/li>\n<li class=\"\" data-start=\"2095\" data-end=\"2129\">\n<p class=\"\" data-start=\"2097\" data-end=\"2129\"><strong data-start=\"2097\" data-end=\"2118\">Kolor\/Obr\u00f3bka powierzchni<\/strong>:Stal nierdzewna<\/p>\n<\/li>\n<li class=\"\" data-start=\"2130\" data-end=\"2158\">\n<p class=\"\" data-start=\"2132\" data-end=\"2158\"><strong data-start=\"2132\" data-end=\"2148\">Podwy\u017cszony produkt<\/strong>: 230mm<\/p>\n<\/li>\n<li class=\"\" data-start=\"2159\" data-end=\"2186\">\n<p class=\"\" data-start=\"2161\" data-end=\"2186\"><strong data-start=\"2161\" data-end=\"2175\">D\u0142ugo\u015b\u0107 kabla<\/strong>:5 metr\u00f3w<\/p>\n<\/li>\n<li class=\"\" data-start=\"2187\" data-end=\"2210\">\n<p class=\"\" data-start=\"2189\" data-end=\"2210\"><strong data-start=\"2189\" data-end=\"2204\">Z\u0142\u0105cze t\u0142okowe<\/strong>: Tak<\/p>\n<\/li>\n<li class=\"\" data-start=\"2211\" data-end=\"2242\">\n<p class=\"\" data-start=\"2213\" data-end=\"2242\"><strong data-start=\"2213\" data-end=\"2232\">W prawo\/wstecz<\/strong>: Odwraca\u0107<\/p>\n<\/li>\n<li class=\"\" data-start=\"2243\" data-end=\"2269\">\n<p class=\"\" data-start=\"2245\" data-end=\"2269\"><strong data-start=\"2245\" data-end=\"2263\">Napi\u0119cie AC\/DC<\/strong>:DC<\/p>\n<\/li>\n<li class=\"\" data-start=\"2270\" data-end=\"2298\">\n<p class=\"\" data-start=\"2272\" data-end=\"2298\"><strong data-start=\"2272\" data-end=\"2288\">Napi\u0119cie maks<\/strong>: 27,6 V<\/p>\n<\/li>\n<li class=\"\" data-start=\"2299\" data-end=\"2327\">\n<p class=\"\" data-start=\"2301\" data-end=\"2327\"><strong data-start=\"2301\" data-end=\"2317\">Napi\u0119cie min<\/strong>: 21,6 V<\/p>\n<\/li>\n<li class=\"\" data-start=\"2328\" data-end=\"2354\">\n<p class=\"\" data-start=\"2330\" data-end=\"2354\"><strong data-start=\"2330\" data-end=\"2348\">Ocena SundaHouse<\/strong>: Tak<\/p>\n<\/li>\n<\/ul>","protected":false},"excerpt":{"rendered":"<p>Tutaj mo\u017cesz zobaczy\u0107, kt\u00f3re s\u0142upki i modele pasuj\u0105 do siebie z asortymentu elektrycznych ogranicznik\u00f3w drzwi STEP.<\/p>\n<h5><strong><a href=\"https:\/\/steplock.com\/sv\/stolpguide\/#!?lang=sv&amp;blog_id=1&amp;paged=1&amp;number=50\" target=\"_blank\" rel=\"noopener\">Przewodnik po STEP Post\u00a0<\/a><\/strong><\/h5>\n<h5><strong><a href=\"https:\/\/steplock.com\/sv\/projekteringsguide\/#!?lang=sv&amp;blog_id=1&amp;paged=1&amp;number=999\" target=\"_blank\" rel=\"noopener\">Przewodnik projektowy STEP<\/a><\/strong><\/h5>","protected":false},"featured_media":140278,"template":"","meta":{"_acf_changed":false},"product_brand":[],"product_cat":[3355],"product_tag":[4197,4201],"class_list":{"0":"post-140280","1":"product","2":"type-product","3":"status-publish","4":"has-post-thumbnail","6":"product_cat-elslutbleck","7":"product_tag-24v","8":"product_tag-omvand","9":"product_shipping_class-tunga-paket","10":"pa_brands-step","11":"tm-no-options","13":"first","14":"onbackorder","15":"sale","16":"taxable","17":"shipping-taxable","18":"purchasable","19":"product-type-simple"},"acf":[],"_links":{"self":[{"href":"https:\/\/secureus.se\/pl\/wp-json\/wp\/v2\/product\/140280","targetHints":{"allow":["GET"]}}],"collection":[{"href":"https:\/\/secureus.se\/pl\/wp-json\/wp\/v2\/product"}],"about":[{"href":"https:\/\/secureus.se\/pl\/wp-json\/wp\/v2\/types\/product"}],"wp:featuredmedia":[{"embeddable":true,"href":"https:\/\/secureus.se\/pl\/wp-json\/wp\/v2\/media\/140278"}],"wp:attachment":[{"href":"https:\/\/secureus.se\/pl\/wp-json\/wp\/v2\/media?parent=140280"}],"wp:term":[{"taxonomy":"product_brand","embeddable":true,"href":"https:\/\/secureus.se\/pl\/wp-json\/wp\/v2\/product_brand?post=140280"},{"taxonomy":"product_cat","embeddable":true,"href":"https:\/\/secureus.se\/pl\/wp-json\/wp\/v2\/product_cat?post=140280"},{"taxonomy":"product_tag","embeddable":true,"href":"https:\/\/secureus.se\/pl\/wp-json\/wp\/v2\/product_tag?post=140280"}],"curies":[{"name":"wp","href":"https:\/\/api.w.org\/{rel}","templated":true}]}}