{"id":140297,"date":"2023-09-26T13:06:09","date_gmt":"2023-09-26T11:06:09","guid":{"rendered":"https:\/\/secureus.se\/elslutbleck-step-18-vanster-omvand-24v-for-assa-511\/"},"modified":"2026-04-23T13:00:25","modified_gmt":"2026-04-23T11:00:25","slug":"elslutbleck-step-18-vanster-omvand-24v-for-assa-511","status":"publish","type":"product","link":"https:\/\/secureus.se\/pl\/elslutbleck-step-18-vanster-omvand-24v-for-assa-511\/","title":{"rendered":"Elektryczna p\u0142yta ko\u0144cowa STEP 18 Lewy bieg wsteczny 24 V dla Assa 511"},"content":{"rendered":"<h1>Elektryczna p\u0142yta ko\u0144cowa STEP 18 Lewy bieg wsteczny 24 V dla Assa 511<\/h1>\n<p>Elektrozaczep STEP 18 Secure do drzwi Assa 511 oferuje najwy\u017csze bezpiecze\u0144stwo i klas\u0119 ognioodporno\u015bci do E\/EI 60. Idealny do drzwi o wysokich wymaganiach dotycz\u0105cych ochrony przed w\u0142amaniem i du\u017cej cz\u0119stotliwo\u015bci otwierania.<\/p>\n<p class=\"\" data-start=\"414\" data-end=\"1032\">STEP 18 Secure to elektryczny zamek o wysokim poziomie bezpiecze\u0144stwa, przeznaczony do drzwi o wysokich wymaganiach bezpiecze\u0144stwa.<\/p>\n<p class=\"\" data-start=\"414\" data-end=\"1032\">Ten zamek elektryczny nadaje si\u0119 do drzwi antyw\u0142amaniowych oraz drzwi ewakuacyjnych, kt\u00f3re musz\u0105 wytrzymywa\u0107 du\u017c\u0105 cz\u0119stotliwo\u015b\u0107 otwierania, np. w wi\u0119zieniach i bankach.<\/p>\n<p class=\"\" data-start=\"414\" data-end=\"1032\">Dzi\u0119ki wytrzyma\u0142o\u015bci na rozerwanie wynosz\u0105cej 15 kN (ok. 1500 kg) i homologacji ognioodporno\u015bci do E\/EI 60, konstrukcja gwarantuje niezawodne dzia\u0142anie nawet w ekstremalnych warunkach.<\/p>\n<p class=\"\" data-start=\"414\" data-end=\"1032\">Rozwi\u0105zanie STEP 18 Secure jest przeznaczone do zamka hakowego Assa 511 z ryglem 10 mm i ma funkcj\u0119 rewersyjn\u0105 (odblokowanie w pozycji bez zasilania), co sprawia, \u017ce doskonale nadaje si\u0119 do drzwi, kt\u00f3re s\u0105 cz\u0119sto otwierane.<\/p>\n<p class=\"\" data-start=\"1034\" data-end=\"1289\">Ten zamek elektryczny wyposa\u017cony jest r\u00f3wnie\u017c w styk t\u0142okowy, kt\u00f3ry wskazuje, czy drzwi s\u0105 zamkni\u0119te\/otwarte i zablokowane\/odblokowane, co u\u0142atwia integracj\u0119 z systemami kontroli dost\u0119pu i systemami alarmowymi.<\/p>\n<p class=\"\" data-start=\"1034\" data-end=\"1289\">W zestawie 5-metrowy kabel po\u0142\u0105czeniowy bezhalogenowy zapewniaj\u0105cy \u0142atw\u0105 instalacj\u0119.<\/p>\n<p class=\"\" data-start=\"1291\" data-end=\"1308\"><strong data-start=\"1291\" data-end=\"1305\">Charakterystyka<\/strong>:<\/p>\n<ul data-start=\"1309\" data-end=\"1747\">\n<li class=\"\" data-start=\"1309\" data-end=\"1352\">\n<p class=\"\" data-start=\"1311\" data-end=\"1352\">Do zamka hakowego Assa 511 z t\u0142okiem 10 mm<\/p>\n<\/li>\n<li class=\"\" data-start=\"1353\" data-end=\"1397\">\n<p class=\"\" data-start=\"1355\" data-end=\"1397\">Funkcja cofania (odblokowana w trybie bez zasilania)<\/p>\n<\/li>\n<li class=\"\" data-start=\"1398\" data-end=\"1426\">\n<p class=\"\" data-start=\"1400\" data-end=\"1426\">Do drzwi lewych<\/p>\n<\/li>\n<li class=\"\" data-start=\"1427\" data-end=\"1460\">\n<p class=\"\" data-start=\"1429\" data-end=\"1460\">Zatwierdzone ognioodpornie do E\/EI 60<\/p>\n<\/li>\n<li class=\"\" data-start=\"1461\" data-end=\"1545\">\n<p class=\"\" data-start=\"1463\" data-end=\"1545\">Wbudowany prze\u0142\u0105cznik popychaj\u0105cy wskazuj\u0105cy stan drzwi zamkni\u0119tych\/otwartych i zablokowanych\/odblokowanych<\/p>\n<\/li>\n<li class=\"\" data-start=\"1546\" data-end=\"1568\">\n<p class=\"\" data-start=\"1548\" data-end=\"1568\">Wbudowana dioda zabezpieczaj\u0105ca<\/p>\n<\/li>\n<li class=\"\" data-start=\"1569\" data-end=\"1607\">\n<p class=\"\" data-start=\"1571\" data-end=\"1607\">Wytrzyma\u0142o\u015b\u0107 na zerwanie 15 kN (ok. 1500 kg)<\/p>\n<\/li>\n<li class=\"\" data-start=\"1608\" data-end=\"1685\">\n<p class=\"\" data-start=\"1610\" data-end=\"1685\">Otwiera si\u0119 pomimo nacisku ta\u015bmy 5 kN (ok. 500 kg) w trybie do przodu i do ty\u0142u<\/p>\n<\/li>\n<li class=\"\" data-start=\"1686\" data-end=\"1701\">\n<p class=\"\" data-start=\"1688\" data-end=\"1701\">Antystukowy<\/p>\n<\/li>\n<li class=\"\" data-start=\"1702\" data-end=\"1747\">\n<p class=\"\" data-start=\"1704\" data-end=\"1747\">W zestawie 5-metrowy kabel po\u0142\u0105czeniowy bezhalogenowy<\/p>\n<\/li>\n<\/ul>\n<p class=\"\" data-start=\"1749\" data-end=\"1780\"><strong data-start=\"1749\" data-end=\"1777\">Specyfikacje techniczne<\/strong>:<\/p>\n<ul data-start=\"1781\" data-end=\"2390\">\n<li class=\"\" data-start=\"1781\" data-end=\"1817\">\n<p class=\"\" data-start=\"1783\" data-end=\"1817\"><strong data-start=\"1783\" data-end=\"1806\">Si\u0142a zrywaj\u0105ca maks<\/strong>: 1500 kg<\/p>\n<\/li>\n<li class=\"\" data-start=\"1818\" data-end=\"1847\">\n<p class=\"\" data-start=\"1820\" data-end=\"1847\"><strong data-start=\"1820\" data-end=\"1836\">Wisz\u0105ce drzwi<\/strong>: Lewy<\/p>\n<\/li>\n<li class=\"\" data-start=\"1848\" data-end=\"1871\">\n<p class=\"\" data-start=\"1850\" data-end=\"1871\"><strong data-start=\"1850\" data-end=\"1865\">Kabel w zestawie<\/strong>: Tak<\/p>\n<\/li>\n<li class=\"\" data-start=\"1872\" data-end=\"1897\">\n<p class=\"\" data-start=\"1874\" data-end=\"1897\"><strong data-start=\"1874\" data-end=\"1887\">Drukowanie listy<\/strong>: 500 kg<\/p>\n<\/li>\n<li class=\"\" data-start=\"1898\" data-end=\"1935\">\n<p class=\"\" data-start=\"1900\" data-end=\"1935\"><strong data-start=\"1900\" data-end=\"1910\">Typ zamka<\/strong>: Zamek zatrzaskowy, Zamek zatrzaskowy<\/p>\n<\/li>\n<li class=\"\" data-start=\"1936\" data-end=\"1964\">\n<p class=\"\" data-start=\"1938\" data-end=\"1964\"><strong data-start=\"1938\" data-end=\"1955\">Szeroki produkt<\/strong>: 35mm<\/p>\n<\/li>\n<li class=\"\" data-start=\"1965\" data-end=\"1991\">\n<p class=\"\" data-start=\"1967\" data-end=\"1991\"><strong data-start=\"1967\" data-end=\"1985\">Oceniono materia\u0142y budowlane<\/strong>: Tak<\/p>\n<\/li>\n<li class=\"\" data-start=\"1992\" data-end=\"2019\">\n<p class=\"\" data-start=\"1994\" data-end=\"2019\"><strong data-start=\"1994\" data-end=\"2010\">G\u0142\u0119boki produkt<\/strong>: 40mm<\/p>\n<\/li>\n<li class=\"\" data-start=\"2020\" data-end=\"2054\">\n<p class=\"\" data-start=\"2022\" data-end=\"2054\"><strong data-start=\"2022\" data-end=\"2047\">Napi\u0119cie robocze 12V\/24V<\/strong>: 24V<\/p>\n<\/li>\n<li class=\"\" data-start=\"2055\" data-end=\"2083\">\n<p class=\"\" data-start=\"2057\" data-end=\"2083\"><strong data-start=\"2057\" data-end=\"2076\">Podw\u00f3jne zakr\u0119cane etui<\/strong>: NIE<\/p>\n<\/li>\n<li class=\"\" data-start=\"2084\" data-end=\"2111\">\n<p class=\"\" data-start=\"2086\" data-end=\"2111\"><strong data-start=\"2086\" data-end=\"2104\">Zweryfikowano przez EPD<\/strong>: NIE<\/p>\n<\/li>\n<li class=\"\" data-start=\"2112\" data-end=\"2130\">\n<p class=\"\" data-start=\"2114\" data-end=\"2130\"><strong data-start=\"2114\" data-end=\"2123\">DOBRA INFORMACJA<\/strong>: NIE<\/p>\n<\/li>\n<li class=\"\" data-start=\"2131\" data-end=\"2165\">\n<p class=\"\" data-start=\"2133\" data-end=\"2165\"><strong data-start=\"2133\" data-end=\"2154\">Kolor\/Obr\u00f3bka powierzchni<\/strong>:Stal nierdzewna<\/p>\n<\/li>\n<li class=\"\" data-start=\"2166\" data-end=\"2194\">\n<p class=\"\" data-start=\"2168\" data-end=\"2194\"><strong data-start=\"2168\" data-end=\"2184\">Podwy\u017cszony produkt<\/strong>: 230mm<\/p>\n<\/li>\n<li class=\"\" data-start=\"2195\" data-end=\"2222\">\n<p class=\"\" data-start=\"2197\" data-end=\"2222\"><strong data-start=\"2197\" data-end=\"2211\">D\u0142ugo\u015b\u0107 kabla<\/strong>:5 metr\u00f3w<\/p>\n<\/li>\n<li class=\"\" data-start=\"2223\" data-end=\"2246\">\n<p class=\"\" data-start=\"2225\" data-end=\"2246\"><strong data-start=\"2225\" data-end=\"2240\">Z\u0142\u0105cze t\u0142okowe<\/strong>: Tak<\/p>\n<\/li>\n<li class=\"\" data-start=\"2247\" data-end=\"2278\">\n<p class=\"\" data-start=\"2249\" data-end=\"2278\"><strong data-start=\"2249\" data-end=\"2268\">W prawo\/wstecz<\/strong>: Odwraca\u0107<\/p>\n<\/li>\n<li class=\"\" data-start=\"2279\" data-end=\"2305\">\n<p class=\"\" data-start=\"2281\" data-end=\"2305\"><strong data-start=\"2281\" data-end=\"2299\">Napi\u0119cie AC\/DC<\/strong>:DC<\/p>\n<\/li>\n<li class=\"\" data-start=\"2306\" data-end=\"2334\">\n<p class=\"\" data-start=\"2308\" data-end=\"2334\"><strong data-start=\"2308\" data-end=\"2324\">Napi\u0119cie maks<\/strong>: 27,6 V<\/p>\n<\/li>\n<li class=\"\" data-start=\"2335\" data-end=\"2363\">\n<p class=\"\" data-start=\"2337\" data-end=\"2363\"><strong data-start=\"2337\" data-end=\"2353\">Napi\u0119cie min<\/strong>: 21,6 V<\/p>\n<\/li>\n<li class=\"\" data-start=\"2364\" data-end=\"2390\">\n<p class=\"\" data-start=\"2366\" data-end=\"2390\"><strong data-start=\"2366\" data-end=\"2384\">Ocena SundaHouse<\/strong>: Tak<\/p>\n<\/li>\n<\/ul>","protected":false},"excerpt":{"rendered":"<p>Tutaj mo\u017cesz zobaczy\u0107, kt\u00f3re s\u0142upki i modele pasuj\u0105 do siebie z asortymentu elektrycznych ogranicznik\u00f3w drzwi STEP.<\/p>\n<h5><strong><a href=\"https:\/\/steplock.com\/sv\/stolpguide\/#!?lang=sv&amp;blog_id=1&amp;paged=1&amp;number=50\" target=\"_blank\" rel=\"noopener\">Przewodnik po STEP Post\u00a0<\/a><\/strong><\/h5>\n<h5><strong><a href=\"https:\/\/steplock.com\/sv\/projekteringsguide\/#!?lang=sv&amp;blog_id=1&amp;paged=1&amp;number=999\" target=\"_blank\" rel=\"noopener\">Przewodnik projektowy STEP<\/a><\/strong><\/h5>","protected":false},"featured_media":140294,"template":"","meta":{"_acf_changed":false},"product_brand":[],"product_cat":[3355],"product_tag":[4197,4201],"class_list":{"0":"post-140297","1":"product","2":"type-product","3":"status-publish","4":"has-post-thumbnail","6":"product_cat-elslutbleck","7":"product_tag-24v","8":"product_tag-omvand","9":"product_shipping_class-tunga-paket","10":"pa_brands-step","11":"tm-no-options","13":"first","14":"onbackorder","15":"sale","16":"taxable","17":"shipping-taxable","18":"purchasable","19":"product-type-simple"},"acf":[],"_links":{"self":[{"href":"https:\/\/secureus.se\/pl\/wp-json\/wp\/v2\/product\/140297","targetHints":{"allow":["GET"]}}],"collection":[{"href":"https:\/\/secureus.se\/pl\/wp-json\/wp\/v2\/product"}],"about":[{"href":"https:\/\/secureus.se\/pl\/wp-json\/wp\/v2\/types\/product"}],"wp:featuredmedia":[{"embeddable":true,"href":"https:\/\/secureus.se\/pl\/wp-json\/wp\/v2\/media\/140294"}],"wp:attachment":[{"href":"https:\/\/secureus.se\/pl\/wp-json\/wp\/v2\/media?parent=140297"}],"wp:term":[{"taxonomy":"product_brand","embeddable":true,"href":"https:\/\/secureus.se\/pl\/wp-json\/wp\/v2\/product_brand?post=140297"},{"taxonomy":"product_cat","embeddable":true,"href":"https:\/\/secureus.se\/pl\/wp-json\/wp\/v2\/product_cat?post=140297"},{"taxonomy":"product_tag","embeddable":true,"href":"https:\/\/secureus.se\/pl\/wp-json\/wp\/v2\/product_tag?post=140297"}],"curies":[{"name":"wp","href":"https:\/\/api.w.org\/{rel}","templated":true}]}}