{"id":140488,"date":"2023-03-16T12:23:02","date_gmt":"2023-03-16T11:23:02","guid":{"rendered":"https:\/\/secureus.se\/anslutningskabel-c06-100m\/"},"modified":"2026-01-12T13:16:26","modified_gmt":"2026-01-12T12:16:26","slug":"anslutningskabel-c06-100m","status":"publish","type":"product","link":"https:\/\/secureus.se\/pl\/anslutningskabel-c06-100m\/","title":{"rendered":"Kabel po\u0142\u0105czeniowy Safetron C06 100m"},"content":{"rendered":"","protected":false},"excerpt":{"rendered":"<p>Bezhalogenowy kabel przy\u0142\u0105czeniowy 6-\u017cy\u0142owy, odpowiedni do zamk\u00f3w silnikowych serii 6000 i elektrycznych p\u0142yt ko\u0144cowych.<\/p>\n<p>\u2022 D\u0142ugo\u015b\u0107: 100 metr\u00f3w<\/p>\n<p>\u2022 6 przewod\u00f3w<\/p>\n<p>\u2022 Wst\u0119pnie skalowane<\/p>\n<p>\u2022 Powierzchnia kabla: 0,25 mm\u00b2<\/p>","protected":false},"featured_media":140487,"template":"","meta":{"_acf_changed":false},"product_brand":[],"product_cat":[2834],"product_tag":[2299,4866],"class_list":{"0":"post-140488","1":"product","2":"type-product","3":"status-publish","4":"has-post-thumbnail","6":"product_cat-ellas-motorlastillbehor","7":"product_tag-ellas-tillbehor-anslutningskabel","8":"product_tag-safetron-20","9":"product_shipping_class-tunga-paket","10":"pa_brands-7safetron","11":"tm-has-options","13":"first","14":"instock","15":"sale","16":"featured","17":"taxable","18":"shipping-taxable","19":"purchasable","20":"product-type-simple"},"acf":[],"_links":{"self":[{"href":"https:\/\/secureus.se\/pl\/wp-json\/wp\/v2\/product\/140488","targetHints":{"allow":["GET"]}}],"collection":[{"href":"https:\/\/secureus.se\/pl\/wp-json\/wp\/v2\/product"}],"about":[{"href":"https:\/\/secureus.se\/pl\/wp-json\/wp\/v2\/types\/product"}],"wp:featuredmedia":[{"embeddable":true,"href":"https:\/\/secureus.se\/pl\/wp-json\/wp\/v2\/media\/140487"}],"wp:attachment":[{"href":"https:\/\/secureus.se\/pl\/wp-json\/wp\/v2\/media?parent=140488"}],"wp:term":[{"taxonomy":"product_brand","embeddable":true,"href":"https:\/\/secureus.se\/pl\/wp-json\/wp\/v2\/product_brand?post=140488"},{"taxonomy":"product_cat","embeddable":true,"href":"https:\/\/secureus.se\/pl\/wp-json\/wp\/v2\/product_cat?post=140488"},{"taxonomy":"product_tag","embeddable":true,"href":"https:\/\/secureus.se\/pl\/wp-json\/wp\/v2\/product_tag?post=140488"}],"curies":[{"name":"wp","href":"https:\/\/api.w.org\/{rel}","templated":true}]}}