{"id":140489,"date":"2023-05-10T09:54:40","date_gmt":"2023-05-10T07:54:40","guid":{"rendered":"https:\/\/secureus.se\/elqxb-pure-1x4x05-vit-buddy\/"},"modified":"2026-03-26T11:38:37","modified_gmt":"2026-03-26T10:38:37","slug":"elqxb-pure-1x4x05-vit-buddy","status":"publish","type":"product","link":"https:\/\/secureus.se\/pl\/elqxb-pure-1x4x05-vit-buddy\/","title":{"rendered":"ELQXB PURE 1X4X0.5 BIA\u0141Y BUDY"},"content":{"rendered":"","protected":false},"excerpt":{"rendered":"<p>Bezhalogenowy kabel sygna\u0142owy telekomunikacyjny. Nie wydziela gaz\u00f3w korozyjnych, a w przypadku po\u017caru charakteryzuje si\u0119 nisk\u0105 g\u0119sto\u015bci\u0105 dymu. Instalacja na sta\u0142e lub w rurach, do prywatnych sieci komunikacyjnych wewn\u0105trz pomieszcze\u0144. Cz\u0119\u015bci s\u0105 skr\u0119cone parami (1x4x0,5 s\u0105 skr\u0119cone w cztery \u015bruby).<\/p>","protected":false},"featured_media":140486,"template":"","meta":{"_acf_changed":false},"product_brand":[],"product_cat":[2678],"product_tag":[2487],"class_list":{"0":"post-140489","1":"product","2":"type-product","3":"status-publish","4":"has-post-thumbnail","6":"product_cat-telekabel-oskarmad","7":"product_tag-kabel-oskarmad","8":"product_shipping_class-tunga-paket","9":"tm-no-options","11":"first","12":"instock","13":"sale","14":"taxable","15":"shipping-taxable","16":"purchasable","17":"product-type-simple"},"acf":[],"_links":{"self":[{"href":"https:\/\/secureus.se\/pl\/wp-json\/wp\/v2\/product\/140489","targetHints":{"allow":["GET"]}}],"collection":[{"href":"https:\/\/secureus.se\/pl\/wp-json\/wp\/v2\/product"}],"about":[{"href":"https:\/\/secureus.se\/pl\/wp-json\/wp\/v2\/types\/product"}],"wp:featuredmedia":[{"embeddable":true,"href":"https:\/\/secureus.se\/pl\/wp-json\/wp\/v2\/media\/140486"}],"wp:attachment":[{"href":"https:\/\/secureus.se\/pl\/wp-json\/wp\/v2\/media?parent=140489"}],"wp:term":[{"taxonomy":"product_brand","embeddable":true,"href":"https:\/\/secureus.se\/pl\/wp-json\/wp\/v2\/product_brand?post=140489"},{"taxonomy":"product_cat","embeddable":true,"href":"https:\/\/secureus.se\/pl\/wp-json\/wp\/v2\/product_cat?post=140489"},{"taxonomy":"product_tag","embeddable":true,"href":"https:\/\/secureus.se\/pl\/wp-json\/wp\/v2\/product_tag?post=140489"}],"curies":[{"name":"wp","href":"https:\/\/api.w.org\/{rel}","templated":true}]}}