{"id":140508,"date":"2023-09-26T13:07:44","date_gmt":"2023-09-26T11:07:44","guid":{"rendered":"https:\/\/secureus.se\/elslutbleck-step-90-omstallbar-12v-kolvkontakt\/"},"modified":"2026-04-23T12:40:52","modified_gmt":"2026-04-23T10:40:52","slug":"elslutbleck-step-90-omstallbar-12v-kolvkontakt","status":"publish","type":"product","link":"https:\/\/secureus.se\/pl\/elslutbleck-step-90-omstallbar-12v-kolvkontakt\/","title":{"rendered":"Elektryczna listwa przy\u0142\u0105czeniowa STEP 90 Regulowany styk t\u0142okowy 12V"},"content":{"rendered":"<h1>Elektryczna listwa przy\u0142\u0105czeniowa STEP 90 Regulowany styk t\u0142okowy 12V<\/h1>\n<p>STEP 90 Preload 12V to kompaktowy, ognioodporny zamek elektryczny z regulowan\u0105 funkcj\u0105 i stykiem t\u0142okowym.<\/p>\n<p>Wysoki poziom bezpiecze\u0144stwa i niezawodno\u015bci dzia\u0142ania dzi\u0119ki obs\u0142udze zamk\u00f3w jedno- i dwuskrzyd\u0142owych.<\/p>\n<p class=\"\" data-start=\"254\" data-end=\"600\">Elektrozaczep STEP 90 Preload HPR z regulacj\u0105 funkcji stanowi elastyczne rozwi\u0105zanie dla \u015brodowisk z wysokimi wymaganiami w zakresie bezpiecze\u0144stwa i niezawodno\u015bci.<\/p>\n<p class=\"\" data-start=\"254\" data-end=\"600\">Dzi\u0119ki mo\u017cliwo\u015bci ustawienia kierunku jazdy do przodu lub do ty\u0142u mo\u017cna go dostosowa\u0107 do r\u00f3\u017cnych zastosowa\u0144, w kt\u00f3rych w razie awarii zasilania konieczne b\u0119dzie jego zablokowanie lub odblokowanie.<\/p>\n<p class=\"\" data-start=\"602\" data-end=\"875\">STEP 90 nale\u017cy do serii Preload i jest wyposa\u017cony w opatentowan\u0105 technologi\u0119 docisku listwy HPR\u00ae, kt\u00f3ra zapewnia otwarcie nawet wtedy, gdy drzwi s\u0105 nara\u017cone na nacisk listwy o sile do 250 kg.<\/p>\n<p class=\"\" data-start=\"602\" data-end=\"875\">Dzi\u0119ki temu blacha ta doskonale nadaje si\u0119 do cz\u0119stego u\u017cytkowania lub miejsc, w kt\u00f3rych drzwi s\u0105 cz\u0119sto nara\u017cone na nacisk.<\/p>\n<p class=\"\" data-start=\"877\" data-end=\"1114\">Dzi\u0119ki stykowi t\u0142okowemu mo\u017cna uzyska\u0107 niezawodn\u0105 informacj\u0119 o stanie drzwi - idealne rozwi\u0105zanie do pod\u0142\u0105czenia do systemu alarmowego lub kontroli dost\u0119pu.<\/p>\n<p class=\"\" data-start=\"877\" data-end=\"1114\">STEP 90 posiada r\u00f3wnie\u017c atest ognioodporno\u015bci do klasy E\/EI120 zgodnie z norm\u0105 SS-EN 14846:2008 i charakteryzuje si\u0119 wysok\u0105 wytrzyma\u0142o\u015bci\u0105 na zerwanie wynosz\u0105c\u0105 1200 kg.<\/p>\n<p class=\"\" data-start=\"1116\" data-end=\"1320\">Odwracalna konstrukcja sprawia, \u017ce zamek jest kompatybilny zar\u00f3wno z drzwiami prawymi, jak i lewymi, a tak\u017ce z obudowami zamk\u00f3w z serii Connect, Modul i Narrow Profile.<\/p>\n<p class=\"\" data-start=\"1116\" data-end=\"1320\">Kompaktowe i wydajne rozwi\u0105zanie dla nowoczesnych instalacji bezpiecze\u0144stwa.<\/p>\n<p class=\"\" data-start=\"1322\" data-end=\"1350\"><strong data-start=\"1322\" data-end=\"1348\">Cechy i korzy\u015bci:<\/strong><\/p>\n<ul data-start=\"1351\" data-end=\"1653\">\n<li class=\"\" data-start=\"1351\" data-end=\"1397\">\n<p class=\"\" data-start=\"1353\" data-end=\"1397\">Funkcja prze\u0142\u0105czalna: do przodu lub do ty\u0142u<\/p>\n<\/li>\n<li class=\"\" data-start=\"1398\" data-end=\"1433\">\n<p class=\"\" data-start=\"1400\" data-end=\"1433\">Kontakt t\u0142okowy do wykrywania stanu<\/p>\n<\/li>\n<li class=\"\" data-start=\"1434\" data-end=\"1458\">\n<p class=\"\" data-start=\"1436\" data-end=\"1458\">Zatwierdzono ognioodporno\u015b\u0107 E\/EI120<\/p>\n<\/li>\n<li class=\"\" data-start=\"1459\" data-end=\"1501\">\n<p class=\"\" data-start=\"1461\" data-end=\"1501\">Otwiera si\u0119 pomimo nacisku ta\u015bmy do 250 kg<\/p>\n<\/li>\n<li class=\"\" data-start=\"1502\" data-end=\"1535\">\n<p class=\"\" data-start=\"1504\" data-end=\"1535\">Wysoka wytrzyma\u0142o\u015b\u0107 na zerwanie: 1200 kg<\/p>\n<\/li>\n<li class=\"\" data-start=\"1536\" data-end=\"1567\">\n<p class=\"\" data-start=\"1538\" data-end=\"1567\">Dioda ochronna i zabezpieczenie przeciwprzepi\u0119ciowe<\/p>\n<\/li>\n<li class=\"\" data-start=\"1568\" data-end=\"1602\">\n<p class=\"\" data-start=\"1570\" data-end=\"1602\">Pasuje do zamk\u00f3w jedno- i dwuskrzyd\u0142owych<\/p>\n<\/li>\n<li class=\"\" data-start=\"1603\" data-end=\"1653\">\n<p class=\"\" data-start=\"1605\" data-end=\"1653\">Kompaktowa, odwracalna konstrukcja u\u0142atwiaj\u0105ca instalacj\u0119<\/p>\n<\/li>\n<\/ul>","protected":false},"excerpt":{"rendered":"<p>Tutaj mo\u017cesz zobaczy\u0107, kt\u00f3re s\u0142upki i modele pasuj\u0105 do siebie z asortymentu elektrycznych ogranicznik\u00f3w drzwi STEP.<\/p>\n<h5><strong><a href=\"https:\/\/steplock.com\/sv\/stolpguide\/#!?lang=sv&amp;blog_id=1&amp;paged=1&amp;number=50\" target=\"_blank\" rel=\"noopener\">Przewodnik po STEP Post\u00a0<\/a><\/strong><\/h5>\n<h5><strong><a href=\"https:\/\/steplock.com\/sv\/projekteringsguide\/#!?lang=sv&amp;blog_id=1&amp;paged=1&amp;number=999\" target=\"_blank\" rel=\"noopener\">Przewodnik projektowy STEP<\/a><\/strong><\/h5>","protected":false},"featured_media":140499,"template":"","meta":{"_acf_changed":false},"product_brand":[],"product_cat":[3355],"product_tag":[4198,4202],"class_list":{"0":"post-140508","1":"product","2":"type-product","3":"status-publish","4":"has-post-thumbnail","6":"product_cat-elslutbleck","7":"product_tag-12v","8":"product_tag-omstallbar-rattvand-omvand","9":"product_shipping_class-tunga-paket","10":"pa_brands-step","11":"tm-no-options","13":"first","14":"onbackorder","15":"sale","16":"taxable","17":"shipping-taxable","18":"purchasable","19":"product-type-simple"},"acf":[],"_links":{"self":[{"href":"https:\/\/secureus.se\/pl\/wp-json\/wp\/v2\/product\/140508","targetHints":{"allow":["GET"]}}],"collection":[{"href":"https:\/\/secureus.se\/pl\/wp-json\/wp\/v2\/product"}],"about":[{"href":"https:\/\/secureus.se\/pl\/wp-json\/wp\/v2\/types\/product"}],"wp:featuredmedia":[{"embeddable":true,"href":"https:\/\/secureus.se\/pl\/wp-json\/wp\/v2\/media\/140499"}],"wp:attachment":[{"href":"https:\/\/secureus.se\/pl\/wp-json\/wp\/v2\/media?parent=140508"}],"wp:term":[{"taxonomy":"product_brand","embeddable":true,"href":"https:\/\/secureus.se\/pl\/wp-json\/wp\/v2\/product_brand?post=140508"},{"taxonomy":"product_cat","embeddable":true,"href":"https:\/\/secureus.se\/pl\/wp-json\/wp\/v2\/product_cat?post=140508"},{"taxonomy":"product_tag","embeddable":true,"href":"https:\/\/secureus.se\/pl\/wp-json\/wp\/v2\/product_tag?post=140508"}],"curies":[{"name":"wp","href":"https:\/\/api.w.org\/{rel}","templated":true}]}}