{"id":140513,"date":"2023-05-10T09:52:58","date_gmt":"2023-05-10T07:52:58","guid":{"rendered":"https:\/\/secureus.se\/eqqrb-easy-2x10-vit-b500\/"},"modified":"2026-03-26T11:37:14","modified_gmt":"2026-03-26T10:37:14","slug":"eqqrb-easy-2x10-vit-b500","status":"publish","type":"product","link":"https:\/\/secureus.se\/pl\/eqqrb-easy-2x10-vit-b500\/","title":{"rendered":"EQQRB EASY 2X1.0 BIA\u0141Y B500"},"content":{"rendered":"","protected":false},"excerpt":{"rendered":"<p>Bezhalogenowy, ognioodporny kabel sygna\u0142owy. EQQRB znajduje zastosowanie jako kabel sygna\u0142owy w r\u00f3\u017cnych obiektach technicznych sterowania i regulacji, w tym w instalacjach sygnalizacji po\u017caru. Umieszcza si\u0119 go wewn\u0105trz i na zewn\u0105trz. Spe\u0142nia wymagania przeciwpo\u017carowe zgodnie z klas\u0105 CPR Dcas2d2a2.<\/p>","protected":false},"featured_media":140511,"template":"","meta":{"_acf_changed":false},"product_brand":[],"product_cat":[2678],"product_tag":[2487],"class_list":{"0":"post-140513","1":"product","2":"type-product","3":"status-publish","4":"has-post-thumbnail","6":"product_cat-telekabel-oskarmad","7":"product_tag-kabel-oskarmad","8":"product_shipping_class-tunga-paket","9":"tm-no-options","11":"first","12":"instock","13":"taxable","14":"shipping-taxable","15":"purchasable","16":"product-type-simple"},"acf":[],"_links":{"self":[{"href":"https:\/\/secureus.se\/pl\/wp-json\/wp\/v2\/product\/140513","targetHints":{"allow":["GET"]}}],"collection":[{"href":"https:\/\/secureus.se\/pl\/wp-json\/wp\/v2\/product"}],"about":[{"href":"https:\/\/secureus.se\/pl\/wp-json\/wp\/v2\/types\/product"}],"wp:featuredmedia":[{"embeddable":true,"href":"https:\/\/secureus.se\/pl\/wp-json\/wp\/v2\/media\/140511"}],"wp:attachment":[{"href":"https:\/\/secureus.se\/pl\/wp-json\/wp\/v2\/media?parent=140513"}],"wp:term":[{"taxonomy":"product_brand","embeddable":true,"href":"https:\/\/secureus.se\/pl\/wp-json\/wp\/v2\/product_brand?post=140513"},{"taxonomy":"product_cat","embeddable":true,"href":"https:\/\/secureus.se\/pl\/wp-json\/wp\/v2\/product_cat?post=140513"},{"taxonomy":"product_tag","embeddable":true,"href":"https:\/\/secureus.se\/pl\/wp-json\/wp\/v2\/product_tag?post=140513"}],"curies":[{"name":"wp","href":"https:\/\/api.w.org\/{rel}","templated":true}]}}