{"id":140516,"date":"2023-03-20T14:14:45","date_gmt":"2023-03-20T13:14:45","guid":{"rendered":"https:\/\/secureus.se\/safetron-monteringsstolpe-sc87b-12\/"},"modified":"2026-01-12T13:21:34","modified_gmt":"2026-01-12T12:21:34","slug":"safetron-monteringsstolpe-sc87b-12","status":"publish","type":"product","link":"https:\/\/secureus.se\/pl\/safetron-monteringsstolpe-sc87b-12\/","title":{"rendered":"S\u0142upek monta\u017cowy Safetron SC87B-12"},"content":{"rendered":"<p>K\u0105towy s\u0142upek monta\u017cowy ze stali nierdzewnej do elektrycznej p\u0142yty ko\u0144cowej SAFETRON ES22. Przystosowany do o\u015bcie\u017cnic drewnianych i metalowych, stosowany w po\u0142\u0105czeniu z zamkami dwuspadowymi typu connect\/evolution lub modu\u0142owymi.<\/p>\n<p>\u2022 Odpowiednik ST9507<\/p>\n<p>\u2022 Rozmiar j\u0119zyka: 12 mm<\/p>\n<p>\u2022 Wymiary: (wys. x szer.) 200x40x15 mm<\/p>","protected":false},"excerpt":{"rendered":"<p>K\u0105towy s\u0142upek monta\u017cowy ze stali nierdzewnej do elektrycznej p\u0142yty ko\u0144cowej SAFETRON ES22. Przystosowany do o\u015bcie\u017cnic drewnianych i metalowych, stosowany w po\u0142\u0105czeniu z zamkami dwuspadowymi typu connect\/evolution lub modu\u0142owymi. \u2022 Odpowiednik ST9507 \u2022 Rozmiar j\u0119zyka: 12 mm<\/p>","protected":false},"featured_media":140515,"template":"","meta":{"_acf_changed":false},"product_brand":[],"product_cat":[4735],"product_tag":[4447,4866],"class_list":{"0":"post-140516","1":"product","2":"type-product","3":"status-publish","4":"has-post-thumbnail","6":"product_cat-monteringsstolpe","7":"product_tag-safetron-montagestolpar-es22-sc","8":"product_tag-safetron-20","9":"product_shipping_class-tunga-paket","10":"pa_brands-7safetron","11":"tm-no-options","13":"first","14":"instock","15":"sale","16":"featured","17":"taxable","18":"shipping-taxable","19":"purchasable","20":"product-type-simple"},"acf":[],"_links":{"self":[{"href":"https:\/\/secureus.se\/pl\/wp-json\/wp\/v2\/product\/140516","targetHints":{"allow":["GET"]}}],"collection":[{"href":"https:\/\/secureus.se\/pl\/wp-json\/wp\/v2\/product"}],"about":[{"href":"https:\/\/secureus.se\/pl\/wp-json\/wp\/v2\/types\/product"}],"wp:featuredmedia":[{"embeddable":true,"href":"https:\/\/secureus.se\/pl\/wp-json\/wp\/v2\/media\/140515"}],"wp:attachment":[{"href":"https:\/\/secureus.se\/pl\/wp-json\/wp\/v2\/media?parent=140516"}],"wp:term":[{"taxonomy":"product_brand","embeddable":true,"href":"https:\/\/secureus.se\/pl\/wp-json\/wp\/v2\/product_brand?post=140516"},{"taxonomy":"product_cat","embeddable":true,"href":"https:\/\/secureus.se\/pl\/wp-json\/wp\/v2\/product_cat?post=140516"},{"taxonomy":"product_tag","embeddable":true,"href":"https:\/\/secureus.se\/pl\/wp-json\/wp\/v2\/product_tag?post=140516"}],"curies":[{"name":"wp","href":"https:\/\/api.w.org\/{rel}","templated":true}]}}