{"id":140518,"date":"2023-09-26T13:07:43","date_gmt":"2023-09-26T11:07:43","guid":{"rendered":"https:\/\/secureus.se\/elslutbleck-step-18-vanster-rattvand-12v-7mm-regel-connect\/"},"modified":"2026-04-08T16:17:28","modified_gmt":"2026-04-08T14:17:28","slug":"elslutbleck-step-18-vanster-rattvand-12v-7mm-regel-connect","status":"publish","type":"product","link":"https:\/\/secureus.se\/pl\/elslutbleck-step-18-vanster-rattvand-12v-7mm-regel-connect\/","title":{"rendered":"Elektryczna p\u0142yta ko\u0144cowa STEP 18 Lewa Prawa, 12V 7mm Regel Connect"},"content":{"rendered":"<h1>Elektryczna p\u0142yta ko\u0144cowa STEP 18 Lewa Prawa, 12V 7mm Regel Connect<\/h1>\n<p>STEP 18 Secure to elektrozaczep o wysokim poziomie bezpiecze\u0144stwa dzia\u0142aj\u0105cy na praw\u0105 stron\u0119, przystosowany do drzwi lewoskr\u0119tnych z ryglem 7 mm. Zatwierdzone ognioodpornie E\/EI60, wyposa\u017cone w t\u0142ok i styk zatrzaskowy.<\/p>\n<p class=\"\" data-start=\"271\" data-end=\"613\">STEP 18 Secure to solidny i niezawodny zamek elektryczny zapewniaj\u0105cy najwy\u017csz\u0105 ochron\u0119 przed w\u0142amaniem w miejscach, w kt\u00f3rych wymagania dotycz\u0105ce niezawodno\u015bci s\u0105 wysokie, np. w bankach, urz\u0119dach i obiektach wymagaj\u0105cych ewakuacji.<\/p>\n<p class=\"\" data-start=\"271\" data-end=\"613\">Ten elektrozaczep zosta\u0142 specjalnie zaprojektowany do drzwi lewoskr\u0119tnych z ryglem 7 mm z serii Connect.<\/p>\n<p class=\"\" data-start=\"615\" data-end=\"941\">Funkcja skierowania w prawo oznacza, \u017ce panel zostaje zablokowany w pozycji od\u0142\u0105czonej od zasilania, co zwi\u0119ksza bezpiecze\u0144stwo w przypadku zaniku zasilania.<\/p>\n<p class=\"\" data-start=\"615\" data-end=\"941\">Dzi\u0119ki wbudowanemu wy\u0142\u0105cznikowi t\u0142okowemu i wy\u0142\u0105cznikowi rygluj\u0105cemu mo\u017cliwy jest bezpieczny i niezawodny monitoring stanu drzwi \u2013 zar\u00f3wno otwartych\/zamkni\u0119tych, jak i zablokowanych\/odblokowanych \u2013 w celu pod\u0142\u0105czenia do system\u00f3w kontroli dost\u0119pu i alarm\u00f3w.<\/p>\n<p class=\"\" data-start=\"943\" data-end=\"1311\">STEP 18 posiada atest ognioodporno\u015bci do E\/EI60 i charakteryzuje si\u0119 bardzo wysok\u0105 wytrzyma\u0142o\u015bci\u0105 na zerwanie wynosz\u0105c\u0105 15 kN.<\/p>\n<p class=\"\" data-start=\"943\" data-end=\"1311\">Zosta\u0142 on r\u00f3wnie\u017c przetestowany pod k\u0105tem wytrzyma\u0142o\u015bci na nacisk ta\u015bmy do 5 kN zar\u00f3wno przy ruchu do przodu, jak i do ty\u0142u, dzi\u0119ki czemu idealnie nadaje si\u0119 do drzwi nara\u017conych na nacisk lub automatyzacj\u0119 drzwi.<\/p>\n<p class=\"\" data-start=\"943\" data-end=\"1311\">W standardzie znajduje si\u0119 dioda zabezpieczaj\u0105ca i zabezpieczenie przeciwprzepi\u0119ciowe. Produkt dostarczany jest z 5-metrowym kablem przy\u0142\u0105czeniowym bezhalogenowym.<\/p>\n<p class=\"\" data-start=\"1313\" data-end=\"1341\"><strong data-start=\"1313\" data-end=\"1339\">Cechy i korzy\u015bci:<\/strong><\/p>\n<ul data-start=\"1342\" data-end=\"1642\">\n<li class=\"\" data-start=\"1342\" data-end=\"1381\">\n<p class=\"\" data-start=\"1344\" data-end=\"1381\">Prawid\u0142owa funkcja (zablokowana bez zasilania)<\/p>\n<\/li>\n<li class=\"\" data-start=\"1382\" data-end=\"1433\">\n<p class=\"\" data-start=\"1384\" data-end=\"1433\">Do drzwi lewoskrzyd\u0142owych z trzpieniem \u0142\u0105cz\u0105cym 7 mm<\/p>\n<\/li>\n<li class=\"\" data-start=\"1434\" data-end=\"1476\">\n<p class=\"\" data-start=\"1436\" data-end=\"1476\">Styk t\u0142oka i zatrzasku do monitorowania<\/p>\n<\/li>\n<li class=\"\" data-start=\"1477\" data-end=\"1509\">\n<p class=\"\" data-start=\"1479\" data-end=\"1509\">Ognioodporno\u015b\u0107 do E\/EI60<\/p>\n<\/li>\n<li class=\"\" data-start=\"1510\" data-end=\"1536\">\n<p class=\"\" data-start=\"1512\" data-end=\"1536\">Wytrzyma\u0142o\u015b\u0107 na zerwanie: 15 kN<\/p>\n<\/li>\n<li class=\"\" data-start=\"1537\" data-end=\"1568\">\n<p class=\"\" data-start=\"1539\" data-end=\"1568\">Wytrzymuje nacisk formowania do 5 kN<\/p>\n<\/li>\n<li class=\"\" data-start=\"1569\" data-end=\"1607\">\n<p class=\"\" data-start=\"1571\" data-end=\"1607\">Odporna na uderzenia i wbudowana dioda ochronna<\/p>\n<\/li>\n<li class=\"\" data-start=\"1608\" data-end=\"1642\">\n<p class=\"\" data-start=\"1610\" data-end=\"1642\">W zestawie 5-metrowy kabel bezhalogenowy<\/p>\n<\/li>\n<\/ul>","protected":false},"excerpt":{"rendered":"<p>Tutaj mo\u017cesz zobaczy\u0107, kt\u00f3re s\u0142upki i modele pasuj\u0105 do siebie z asortymentu elektrycznych ogranicznik\u00f3w drzwi STEP.<\/p>\n<h5><strong><a href=\"https:\/\/steplock.com\/sv\/stolpguide\/#!?lang=sv&amp;blog_id=1&amp;paged=1&amp;number=50\" target=\"_blank\" rel=\"noopener\">Przewodnik po STEP Post\u00a0<\/a><\/strong><\/h5>\n<h5><strong><a href=\"https:\/\/steplock.com\/sv\/projekteringsguide\/#!?lang=sv&amp;blog_id=1&amp;paged=1&amp;number=999\" target=\"_blank\" rel=\"noopener\">Przewodnik projektowy STEP<\/a><\/strong><\/h5>","protected":false},"featured_media":140514,"template":"","meta":{"_acf_changed":false},"product_brand":[],"product_cat":[3355],"product_tag":[4198,4200],"class_list":{"0":"post-140518","1":"product","2":"type-product","3":"status-publish","4":"has-post-thumbnail","6":"product_cat-elslutbleck","7":"product_tag-12v","8":"product_tag-rattvand","9":"product_shipping_class-tunga-paket","10":"pa_brands-step","11":"tm-no-options","13":"first","14":"onbackorder","15":"sale","16":"taxable","17":"shipping-taxable","18":"purchasable","19":"product-type-simple"},"acf":[],"_links":{"self":[{"href":"https:\/\/secureus.se\/pl\/wp-json\/wp\/v2\/product\/140518","targetHints":{"allow":["GET"]}}],"collection":[{"href":"https:\/\/secureus.se\/pl\/wp-json\/wp\/v2\/product"}],"about":[{"href":"https:\/\/secureus.se\/pl\/wp-json\/wp\/v2\/types\/product"}],"wp:featuredmedia":[{"embeddable":true,"href":"https:\/\/secureus.se\/pl\/wp-json\/wp\/v2\/media\/140514"}],"wp:attachment":[{"href":"https:\/\/secureus.se\/pl\/wp-json\/wp\/v2\/media?parent=140518"}],"wp:term":[{"taxonomy":"product_brand","embeddable":true,"href":"https:\/\/secureus.se\/pl\/wp-json\/wp\/v2\/product_brand?post=140518"},{"taxonomy":"product_cat","embeddable":true,"href":"https:\/\/secureus.se\/pl\/wp-json\/wp\/v2\/product_cat?post=140518"},{"taxonomy":"product_tag","embeddable":true,"href":"https:\/\/secureus.se\/pl\/wp-json\/wp\/v2\/product_tag?post=140518"}],"curies":[{"name":"wp","href":"https:\/\/api.w.org\/{rel}","templated":true}]}}