{"id":140531,"date":"2023-09-26T13:07:40","date_gmt":"2023-09-26T11:07:40","guid":{"rendered":"https:\/\/secureus.se\/elslutbleck-step-18-hoger-rattvand-12v-9mm-regel-connect\/"},"modified":"2026-03-26T09:49:21","modified_gmt":"2026-03-26T08:49:21","slug":"elslutbleck-step-18-hoger-rattvand-12v-9mm-regel-connect","status":"publish","type":"product","link":"https:\/\/secureus.se\/pl\/elslutbleck-step-18-hoger-rattvand-12v-9mm-regel-connect\/","title":{"rendered":"Elektryczna p\u0142yta ko\u0144cowa KROK 18 Prawa Prawa strona 12V 9mm Regel Connect"},"content":{"rendered":"<h1>Elektryczna p\u0142yta ko\u0144cowa KROK 18 Prawa Prawa strona 12V 9mm Regel Connect<\/h1>\n<p>STEP 18 Secure to elektrozaczep o wysokim poziomie bezpiecze\u0144stwa przeznaczony do drzwi prawych z ryglem Connect o \u015brednicy 9 mm. Z funkcj\u0105 skierowan\u0105 w prawo, stykiem t\u0142okowym, klas\u0105 ognioodporno\u015bci E\/EI60 i 5-metrowym kablem bezhalogenowym.<\/p>\n<p class=\"\" data-start=\"261\" data-end=\"685\">Elektrozaczep STEP 18 Secure to elektrozaczep przeznaczony do \u015brodowisk, w kt\u00f3rych obowi\u0105zuj\u0105 wysokie wymagania dotycz\u0105ce bezpiecze\u0144stwa i niezawodno\u015bci.<\/p>\n<p class=\"\" data-start=\"261\" data-end=\"685\">Wersja ta jest dostosowana do drzwi prawoskrzyd\u0142owych z zamkami zasuwkowymi z serii Connect (t\u0142ok 9 mm) i posiada funkcj\u0119 prawego skrzyd\u0142a, kt\u00f3ra utrzymuje drzwi zamkni\u0119te w przypadku zaniku zasilania.<\/p>\n<p class=\"\" data-start=\"261\" data-end=\"685\">Produkt jest optymalnym rozwi\u0105zaniem do drzwi o wysokich wymaganiach bezpiecze\u0144stwa, np. w bankach, instytucjach i budynkach u\u017cyteczno\u015bci publicznej.<\/p>\n<p class=\"\" data-start=\"687\" data-end=\"1042\">Blacha zosta\u0142a przetestowana i zatwierdzona pod k\u0105tem odporno\u015bci ogniowej do E\/EI60 i charakteryzuje si\u0119 imponuj\u0105c\u0105 wytrzyma\u0142o\u015bci\u0105 na zerwanie wynosz\u0105c\u0105 15 kN.<\/p>\n<p class=\"\" data-start=\"687\" data-end=\"1042\">Dzi\u0119ki technologii STEP otwiera si\u0119 p\u0142ynnie, mimo nacisku ta\u015bmy do 500 kg.<\/p>\n<p class=\"\" data-start=\"687\" data-end=\"1042\">STEP 18 jest wyposa\u017cony we wbudowany prze\u0142\u0105cznik popychaj\u0105cy i prze\u0142\u0105cznik blokuj\u0105cy, co umo\u017cliwia pe\u0142ne monitorowanie stanu \u2013 idealne do integracji z zaawansowanymi systemami kontroli dost\u0119pu i funkcjami alarmowymi.<\/p>\n<p class=\"\" data-start=\"1044\" data-end=\"1289\">Do\u0142\u0105czony 5-metrowy kabel bezhalogenowy u\u0142atwia monta\u017c w pomieszczeniach, w kt\u00f3rych panuj\u0105 wysokie wymagania techniczne i bezpiecze\u0144stwa.<\/p>\n<p class=\"\" data-start=\"1044\" data-end=\"1289\">Produkt wyposa\u017cono tak\u017ce w diod\u0119 zabezpieczaj\u0105c\u0105 i zabezpieczenie przed manipulacj\u0105, co zwi\u0119ksza jego trwa\u0142o\u015b\u0107 i zabezpiecza przed manipulacj\u0105.<\/p>\n<p class=\"\" data-start=\"1291\" data-end=\"1319\"><strong data-start=\"1291\" data-end=\"1317\">Cechy i korzy\u015bci:<\/strong><\/p>\n<ul data-start=\"1320\" data-end=\"1641\">\n<li class=\"\" data-start=\"1320\" data-end=\"1366\">\n<p class=\"\" data-start=\"1322\" data-end=\"1366\">Do \u015brub \u0142\u0105cz\u0105cych 9 mm, drzwi prawe<\/p>\n<\/li>\n<li class=\"\" data-start=\"1367\" data-end=\"1406\">\n<p class=\"\" data-start=\"1369\" data-end=\"1406\">Prawid\u0142owa funkcja \u2013 zablokowana bez zasilania<\/p>\n<\/li>\n<li class=\"\" data-start=\"1407\" data-end=\"1443\">\n<p class=\"\" data-start=\"1409\" data-end=\"1443\">Certyfikat ognioodporno\u015bci do E\/EI60<\/p>\n<\/li>\n<li class=\"\" data-start=\"1444\" data-end=\"1492\">\n<p class=\"\" data-start=\"1446\" data-end=\"1492\">Styk t\u0142oka i zatrzasku do monitorowania stanu<\/p>\n<\/li>\n<li class=\"\" data-start=\"1493\" data-end=\"1519\">\n<p class=\"\" data-start=\"1495\" data-end=\"1519\">Wytrzyma\u0142o\u015b\u0107 na zerwanie: 15 kN<\/p>\n<\/li>\n<li class=\"\" data-start=\"1520\" data-end=\"1556\">\n<p class=\"\" data-start=\"1522\" data-end=\"1556\">Wytrzymuje nacisk formowania do 500 kg<\/p>\n<\/li>\n<li class=\"\" data-start=\"1557\" data-end=\"1603\">\n<p class=\"\" data-start=\"1559\" data-end=\"1603\">Zawiera 5-metrowy kabel po\u0142\u0105czeniowy bezhalogenowy<\/p>\n<\/li>\n<li class=\"\" data-start=\"1604\" data-end=\"1641\">\n<p class=\"\" data-start=\"1606\" data-end=\"1641\">W zestawie dioda zabezpieczaj\u0105ca i zabezpieczenie przeciwprzepi\u0119ciowe<\/p>\n<\/li>\n<\/ul>","protected":false},"excerpt":{"rendered":"<p>Tutaj mo\u017cesz zobaczy\u0107, kt\u00f3re s\u0142upki i modele pasuj\u0105 do siebie z asortymentu elektrycznych ogranicznik\u00f3w drzwi STEP.<\/p>\n<h5><strong><a href=\"https:\/\/steplock.com\/sv\/stolpguide\/#!?lang=sv&amp;blog_id=1&amp;paged=1&amp;number=50\" target=\"_blank\" rel=\"noopener\">Przewodnik po STEP Post\u00a0<\/a><\/strong><\/h5>\n<h5><strong><a href=\"https:\/\/steplock.com\/sv\/projekteringsguide\/#!?lang=sv&amp;blog_id=1&amp;paged=1&amp;number=999\" target=\"_blank\" rel=\"noopener\">Przewodnik projektowy STEP<\/a><\/strong><\/h5>","protected":false},"featured_media":140529,"template":"","meta":{"_acf_changed":false},"product_brand":[],"product_cat":[3355],"product_tag":[4198,4200],"class_list":{"0":"post-140531","1":"product","2":"type-product","3":"status-publish","4":"has-post-thumbnail","6":"product_cat-elslutbleck","7":"product_tag-12v","8":"product_tag-rattvand","9":"product_shipping_class-tunga-paket","10":"pa_brands-step","11":"tm-no-options","13":"first","14":"instock","15":"sale","16":"taxable","17":"shipping-taxable","18":"purchasable","19":"product-type-simple"},"acf":[],"_links":{"self":[{"href":"https:\/\/secureus.se\/pl\/wp-json\/wp\/v2\/product\/140531","targetHints":{"allow":["GET"]}}],"collection":[{"href":"https:\/\/secureus.se\/pl\/wp-json\/wp\/v2\/product"}],"about":[{"href":"https:\/\/secureus.se\/pl\/wp-json\/wp\/v2\/types\/product"}],"wp:featuredmedia":[{"embeddable":true,"href":"https:\/\/secureus.se\/pl\/wp-json\/wp\/v2\/media\/140529"}],"wp:attachment":[{"href":"https:\/\/secureus.se\/pl\/wp-json\/wp\/v2\/media?parent=140531"}],"wp:term":[{"taxonomy":"product_brand","embeddable":true,"href":"https:\/\/secureus.se\/pl\/wp-json\/wp\/v2\/product_brand?post=140531"},{"taxonomy":"product_cat","embeddable":true,"href":"https:\/\/secureus.se\/pl\/wp-json\/wp\/v2\/product_cat?post=140531"},{"taxonomy":"product_tag","embeddable":true,"href":"https:\/\/secureus.se\/pl\/wp-json\/wp\/v2\/product_tag?post=140531"}],"curies":[{"name":"wp","href":"https:\/\/api.w.org\/{rel}","templated":true}]}}