{"id":140542,"date":"2023-09-26T13:07:24","date_gmt":"2023-09-26T11:07:24","guid":{"rendered":"https:\/\/secureus.se\/elslutbleck-step-28e-vanster-omvand-12v-9mm-regel\/"},"modified":"2026-03-26T09:50:24","modified_gmt":"2026-03-26T08:50:24","slug":"elslutbleck-step-28e-vanster-omvand-12v-9mm-regel","status":"publish","type":"product","link":"https:\/\/secureus.se\/pl\/elslutbleck-step-28e-vanster-omvand-12v-9mm-regel\/","title":{"rendered":"Elektryczna p\u0142yta ko\u0144cowa STEP 28E Lewy bieg wsteczny 12V 9mm Linia"},"content":{"rendered":"<h1>Elektryczna p\u0142yta ko\u0144cowa STEP 28E Lewy bieg wsteczny 12V 9mm Linia<\/h1>\n<p>Elektrozaczep STEP 28E Secure z funkcj\u0105 rewersu do drzwi lewoskr\u0119tnych i t\u0142okiem 9 mm z serii Connect. Klasa ogniowa E\/EI 60. W tym. Kabel 5m.<\/p>\n<p class=\"\" data-start=\"223\" data-end=\"636\">Elektrozaczep STEP 28E Secure zosta\u0142 zaprojektowany tak, aby spe\u0142nia\u0107 bardzo wysokie wymagania dotycz\u0105ce bezpiecze\u0144stwa, ewakuacji i klasyfikacji przeciwpo\u017carowej.<\/p>\n<p class=\"\" data-start=\"223\" data-end=\"636\">Dzi\u0119ki funkcji rewersyjnej \u2013 oznaczaj\u0105cej, \u017ce skrzyd\u0142o zostaje odblokowane w przypadku zaniku zasilania \u2013 drzwi te s\u0105 idealnym wyborem do drzwi ewakuacyjnych w miejscach, w kt\u00f3rych nie mo\u017cna nara\u017ca\u0107 bezpiecze\u0144stwa.<\/p>\n<p class=\"\" data-start=\"223\" data-end=\"636\">P\u0142ytka jest specjalnie przystosowana do drzwi lewoskr\u0119tnych z t\u0142okiem 9 mm z serii Connect.<\/p>\n<p class=\"\" data-start=\"638\" data-end=\"929\">Dzi\u0119ki wysokiej wytrzyma\u0142o\u015bci na zerwanie, przekraczaj\u0105cej 15 kN, oraz technologii docisku pas\u00f3w STEP, zapewnione jest niezawodne dzia\u0142anie nawet przy nacisku pas\u00f3w drzwiowych wynosz\u0105cym do 500 kg.<\/p>\n<p class=\"\" data-start=\"638\" data-end=\"929\">Dzi\u0119ki temu STEP 28E nadaje si\u0119 do instalacji z automatycznymi systemami drzwiowymi, klamkami oraz w po\u0142\u0105czeniu z zamkami ewakuacyjnymi zgodnie z norm\u0105 SS-EN 179.<\/p>\n<p class=\"\" data-start=\"931\" data-end=\"1211\">Elektrozaczep posiada zar\u00f3wno styk t\u0142okowy, jak i zatrzaskowy, co pozwala na precyzyjn\u0105 kontrol\u0119 stanu drzwi \u2013 idealne rozwi\u0105zanie do integracji z systemami alarmowymi lub kontrol\u0105 dost\u0119pu.<\/p>\n<p class=\"\" data-start=\"931\" data-end=\"1211\">Posiada r\u00f3wnie\u017c atest ognioodporno\u015bci E\/EI 60, co oznacza, \u017ce w razie po\u017caru zachowa swoj\u0105 funkcjonalno\u015b\u0107 do 60 minut.<\/p>\n<p class=\"\" data-start=\"1213\" data-end=\"1322\">W komplecie znajduje si\u0119 5-metrowy kabel po\u0142\u0105czeniowy bezhalogenowy, a zabezpieczenie przed manipulacj\u0105 zwi\u0119ksza odporno\u015b\u0107 na manipulacje.<\/p>\n<p class=\"\" data-start=\"1324\" data-end=\"1352\"><strong data-start=\"1324\" data-end=\"1350\">Cechy i korzy\u015bci:<\/strong><\/p>\n<ul data-start=\"1353\" data-end=\"1616\">\n<li class=\"\" data-start=\"1353\" data-end=\"1387\">\n<p class=\"\" data-start=\"1355\" data-end=\"1387\">Do t\u0142oka 9 mm w serii Connect<\/p>\n<\/li>\n<li class=\"\" data-start=\"1388\" data-end=\"1433\">\n<p class=\"\" data-start=\"1390\" data-end=\"1433\">Funkcja cofania \u2013 odblokowywana w przypadku zaniku zasilania<\/p>\n<\/li>\n<li class=\"\" data-start=\"1434\" data-end=\"1462\">\n<p class=\"\" data-start=\"1436\" data-end=\"1462\">Do drzwi lewych<\/p>\n<\/li>\n<li class=\"\" data-start=\"1463\" data-end=\"1485\">\n<p class=\"\" data-start=\"1465\" data-end=\"1485\">Klasa ogniowa E\/EI 60<\/p>\n<\/li>\n<li class=\"\" data-start=\"1486\" data-end=\"1527\">\n<p class=\"\" data-start=\"1488\" data-end=\"1527\">T\u0142ok i styk zatrzasku do wskazania<\/p>\n<\/li>\n<li class=\"\" data-start=\"1528\" data-end=\"1554\">\n<p class=\"\" data-start=\"1530\" data-end=\"1554\">Wytrzyma\u0142o\u015b\u0107 na zerwanie: 15 kN<\/p>\n<\/li>\n<li class=\"\" data-start=\"1555\" data-end=\"1585\">\n<p class=\"\" data-start=\"1557\" data-end=\"1585\">Wytrzyma\u0142o\u015b\u0107 na nacisk ta\u015bmy: 500 kg<\/p>\n<\/li>\n<li class=\"\" data-start=\"1586\" data-end=\"1616\">\n<p class=\"\" data-start=\"1588\" data-end=\"1616\">W tym Kabel 5 m bezhalogenowy<\/p>\n<\/li>\n<\/ul>","protected":false},"excerpt":{"rendered":"<p>Tutaj mo\u017cesz zobaczy\u0107, kt\u00f3re s\u0142upki i modele pasuj\u0105 do siebie z asortymentu elektrycznych ogranicznik\u00f3w drzwi STEP.<\/p>\n<h5><strong><a href=\"https:\/\/steplock.com\/sv\/stolpguide\/#!?lang=sv&amp;blog_id=1&amp;paged=1&amp;number=50\" target=\"_blank\" rel=\"noopener\">Przewodnik po STEP Post\u00a0<\/a><\/strong><\/h5>\n<h5><strong><a href=\"https:\/\/steplock.com\/sv\/projekteringsguide\/#!?lang=sv&amp;blog_id=1&amp;paged=1&amp;number=999\" target=\"_blank\" rel=\"noopener\">Przewodnik projektowy STEP<\/a><\/strong><\/h5>","protected":false},"featured_media":140539,"template":"","meta":{"_acf_changed":false},"product_brand":[],"product_cat":[3355],"product_tag":[4198,4201],"class_list":{"0":"post-140542","1":"product","2":"type-product","3":"status-publish","4":"has-post-thumbnail","6":"product_cat-elslutbleck","7":"product_tag-12v","8":"product_tag-omvand","9":"product_shipping_class-tunga-paket","10":"pa_brands-step","11":"tm-no-options","13":"first","14":"instock","15":"sale","16":"taxable","17":"shipping-taxable","18":"purchasable","19":"product-type-simple"},"acf":[],"_links":{"self":[{"href":"https:\/\/secureus.se\/pl\/wp-json\/wp\/v2\/product\/140542","targetHints":{"allow":["GET"]}}],"collection":[{"href":"https:\/\/secureus.se\/pl\/wp-json\/wp\/v2\/product"}],"about":[{"href":"https:\/\/secureus.se\/pl\/wp-json\/wp\/v2\/types\/product"}],"wp:featuredmedia":[{"embeddable":true,"href":"https:\/\/secureus.se\/pl\/wp-json\/wp\/v2\/media\/140539"}],"wp:attachment":[{"href":"https:\/\/secureus.se\/pl\/wp-json\/wp\/v2\/media?parent=140542"}],"wp:term":[{"taxonomy":"product_brand","embeddable":true,"href":"https:\/\/secureus.se\/pl\/wp-json\/wp\/v2\/product_brand?post=140542"},{"taxonomy":"product_cat","embeddable":true,"href":"https:\/\/secureus.se\/pl\/wp-json\/wp\/v2\/product_cat?post=140542"},{"taxonomy":"product_tag","embeddable":true,"href":"https:\/\/secureus.se\/pl\/wp-json\/wp\/v2\/product_tag?post=140542"}],"curies":[{"name":"wp","href":"https:\/\/api.w.org\/{rel}","templated":true}]}}