{"id":140549,"date":"2023-09-26T13:07:21","date_gmt":"2023-09-26T11:07:21","guid":{"rendered":"https:\/\/secureus.se\/elslutbleck-step-28e-hoger-omvand-12v-7mm-regel\/"},"modified":"2026-03-26T09:50:07","modified_gmt":"2026-03-26T08:50:07","slug":"elslutbleck-step-28e-hoger-omvand-12v-7mm-regel","status":"publish","type":"product","link":"https:\/\/secureus.se\/pl\/elslutbleck-step-28e-hoger-omvand-12v-7mm-regel\/","title":{"rendered":"Elektryczna p\u0142yta ko\u0144cowa STEP 28E Prawa rewers 12V 7mm Linia"},"content":{"rendered":"<h1>Elektryczna p\u0142yta ko\u0144cowa STEP 28E Prawa rewers 12V 7mm Linia<\/h1>\n<p>STEP 28E Secure to elektrozaczep odwrotny do drzwi prawych, o klasie odporno\u015bci ogniowej E\/EI 60.<\/p>\n<p>Pasuje do zamk\u00f3w ryglowych 7 mm z serii Connect, zabezpieczonych przed manipulacj\u0105 i obs\u0142uguj\u0105cych systemy kontroli dost\u0119pu. W zestawie 5-metrowy kabel bezhalogenowy.<\/p>\n<p class=\"\" data-start=\"435\" data-end=\"903\">STEP 28E Secure to elektrozaczep o wysokim poziomie bezpiecze\u0144stwa i funkcji rewersyjnej \u2013 idealny do drzwi prawoskrzyd\u0142owych w miejscach, w kt\u00f3rych obowi\u0105zuj\u0105 wymagania zar\u00f3wno ochrony przeciwpo\u017carowej, jak i ewakuacji.<\/p>\n<p class=\"\" data-start=\"435\" data-end=\"903\">W pozycji od\u0142\u0105czonej od zasilania p\u0142yta jest zablokowana, co zapewnia wi\u0119ksze bezpiecze\u0144stwo w obiektach wymagaj\u0105cych ochrony nawet w przypadku zaniku zasilania.<\/p>\n<p class=\"\" data-start=\"435\" data-end=\"903\">Stosowany z zamkiem zasuwkowym lub haczykowym z t\u0142okiem 7 mm, szczeg\u00f3lnie polecany w po\u0142\u0105czeniu z automatycznymi systemami drzwiowymi i zamkami ewakuacyjnymi zgodnie z norm\u0105 SS-EN 179.<\/p>\n<p class=\"\" data-start=\"905\" data-end=\"1226\">Produkt posiada atest ognioodporno\u015bci do E\/EI 60 i charakteryzuje si\u0119 solidn\u0105 konstrukcj\u0105 o wytrzyma\u0142o\u015bci na rozerwanie przekraczaj\u0105cej 15 kN.<\/p>\n<p class=\"\" data-start=\"905\" data-end=\"1226\">Funkcje sygnalizacyjne umo\u017cliwiaj\u0105 pod\u0142\u0105czenie elektrozaczepu do system\u00f3w kontroli dost\u0119pu, system\u00f3w alarmowych lub innych funkcji monitoruj\u0105cych.<\/p>\n<p class=\"\" data-start=\"905\" data-end=\"1226\">Informuje o stanie drzwi (otwarte\/zamkni\u0119te) i stanie zamka (zablokowane\/odblokowane) za pomoc\u0105 wbudowanych styk\u00f3w.<\/p>\n<p class=\"\" data-start=\"1228\" data-end=\"1557\">STEP 28E Secure jest r\u00f3wnie\u017c odporny na manipulacje i wytrzymuje nacisk do 500 kg. W zestawie znajduje si\u0119 5-metrowy kabel przy\u0142\u0105czeniowy bezhalogenowy umo\u017cliwiaj\u0105cy \u0142atw\u0105 instalacj\u0119.<\/p>\n<p class=\"\" data-start=\"1228\" data-end=\"1557\">Produkt jest wyrobem budowlanym ocenionym i zatwierdzonym przez SundaHus, co sprawia, \u017ce jest to bezpieczny wyb\u00f3r r\u00f3wnie\u017c z perspektywy zr\u00f3wnowa\u017conego rozwoju.<\/p>\n<p class=\"\" data-start=\"1228\" data-end=\"1557\">Solidna konstrukcja ze stali nierdzewnej o wymiarach 230 x 35 x 40 mm.<\/p>","protected":false},"excerpt":{"rendered":"<p>Tutaj mo\u017cesz zobaczy\u0107, kt\u00f3re s\u0142upki i modele pasuj\u0105 do siebie z asortymentu elektrycznych ogranicznik\u00f3w drzwi STEP.<\/p>\n<h5><strong><a href=\"https:\/\/steplock.com\/sv\/stolpguide\/#!?lang=sv&amp;blog_id=1&amp;paged=1&amp;number=50\" target=\"_blank\" rel=\"noopener\">Przewodnik po STEP Post\u00a0<\/a><\/strong><\/h5>\n<h5><strong><a href=\"https:\/\/steplock.com\/sv\/projekteringsguide\/#!?lang=sv&amp;blog_id=1&amp;paged=1&amp;number=999\" target=\"_blank\" rel=\"noopener\">Przewodnik projektowy STEP<\/a><\/strong><\/h5>","protected":false},"featured_media":140547,"template":"","meta":{"_acf_changed":false},"product_brand":[],"product_cat":[3355],"product_tag":[4198,4201],"class_list":{"0":"post-140549","1":"product","2":"type-product","3":"status-publish","4":"has-post-thumbnail","6":"product_cat-elslutbleck","7":"product_tag-12v","8":"product_tag-omvand","9":"product_shipping_class-tunga-paket","10":"pa_brands-step","11":"tm-no-options","13":"first","14":"instock","15":"sale","16":"taxable","17":"shipping-taxable","18":"purchasable","19":"product-type-simple"},"acf":[],"_links":{"self":[{"href":"https:\/\/secureus.se\/pl\/wp-json\/wp\/v2\/product\/140549","targetHints":{"allow":["GET"]}}],"collection":[{"href":"https:\/\/secureus.se\/pl\/wp-json\/wp\/v2\/product"}],"about":[{"href":"https:\/\/secureus.se\/pl\/wp-json\/wp\/v2\/types\/product"}],"wp:featuredmedia":[{"embeddable":true,"href":"https:\/\/secureus.se\/pl\/wp-json\/wp\/v2\/media\/140547"}],"wp:attachment":[{"href":"https:\/\/secureus.se\/pl\/wp-json\/wp\/v2\/media?parent=140549"}],"wp:term":[{"taxonomy":"product_brand","embeddable":true,"href":"https:\/\/secureus.se\/pl\/wp-json\/wp\/v2\/product_brand?post=140549"},{"taxonomy":"product_cat","embeddable":true,"href":"https:\/\/secureus.se\/pl\/wp-json\/wp\/v2\/product_cat?post=140549"},{"taxonomy":"product_tag","embeddable":true,"href":"https:\/\/secureus.se\/pl\/wp-json\/wp\/v2\/product_tag?post=140549"}],"curies":[{"name":"wp","href":"https:\/\/api.w.org\/{rel}","templated":true}]}}