{"id":140571,"date":"2023-09-26T13:07:19","date_gmt":"2023-09-26T11:07:19","guid":{"rendered":"https:\/\/secureus.se\/elslutbleck-step-28e-hoger-omvand-12v-9mm-regel\/"},"modified":"2026-04-08T16:22:28","modified_gmt":"2026-04-08T14:22:28","slug":"elslutbleck-step-28e-hoger-omvand-12v-9mm-regel","status":"publish","type":"product","link":"https:\/\/secureus.se\/pl\/elslutbleck-step-28e-hoger-omvand-12v-9mm-regel\/","title":{"rendered":"Elektryczna p\u0142yta ko\u0144cowa STEP 28E Prawa rewers 12V 9mm Linia"},"content":{"rendered":"<h1>Elektryczna p\u0142yta ko\u0144cowa STEP 28E Prawa rewers 12V 9mm Linia<\/h1>\n<p>STEP 28E Secure to elektrozaczep odwrotny do drzwi prawych z zamkiem ryglowym 9 mm.<\/p>\n<p>Klasa ognioodporno\u015bci E\/EI 60, odporny na manipulacje i kompatybilny z systemami kontroli dost\u0119pu. Zawiera 5 metr\u00f3w kabla bezhalogenowego.<\/p>\n<p class=\"\" data-start=\"385\" data-end=\"783\">Elektrozaczep STEP 28E Secure to wydajny elektrozaczep przeznaczony do instalacji o klauzuli bezpiecze\u0144stwa, w kt\u00f3rych stawiane s\u0105 wysokie wymagania dotycz\u0105ce ochrony przed w\u0142amaniem, bezpiecze\u0144stwa przeciwpo\u017carowego i mo\u017cliwo\u015bci ewakuacji.<\/p>\n<p class=\"\" data-start=\"385\" data-end=\"783\">P\u0142ytk\u0119 stosuje si\u0119 w po\u0142\u0105czeniu z zamkami zasuwkowymi z t\u0142okiem 9 mm z serii Connect i jest ona przeznaczona do drzwi prawoskrzyd\u0142owych z funkcj\u0105 rewersyjn\u0105 - co oznacza, \u017ce jest ona blokowana w pozycji bezpr\u0105dowej.<\/p>\n<p class=\"\" data-start=\"785\" data-end=\"1145\">Produkt posiada klas\u0119 odporno\u015bci ogniowej do E\/EI 60, dzi\u0119ki czemu idealnie nadaje si\u0119 do stosowania w \u015brodowiskach z drzwiami pe\u0142ni\u0105cymi funkcj\u0119 ewakuacji awaryjnej zgodnie z norm\u0105 SS-EN 179, gdzie kluczowe znaczenie ma po\u0142\u0105czenie wymaga\u0144 przeciwpo\u017carowych, automatyki drzwiowej i bezpiecze\u0144stwa.<\/p>\n<p class=\"\" data-start=\"785\" data-end=\"1145\">STEP 28E ma wbudowane mikroprze\u0142\u0105czniki wykrywaj\u0105ce stan drzwi i zamka.<\/p>\n<p class=\"\" data-start=\"785\" data-end=\"1145\">Sygna\u0142y te mo\u017cna pod\u0142\u0105czy\u0107 do system\u00f3w kontroli dost\u0119pu, system\u00f3w alarmowych lub innych system\u00f3w monitoruj\u0105cych.<\/p>\n<p class=\"\" data-start=\"1147\" data-end=\"1475\">P\u0142ytka elektrozaczepowa charakteryzuje si\u0119 wysok\u0105 wytrzyma\u0142o\u015bci\u0105 na zerwanie, przekraczaj\u0105c\u0105 15 kN, i wytrzymuje nacisk ta\u015bmy do 500 kg.<\/p>\n<p class=\"\" data-start=\"1147\" data-end=\"1475\">Konstrukcja jest odporna na manipulacje, solidna i wykonana ze stali nierdzewnej. W standardzie znajduje si\u0119 5-metrowy kabel bezhalogenowy.<\/p>\n<p class=\"\" data-start=\"1147\" data-end=\"1475\">Produkt jest wyrobem budowlanym ocenionym i zatwierdzonym przez SundaHus \u2013 doskona\u0142y wyb\u00f3r dla projekt\u00f3w budownictwa zr\u00f3wnowa\u017conego.<\/p>","protected":false},"excerpt":{"rendered":"<p>Tutaj mo\u017cesz zobaczy\u0107, kt\u00f3re s\u0142upki i modele pasuj\u0105 do siebie z asortymentu elektrycznych ogranicznik\u00f3w drzwi STEP.<\/p>\n<h5><strong><a href=\"https:\/\/steplock.com\/sv\/stolpguide\/#!?lang=sv&amp;blog_id=1&amp;paged=1&amp;number=50\" target=\"_blank\" rel=\"noopener\">Przewodnik po STEP Post\u00a0<\/a><\/strong><\/h5>\n<h5><strong><a href=\"https:\/\/steplock.com\/sv\/projekteringsguide\/#!?lang=sv&amp;blog_id=1&amp;paged=1&amp;number=999\" target=\"_blank\" rel=\"noopener\">Przewodnik projektowy STEP<\/a><\/strong><\/h5>","protected":false},"featured_media":140569,"template":"","meta":{"_acf_changed":false},"product_brand":[],"product_cat":[3355],"product_tag":[4198,4201],"class_list":{"0":"post-140571","1":"product","2":"type-product","3":"status-publish","4":"has-post-thumbnail","6":"product_cat-elslutbleck","7":"product_tag-12v","8":"product_tag-omvand","9":"product_shipping_class-tunga-paket","10":"pa_brands-step","11":"tm-no-options","13":"first","14":"onbackorder","15":"sale","16":"taxable","17":"shipping-taxable","18":"purchasable","19":"product-type-simple"},"acf":[],"_links":{"self":[{"href":"https:\/\/secureus.se\/pl\/wp-json\/wp\/v2\/product\/140571","targetHints":{"allow":["GET"]}}],"collection":[{"href":"https:\/\/secureus.se\/pl\/wp-json\/wp\/v2\/product"}],"about":[{"href":"https:\/\/secureus.se\/pl\/wp-json\/wp\/v2\/types\/product"}],"wp:featuredmedia":[{"embeddable":true,"href":"https:\/\/secureus.se\/pl\/wp-json\/wp\/v2\/media\/140569"}],"wp:attachment":[{"href":"https:\/\/secureus.se\/pl\/wp-json\/wp\/v2\/media?parent=140571"}],"wp:term":[{"taxonomy":"product_brand","embeddable":true,"href":"https:\/\/secureus.se\/pl\/wp-json\/wp\/v2\/product_brand?post=140571"},{"taxonomy":"product_cat","embeddable":true,"href":"https:\/\/secureus.se\/pl\/wp-json\/wp\/v2\/product_cat?post=140571"},{"taxonomy":"product_tag","embeddable":true,"href":"https:\/\/secureus.se\/pl\/wp-json\/wp\/v2\/product_tag?post=140571"}],"curies":[{"name":"wp","href":"https:\/\/api.w.org\/{rel}","templated":true}]}}