{"id":140578,"date":"2023-09-26T13:07:13","date_gmt":"2023-09-26T11:07:13","guid":{"rendered":"https:\/\/secureus.se\/elslutbleck-step-28e-vanster-omvand-12v-12mm-regel\/"},"modified":"2026-03-26T09:51:06","modified_gmt":"2026-03-26T08:51:06","slug":"elslutbleck-step-28e-vanster-omvand-12v-12mm-regel","status":"publish","type":"product","link":"https:\/\/secureus.se\/pl\/elslutbleck-step-28e-vanster-omvand-12v-12mm-regel\/","title":{"rendered":"Elektryczna p\u0142yta ko\u0144cowa STEP 28E Lewy bieg wsteczny 12V 12mm Linia"},"content":{"rendered":"<h1>Elektryczna p\u0142yta ko\u0144cowa STEP 28E Lewy bieg wsteczny 12V 12mm Linia<\/h1>\n<p>KROK 28E Bezpieczny elektrozaczep z funkcj\u0105 rewersu do drzwi lewoskr\u0119tnych. Przystosowany do t\u0142oka 12 mm z serii Modul, 12 V DC.<\/p>\n<p>Klasa odporno\u015bci ogniowej E\/EI 60, mo\u017cliwo\u015b\u0107 integracji z systemami kontroli dost\u0119pu. Dostarczany z 5-metrowym kablem bezhalogenowym.<\/p>\n<p class=\"\" data-start=\"413\" data-end=\"803\">Elektrozaczep STEP 28E Secure to wysokiej jako\u015bci elektrozaczep przeznaczony do drzwi lewoskrzyd\u0142owych, w kt\u00f3rych wa\u017cne jest po\u0142\u0105czenie bezpiecze\u0144stwa, ochrony przeciwpo\u017carowej i mo\u017cliwo\u015bci ucieczki.<\/p>\n<p class=\"\" data-start=\"413\" data-end=\"803\">U\u017cywa si\u0119 go w po\u0142\u0105czeniu z zamkami ryglowymi 12 mm z serii Modul i ma funkcj\u0119 rewersyjn\u0105, kt\u00f3ra utrzymuje p\u0142ytk\u0119 zablokowan\u0105 w pozycji od\u0142\u0105czonej \u2013 jest to kluczowa cecha w przypadku instalacji o wymaganym poziomie bezpiecze\u0144stwa.<\/p>\n<p class=\"\" data-start=\"805\" data-end=\"1138\">Dzi\u0119ki odporno\u015bci ogniowej do E\/EI 60, STEP 28E jest cz\u0119sto stosowany w \u015brodowiskach drzwiowych, w kt\u00f3rych wymagane s\u0105 zamki ewakuacyjne zgodne z norm\u0105 SS-EN 179, w po\u0142\u0105czeniu z automatyk\u0105 drzwiow\u0105 lub klamkami.<\/p>\n<p class=\"\" data-start=\"805\" data-end=\"1138\">P\u0142ytka wyposa\u017cona jest w mikrowy\u0142\u0105cznik oraz podw\u00f3jne wska\u017aniki (styk t\u0142okowy i zatrzaskowy) umo\u017cliwiaj\u0105ce pod\u0142\u0105czenie do systemu kontroli dost\u0119pu, systemu alarmowego lub innego systemu monitoruj\u0105cego.<\/p>\n<p class=\"\" data-start=\"1140\" data-end=\"1515\">Dzi\u0119ki wytrzyma\u0142o\u015bci na zerwanie wynosz\u0105cej ponad 15 kN i odporno\u015bci na nacisk do 500 kg, blacha zaczepowa elektryczna wytrzymuje nawet bardzo trudne warunki pracy.<\/p>\n<p class=\"\" data-start=\"1140\" data-end=\"1515\">Solidna, odporna na uderzenia konstrukcja ze stali nierdzewnej gwarantuje d\u0142ug\u0105 trwa\u0142o\u015b\u0107. W komplecie z 5-metrowym kablem po\u0142\u0105czeniowym bezhalogenowym.<\/p>\n<p class=\"\" data-start=\"1140\" data-end=\"1515\">Produkt jest produktem budowlanym ocenionym i zatwierdzonym przez SundaHus i stanowi bezpieczny wyb\u00f3r dla profesjonalnych projekt\u00f3w.<\/p>\n<p class=\"\" data-start=\"1517\" data-end=\"1667\">STEP 28E z napi\u0119ciem roboczym 12 V DC doskonale sprawdza si\u0119 w nowoczesnych systemach bezpiecze\u0144stwa, w kt\u00f3rych wysoka wydajno\u015b\u0107 \u0142\u0105czy si\u0119 z niezawodno\u015bci\u0105 dzia\u0142ania i przejrzystym monitorowaniem stanu.<\/p>","protected":false},"excerpt":{"rendered":"<p>Tutaj mo\u017cesz zobaczy\u0107, kt\u00f3re s\u0142upki i modele pasuj\u0105 do siebie z asortymentu elektrycznych ogranicznik\u00f3w drzwi STEP.<\/p>\n<h5><strong><a href=\"https:\/\/steplock.com\/sv\/stolpguide\/#!?lang=sv&amp;blog_id=1&amp;paged=1&amp;number=50\" target=\"_blank\" rel=\"noopener\">Przewodnik po STEP Post\u00a0<\/a><\/strong><\/h5>\n<h5><strong><a href=\"https:\/\/steplock.com\/sv\/projekteringsguide\/#!?lang=sv&amp;blog_id=1&amp;paged=1&amp;number=999\" target=\"_blank\" rel=\"noopener\">Przewodnik projektowy STEP<\/a><\/strong><\/h5>","protected":false},"featured_media":140575,"template":"","meta":{"_acf_changed":false},"product_brand":[],"product_cat":[3355],"product_tag":[4198,4201],"class_list":{"0":"post-140578","1":"product","2":"type-product","3":"status-publish","4":"has-post-thumbnail","6":"product_cat-elslutbleck","7":"product_tag-12v","8":"product_tag-omvand","9":"product_shipping_class-tunga-paket","10":"pa_brands-step","11":"tm-no-options","13":"first","14":"instock","15":"sale","16":"taxable","17":"shipping-taxable","18":"purchasable","19":"product-type-simple"},"acf":[],"_links":{"self":[{"href":"https:\/\/secureus.se\/pl\/wp-json\/wp\/v2\/product\/140578","targetHints":{"allow":["GET"]}}],"collection":[{"href":"https:\/\/secureus.se\/pl\/wp-json\/wp\/v2\/product"}],"about":[{"href":"https:\/\/secureus.se\/pl\/wp-json\/wp\/v2\/types\/product"}],"wp:featuredmedia":[{"embeddable":true,"href":"https:\/\/secureus.se\/pl\/wp-json\/wp\/v2\/media\/140575"}],"wp:attachment":[{"href":"https:\/\/secureus.se\/pl\/wp-json\/wp\/v2\/media?parent=140578"}],"wp:term":[{"taxonomy":"product_brand","embeddable":true,"href":"https:\/\/secureus.se\/pl\/wp-json\/wp\/v2\/product_brand?post=140578"},{"taxonomy":"product_cat","embeddable":true,"href":"https:\/\/secureus.se\/pl\/wp-json\/wp\/v2\/product_cat?post=140578"},{"taxonomy":"product_tag","embeddable":true,"href":"https:\/\/secureus.se\/pl\/wp-json\/wp\/v2\/product_tag?post=140578"}],"curies":[{"name":"wp","href":"https:\/\/api.w.org\/{rel}","templated":true}]}}