{"id":140588,"date":"2023-09-26T13:07:10","date_gmt":"2023-09-26T11:07:10","guid":{"rendered":"https:\/\/secureus.se\/elslutbleck-step-18-hoger-rattvand-12v-7mm-regel-connect\/"},"modified":"2026-04-23T12:42:11","modified_gmt":"2026-04-23T10:42:11","slug":"elslutbleck-step-18-hoger-rattvand-12v-7mm-regel-connect","status":"publish","type":"product","link":"https:\/\/secureus.se\/pl\/elslutbleck-step-18-hoger-rattvand-12v-7mm-regel-connect\/","title":{"rendered":"Elektryczna p\u0142yta ko\u0144cowa KROK 18 Prawa Prawa strona 12V 7mm Regel Connect"},"content":{"rendered":"<h1>Elektryczna p\u0142yta ko\u0144cowa KROK 18 Prawa Prawa strona 12V 7mm Regel Connect<\/h1>\n<p>STEP 18 Secure to wysokiej klasy zaczep elektryczny do zamk\u00f3w ryglowych z t\u0142okiem 7 mm z serii Connect.<\/p>\n<p>Ognioodporne do E\/EI 60 i wytrzyma\u0142o\u015bci na zerwanie 1500 kg, przeznaczone do drzwi o wysokich wymaganiach bezpiecze\u0144stwa.<\/p>\n<p class=\"\" data-start=\"381\" data-end=\"737\">Elektrozaczep STEP 18 Secure to zamek elektryczny o wysokim poziomie bezpiecze\u0144stwa, kt\u00f3ry zapewnia po\u0142\u0105czenie szybkiego i trwa\u0142ego blokowania i odblokowywania, idealny do drzwi o du\u017cym nat\u0119\u017ceniu ruchu.<\/p>\n<p class=\"\" data-start=\"381\" data-end=\"737\">Dzi\u0119ki t\u0142okowi o \u015brednicy 7 mm i konstrukcji dostosowanej do serii Connect zamek ten doskonale nadaje si\u0119 do drzwi antyw\u0142amaniowych stosowanych w miejscach o surowych wymaganiach bezpiecze\u0144stwa, takich jak wi\u0119zienia i banki.<\/p>\n<p class=\"\" data-start=\"739\" data-end=\"1140\">Produkt jest dopuszczony do stosowania jako zamkni\u0119cie drzwi do klasy bezpiecze\u0144stwa RC4 i posiada atest ognioodporny do E\/EI 60.<\/p>\n<p class=\"\" data-start=\"739\" data-end=\"1140\">Rozwi\u0105zanie STEP 18 Secure doskonale nadaje si\u0119 do stosowania w drzwiach wymagaj\u0105cych ewakuacji lub w miejscach, w kt\u00f3rych drzwi musz\u0105 by\u0107 otwierane szybko i cz\u0119sto.<\/p>\n<p class=\"\" data-start=\"739\" data-end=\"1140\">Dzi\u0119ki wytrzyma\u0142o\u015bci na zerwanie wynosz\u0105cej 15 kN (ok. 1500 kg) i mo\u017cliwo\u015bci otwierania si\u0119 przy nacisku ta\u015bmy wynosz\u0105cym 5 kN (ok. 500 kg) STEP 18 gwarantuje zar\u00f3wno wysokie bezpiecze\u0144stwo, jak i niezawodno\u015b\u0107.<\/p>\n<p class=\"\" data-start=\"1142\" data-end=\"1387\">Wbudowany prze\u0142\u0105cznik t\u0142okowy informuje o stanie drzwi (zamkni\u0119te\/otwarte) i stanie zamka (zablokowane\/odblokowane), co u\u0142atwia integracj\u0119 z systemami kontroli dost\u0119pu i systemami alarmowymi.<\/p>\n<p class=\"\" data-start=\"1142\" data-end=\"1387\">W zestawie znajduje si\u0119 5-metrowy kabel przy\u0142\u0105czeniowy bezhalogenowy umo\u017cliwiaj\u0105cy \u0142atw\u0105 instalacj\u0119.<\/p>\n<p class=\"\" data-start=\"1389\" data-end=\"1404\"><strong data-start=\"1389\" data-end=\"1404\">W\u0142a\u015bciwo\u015bci:<\/strong><\/p>\n<ul data-start=\"1405\" data-end=\"1930\">\n<li class=\"\" data-start=\"1405\" data-end=\"1449\">\n<p class=\"\" data-start=\"1407\" data-end=\"1449\">Do zamka steruj\u0105cego z t\u0142okiem 7 mm w serii Connect<\/p>\n<\/li>\n<li class=\"\" data-start=\"1450\" data-end=\"1493\">\n<p class=\"\" data-start=\"1452\" data-end=\"1493\">Funkcja skierowana w prawo (zablokowana w trybie bez zasilania)<\/p>\n<\/li>\n<li class=\"\" data-start=\"1494\" data-end=\"1518\">\n<p class=\"\" data-start=\"1496\" data-end=\"1518\">Do drzwi prawych<\/p>\n<\/li>\n<li class=\"\" data-start=\"1519\" data-end=\"1550\">\n<p class=\"\" data-start=\"1521\" data-end=\"1550\">Zatwierdzone ognioodpornie do E\/EI 60<\/p>\n<\/li>\n<li class=\"\" data-start=\"1551\" data-end=\"1602\">\n<p class=\"\" data-start=\"1553\" data-end=\"1602\">Mikroprze\u0142\u0105cznik jednobiegunowy naprzemienny, max. 30 V pr\u0105du sta\u0142ego, 1 A<\/p>\n<\/li>\n<li class=\"\" data-start=\"1603\" data-end=\"1705\">\n<p class=\"\" data-start=\"1605\" data-end=\"1705\">Wskazanie stanu drzwi (zamkni\u0119te\/otwarte) i stanu zamka (zablokowane\/odblokowane) za pomoc\u0105 styku t\u0142oka i styku zapadki<\/p>\n<\/li>\n<li class=\"\" data-start=\"1706\" data-end=\"1744\">\n<p class=\"\" data-start=\"1708\" data-end=\"1744\">Wbudowana dioda zabezpieczaj\u0105ca dla wi\u0119kszego bezpiecze\u0144stwa<\/p>\n<\/li>\n<li class=\"\" data-start=\"1745\" data-end=\"1784\">\n<p class=\"\" data-start=\"1747\" data-end=\"1784\">Wytrzyma\u0142o\u015b\u0107 na zerwanie 15 kN (ok. 1500 kg)<\/p>\n<\/li>\n<li class=\"\" data-start=\"1785\" data-end=\"1865\">\n<p class=\"\" data-start=\"1787\" data-end=\"1865\">Otwiera si\u0119 pomimo nacisku ta\u015bmy wynosz\u0105cego 5 kN (ok. 500 kg) zar\u00f3wno w ruchu do przodu, jak i do ty\u0142u<\/p>\n<\/li>\n<li class=\"\" data-start=\"1866\" data-end=\"1930\">\n<p class=\"\" data-start=\"1868\" data-end=\"1930\">Odporny na uderzenia i zawiera 5 metr\u00f3w kabla po\u0142\u0105czeniowego bezhalogenowego<\/p>\n<\/li>\n<\/ul>\n<p class=\"\" data-start=\"1932\" data-end=\"1961\"><strong data-start=\"1932\" data-end=\"1961\">Dane techniczne:<\/strong><\/p>\n<ul data-start=\"1962\" data-end=\"2601\">\n<li class=\"\" data-start=\"1962\" data-end=\"2053\">\n<p class=\"\" data-start=\"1964\" data-end=\"2053\">Zasilanie: 12 V DC (+15% -10%) 639 mA odblokowane lub 24 V DC (+15% -10%) 313 mA odblokowane<\/p>\n<\/li>\n<li class=\"\" data-start=\"2054\" data-end=\"2118\">\n<p class=\"\" data-start=\"2056\" data-end=\"2118\">Styk t\u0142okowy: Mikroprze\u0142\u0105cznik jednobiegunowy prze\u0142\u0105czaj\u0105cy, maks. 30V pr\u0105du sta\u0142ego, 1A<\/p>\n<\/li>\n<li class=\"\" data-start=\"2119\" data-end=\"2159\">\n<p class=\"\" data-start=\"2121\" data-end=\"2159\">Trwa\u0142o\u015b\u0107: Klasa Y zgodnie z norm\u0105 SS-EN 14846<\/p>\n<\/li>\n<li class=\"\" data-start=\"2160\" data-end=\"2199\">\n<p class=\"\" data-start=\"2162\" data-end=\"2199\">Korozja: Stopie\u0144 M zgodnie z norm\u0105 SS-EN 14846<\/p>\n<\/li>\n<li class=\"\" data-start=\"2200\" data-end=\"2238\">\n<p class=\"\" data-start=\"2202\" data-end=\"2238\">Bezpiecze\u0144stwo: Klasa 7 zgodnie z norm\u0105 SS-EN 14846<\/p>\n<\/li>\n<li class=\"\" data-start=\"2239\" data-end=\"2329\">\n<p class=\"\" data-start=\"2241\" data-end=\"2329\">Bezpiecze\u0144stwo manipulacji elektrycznych: Stopie\u0144 3 (skierowany do przodu) Stopie\u0144 1 (skierowany do ty\u0142u) zgodnie z norm\u0105 SS-EN 14846<\/p>\n<\/li>\n<li class=\"\" data-start=\"2330\" data-end=\"2351\">\n<p class=\"\" data-start=\"2332\" data-end=\"2351\">Test ogniowy: 60 min<\/p>\n<\/li>\n<li class=\"\" data-start=\"2352\" data-end=\"2378\">\n<p class=\"\" data-start=\"2354\" data-end=\"2378\">Wytrzyma\u0142o\u015b\u0107 na zerwanie: 1500 kg<\/p>\n<\/li>\n<li class=\"\" data-start=\"2379\" data-end=\"2400\">\n<p class=\"\" data-start=\"2381\" data-end=\"2400\">Zawias drzwi: prawy<\/p>\n<\/li>\n<li class=\"\" data-start=\"2401\" data-end=\"2455\">\n<p class=\"\" data-start=\"2403\" data-end=\"2455\">Kabel w zestawie: Tak, 5-metrowy kabel po\u0142\u0105czeniowy bezhalogenowy<\/p>\n<\/li>\n<li class=\"\" data-start=\"2456\" data-end=\"2475\">\n<p class=\"\" data-start=\"2458\" data-end=\"2475\">Nacisk listwy: 500 kg<\/p>\n<\/li>\n<li class=\"\" data-start=\"2476\" data-end=\"2507\">\n<p class=\"\" data-start=\"2478\" data-end=\"2507\">Typ zamka: Zamek zatrzaskowy, Zamek zatrzaskowy<\/p>\n<\/li>\n<li class=\"\" data-start=\"2508\" data-end=\"2562\">\n<p class=\"\" data-start=\"2510\" data-end=\"2562\">Wymiary produktu: Szeroko\u015b\u0107: 35 mm, G\u0142\u0119boko\u015b\u0107: 40 mm, Wysoko\u015b\u0107: 230 mm<\/p>\n<\/li>\n<li class=\"\" data-start=\"2563\" data-end=\"2580\">\n<p class=\"\" data-start=\"2565\" data-end=\"2580\">Kontakt t\u0142okowy: Tak<\/p>\n<\/li>\n<li class=\"\" data-start=\"2581\" data-end=\"2601\">\n<p class=\"\" data-start=\"2583\" data-end=\"2601\">Napi\u0119cie AC\/DC: DC<\/p>\n<\/li>\n<\/ul>","protected":false},"excerpt":{"rendered":"<p>Tutaj mo\u017cesz zobaczy\u0107, kt\u00f3re s\u0142upki i modele pasuj\u0105 do siebie z asortymentu elektrycznych ogranicznik\u00f3w drzwi STEP.<\/p>\n<h5><strong><a href=\"https:\/\/steplock.com\/sv\/stolpguide\/#!?lang=sv&amp;blog_id=1&amp;paged=1&amp;number=50\" target=\"_blank\" rel=\"noopener\">Przewodnik po STEP Post\u00a0<\/a><\/strong><\/h5>\n<h5><strong><a href=\"https:\/\/steplock.com\/sv\/projekteringsguide\/#!?lang=sv&amp;blog_id=1&amp;paged=1&amp;number=999\" target=\"_blank\" rel=\"noopener\">Przewodnik projektowy STEP<\/a><\/strong><\/h5>","protected":false},"featured_media":140585,"template":"","meta":{"_acf_changed":false},"product_brand":[],"product_cat":[3355],"product_tag":[4198,4200],"class_list":{"0":"post-140588","1":"product","2":"type-product","3":"status-publish","4":"has-post-thumbnail","6":"product_cat-elslutbleck","7":"product_tag-12v","8":"product_tag-rattvand","9":"product_shipping_class-tunga-paket","10":"pa_brands-step","11":"tm-no-options","13":"first","14":"onbackorder","15":"sale","16":"taxable","17":"shipping-taxable","18":"purchasable","19":"product-type-simple"},"acf":[],"_links":{"self":[{"href":"https:\/\/secureus.se\/pl\/wp-json\/wp\/v2\/product\/140588","targetHints":{"allow":["GET"]}}],"collection":[{"href":"https:\/\/secureus.se\/pl\/wp-json\/wp\/v2\/product"}],"about":[{"href":"https:\/\/secureus.se\/pl\/wp-json\/wp\/v2\/types\/product"}],"wp:featuredmedia":[{"embeddable":true,"href":"https:\/\/secureus.se\/pl\/wp-json\/wp\/v2\/media\/140585"}],"wp:attachment":[{"href":"https:\/\/secureus.se\/pl\/wp-json\/wp\/v2\/media?parent=140588"}],"wp:term":[{"taxonomy":"product_brand","embeddable":true,"href":"https:\/\/secureus.se\/pl\/wp-json\/wp\/v2\/product_brand?post=140588"},{"taxonomy":"product_cat","embeddable":true,"href":"https:\/\/secureus.se\/pl\/wp-json\/wp\/v2\/product_cat?post=140588"},{"taxonomy":"product_tag","embeddable":true,"href":"https:\/\/secureus.se\/pl\/wp-json\/wp\/v2\/product_tag?post=140588"}],"curies":[{"name":"wp","href":"https:\/\/api.w.org\/{rel}","templated":true}]}}