{"id":140596,"date":"2023-09-26T13:07:08","date_gmt":"2023-09-26T11:07:08","guid":{"rendered":"https:\/\/secureus.se\/elslutbleck-step-48-omvand-24v-kolvkontakt\/"},"modified":"2026-04-08T16:27:24","modified_gmt":"2026-04-08T14:27:24","slug":"elslutbleck-step-48-omvand-24v-kolvkontakt","status":"publish","type":"product","link":"https:\/\/secureus.se\/pl\/elslutbleck-step-48-omvand-24v-kolvkontakt\/","title":{"rendered":"Elektryczna p\u0142yta przy\u0142\u0105czeniowa STEP 48 Odwrotne 24 V Styk t\u0142okowy"},"content":{"rendered":"<h1>Elektryczna p\u0142yta przy\u0142\u0105czeniowa STEP 48 Odwrotne 24 V Styk t\u0142okowy<\/h1>\n<p>STEP 48 Preload to elektrozaczep z funkcj\u0105 rewersyjn\u0105, zaprojektowany w celu zapewnienia bezpiecze\u0144stwa w pomieszczeniach zamykanych na ga\u0142k\u0119 lub klucz.<\/p>\n<p>Wyposa\u017cony w styk t\u0142okowy i diod\u0119 zabezpieczaj\u0105c\u0105, a tak\u017ce o wytrzyma\u0142o\u015bci na rozerwanie 9 kN (ok. 900 kg).<\/p>\n<p>Elektrozaczep STEP 48 Preload to elektrozaczep o wysokim poziomie bezpiecze\u0144stwa, kt\u00f3ry idealnie nadaje si\u0119 do drzwi w pomieszczeniach, w kt\u00f3rych wymagane jest zamykanie ich na ga\u0142k\u0119 lub klucz.<\/p>\n<p>Aby zapewni\u0107 dodatkowe bezpiecze\u0144stwo i funkcjonalno\u015b\u0107, istnieje mo\u017cliwo\u015b\u0107 zamontowania wska\u017anika rygla (ST4880), kt\u00f3ry mo\u017ce s\u0142u\u017cy\u0107 do blokowania systemu dost\u0119pu do drzwi lub automatyki drzwiowej po mechanicznym odblokowaniu rygla hakowego lub prostego obudowy zamka.<\/p>\n<p class=\"\" data-start=\"796\" data-end=\"1152\">W tym elektrozaczepie zastosowano opatentowan\u0105 technologi\u0119 docisku listwy STEP, kt\u00f3ra umo\u017cliwia odblokowanie drzwi nawet przy dzia\u0142aniu nacisku do 40 kg.<\/p>\n<p class=\"\" data-start=\"796\" data-end=\"1152\">Dzi\u0119ki wytrzyma\u0142o\u015bci na zerwanie wynosz\u0105cej 9 kN (ok. 900 kg) i mo\u017cliwo\u015bci otwierania si\u0119 pomimo nacisku ta\u015bmy wynosz\u0105cego 0,4 kN (ok. 40 kg) zar\u00f3wno podczas pracy w prz\u00f3d, jak i w ty\u0142, STEP 48 Preload oferuje zar\u00f3wno bezpiecze\u0144stwo, jak i niezawodno\u015b\u0107.<\/p>\n<p class=\"\" data-start=\"1154\" data-end=\"1309\">Wbudowany prze\u0142\u0105cznik t\u0142okowy informuje o stanie drzwi (zamkni\u0119te\/otwarte), co u\u0142atwia integracj\u0119 z systemami kontroli dost\u0119pu i innymi rozwi\u0105zaniami zabezpieczaj\u0105cymi.<\/p>\n<p class=\"\" data-start=\"1311\" data-end=\"1326\"><strong data-start=\"1311\" data-end=\"1326\">W\u0142a\u015bciwo\u015bci:<\/strong><\/p>\n<ul data-start=\"1327\" data-end=\"1745\">\n<li class=\"\" data-start=\"1327\" data-end=\"1369\">\n<p class=\"\" data-start=\"1329\" data-end=\"1369\">Funkcja rewersu (odblokowana w trybie beznapi\u0119ciowym)<\/p>\n<\/li>\n<li class=\"\" data-start=\"1370\" data-end=\"1428\">\n<p class=\"\" data-start=\"1372\" data-end=\"1428\">Styk t\u0142okowy ze wskazaniem stanu drzwi (zamkni\u0119te\/otwarte)<\/p>\n<\/li>\n<li class=\"\" data-start=\"1429\" data-end=\"1477\">\n<p class=\"\" data-start=\"1431\" data-end=\"1477\">Wbudowana dioda zabezpieczaj\u0105ca zapewniaj\u0105ca wi\u0119ksze bezpiecze\u0144stwo elektryczne<\/p>\n<\/li>\n<li class=\"\" data-start=\"1478\" data-end=\"1515\">\n<p class=\"\" data-start=\"1480\" data-end=\"1515\">Wytrzyma\u0142o\u015b\u0107 na zerwanie 9 kN (ok. 900 kg)<\/p>\n<\/li>\n<li class=\"\" data-start=\"1516\" data-end=\"1603\">\n<p class=\"\" data-start=\"1518\" data-end=\"1603\">Gwarantuje otwieranie pomimo nacisku ta\u015bmy do 40 kg zar\u00f3wno w ruchu do przodu, jak i do ty\u0142u<\/p>\n<\/li>\n<li class=\"\" data-start=\"1604\" data-end=\"1663\">\n<p class=\"\" data-start=\"1606\" data-end=\"1663\">Odporne na uderzenia i odwracalne, do drzwi prawych i lewych<\/p>\n<\/li>\n<li class=\"\" data-start=\"1664\" data-end=\"1710\">\n<p class=\"\" data-start=\"1666\" data-end=\"1710\">Mo\u017cliwo\u015b\u0107 blokowania \u015brub hakowych lub \u015brub prostych<\/p>\n<\/li>\n<li class=\"\" data-start=\"1711\" data-end=\"1745\">\n<p class=\"\" data-start=\"1713\" data-end=\"1745\">W zestawie kabel 5-metrowy (bezhalogenowy)<\/p>\n<\/li>\n<\/ul>\n<p class=\"\" data-start=\"1747\" data-end=\"1776\"><strong data-start=\"1747\" data-end=\"1776\">Dane techniczne:<\/strong><\/p>\n<ul data-start=\"1777\" data-end=\"2355\">\n<li class=\"\" data-start=\"1777\" data-end=\"1884\">\n<p class=\"\" data-start=\"1779\" data-end=\"1884\">Zasilanie: 12 V DC (+15% -10%) 220 mAh \/ maks. 600 mA lub 24 V DC (+15% -10%) 110 mAh \/ maks. 300 mA<\/p>\n<\/li>\n<li class=\"\" data-start=\"1885\" data-end=\"1948\">\n<p class=\"\" data-start=\"1887\" data-end=\"1948\">Styk t\u0142okowy: Mikroprze\u0142\u0105cznik jednobiegunowy prze\u0142\u0105czaj\u0105cy, maks. 30V pr\u0105du sta\u0142ego, 1A<\/p>\n<\/li>\n<li class=\"\" data-start=\"1949\" data-end=\"1989\">\n<p class=\"\" data-start=\"1951\" data-end=\"1989\">Trwa\u0142o\u015b\u0107: Klasa X zgodnie z norm\u0105 SS-EN 14846<\/p>\n<\/li>\n<li class=\"\" data-start=\"1990\" data-end=\"2029\">\n<p class=\"\" data-start=\"1992\" data-end=\"2029\">Korozja: Stopie\u0144 M zgodnie z norm\u0105 SS-EN 14846<\/p>\n<\/li>\n<li class=\"\" data-start=\"2030\" data-end=\"2068\">\n<p class=\"\" data-start=\"2032\" data-end=\"2068\">Bezpiecze\u0144stwo: Stopie\u0144 3 zgodnie z norm\u0105 SS-EN 14846<\/p>\n<\/li>\n<li class=\"\" data-start=\"2069\" data-end=\"2131\">\n<p class=\"\" data-start=\"2071\" data-end=\"2131\">Bezpiecze\u0144stwo manipulacji elektrycznych: Stopie\u0144 1 zgodnie z norm\u0105 SS-EN 14846<\/p>\n<\/li>\n<li class=\"\" data-start=\"2132\" data-end=\"2157\">\n<p class=\"\" data-start=\"2134\" data-end=\"2157\">Si\u0142a zrywaj\u0105ca: 900 kg<\/p>\n<\/li>\n<li class=\"\" data-start=\"2158\" data-end=\"2188\">\n<p class=\"\" data-start=\"2160\" data-end=\"2188\">Zawiasy drzwi: Prawe, Lewe<\/p>\n<\/li>\n<li class=\"\" data-start=\"2189\" data-end=\"2207\">\n<p class=\"\" data-start=\"2191\" data-end=\"2207\">Kabel w zestawie: Nie<\/p>\n<\/li>\n<li class=\"\" data-start=\"2208\" data-end=\"2226\">\n<p class=\"\" data-start=\"2210\" data-end=\"2226\">Nacisk ta\u015bmy: 40 kg<\/p>\n<\/li>\n<li class=\"\" data-start=\"2227\" data-end=\"2262\">\n<p class=\"\" data-start=\"2229\" data-end=\"2262\">Typ zamka: Zamek z pojedynczym zatrzaskiem, Zamek z podw\u00f3jnym zatrzaskiem<\/p>\n<\/li>\n<li class=\"\" data-start=\"2263\" data-end=\"2316\">\n<p class=\"\" data-start=\"2265\" data-end=\"2316\">Wymiary produktu: Szeroko\u015b\u0107: 25 mm, G\u0142\u0119boko\u015b\u0107: 35 mm, Wysoko\u015b\u0107: 90 mm<\/p>\n<\/li>\n<li class=\"\" data-start=\"2317\" data-end=\"2334\">\n<p class=\"\" data-start=\"2319\" data-end=\"2334\">Kontakt t\u0142okowy: Tak<\/p>\n<\/li>\n<li class=\"\" data-start=\"2335\" data-end=\"2355\">\n<p class=\"\" data-start=\"2337\" data-end=\"2355\">Napi\u0119cie AC\/DC: DC<\/p>\n<\/li>\n<\/ul>","protected":false},"excerpt":{"rendered":"<p>Tutaj mo\u017cesz zobaczy\u0107, kt\u00f3re s\u0142upki i modele pasuj\u0105 do siebie z asortymentu elektrycznych ogranicznik\u00f3w drzwi STEP.<\/p>\n<h5><strong><a href=\"https:\/\/steplock.com\/sv\/stolpguide\/#!?lang=sv&amp;blog_id=1&amp;paged=1&amp;number=50\" target=\"_blank\" rel=\"noopener\">Przewodnik po STEP Post\u00a0<\/a><\/strong><\/h5>\n<h5><strong><a href=\"https:\/\/steplock.com\/sv\/projekteringsguide\/#!?lang=sv&amp;blog_id=1&amp;paged=1&amp;number=999\" target=\"_blank\" rel=\"noopener\">Przewodnik projektowy STEP<\/a><\/strong><\/h5>","protected":false},"featured_media":140594,"template":"","meta":{"_acf_changed":false},"product_brand":[],"product_cat":[3355],"product_tag":[4197,4201],"class_list":{"0":"post-140596","1":"product","2":"type-product","3":"status-publish","4":"has-post-thumbnail","6":"product_cat-elslutbleck","7":"product_tag-24v","8":"product_tag-omvand","9":"product_shipping_class-tunga-paket","10":"pa_brands-step","11":"tm-no-options","13":"first","14":"onbackorder","15":"sale","16":"taxable","17":"shipping-taxable","18":"purchasable","19":"product-type-simple"},"acf":[],"_links":{"self":[{"href":"https:\/\/secureus.se\/pl\/wp-json\/wp\/v2\/product\/140596","targetHints":{"allow":["GET"]}}],"collection":[{"href":"https:\/\/secureus.se\/pl\/wp-json\/wp\/v2\/product"}],"about":[{"href":"https:\/\/secureus.se\/pl\/wp-json\/wp\/v2\/types\/product"}],"wp:featuredmedia":[{"embeddable":true,"href":"https:\/\/secureus.se\/pl\/wp-json\/wp\/v2\/media\/140594"}],"wp:attachment":[{"href":"https:\/\/secureus.se\/pl\/wp-json\/wp\/v2\/media?parent=140596"}],"wp:term":[{"taxonomy":"product_brand","embeddable":true,"href":"https:\/\/secureus.se\/pl\/wp-json\/wp\/v2\/product_brand?post=140596"},{"taxonomy":"product_cat","embeddable":true,"href":"https:\/\/secureus.se\/pl\/wp-json\/wp\/v2\/product_cat?post=140596"},{"taxonomy":"product_tag","embeddable":true,"href":"https:\/\/secureus.se\/pl\/wp-json\/wp\/v2\/product_tag?post=140596"}],"curies":[{"name":"wp","href":"https:\/\/api.w.org\/{rel}","templated":true}]}}