{"id":140612,"date":"2023-09-26T13:07:00","date_gmt":"2023-09-26T11:07:00","guid":{"rendered":"https:\/\/secureus.se\/elslutbleck-step-28e-vanster-omvand-24v-7mm-regel\/"},"modified":"2026-04-08T16:39:20","modified_gmt":"2026-04-08T14:39:20","slug":"elslutbleck-step-28e-vanster-omvand-24v-7mm-regel","status":"publish","type":"product","link":"https:\/\/secureus.se\/pl\/elslutbleck-step-28e-vanster-omvand-24v-7mm-regel\/","title":{"rendered":"Elektryczna p\u0142yta ko\u0144cowa STEP 28E Lewy bieg wsteczny 24 V Linia 7 mm"},"content":{"rendered":"<div>\n<h1>Elektryczna p\u0142yta ko\u0144cowa STEP 28E Lewy bieg wsteczny 24 V Linia 7 mm<\/h1>\n<p>STEP 28E Secure to ognioodporna elektryczna p\u0142ytka zaczepowa do zamk\u00f3w ryglowych z t\u0142okiem 7 mm z serii Connect, przeznaczona do zabezpieczania i ewakuacji z automatyzacj\u0105 drzwi.<\/p>\n<p>Wyposa\u017cone w technologi\u0119 HPR\u00ae i charakteryzuj\u0105ce si\u0119 wysok\u0105 wytrzyma\u0142o\u015bci\u0105 na zerwanie.<\/p>\n<p class=\"\" data-start=\"404\" data-end=\"883\">Elektrozaczep STEP 28E Secure \u0142\u0105czy w sobie wymagania dotycz\u0105ce bezpiecze\u0144stwa, ochrony przeciwpo\u017carowej i ewakuacji, dzi\u0119ki czemu jest doskona\u0142ym wyborem do instalacji wymagaj\u0105cych zar\u00f3wno wysokiego poziomu bezpiecze\u0144stwa, jak i automatyzacji drzwi.<\/p>\n<p class=\"\" data-start=\"404\" data-end=\"883\">Jest to szczeg\u00f3lnie przydatne w przypadku drzwi, kt\u00f3re musz\u0105 da\u0107 si\u0119 szybko i \u0142atwo otworzy\u0107, np. podczas ewakuacji z budynk\u00f3w o wysokich wymaganiach dotycz\u0105cych odporno\u015bci ogniowej.<\/p>\n<p class=\"\" data-start=\"404\" data-end=\"883\">Drzwi STEP 28E posiadaj\u0105 klas\u0119 odporno\u015bci ogniowej E\/EI 60, co czyni je niezawodnym rozwi\u0105zaniem dla drzwi, kt\u00f3re musz\u0105 przez d\u0142ugi czas wytrzymywa\u0107 ogie\u0144.<\/p>\n<p class=\"\" data-start=\"885\" data-end=\"1320\">Ten zamek elektryczny stosowany jest w po\u0142\u0105czeniu z zamkami ryglowymi z t\u0142okiem 7 mm z serii Connect i oferuje funkcj\u0119 rewersyjn\u0105, dzi\u0119ki kt\u00f3rej drzwi s\u0105 odblokowane w pozycji bezpr\u0105dowej.<\/p>\n<p class=\"\" data-start=\"885\" data-end=\"1320\">Posiada wytrzyma\u0142o\u015b\u0107 na rozerwanie ponad 15 kN (ok. 1500 kg) i mo\u017ce si\u0119 otworzy\u0107 pomimo nacisku ta\u015bmy do 5 kN (ok. 500 kg).<\/p>\n<p class=\"\" data-start=\"885\" data-end=\"1320\">Posiada tak\u017ce wbudowan\u0105 sygnalizacj\u0119 stanu drzwi (zamkni\u0119te\/otwarte) i stanu zamka (zablokowane\/odblokowane), co u\u0142atwia integracj\u0119 z systemami kontroli dost\u0119pu i systemami alarmowymi.<\/p>\n<p class=\"\" data-start=\"1322\" data-end=\"1337\"><strong data-start=\"1322\" data-end=\"1337\">W\u0142a\u015bciwo\u015bci:<\/strong><\/p>\n<ul data-start=\"1338\" data-end=\"1902\">\n<li class=\"\" data-start=\"1338\" data-end=\"1382\">\n<p class=\"\" data-start=\"1340\" data-end=\"1382\">Do zamka steruj\u0105cego z t\u0142okiem 7 mm w serii Connect<\/p>\n<\/li>\n<li class=\"\" data-start=\"1383\" data-end=\"1424\">\n<p class=\"\" data-start=\"1385\" data-end=\"1424\">Funkcja rewersu (blokada w trybie beznapi\u0119ciowym)<\/p>\n<\/li>\n<li class=\"\" data-start=\"1425\" data-end=\"1451\">\n<p class=\"\" data-start=\"1427\" data-end=\"1451\">Do drzwi lewych<\/p>\n<\/li>\n<li class=\"\" data-start=\"1452\" data-end=\"1483\">\n<p class=\"\" data-start=\"1454\" data-end=\"1483\">Zatwierdzone ognioodpornie do E\/EI 60<\/p>\n<\/li>\n<li class=\"\" data-start=\"1484\" data-end=\"1535\">\n<p class=\"\" data-start=\"1486\" data-end=\"1535\">Mikroprze\u0142\u0105cznik jednobiegunowy naprzemienny, max. 30 V pr\u0105du sta\u0142ego, 1 A<\/p>\n<\/li>\n<li class=\"\" data-start=\"1536\" data-end=\"1613\">\n<p class=\"\" data-start=\"1538\" data-end=\"1613\">Wbudowany wska\u017anik stanu drzwi (zamkni\u0119te\/otwarte) i stanu zamka (zablokowane\/odblokowane)<\/p>\n<\/li>\n<li class=\"\" data-start=\"1614\" data-end=\"1658\">\n<p class=\"\" data-start=\"1616\" data-end=\"1658\">Wytrzyma\u0142o\u015b\u0107 na zerwanie ponad 15 kN (ok. 1500 kg)<\/p>\n<\/li>\n<li class=\"\" data-start=\"1659\" data-end=\"1751\">\n<p class=\"\" data-start=\"1661\" data-end=\"1751\">Gwarantuje otwarcie pomimo nacisku ta\u015bmy wynosz\u0105cego 5 kN (ok. 500 kg) zar\u00f3wno w ruchu do przodu, jak i do ty\u0142u<\/p>\n<\/li>\n<li class=\"\" data-start=\"1752\" data-end=\"1811\">\n<p class=\"\" data-start=\"1754\" data-end=\"1811\">Odporne na uderzenia i odwracalne, do drzwi prawych i lewych<\/p>\n<\/li>\n<li class=\"\" data-start=\"1812\" data-end=\"1858\">\n<p class=\"\" data-start=\"1814\" data-end=\"1858\">Mo\u017cliwo\u015b\u0107 blokowania \u015brub hakowych lub \u015brub prostych<\/p>\n<\/li>\n<li class=\"\" data-start=\"1859\" data-end=\"1902\">\n<p class=\"\" data-start=\"1861\" data-end=\"1902\">W zestawie 5-metrowy kabel po\u0142\u0105czeniowy bezhalogenowy<\/p>\n<\/li>\n<\/ul>\n<p class=\"\" data-start=\"1904\" data-end=\"1933\"><strong data-start=\"1904\" data-end=\"1933\">Dane techniczne:<\/strong><\/p>\n<ul data-start=\"1934\" data-end=\"2576\">\n<li class=\"\" data-start=\"1934\" data-end=\"2026\">\n<p class=\"\" data-start=\"1936\" data-end=\"2026\">Zasilanie: 12 V DC (+15% -10%) 1000 mA odblokowane lub 24 V DC (+15% -10%) 500 mA odblokowane<\/p>\n<\/li>\n<li class=\"\" data-start=\"2027\" data-end=\"2091\">\n<p class=\"\" data-start=\"2029\" data-end=\"2091\">Styk t\u0142okowy: Mikroprze\u0142\u0105cznik jednobiegunowy prze\u0142\u0105czaj\u0105cy, maks. 30V pr\u0105du sta\u0142ego, 1A<\/p>\n<\/li>\n<li class=\"\" data-start=\"2092\" data-end=\"2132\">\n<p class=\"\" data-start=\"2094\" data-end=\"2132\">Trwa\u0142o\u015b\u0107: Klasa Y zgodnie z norm\u0105 SS-EN 14846<\/p>\n<\/li>\n<li class=\"\" data-start=\"2133\" data-end=\"2172\">\n<p class=\"\" data-start=\"2135\" data-end=\"2172\">Korozja: Stopie\u0144 M zgodnie z norm\u0105 SS-EN 14846<\/p>\n<\/li>\n<li class=\"\" data-start=\"2173\" data-end=\"2211\">\n<p class=\"\" data-start=\"2175\" data-end=\"2211\">Bezpiecze\u0144stwo: Klasa 7 zgodnie z norm\u0105 SS-EN 14846<\/p>\n<\/li>\n<li class=\"\" data-start=\"2212\" data-end=\"2302\">\n<p class=\"\" data-start=\"2214\" data-end=\"2302\">Bezpiecze\u0144stwo manipulacji elektrycznych: Stopie\u0144 3 (skierowany do przodu) Stopie\u0144 1 (skierowany do ty\u0142u) zgodnie z norm\u0105 SS-EN 14846<\/p>\n<\/li>\n<li class=\"\" data-start=\"2303\" data-end=\"2324\">\n<p class=\"\" data-start=\"2305\" data-end=\"2324\">Test ogniowy: 60 min<\/p>\n<\/li>\n<li class=\"\" data-start=\"2325\" data-end=\"2351\">\n<p class=\"\" data-start=\"2327\" data-end=\"2351\">Wytrzyma\u0142o\u015b\u0107 na zerwanie: 1500 kg<\/p>\n<\/li>\n<li class=\"\" data-start=\"2352\" data-end=\"2375\">\n<p class=\"\" data-start=\"2354\" data-end=\"2375\">Zawias drzwi: Lewy<\/p>\n<\/li>\n<li class=\"\" data-start=\"2376\" data-end=\"2430\">\n<p class=\"\" data-start=\"2378\" data-end=\"2430\">Kabel w zestawie: Tak, 5-metrowy kabel po\u0142\u0105czeniowy bezhalogenowy<\/p>\n<\/li>\n<li class=\"\" data-start=\"2431\" data-end=\"2450\">\n<p class=\"\" data-start=\"2433\" data-end=\"2450\">Nacisk listwy: 500 kg<\/p>\n<\/li>\n<li class=\"\" data-start=\"2451\" data-end=\"2482\">\n<p class=\"\" data-start=\"2453\" data-end=\"2482\">Typ zamka: Zamek zatrzaskowy, Zamek zatrzaskowy<\/p>\n<\/li>\n<li class=\"\" data-start=\"2483\" data-end=\"2537\">\n<p class=\"\" data-start=\"2485\" data-end=\"2537\">Wymiary produktu: Szeroko\u015b\u0107: 35 mm, G\u0142\u0119boko\u015b\u0107: 40 mm, Wysoko\u015b\u0107: 230 mm<\/p>\n<\/li>\n<li class=\"\" data-start=\"2538\" data-end=\"2555\">\n<p class=\"\" data-start=\"2540\" data-end=\"2555\">Kontakt t\u0142okowy: Tak<\/p>\n<\/li>\n<li class=\"\" data-start=\"2556\" data-end=\"2576\">\n<p class=\"\" data-start=\"2558\" data-end=\"2576\">Napi\u0119cie AC\/DC: DC<\/p>\n<\/li>\n<\/ul>\n<div>\n<p>&nbsp;<\/p>\n<\/div>\n<\/div>","protected":false},"excerpt":{"rendered":"<p>Tutaj mo\u017cesz zobaczy\u0107, kt\u00f3re s\u0142upki i modele pasuj\u0105 do siebie z asortymentu elektrycznych ogranicznik\u00f3w drzwi STEP.<\/p>\n<h5><strong><a href=\"https:\/\/steplock.com\/sv\/stolpguide\/#!?lang=sv&amp;blog_id=1&amp;paged=1&amp;number=50\" target=\"_blank\" rel=\"noopener\">Przewodnik po STEP Post\u00a0<\/a><\/strong><\/h5>\n<h5><strong><a href=\"https:\/\/steplock.com\/sv\/projekteringsguide\/#!?lang=sv&amp;blog_id=1&amp;paged=1&amp;number=999\" target=\"_blank\" rel=\"noopener\">Przewodnik projektowy STEP<\/a><\/strong><\/h5>","protected":false},"featured_media":140609,"template":"","meta":{"_acf_changed":false},"product_brand":[],"product_cat":[3355],"product_tag":[4197,4201],"class_list":{"0":"post-140612","1":"product","2":"type-product","3":"status-publish","4":"has-post-thumbnail","6":"product_cat-elslutbleck","7":"product_tag-24v","8":"product_tag-omvand","9":"product_shipping_class-tunga-paket","10":"pa_brands-step","11":"tm-no-options","13":"first","14":"onbackorder","15":"sale","16":"taxable","17":"shipping-taxable","18":"purchasable","19":"product-type-simple"},"acf":[],"_links":{"self":[{"href":"https:\/\/secureus.se\/pl\/wp-json\/wp\/v2\/product\/140612","targetHints":{"allow":["GET"]}}],"collection":[{"href":"https:\/\/secureus.se\/pl\/wp-json\/wp\/v2\/product"}],"about":[{"href":"https:\/\/secureus.se\/pl\/wp-json\/wp\/v2\/types\/product"}],"wp:featuredmedia":[{"embeddable":true,"href":"https:\/\/secureus.se\/pl\/wp-json\/wp\/v2\/media\/140609"}],"wp:attachment":[{"href":"https:\/\/secureus.se\/pl\/wp-json\/wp\/v2\/media?parent=140612"}],"wp:term":[{"taxonomy":"product_brand","embeddable":true,"href":"https:\/\/secureus.se\/pl\/wp-json\/wp\/v2\/product_brand?post=140612"},{"taxonomy":"product_cat","embeddable":true,"href":"https:\/\/secureus.se\/pl\/wp-json\/wp\/v2\/product_cat?post=140612"},{"taxonomy":"product_tag","embeddable":true,"href":"https:\/\/secureus.se\/pl\/wp-json\/wp\/v2\/product_tag?post=140612"}],"curies":[{"name":"wp","href":"https:\/\/api.w.org\/{rel}","templated":true}]}}