{"id":140624,"date":"2023-09-26T13:06:58","date_gmt":"2023-09-26T11:06:58","guid":{"rendered":"https:\/\/secureus.se\/elslutbleck-step-18-vanster-omvand-24v-10mm-regel\/"},"modified":"2026-03-26T09:53:04","modified_gmt":"2026-03-26T08:53:04","slug":"elslutbleck-step-18-vanster-omvand-24v-10mm-regel","status":"publish","type":"product","link":"https:\/\/secureus.se\/pl\/elslutbleck-step-18-vanster-omvand-24v-10mm-regel\/","title":{"rendered":"Elektryczna p\u0142yta ko\u0144cowa KROK 18 Lewy bieg wsteczny 24 V 10 mm Linia"},"content":{"rendered":"<h1>Elektryczna p\u0142yta ko\u0144cowa KROK 18 Lewy bieg wsteczny 24 V 10 mm Linia<\/h1>\n<p>Elektryczna p\u0142ytka zaczepowa STEP 18 Secure to ognioodporna elektryczna p\u0142ytka zaczepowa do zamk\u00f3w ryglowych z t\u0142okiem 10 mm z serii Modul, przeznaczona do drzwi antyw\u0142amaniowych o wysokiej odporno\u015bci na w\u0142amanie i szybkim ryglowaniu.<\/p>\n<p class=\"\" data-start=\"415\" data-end=\"758\">STEP 18 Secure oferuje najwy\u017cszy poziom bezpiecze\u0144stwa dla drzwi nara\u017conych na du\u017cy ruch i spe\u0142niaj\u0105cych surowe wymogi bezpiecze\u0144stwa.<\/p>\n<p class=\"\" data-start=\"415\" data-end=\"758\">Produkt jest dopuszczony do zamykania drzwi antyw\u0142amaniowych do klasy RC4 i drzwi przeciwpo\u017carowych do klasy E\/EI 60, co czyni go idealnym rozwi\u0105zaniem dla takich miejsc jak wi\u0119zienia, banki i inne plac\u00f3wki ochroniarskie.<\/p>\n<p class=\"\" data-start=\"760\" data-end=\"1212\">Dzi\u0119ki wytrzyma\u0142o\u015bci na zerwanie wynosz\u0105cej 15 kN (ok. 1500 kg) i mo\u017cliwo\u015bci otwierania si\u0119 pomimo nacisku ta\u015bmy wynosz\u0105cego 5 kN (ok. 500 kg) STEP 18 Secure oferuje zar\u00f3wno trwa\u0142o\u015b\u0107, jak i bezpiecze\u0144stwo.<\/p>\n<p class=\"\" data-start=\"760\" data-end=\"1212\">Funkcja rewersyjna oznacza, \u017ce drzwi s\u0105 odblokowane w pozycji bez zasilania, co umo\u017cliwia ich szybkie otwarcie, je\u015bli zajdzie taka potrzeba.<\/p>\n<p class=\"\" data-start=\"760\" data-end=\"1212\">Wbudowany prze\u0142\u0105cznik popychaj\u0105cy informuje o stanie zamkni\u0119tym\/otwartym drzwi i stanie blokady (zablokowane\/odblokowane), co u\u0142atwia pod\u0142\u0105czenie do system\u00f3w kontroli dost\u0119pu i system\u00f3w alarmowych.<\/p>\n<p class=\"\" data-start=\"1214\" data-end=\"1354\">STEP 18 Secure jest tak\u017ce zabezpieczony przed ingerencj\u0105 os\u00f3b niepowo\u0142anych, aby wytrzyma\u0107 wp\u0142ywy zewn\u0119trzne, a 5-metrowy kabel po\u0142\u0105czeniowy bezhalogenowy u\u0142atwia instalacj\u0119.<\/p>\n<p class=\"\" data-start=\"1356\" data-end=\"1371\"><strong data-start=\"1356\" data-end=\"1371\">W\u0142a\u015bciwo\u015bci:<\/strong><\/p>\n<ul data-start=\"1372\" data-end=\"1907\">\n<li class=\"\" data-start=\"1372\" data-end=\"1416\">\n<p class=\"\" data-start=\"1374\" data-end=\"1416\">Do zamka regulacyjnego z t\u0142okiem 10 mm w serii Modul<\/p>\n<\/li>\n<li class=\"\" data-start=\"1417\" data-end=\"1459\">\n<p class=\"\" data-start=\"1419\" data-end=\"1459\">Funkcja rewersu (odblokowana w trybie beznapi\u0119ciowym)<\/p>\n<\/li>\n<li class=\"\" data-start=\"1460\" data-end=\"1486\">\n<p class=\"\" data-start=\"1462\" data-end=\"1486\">Do drzwi lewych<\/p>\n<\/li>\n<li class=\"\" data-start=\"1487\" data-end=\"1518\">\n<p class=\"\" data-start=\"1489\" data-end=\"1518\">Zatwierdzone ognioodpornie do E\/EI 60<\/p>\n<\/li>\n<li class=\"\" data-start=\"1519\" data-end=\"1596\">\n<p class=\"\" data-start=\"1521\" data-end=\"1596\">Wbudowany wska\u017anik stanu drzwi (zamkni\u0119te\/otwarte) i stanu zamka (zablokowane\/odblokowane)<\/p>\n<\/li>\n<li class=\"\" data-start=\"1597\" data-end=\"1635\">\n<p class=\"\" data-start=\"1599\" data-end=\"1635\">Wbudowana dioda zabezpieczaj\u0105ca dla wi\u0119kszego bezpiecze\u0144stwa<\/p>\n<\/li>\n<li class=\"\" data-start=\"1636\" data-end=\"1675\">\n<p class=\"\" data-start=\"1638\" data-end=\"1675\">Wytrzyma\u0142o\u015b\u0107 na zerwanie 15 kN (ok. 1500 kg)<\/p>\n<\/li>\n<li class=\"\" data-start=\"1676\" data-end=\"1756\">\n<p class=\"\" data-start=\"1678\" data-end=\"1756\">Otwiera si\u0119 pomimo nacisku ta\u015bmy wynosz\u0105cego 5 kN (ok. 500 kg) zar\u00f3wno w ruchu do przodu, jak i do ty\u0142u<\/p>\n<\/li>\n<li class=\"\" data-start=\"1757\" data-end=\"1816\">\n<p class=\"\" data-start=\"1759\" data-end=\"1816\">Odporne na uderzenia i odwracalne, do drzwi prawych i lewych<\/p>\n<\/li>\n<li class=\"\" data-start=\"1817\" data-end=\"1863\">\n<p class=\"\" data-start=\"1819\" data-end=\"1863\">Mo\u017cliwo\u015b\u0107 blokowania \u015brub hakowych lub \u015brub prostych<\/p>\n<\/li>\n<li class=\"\" data-start=\"1864\" data-end=\"1907\">\n<p class=\"\" data-start=\"1866\" data-end=\"1907\">W zestawie 5-metrowy kabel po\u0142\u0105czeniowy bezhalogenowy<\/p>\n<\/li>\n<\/ul>\n<p class=\"\" data-start=\"1909\" data-end=\"1938\"><strong data-start=\"1909\" data-end=\"1938\">Dane techniczne:<\/strong><\/p>\n<ul data-start=\"1939\" data-end=\"2755\">\n<li class=\"\" data-start=\"1939\" data-end=\"2030\">\n<p class=\"\" data-start=\"1941\" data-end=\"2030\">Zasilanie: 12 V DC (+15% -10%) 639 mA odblokowane lub 24 V DC (+15% -10%) 313 mA odblokowane<\/p>\n<\/li>\n<li class=\"\" data-start=\"2031\" data-end=\"2095\">\n<p class=\"\" data-start=\"2033\" data-end=\"2095\">Styk t\u0142okowy: Mikroprze\u0142\u0105cznik jednobiegunowy prze\u0142\u0105czaj\u0105cy, maks. 30V pr\u0105du sta\u0142ego, 1A<\/p>\n<\/li>\n<li class=\"\" data-start=\"2096\" data-end=\"2136\">\n<p class=\"\" data-start=\"2098\" data-end=\"2136\">Trwa\u0142o\u015b\u0107: Klasa Y zgodnie z norm\u0105 SS-EN 14846<\/p>\n<\/li>\n<li class=\"\" data-start=\"2137\" data-end=\"2176\">\n<p class=\"\" data-start=\"2139\" data-end=\"2176\">Korozja: Stopie\u0144 M zgodnie z norm\u0105 SS-EN 14846<\/p>\n<\/li>\n<li class=\"\" data-start=\"2177\" data-end=\"2215\">\n<p class=\"\" data-start=\"2179\" data-end=\"2215\">Bezpiecze\u0144stwo: Klasa 7 zgodnie z norm\u0105 SS-EN 14846<\/p>\n<\/li>\n<li class=\"\" data-start=\"2216\" data-end=\"2306\">\n<p class=\"\" data-start=\"2218\" data-end=\"2306\">Bezpiecze\u0144stwo manipulacji elektrycznych: Stopie\u0144 3 (skierowany do przodu) Stopie\u0144 1 (skierowany do ty\u0142u) zgodnie z norm\u0105 SS-EN 14846<\/p>\n<\/li>\n<li class=\"\" data-start=\"2307\" data-end=\"2328\">\n<p class=\"\" data-start=\"2309\" data-end=\"2328\">Test ogniowy: 60 min<\/p>\n<\/li>\n<li class=\"\" data-start=\"2329\" data-end=\"2355\">\n<p class=\"\" data-start=\"2331\" data-end=\"2355\">Wytrzyma\u0142o\u015b\u0107 na zerwanie: 1500 kg<\/p>\n<\/li>\n<li class=\"\" data-start=\"2356\" data-end=\"2379\">\n<p class=\"\" data-start=\"2358\" data-end=\"2379\">Zawias drzwi: Lewy<\/p>\n<\/li>\n<li class=\"\" data-start=\"2380\" data-end=\"2434\">\n<p class=\"\" data-start=\"2382\" data-end=\"2434\">Kabel w zestawie: Tak, 5-metrowy kabel po\u0142\u0105czeniowy bezhalogenowy<\/p>\n<\/li>\n<li class=\"\" data-start=\"2435\" data-end=\"2454\">\n<p class=\"\" data-start=\"2437\" data-end=\"2454\">Nacisk listwy: 500 kg<\/p>\n<\/li>\n<li class=\"\" data-start=\"2455\" data-end=\"2486\">\n<p class=\"\" data-start=\"2457\" data-end=\"2486\">Typ zamka: Zamek zatrzaskowy, Zamek zatrzaskowy<\/p>\n<\/li>\n<li class=\"\" data-start=\"2487\" data-end=\"2541\">\n<p class=\"\" data-start=\"2489\" data-end=\"2541\">Wymiary produktu: Szeroko\u015b\u0107: 35 mm, G\u0142\u0119boko\u015b\u0107: 40 mm, Wysoko\u015b\u0107: 230 mm<\/p>\n<\/li>\n<li class=\"\" data-start=\"2542\" data-end=\"2559\">\n<p class=\"\" data-start=\"2544\" data-end=\"2559\">Kontakt t\u0142okowy: Tak<\/p>\n<\/li>\n<li class=\"\" data-start=\"2560\" data-end=\"2580\">\n<p class=\"\" data-start=\"2562\" data-end=\"2580\">Napi\u0119cie AC\/DC: DC<\/p>\n<\/li>\n<li class=\"\" data-start=\"2581\" data-end=\"2603\">\n<p class=\"\" data-start=\"2583\" data-end=\"2603\">Maksymalne napi\u0119cie: 27,6 V<\/p>\n<\/li>\n<li class=\"\" data-start=\"2604\" data-end=\"2626\">\n<p class=\"\" data-start=\"2606\" data-end=\"2626\">Napi\u0119cie min: 21,6 V<\/p>\n<\/li>\n<li class=\"\" data-start=\"2627\" data-end=\"2649\">\n<p class=\"\" data-start=\"2629\" data-end=\"2649\">Podw\u00f3jny skr\u0119t drop: Nie<\/p>\n<\/li>\n<li class=\"\" data-start=\"2650\" data-end=\"2678\">\n<p class=\"\" data-start=\"2652\" data-end=\"2678\">Kolor\/Wyko\u0144czenie: Stal nierdzewna<\/p>\n<\/li>\n<li class=\"\" data-start=\"2679\" data-end=\"2699\">\n<p class=\"\" data-start=\"2681\" data-end=\"2699\">Oceniony produkt budowlany: Tak<\/p>\n<\/li>\n<li class=\"\" data-start=\"2700\" data-end=\"2721\">\n<p class=\"\" data-start=\"2702\" data-end=\"2721\">Zweryfikowano przez EPD: Nie<\/p>\n<\/li>\n<li class=\"\" data-start=\"2722\" data-end=\"2734\">\n<p class=\"\" data-start=\"2724\" data-end=\"2734\">FINFO: Nie<\/p>\n<\/li>\n<li class=\"\" data-start=\"2735\" data-end=\"2755\">\n<p class=\"\" data-start=\"2737\" data-end=\"2755\">SundaHouse oceni\u0142(a): Tak<\/p>\n<\/li>\n<\/ul>","protected":false},"excerpt":{"rendered":"<p>Tutaj mo\u017cesz zobaczy\u0107, kt\u00f3re s\u0142upki i modele pasuj\u0105 do siebie z asortymentu elektrycznych ogranicznik\u00f3w drzwi STEP.<\/p>\n<h5><strong><a href=\"https:\/\/steplock.com\/sv\/stolpguide\/#!?lang=sv&amp;blog_id=1&amp;paged=1&amp;number=50\" target=\"_blank\" rel=\"noopener\">Przewodnik po STEP Post\u00a0<\/a><\/strong><\/h5>\n<h5><strong><a href=\"https:\/\/steplock.com\/sv\/projekteringsguide\/#!?lang=sv&amp;blog_id=1&amp;paged=1&amp;number=999\" target=\"_blank\" rel=\"noopener\">Przewodnik projektowy STEP<\/a><\/strong><\/h5>","protected":false},"featured_media":140622,"template":"","meta":{"_acf_changed":false},"product_brand":[],"product_cat":[3355],"product_tag":[4197,4201],"class_list":{"0":"post-140624","1":"product","2":"type-product","3":"status-publish","4":"has-post-thumbnail","6":"product_cat-elslutbleck","7":"product_tag-24v","8":"product_tag-omvand","9":"product_shipping_class-tunga-paket","10":"pa_brands-step","11":"tm-no-options","13":"first","14":"onbackorder","15":"sale","16":"taxable","17":"shipping-taxable","18":"purchasable","19":"product-type-simple"},"acf":[],"_links":{"self":[{"href":"https:\/\/secureus.se\/pl\/wp-json\/wp\/v2\/product\/140624","targetHints":{"allow":["GET"]}}],"collection":[{"href":"https:\/\/secureus.se\/pl\/wp-json\/wp\/v2\/product"}],"about":[{"href":"https:\/\/secureus.se\/pl\/wp-json\/wp\/v2\/types\/product"}],"wp:featuredmedia":[{"embeddable":true,"href":"https:\/\/secureus.se\/pl\/wp-json\/wp\/v2\/media\/140622"}],"wp:attachment":[{"href":"https:\/\/secureus.se\/pl\/wp-json\/wp\/v2\/media?parent=140624"}],"wp:term":[{"taxonomy":"product_brand","embeddable":true,"href":"https:\/\/secureus.se\/pl\/wp-json\/wp\/v2\/product_brand?post=140624"},{"taxonomy":"product_cat","embeddable":true,"href":"https:\/\/secureus.se\/pl\/wp-json\/wp\/v2\/product_cat?post=140624"},{"taxonomy":"product_tag","embeddable":true,"href":"https:\/\/secureus.se\/pl\/wp-json\/wp\/v2\/product_tag?post=140624"}],"curies":[{"name":"wp","href":"https:\/\/api.w.org\/{rel}","templated":true}]}}