{"id":140637,"date":"2023-09-26T13:06:56","date_gmt":"2023-09-26T11:06:56","guid":{"rendered":"https:\/\/secureus.se\/elslutbleck-step-18-hoger-omvand-24v-12mm-regel\/"},"modified":"2026-04-08T16:19:58","modified_gmt":"2026-04-08T14:19:58","slug":"elslutbleck-step-18-hoger-omvand-24v-12mm-regel","status":"publish","type":"product","link":"https:\/\/secureus.se\/pl\/elslutbleck-step-18-hoger-omvand-24v-12mm-regel\/","title":{"rendered":"Elektryczna p\u0142yta ko\u0144cowa KROK 18 Prawy bieg wsteczny 24 V 12 mm Linia"},"content":{"rendered":"<h1>Elektryczna p\u0142yta ko\u0144cowa KROK 18 Prawy bieg wsteczny 24 V 12 mm Linia<\/h1>\n<p>STEP 18 Secure to ognioodporna, wysoce bezpieczna blacha zaczepowa do zamk\u00f3w ryglowych z t\u0142okiem 12 mm z serii Modul, przeznaczona do drzwi o wysokiej odporno\u015bci na w\u0142amanie i szybkim ryglowaniu.<\/p>\n<p class=\"\" data-start=\"370\" data-end=\"730\">Elektrozaczep STEP 18 Secure nale\u017cy do serii Secure marki STEP i zapewnia najwy\u017cszy poziom bezpiecze\u0144stwa drzwiom nara\u017conym na du\u017ce nat\u0119\u017cenie ruchu i spe\u0142niaj\u0105cym surowe wymogi bezpiecze\u0144stwa.<\/p>\n<p class=\"\" data-start=\"370\" data-end=\"730\">Zatwierdzony do zamykania drzwi antyw\u0142amaniowych do klasy RC4 i ognioodpornych do klasy E\/EI 60, zapewnia wysoki poziom bezpiecze\u0144stwa w miejscach o znaczeniu krytycznym, takich jak wi\u0119zienia, banki i inne plac\u00f3wki ochrony.<\/p>\n<p class=\"\" data-start=\"732\" data-end=\"1216\">Dzi\u0119ki wytrzyma\u0142o\u015bci na zerwanie wynosz\u0105cej 15 kN (ok. 1500 kg) i mo\u017cliwo\u015bci otwierania si\u0119 pomimo nacisku ta\u015bmy wynosz\u0105cego 5 kN (ok. 500 kg) zar\u00f3wno podczas ruchu do przodu, jak i do ty\u0142u, STEP 18 Secure oferuje niezawodno\u015b\u0107 i bezpiecze\u0144stwo.<\/p>\n<p class=\"\" data-start=\"732\" data-end=\"1216\">Funkcja rewersyjna oznacza, \u017ce drzwi s\u0105 odblokowane w pozycji bez zasilania, co umo\u017cliwia ich szybkie otwarcie, je\u015bli zajdzie taka potrzeba.<\/p>\n<p class=\"\" data-start=\"732\" data-end=\"1216\">Wbudowany styk popychacza informuje o stanie zamkni\u0119tym\/otwartym drzwi i stanie blokady (zablokowane\/odblokowane), co u\u0142atwia integracj\u0119 z systemami kontroli dost\u0119pu i systemami alarmowymi.<\/p>\n<p class=\"\" data-start=\"1218\" data-end=\"1358\">STEP 18 Secure jest tak\u017ce zabezpieczony przed ingerencj\u0105 os\u00f3b niepowo\u0142anych, aby wytrzyma\u0107 wp\u0142ywy zewn\u0119trzne, a 5-metrowy kabel po\u0142\u0105czeniowy bezhalogenowy u\u0142atwia instalacj\u0119.<\/p>\n<p class=\"\" data-start=\"1360\" data-end=\"1375\"><strong data-start=\"1360\" data-end=\"1375\">W\u0142a\u015bciwo\u015bci:<\/strong><\/p>\n<ul data-start=\"1376\" data-end=\"1909\">\n<li class=\"\" data-start=\"1376\" data-end=\"1420\">\n<p class=\"\" data-start=\"1378\" data-end=\"1420\">Do zamka regulacyjnego z t\u0142okiem 12 mm w serii Modul<\/p>\n<\/li>\n<li class=\"\" data-start=\"1421\" data-end=\"1463\">\n<p class=\"\" data-start=\"1423\" data-end=\"1463\">Funkcja rewersu (odblokowana w trybie beznapi\u0119ciowym)<\/p>\n<\/li>\n<li class=\"\" data-start=\"1464\" data-end=\"1488\">\n<p class=\"\" data-start=\"1466\" data-end=\"1488\">Do drzwi prawych<\/p>\n<\/li>\n<li class=\"\" data-start=\"1489\" data-end=\"1520\">\n<p class=\"\" data-start=\"1491\" data-end=\"1520\">Zatwierdzone ognioodpornie do E\/EI 60<\/p>\n<\/li>\n<li class=\"\" data-start=\"1521\" data-end=\"1598\">\n<p class=\"\" data-start=\"1523\" data-end=\"1598\">Wbudowany wska\u017anik stanu drzwi (zamkni\u0119te\/otwarte) i stanu zamka (zablokowane\/odblokowane)<\/p>\n<\/li>\n<li class=\"\" data-start=\"1599\" data-end=\"1637\">\n<p class=\"\" data-start=\"1601\" data-end=\"1637\">Wbudowana dioda zabezpieczaj\u0105ca dla wi\u0119kszego bezpiecze\u0144stwa<\/p>\n<\/li>\n<li class=\"\" data-start=\"1638\" data-end=\"1677\">\n<p class=\"\" data-start=\"1640\" data-end=\"1677\">Wytrzyma\u0142o\u015b\u0107 na zerwanie 15 kN (ok. 1500 kg)<\/p>\n<\/li>\n<li class=\"\" data-start=\"1678\" data-end=\"1758\">\n<p class=\"\" data-start=\"1680\" data-end=\"1758\">Otwiera si\u0119 pomimo nacisku ta\u015bmy wynosz\u0105cego 5 kN (ok. 500 kg) zar\u00f3wno w ruchu do przodu, jak i do ty\u0142u<\/p>\n<\/li>\n<li class=\"\" data-start=\"1759\" data-end=\"1818\">\n<p class=\"\" data-start=\"1761\" data-end=\"1818\">Odporne na uderzenia i odwracalne, do drzwi prawych i lewych<\/p>\n<\/li>\n<li class=\"\" data-start=\"1819\" data-end=\"1865\">\n<p class=\"\" data-start=\"1821\" data-end=\"1865\">Mo\u017cliwo\u015b\u0107 blokowania \u015brub hakowych lub \u015brub prostych<\/p>\n<\/li>\n<li class=\"\" data-start=\"1866\" data-end=\"1909\">\n<p class=\"\" data-start=\"1868\" data-end=\"1909\">W zestawie 5-metrowy kabel po\u0142\u0105czeniowy bezhalogenowy<\/p>\n<\/li>\n<\/ul>\n<p class=\"\" data-start=\"1911\" data-end=\"1940\"><strong data-start=\"1911\" data-end=\"1940\">Dane techniczne:<\/strong><\/p>\n<ul data-start=\"1941\" data-end=\"2755\">\n<li class=\"\" data-start=\"1941\" data-end=\"2032\">\n<p class=\"\" data-start=\"1943\" data-end=\"2032\">Zasilanie: 12 V DC (+15% -10%) 639 mA odblokowane lub 24 V DC (+15% -10%) 313 mA odblokowane<\/p>\n<\/li>\n<li class=\"\" data-start=\"2033\" data-end=\"2097\">\n<p class=\"\" data-start=\"2035\" data-end=\"2097\">Styk t\u0142okowy: Mikroprze\u0142\u0105cznik jednobiegunowy prze\u0142\u0105czaj\u0105cy, maks. 30V pr\u0105du sta\u0142ego, 1A<\/p>\n<\/li>\n<li class=\"\" data-start=\"2098\" data-end=\"2138\">\n<p class=\"\" data-start=\"2100\" data-end=\"2138\">Trwa\u0142o\u015b\u0107: Klasa Y zgodnie z norm\u0105 SS-EN 14846<\/p>\n<\/li>\n<li class=\"\" data-start=\"2139\" data-end=\"2178\">\n<p class=\"\" data-start=\"2141\" data-end=\"2178\">Korozja: Stopie\u0144 M zgodnie z norm\u0105 SS-EN 14846<\/p>\n<\/li>\n<li class=\"\" data-start=\"2179\" data-end=\"2217\">\n<p class=\"\" data-start=\"2181\" data-end=\"2217\">Bezpiecze\u0144stwo: Klasa 7 zgodnie z norm\u0105 SS-EN 14846<\/p>\n<\/li>\n<li class=\"\" data-start=\"2218\" data-end=\"2308\">\n<p class=\"\" data-start=\"2220\" data-end=\"2308\">Bezpiecze\u0144stwo manipulacji elektrycznych: Stopie\u0144 3 (skierowany do przodu) Stopie\u0144 1 (skierowany do ty\u0142u) zgodnie z norm\u0105 SS-EN 14846<\/p>\n<\/li>\n<li class=\"\" data-start=\"2309\" data-end=\"2330\">\n<p class=\"\" data-start=\"2311\" data-end=\"2330\">Test ogniowy: 60 min<\/p>\n<\/li>\n<li class=\"\" data-start=\"2331\" data-end=\"2357\">\n<p class=\"\" data-start=\"2333\" data-end=\"2357\">Wytrzyma\u0142o\u015b\u0107 na zerwanie: 1500 kg<\/p>\n<\/li>\n<li class=\"\" data-start=\"2358\" data-end=\"2379\">\n<p class=\"\" data-start=\"2360\" data-end=\"2379\">Zawias drzwi: prawy<\/p>\n<\/li>\n<li class=\"\" data-start=\"2380\" data-end=\"2434\">\n<p class=\"\" data-start=\"2382\" data-end=\"2434\">Kabel w zestawie: Tak, 5-metrowy kabel po\u0142\u0105czeniowy bezhalogenowy<\/p>\n<\/li>\n<li class=\"\" data-start=\"2435\" data-end=\"2454\">\n<p class=\"\" data-start=\"2437\" data-end=\"2454\">Nacisk listwy: 500 kg<\/p>\n<\/li>\n<li class=\"\" data-start=\"2455\" data-end=\"2486\">\n<p class=\"\" data-start=\"2457\" data-end=\"2486\">Typ zamka: Zamek zatrzaskowy, Zamek zatrzaskowy<\/p>\n<\/li>\n<li class=\"\" data-start=\"2487\" data-end=\"2541\">\n<p class=\"\" data-start=\"2489\" data-end=\"2541\">Wymiary produktu: Szeroko\u015b\u0107: 35 mm, G\u0142\u0119boko\u015b\u0107: 40 mm, Wysoko\u015b\u0107: 230 mm<\/p>\n<\/li>\n<li class=\"\" data-start=\"2542\" data-end=\"2559\">\n<p class=\"\" data-start=\"2544\" data-end=\"2559\">Kontakt t\u0142okowy: Tak<\/p>\n<\/li>\n<li class=\"\" data-start=\"2560\" data-end=\"2580\">\n<p class=\"\" data-start=\"2562\" data-end=\"2580\">Napi\u0119cie AC\/DC: DC<\/p>\n<\/li>\n<li class=\"\" data-start=\"2581\" data-end=\"2603\">\n<p class=\"\" data-start=\"2583\" data-end=\"2603\">Maksymalne napi\u0119cie: 27,6 V<\/p>\n<\/li>\n<li class=\"\" data-start=\"2604\" data-end=\"2626\">\n<p class=\"\" data-start=\"2606\" data-end=\"2626\">Napi\u0119cie min: 21,6 V<\/p>\n<\/li>\n<li class=\"\" data-start=\"2627\" data-end=\"2649\">\n<p class=\"\" data-start=\"2629\" data-end=\"2649\">Podw\u00f3jny skr\u0119t drop: Nie<\/p>\n<\/li>\n<li class=\"\" data-start=\"2650\" data-end=\"2678\">\n<p class=\"\" data-start=\"2652\" data-end=\"2678\">Kolor\/Wyko\u0144czenie: Stal nierdzewna<\/p>\n<\/li>\n<li class=\"\" data-start=\"2679\" data-end=\"2699\">\n<p class=\"\" data-start=\"2681\" data-end=\"2699\">Oceniony produkt budowlany: Tak<\/p>\n<\/li>\n<li class=\"\" data-start=\"2700\" data-end=\"2721\">\n<p class=\"\" data-start=\"2702\" data-end=\"2721\">Zweryfikowano przez EPD: Nie<\/p>\n<\/li>\n<li class=\"\" data-start=\"2722\" data-end=\"2734\">\n<p class=\"\" data-start=\"2724\" data-end=\"2734\">FINFO: Nie<\/p>\n<\/li>\n<li class=\"\" data-start=\"2735\" data-end=\"2755\">\n<p class=\"\" data-start=\"2737\" data-end=\"2755\">SundaHouse oceni\u0142(a): Tak<\/p>\n<\/li>\n<\/ul>","protected":false},"excerpt":{"rendered":"<p>Tutaj mo\u017cesz zobaczy\u0107, kt\u00f3re s\u0142upki i modele pasuj\u0105 do siebie z asortymentu elektrycznych ogranicznik\u00f3w drzwi STEP.<\/p>\n<h5><strong><a href=\"https:\/\/steplock.com\/sv\/stolpguide\/#!?lang=sv&amp;blog_id=1&amp;paged=1&amp;number=50\" target=\"_blank\" rel=\"noopener\">Przewodnik po STEP Post\u00a0<\/a><\/strong><\/h5>\n<h5><strong><a href=\"https:\/\/steplock.com\/sv\/projekteringsguide\/#!?lang=sv&amp;blog_id=1&amp;paged=1&amp;number=999\" target=\"_blank\" rel=\"noopener\">Przewodnik projektowy STEP<\/a><\/strong><\/h5>","protected":false},"featured_media":140633,"template":"","meta":{"_acf_changed":false},"product_brand":[],"product_cat":[3355],"product_tag":[4197,4201],"class_list":{"0":"post-140637","1":"product","2":"type-product","3":"status-publish","4":"has-post-thumbnail","6":"product_cat-elslutbleck","7":"product_tag-24v","8":"product_tag-omvand","9":"product_shipping_class-tunga-paket","10":"pa_brands-step","11":"tm-no-options","13":"first","14":"onbackorder","15":"sale","16":"taxable","17":"shipping-taxable","18":"purchasable","19":"product-type-simple"},"acf":[],"_links":{"self":[{"href":"https:\/\/secureus.se\/pl\/wp-json\/wp\/v2\/product\/140637","targetHints":{"allow":["GET"]}}],"collection":[{"href":"https:\/\/secureus.se\/pl\/wp-json\/wp\/v2\/product"}],"about":[{"href":"https:\/\/secureus.se\/pl\/wp-json\/wp\/v2\/types\/product"}],"wp:featuredmedia":[{"embeddable":true,"href":"https:\/\/secureus.se\/pl\/wp-json\/wp\/v2\/media\/140633"}],"wp:attachment":[{"href":"https:\/\/secureus.se\/pl\/wp-json\/wp\/v2\/media?parent=140637"}],"wp:term":[{"taxonomy":"product_brand","embeddable":true,"href":"https:\/\/secureus.se\/pl\/wp-json\/wp\/v2\/product_brand?post=140637"},{"taxonomy":"product_cat","embeddable":true,"href":"https:\/\/secureus.se\/pl\/wp-json\/wp\/v2\/product_cat?post=140637"},{"taxonomy":"product_tag","embeddable":true,"href":"https:\/\/secureus.se\/pl\/wp-json\/wp\/v2\/product_tag?post=140637"}],"curies":[{"name":"wp","href":"https:\/\/api.w.org\/{rel}","templated":true}]}}