{"id":140665,"date":"2023-09-26T13:06:49","date_gmt":"2023-09-26T11:06:49","guid":{"rendered":"https:\/\/secureus.se\/elslutbleck-step-30-rattvand-24v-kolvkontakt\/"},"modified":"2026-04-23T12:57:08","modified_gmt":"2026-04-23T10:57:08","slug":"elslutbleck-step-30-rattvand-24v-kolvkontakt","status":"publish","type":"product","link":"https:\/\/secureus.se\/pl\/elslutbleck-step-30-rattvand-24v-kolvkontakt\/","title":{"rendered":"Arkusz zacisk\u00f3w elektrycznych KROK 30 Styk t\u0142okowy 24 V skierowany w prawo"},"content":{"rendered":"<h1>Arkusz zacisk\u00f3w elektrycznych KROK 30 Styk t\u0142okowy 24 V skierowany w prawo<\/h1>\n<p>Elektrozaczep STEP 30 Preload to kompaktowy elektrozaczep zaprojektowany z my\u015bl\u0105 o zast\u0105pieniu starszych, prostych elektrozaczep\u00f3w i stworzeniu niezawodnego \u015brodowiska drzwi.<\/p>\n<p>Wyposa\u017cony w technologi\u0119 HPR\u00ae i wytrzyma\u0142o\u015b\u0107 na zerwanie 500 kg.<\/p>\n<p class=\"\" data-start=\"379\" data-end=\"807\">Elektrozaczep STEP 30 Preload to wysokiej jako\u015bci rozwi\u0105zanie umo\u017cliwiaj\u0105ce wymian\u0119 starszych elektrozaczep\u00f3w i zapewnienie niezawodnej pracy drzwi nawet w starszych sekcjach drzwiowych i wn\u0119kach.<\/p>\n<p class=\"\" data-start=\"379\" data-end=\"807\">Nale\u017cy do serii Preload firmy STEP, kt\u00f3ra \u0142\u0105czy w sobie minimalne wymiary z wysok\u0105 jako\u015bci\u0105 i elastyczno\u015bci\u0105.<\/p>\n<p class=\"\" data-start=\"379\" data-end=\"807\">Wyposa\u017cony w opatentowan\u0105 technologi\u0119 docisku listwy STEP, ten elektrozaczep zapewnia, \u017ce drzwi zawsze b\u0119dzie mo\u017cna otworzy\u0107, nawet gdy zostan\u0105 poddane naciskowi.<\/p>\n<p class=\"\" data-start=\"809\" data-end=\"1241\">Funkcja skierowania w prawo oznacza, \u017ce drzwi pozostaj\u0105 odblokowane w pozycji bez zasilania, co pozwala na ich szybkie i \u0142atwe otwarcie w razie potrzeby.<\/p>\n<p class=\"\" data-start=\"809\" data-end=\"1241\">Prze\u0142\u0105cznik t\u0142okowy informuje o stanie drzwi (zamkni\u0119te\/otwarte), co u\u0142atwia integracj\u0119 z systemami kontroli dost\u0119pu i systemami alarmowymi.<\/p>\n<p class=\"\" data-start=\"809\" data-end=\"1241\">Dzi\u0119ki wytrzyma\u0142o\u015bci na zerwanie wynosz\u0105cej 5 kN (ok. 500 kg) i mo\u017cliwo\u015bci otwierania si\u0119 pomimo nacisku ta\u015bmy do 40 kg, STEP 30 Preload gwarantuje zar\u00f3wno bezpiecze\u0144stwo, jak i niezawodno\u015b\u0107.<\/p>\n<p class=\"\" data-start=\"1243\" data-end=\"1258\"><strong data-start=\"1243\" data-end=\"1258\">W\u0142a\u015bciwo\u015bci:<\/strong><\/p>\n<ul data-start=\"1259\" data-end=\"1659\">\n<li class=\"\" data-start=\"1259\" data-end=\"1303\">\n<p class=\"\" data-start=\"1261\" data-end=\"1303\">Funkcja skierowana w prawo (odblokowana w trybie beznapi\u0119ciowym)<\/p>\n<\/li>\n<li class=\"\" data-start=\"1304\" data-end=\"1359\">\n<p class=\"\" data-start=\"1306\" data-end=\"1359\">Kontakt t\u0142okowy. Wska\u017anik stanu drzwi (zamkni\u0119te\/otwarte)<\/p>\n<\/li>\n<li class=\"\" data-start=\"1360\" data-end=\"1398\">\n<p class=\"\" data-start=\"1362\" data-end=\"1398\">Wbudowana dioda zabezpieczaj\u0105ca dla wi\u0119kszego bezpiecze\u0144stwa<\/p>\n<\/li>\n<li class=\"\" data-start=\"1399\" data-end=\"1436\">\n<p class=\"\" data-start=\"1401\" data-end=\"1436\">Wytrzyma\u0142o\u015b\u0107 na zerwanie 5 kN (ok. 500 kg)<\/p>\n<\/li>\n<li class=\"\" data-start=\"1437\" data-end=\"1539\">\n<p class=\"\" data-start=\"1439\" data-end=\"1539\">Gwarantuje otwarcie pomimo nacisku ta\u015bmy do 0,4 kN (ok. 40 kg) zar\u00f3wno w ruchu do przodu, jak i do ty\u0142u<\/p>\n<\/li>\n<li class=\"\" data-start=\"1540\" data-end=\"1599\">\n<p class=\"\" data-start=\"1542\" data-end=\"1599\">Odporne na uderzenia i odwracalne, do drzwi prawych i lewych<\/p>\n<\/li>\n<li class=\"\" data-start=\"1600\" data-end=\"1642\">\n<p class=\"\" data-start=\"1602\" data-end=\"1642\">Nadaje si\u0119 do zamk\u00f3w jedno- i dwuskrzyd\u0142owych<\/p>\n<\/li>\n<li class=\"\" data-start=\"1643\" data-end=\"1659\">\n<p class=\"\" data-start=\"1645\" data-end=\"1659\">Kabel nie jest do\u0142\u0105czony<\/p>\n<\/li>\n<\/ul>\n<p class=\"\" data-start=\"1661\" data-end=\"1690\"><strong data-start=\"1661\" data-end=\"1690\">Dane techniczne:<\/strong><\/p>\n<ul data-start=\"1691\" data-end=\"2341\">\n<li class=\"\" data-start=\"1691\" data-end=\"1798\">\n<p class=\"\" data-start=\"1693\" data-end=\"1798\">Zasilanie: 24 V DC (+15% -10%) 110 mAh \/ maks. 300 mA lub 12 V DC (+15% -10%) 220 mAh \/ maks. 600 mA<\/p>\n<\/li>\n<li class=\"\" data-start=\"1799\" data-end=\"1862\">\n<p class=\"\" data-start=\"1801\" data-end=\"1862\">Styk t\u0142okowy: Mikroprze\u0142\u0105cznik jednobiegunowy prze\u0142\u0105czaj\u0105cy, maks. 30V pr\u0105du sta\u0142ego, 1A<\/p>\n<\/li>\n<li class=\"\" data-start=\"1863\" data-end=\"1903\">\n<p class=\"\" data-start=\"1865\" data-end=\"1903\">Trwa\u0142o\u015b\u0107: Klasa X zgodnie z norm\u0105 SS-EN 14846<\/p>\n<\/li>\n<li class=\"\" data-start=\"1904\" data-end=\"1943\">\n<p class=\"\" data-start=\"1906\" data-end=\"1943\">Korozja: Stopie\u0144 M zgodnie z norm\u0105 SS-EN 14846<\/p>\n<\/li>\n<li class=\"\" data-start=\"1944\" data-end=\"1982\">\n<p class=\"\" data-start=\"1946\" data-end=\"1982\">Bezpiecze\u0144stwo: Stopie\u0144 3 zgodnie z norm\u0105 SS-EN 14846<\/p>\n<\/li>\n<li class=\"\" data-start=\"1983\" data-end=\"2008\">\n<p class=\"\" data-start=\"1985\" data-end=\"2008\">Wytrzyma\u0142o\u015b\u0107 na zerwanie: 500 kg<\/p>\n<\/li>\n<li class=\"\" data-start=\"2009\" data-end=\"2039\">\n<p class=\"\" data-start=\"2011\" data-end=\"2039\">Zawiasy drzwi: Prawe, Lewe<\/p>\n<\/li>\n<li class=\"\" data-start=\"2040\" data-end=\"2058\">\n<p class=\"\" data-start=\"2042\" data-end=\"2058\">Nacisk ta\u015bmy: 40 kg<\/p>\n<\/li>\n<li class=\"\" data-start=\"2059\" data-end=\"2094\">\n<p class=\"\" data-start=\"2061\" data-end=\"2094\">Typ zamka: Zamek z pojedynczym zatrzaskiem, Zamek z podw\u00f3jnym zatrzaskiem<\/p>\n<\/li>\n<li class=\"\" data-start=\"2095\" data-end=\"2150\">\n<p class=\"\" data-start=\"2097\" data-end=\"2150\">Wymiary produktu: Szeroko\u015b\u0107: 20,5 mm, G\u0142\u0119boko\u015b\u0107: 28 mm, Wysoko\u015b\u0107: 99 mm<\/p>\n<\/li>\n<li class=\"\" data-start=\"2151\" data-end=\"2168\">\n<p class=\"\" data-start=\"2153\" data-end=\"2168\">Kontakt t\u0142okowy: Tak<\/p>\n<\/li>\n<li class=\"\" data-start=\"2169\" data-end=\"2189\">\n<p class=\"\" data-start=\"2171\" data-end=\"2189\">Napi\u0119cie AC\/DC: DC<\/p>\n<\/li>\n<li class=\"\" data-start=\"2190\" data-end=\"2212\">\n<p class=\"\" data-start=\"2192\" data-end=\"2212\">Maksymalne napi\u0119cie: 27,6 V<\/p>\n<\/li>\n<li class=\"\" data-start=\"2213\" data-end=\"2235\">\n<p class=\"\" data-start=\"2215\" data-end=\"2235\">Napi\u0119cie min: 21,6 V<\/p>\n<\/li>\n<li class=\"\" data-start=\"2236\" data-end=\"2264\">\n<p class=\"\" data-start=\"2238\" data-end=\"2264\">Kolor\/Wyko\u0144czenie: Stal nierdzewna<\/p>\n<\/li>\n<li class=\"\" data-start=\"2265\" data-end=\"2285\">\n<p class=\"\" data-start=\"2267\" data-end=\"2285\">Oceniony produkt budowlany: Tak<\/p>\n<\/li>\n<li class=\"\" data-start=\"2286\" data-end=\"2307\">\n<p class=\"\" data-start=\"2288\" data-end=\"2307\">Zweryfikowano przez EPD: Nie<\/p>\n<\/li>\n<li class=\"\" data-start=\"2308\" data-end=\"2320\">\n<p class=\"\" data-start=\"2310\" data-end=\"2320\">FINFO: Nie<\/p>\n<\/li>\n<li class=\"\" data-start=\"2321\" data-end=\"2341\">\n<p class=\"\" data-start=\"2323\" data-end=\"2341\">SundaHouse oceni\u0142(a): Tak<\/p>\n<\/li>\n<\/ul>","protected":false},"excerpt":{"rendered":"<p>Tutaj mo\u017cesz zobaczy\u0107, kt\u00f3re s\u0142upki i modele pasuj\u0105 do siebie z asortymentu elektrycznych ogranicznik\u00f3w drzwi STEP.<\/p>\n<h5><strong><a href=\"https:\/\/steplock.com\/sv\/stolpguide\/#!?lang=sv&amp;blog_id=1&amp;paged=1&amp;number=50\" target=\"_blank\" rel=\"noopener\">Przewodnik po STEP Post\u00a0<\/a><\/strong><\/h5>\n<h5><strong><a href=\"https:\/\/steplock.com\/sv\/projekteringsguide\/#!?lang=sv&amp;blog_id=1&amp;paged=1&amp;number=999\" target=\"_blank\" rel=\"noopener\">Przewodnik projektowy STEP<\/a><\/strong><\/h5>","protected":false},"featured_media":140664,"template":"","meta":{"_acf_changed":false},"product_brand":[],"product_cat":[3355],"product_tag":[4197,4200],"class_list":{"0":"post-140665","1":"product","2":"type-product","3":"status-publish","4":"has-post-thumbnail","6":"product_cat-elslutbleck","7":"product_tag-24v","8":"product_tag-rattvand","9":"product_shipping_class-tunga-paket","10":"pa_brands-step","11":"tm-no-options","13":"first","14":"instock","15":"sale","16":"taxable","17":"shipping-taxable","18":"purchasable","19":"product-type-simple"},"acf":[],"_links":{"self":[{"href":"https:\/\/secureus.se\/pl\/wp-json\/wp\/v2\/product\/140665","targetHints":{"allow":["GET"]}}],"collection":[{"href":"https:\/\/secureus.se\/pl\/wp-json\/wp\/v2\/product"}],"about":[{"href":"https:\/\/secureus.se\/pl\/wp-json\/wp\/v2\/types\/product"}],"wp:featuredmedia":[{"embeddable":true,"href":"https:\/\/secureus.se\/pl\/wp-json\/wp\/v2\/media\/140664"}],"wp:attachment":[{"href":"https:\/\/secureus.se\/pl\/wp-json\/wp\/v2\/media?parent=140665"}],"wp:term":[{"taxonomy":"product_brand","embeddable":true,"href":"https:\/\/secureus.se\/pl\/wp-json\/wp\/v2\/product_brand?post=140665"},{"taxonomy":"product_cat","embeddable":true,"href":"https:\/\/secureus.se\/pl\/wp-json\/wp\/v2\/product_cat?post=140665"},{"taxonomy":"product_tag","embeddable":true,"href":"https:\/\/secureus.se\/pl\/wp-json\/wp\/v2\/product_tag?post=140665"}],"curies":[{"name":"wp","href":"https:\/\/api.w.org\/{rel}","templated":true}]}}