{"id":140669,"date":"2023-09-26T13:06:36","date_gmt":"2023-09-26T11:06:36","guid":{"rendered":"https:\/\/secureus.se\/elslutbleck-step-48-omvand-12v-kolvkontakt\/"},"modified":"2026-04-23T13:00:04","modified_gmt":"2026-04-23T11:00:04","slug":"elslutbleck-step-48-omvand-12v-kolvkontakt","status":"publish","type":"product","link":"https:\/\/secureus.se\/pl\/elslutbleck-step-48-omvand-12v-kolvkontakt\/","title":{"rendered":"Arkusz przy\u0142\u0105czeniowy STEP 48 Odwrotny styk t\u0142okowy 12V"},"content":{"rendered":"<h1>Arkusz przy\u0142\u0105czeniowy STEP 48 Odwrotny styk t\u0142okowy 12V<\/h1>\n<p>Elektrozaczep STEP 48 Preload zosta\u0142 zaprojektowany z my\u015bl\u0105 o zapewnieniu wysokiego poziomu bezpiecze\u0144stwa i niezawodnego otwierania, nawet przy sile uderzenia do 40 kg.<\/p>\n<p>Wyposa\u017cony w styk t\u0142okowy i diod\u0119 zabezpieczaj\u0105c\u0105 dla wi\u0119kszego bezpiecze\u0144stwa.<\/p>\n<p class=\"\" data-start=\"353\" data-end=\"702\">Zamek elektryczny STEP 48 Preload idealnie nadaje si\u0119 do pomieszcze\u0144, kt\u00f3re musz\u0105 by\u0107 zamykane na klucz lub ga\u0142k\u0119.<\/p>\n<p class=\"\" data-start=\"353\" data-end=\"702\">Mo\u017cna go r\u00f3wnie\u017c zamontowa\u0107 ze wska\u017anikiem rygla (ST4880), kt\u00f3ry umo\u017cliwia zablokowanie systemu dost\u0119pu do drzwi lub zamka kodowego w przypadku, gdy rygiel hakowy lub prosty obudowy zamka zosta\u0142 mechanicznie odblokowany.<\/p>\n<p class=\"\" data-start=\"353\" data-end=\"702\">Zapewnia to dodatkowe bezpiecze\u0144stwo systemu drzwiowego.<\/p>\n<p class=\"\" data-start=\"704\" data-end=\"1084\">Opatentowana technologia docisku pask\u00f3w STEP gwarantuje, \u017ce drzwi b\u0119dzie mo\u017cna otworzy\u0107 nawet przy nacisku do 40 kg, co czyni je solidnym rozwi\u0105zaniem w przypadku drzwi poddawanym cz\u0119stemu otwieraniu.<\/p>\n<p class=\"\" data-start=\"704\" data-end=\"1084\">Dzi\u0119ki wytrzyma\u0142o\u015bci na zerwanie wynosz\u0105cej 9 kN (ok. 900 kg) i mo\u017cliwo\u015bci otwierania nawet przy naci\u015bni\u0119ciu drzwi, STEP 48 stanowi trwa\u0142e i niezawodne rozwi\u0105zanie zar\u00f3wno do ruchu do przodu, jak i do ty\u0142u.<\/p>\n<p class=\"\" data-start=\"1086\" data-end=\"1101\"><strong data-start=\"1086\" data-end=\"1101\">W\u0142a\u015bciwo\u015bci:<\/strong><\/p>\n<ul data-start=\"1102\" data-end=\"1487\">\n<li class=\"\" data-start=\"1102\" data-end=\"1144\">\n<p class=\"\" data-start=\"1104\" data-end=\"1144\">Funkcja rewersu (odblokowana w trybie beznapi\u0119ciowym)<\/p>\n<\/li>\n<li class=\"\" data-start=\"1145\" data-end=\"1200\">\n<p class=\"\" data-start=\"1147\" data-end=\"1200\">Kontakt t\u0142okowy: Wska\u017anik stanu drzwi (zamkni\u0119te\/otwarte)<\/p>\n<\/li>\n<li class=\"\" data-start=\"1201\" data-end=\"1239\">\n<p class=\"\" data-start=\"1203\" data-end=\"1239\">Wbudowana dioda zabezpieczaj\u0105ca dla wi\u0119kszego bezpiecze\u0144stwa<\/p>\n<\/li>\n<li class=\"\" data-start=\"1240\" data-end=\"1277\">\n<p class=\"\" data-start=\"1242\" data-end=\"1277\">Wytrzyma\u0142o\u015b\u0107 na zerwanie 9 kN (ok. 900 kg)<\/p>\n<\/li>\n<li class=\"\" data-start=\"1278\" data-end=\"1380\">\n<p class=\"\" data-start=\"1280\" data-end=\"1380\">Gwarantuje otwarcie pomimo nacisku ta\u015bmy do 0,4 kN (ok. 40 kg) zar\u00f3wno w ruchu do przodu, jak i do ty\u0142u<\/p>\n<\/li>\n<li class=\"\" data-start=\"1381\" data-end=\"1440\">\n<p class=\"\" data-start=\"1383\" data-end=\"1440\">Odporne na uderzenia i odwracalne, do drzwi prawych i lewych<\/p>\n<\/li>\n<li class=\"\" data-start=\"1441\" data-end=\"1487\">\n<p class=\"\" data-start=\"1443\" data-end=\"1487\">Mo\u017cliwo\u015b\u0107 blokowania \u015brub hakowych lub \u015brub prostych<\/p>\n<\/li>\n<\/ul>\n<p class=\"\" data-start=\"1489\" data-end=\"1518\"><strong data-start=\"1489\" data-end=\"1518\">Dane techniczne:<\/strong><\/p>\n<ul data-start=\"1519\" data-end=\"2236\">\n<li class=\"\" data-start=\"1519\" data-end=\"1548\">\n<p class=\"\" data-start=\"1521\" data-end=\"1548\">Maksymalna si\u0142a zrywaj\u0105ca: 900 kg<\/p>\n<\/li>\n<li class=\"\" data-start=\"1549\" data-end=\"1579\">\n<p class=\"\" data-start=\"1551\" data-end=\"1579\">Zawiasy drzwi: Prawe, Lewe<\/p>\n<\/li>\n<li class=\"\" data-start=\"1580\" data-end=\"1598\">\n<p class=\"\" data-start=\"1582\" data-end=\"1598\">Kabel w zestawie: Nie<\/p>\n<\/li>\n<li class=\"\" data-start=\"1599\" data-end=\"1617\">\n<p class=\"\" data-start=\"1601\" data-end=\"1617\">Nacisk ta\u015bmy: 40 kg<\/p>\n<\/li>\n<li class=\"\" data-start=\"1618\" data-end=\"1653\">\n<p class=\"\" data-start=\"1620\" data-end=\"1653\">Typ zamka: Zamek z pojedynczym zatrzaskiem, Zamek z podw\u00f3jnym zatrzaskiem<\/p>\n<\/li>\n<li class=\"\" data-start=\"1654\" data-end=\"1676\">\n<p class=\"\" data-start=\"1656\" data-end=\"1676\">Szeroko\u015b\u0107 produktu: 25 mm<\/p>\n<\/li>\n<li class=\"\" data-start=\"1677\" data-end=\"1697\">\n<p class=\"\" data-start=\"1679\" data-end=\"1697\">Oceniony produkt budowlany: Tak<\/p>\n<\/li>\n<li class=\"\" data-start=\"1698\" data-end=\"1719\">\n<p class=\"\" data-start=\"1700\" data-end=\"1719\">G\u0142\u0119boko\u015b\u0107 produktu: 35 mm<\/p>\n<\/li>\n<li class=\"\" data-start=\"1720\" data-end=\"1748\">\n<p class=\"\" data-start=\"1722\" data-end=\"1748\">Napi\u0119cie robocze 12V\/24V: 12V<\/p>\n<\/li>\n<li class=\"\" data-start=\"1749\" data-end=\"1771\">\n<p class=\"\" data-start=\"1751\" data-end=\"1771\">Podw\u00f3jny skr\u0119t drop: Nie<\/p>\n<\/li>\n<li class=\"\" data-start=\"1772\" data-end=\"1793\">\n<p class=\"\" data-start=\"1774\" data-end=\"1793\">Zweryfikowano przez EPD: Nie<\/p>\n<\/li>\n<li class=\"\" data-start=\"1794\" data-end=\"1806\">\n<p class=\"\" data-start=\"1796\" data-end=\"1806\">FINFO: Nie<\/p>\n<\/li>\n<li class=\"\" data-start=\"1807\" data-end=\"1835\">\n<p class=\"\" data-start=\"1809\" data-end=\"1835\">Kolor\/Wyko\u0144czenie: Stal nierdzewna<\/p>\n<\/li>\n<li class=\"\" data-start=\"1836\" data-end=\"1857\">\n<p class=\"\" data-start=\"1838\" data-end=\"1857\">Wysoko\u015b\u0107 produktu: 90 mm<\/p>\n<\/li>\n<li class=\"\" data-start=\"1858\" data-end=\"1875\">\n<p class=\"\" data-start=\"1860\" data-end=\"1875\">Kontakt t\u0142okowy: Tak<\/p>\n<\/li>\n<li class=\"\" data-start=\"1876\" data-end=\"1901\">\n<p class=\"\" data-start=\"1878\" data-end=\"1901\">Prawo\/Odwr\u00f3\u0107: Odwr\u00f3\u0107<\/p>\n<\/li>\n<li class=\"\" data-start=\"1902\" data-end=\"1922\">\n<p class=\"\" data-start=\"1904\" data-end=\"1922\">Napi\u0119cie AC\/DC: DC<\/p>\n<\/li>\n<li class=\"\" data-start=\"1923\" data-end=\"1945\">\n<p class=\"\" data-start=\"1925\" data-end=\"1945\">Maksymalne napi\u0119cie: 27,6 V<\/p>\n<\/li>\n<li class=\"\" data-start=\"1946\" data-end=\"1968\">\n<p class=\"\" data-start=\"1948\" data-end=\"1968\">Napi\u0119cie min: 21,6 V<\/p>\n<\/li>\n<li class=\"\" data-start=\"1969\" data-end=\"1989\">\n<p class=\"\" data-start=\"1971\" data-end=\"1989\">SundaHouse oceni\u0142(a): Tak<\/p>\n<\/li>\n<li class=\"\" data-start=\"1990\" data-end=\"2053\">\n<p class=\"\" data-start=\"1992\" data-end=\"2053\">Styk t\u0142okowy: Mikroprze\u0142\u0105cznik jednobiegunowy prze\u0142\u0105czaj\u0105cy, maks. 30V pr\u0105du sta\u0142ego, 1A<\/p>\n<\/li>\n<li class=\"\" data-start=\"2054\" data-end=\"2094\">\n<p class=\"\" data-start=\"2056\" data-end=\"2094\">Trwa\u0142o\u015b\u0107: Klasa X zgodnie z norm\u0105 SS-EN 14846<\/p>\n<\/li>\n<li class=\"\" data-start=\"2095\" data-end=\"2134\">\n<p class=\"\" data-start=\"2097\" data-end=\"2134\">Korozja: Stopie\u0144 M zgodnie z norm\u0105 SS-EN 14846<\/p>\n<\/li>\n<li class=\"\" data-start=\"2135\" data-end=\"2173\">\n<p class=\"\" data-start=\"2137\" data-end=\"2173\">Bezpiecze\u0144stwo: Stopie\u0144 3 zgodnie z norm\u0105 SS-EN 14846<\/p>\n<\/li>\n<li class=\"\" data-start=\"2174\" data-end=\"2236\">\n<p class=\"\" data-start=\"2176\" data-end=\"2236\">Bezpiecze\u0144stwo manipulacji elektrycznych: Stopie\u0144 1 zgodnie z norm\u0105 SS-EN 14846<\/p>\n<\/li>\n<\/ul>","protected":false},"excerpt":{"rendered":"<p>Tutaj mo\u017cesz zobaczy\u0107, kt\u00f3re s\u0142upki i modele pasuj\u0105 do siebie z asortymentu elektrycznych ogranicznik\u00f3w drzwi STEP.<\/p>\n<h5><strong><a href=\"https:\/\/steplock.com\/sv\/stolpguide\/#!?lang=sv&amp;blog_id=1&amp;paged=1&amp;number=50\" target=\"_blank\" rel=\"noopener\">Przewodnik po STEP Post\u00a0<\/a><\/strong><\/h5>\n<h5><strong><a href=\"https:\/\/steplock.com\/sv\/projekteringsguide\/#!?lang=sv&amp;blog_id=1&amp;paged=1&amp;number=999\" target=\"_blank\" rel=\"noopener\">Przewodnik projektowy STEP<\/a><\/strong><\/h5>","protected":false},"featured_media":140668,"template":"","meta":{"_acf_changed":false},"product_brand":[],"product_cat":[3355],"product_tag":[4198,4201],"class_list":{"0":"post-140669","1":"product","2":"type-product","3":"status-publish","4":"has-post-thumbnail","6":"product_cat-elslutbleck","7":"product_tag-12v","8":"product_tag-omvand","9":"product_shipping_class-tunga-paket","10":"pa_brands-step","11":"tm-no-options","13":"first","14":"onbackorder","15":"sale","16":"taxable","17":"shipping-taxable","18":"purchasable","19":"product-type-simple"},"acf":[],"_links":{"self":[{"href":"https:\/\/secureus.se\/pl\/wp-json\/wp\/v2\/product\/140669","targetHints":{"allow":["GET"]}}],"collection":[{"href":"https:\/\/secureus.se\/pl\/wp-json\/wp\/v2\/product"}],"about":[{"href":"https:\/\/secureus.se\/pl\/wp-json\/wp\/v2\/types\/product"}],"wp:featuredmedia":[{"embeddable":true,"href":"https:\/\/secureus.se\/pl\/wp-json\/wp\/v2\/media\/140668"}],"wp:attachment":[{"href":"https:\/\/secureus.se\/pl\/wp-json\/wp\/v2\/media?parent=140669"}],"wp:term":[{"taxonomy":"product_brand","embeddable":true,"href":"https:\/\/secureus.se\/pl\/wp-json\/wp\/v2\/product_brand?post=140669"},{"taxonomy":"product_cat","embeddable":true,"href":"https:\/\/secureus.se\/pl\/wp-json\/wp\/v2\/product_cat?post=140669"},{"taxonomy":"product_tag","embeddable":true,"href":"https:\/\/secureus.se\/pl\/wp-json\/wp\/v2\/product_tag?post=140669"}],"curies":[{"name":"wp","href":"https:\/\/api.w.org\/{rel}","templated":true}]}}