{"id":140684,"date":"2023-09-26T13:06:33","date_gmt":"2023-09-26T11:06:33","guid":{"rendered":"https:\/\/secureus.se\/elslutbleck-step-48-omvand-12v\/"},"modified":"2026-04-23T12:51:00","modified_gmt":"2026-04-23T10:51:00","slug":"elslutbleck-step-48-omvand-12v","status":"publish","type":"product","link":"https:\/\/secureus.se\/pl\/elslutbleck-step-48-omvand-12v\/","title":{"rendered":"Elektryczna listwa przy\u0142\u0105czeniowa STEP 48 Rewers 12V"},"content":{"rendered":"<h1>Elektryczna listwa przy\u0142\u0105czeniowa STEP 48 Rewers 12V<\/h1>\n<p>Zamek elektryczny STEP 48 Preload zosta\u0142 zaprojektowany tak, aby zapewni\u0107 niezawodne otwieranie w miejscach wymagaj\u0105cych wysokiego poziomu bezpiecze\u0144stwa.<\/p>\n<p>Wyposa\u017cony w opatentowan\u0105 technologi\u0119 docisku pas\u00f3w STEP i o wytrzyma\u0142o\u015bci na zerwanie do 900 kg, gwarantuje niezawodn\u0105 prac\u0119 nawet przy naciskach do 40 kg.<\/p>\n<p class=\"\" data-start=\"415\" data-end=\"705\">Elektrozaczep STEP 48 Preload to idealne rozwi\u0105zanie do pomieszcze\u0144, kt\u00f3re musz\u0105 by\u0107 zamykane na klucz lub ga\u0142k\u0119.<\/p>\n<p class=\"\" data-start=\"415\" data-end=\"705\">Mo\u017cna go zamontowa\u0107 razem ze wska\u017anikiem rygla ST4880, aby automatycznie blokowa\u0107 systemy dost\u0119pu lub zamki kodowe po odblokowaniu rygla hakowego lub prostego obudowy zamka.<\/p>\n<p class=\"\" data-start=\"707\" data-end=\"1100\">Dzi\u0119ki opatentowanej technologii docisku listewkowego STEP drzwi mo\u017cna otworzy\u0107 nawet przy nacisku do 40 kg, co czyni je zr\u00f3wnowa\u017con\u0105 alternatyw\u0105 dla system\u00f3w drzwiowych o wysokich wymaganiach dotycz\u0105cych bezpiecze\u0144stwa i cz\u0119stym u\u017cytkowaniu.<\/p>\n<p class=\"\" data-start=\"707\" data-end=\"1100\">STEP 48 charakteryzuje si\u0119 wytrzyma\u0142o\u015bci\u0105 na zerwanie wynosz\u0105c\u0105 9 kN (ok. 900 kg) i jest przeznaczony do pracy zar\u00f3wno w pozycji otwierania do przodu, jak i do ty\u0142u, a tak\u017ce do drzwi otwieranych na praw\u0105 i lew\u0105 stron\u0119.<\/p>\n<p class=\"\" data-start=\"1102\" data-end=\"1117\"><strong data-start=\"1102\" data-end=\"1117\">W\u0142a\u015bciwo\u015bci:<\/strong><\/p>\n<ul data-start=\"1118\" data-end=\"1543\">\n<li class=\"\" data-start=\"1118\" data-end=\"1160\">\n<p class=\"\" data-start=\"1120\" data-end=\"1160\">Funkcja rewersu (odblokowana w trybie beznapi\u0119ciowym)<\/p>\n<\/li>\n<li class=\"\" data-start=\"1161\" data-end=\"1256\">\n<p class=\"\" data-start=\"1163\" data-end=\"1256\">Wska\u017anik wykrywania zamkni\u0119cia\/otwarcia drzwi (dotyczy produkt\u00f3w z kontaktem t\u0142okowym)<\/p>\n<\/li>\n<li class=\"\" data-start=\"1257\" data-end=\"1295\">\n<p class=\"\" data-start=\"1259\" data-end=\"1295\">Wbudowana dioda zabezpieczaj\u0105ca dla wi\u0119kszego bezpiecze\u0144stwa<\/p>\n<\/li>\n<li class=\"\" data-start=\"1296\" data-end=\"1333\">\n<p class=\"\" data-start=\"1298\" data-end=\"1333\">Wytrzyma\u0142o\u015b\u0107 na zerwanie 9 kN (ok. 900 kg)<\/p>\n<\/li>\n<li class=\"\" data-start=\"1334\" data-end=\"1436\">\n<p class=\"\" data-start=\"1336\" data-end=\"1436\">Gwarantuje otwarcie pomimo nacisku ta\u015bmy do 0,4 kN (ok. 40 kg) zar\u00f3wno w ruchu do przodu, jak i do ty\u0142u<\/p>\n<\/li>\n<li class=\"\" data-start=\"1437\" data-end=\"1496\">\n<p class=\"\" data-start=\"1439\" data-end=\"1496\">Odporne na uderzenia i odwracalne, do drzwi prawych i lewych<\/p>\n<\/li>\n<li class=\"\" data-start=\"1497\" data-end=\"1543\">\n<p class=\"\" data-start=\"1499\" data-end=\"1543\">Mo\u017cliwo\u015b\u0107 blokowania \u015brub hakowych lub \u015brub prostych<\/p>\n<\/li>\n<\/ul>\n<p class=\"\" data-start=\"1545\" data-end=\"1574\"><strong data-start=\"1545\" data-end=\"1574\">Dane techniczne:<\/strong><\/p>\n<ul data-start=\"1575\" data-end=\"2046\">\n<li class=\"\" data-start=\"1575\" data-end=\"1604\">\n<p class=\"\" data-start=\"1577\" data-end=\"1604\">Maksymalna si\u0142a zrywaj\u0105ca: 900 kg<\/p>\n<\/li>\n<li class=\"\" data-start=\"1605\" data-end=\"1635\">\n<p class=\"\" data-start=\"1607\" data-end=\"1635\">Zawiasy drzwi: Prawe, Lewe<\/p>\n<\/li>\n<li class=\"\" data-start=\"1636\" data-end=\"1654\">\n<p class=\"\" data-start=\"1638\" data-end=\"1654\">Kabel w zestawie: Nie<\/p>\n<\/li>\n<li class=\"\" data-start=\"1655\" data-end=\"1673\">\n<p class=\"\" data-start=\"1657\" data-end=\"1673\">Nacisk ta\u015bmy: 40 kg<\/p>\n<\/li>\n<li class=\"\" data-start=\"1674\" data-end=\"1709\">\n<p class=\"\" data-start=\"1676\" data-end=\"1709\">Typ zamka: Zamek z pojedynczym zatrzaskiem, Zamek z podw\u00f3jnym zatrzaskiem<\/p>\n<\/li>\n<li class=\"\" data-start=\"1710\" data-end=\"1732\">\n<p class=\"\" data-start=\"1712\" data-end=\"1732\">Szeroko\u015b\u0107 produktu: 25 mm<\/p>\n<\/li>\n<li class=\"\" data-start=\"1733\" data-end=\"1753\">\n<p class=\"\" data-start=\"1735\" data-end=\"1753\">Oceniony produkt budowlany: Tak<\/p>\n<\/li>\n<li class=\"\" data-start=\"1754\" data-end=\"1775\">\n<p class=\"\" data-start=\"1756\" data-end=\"1775\">G\u0142\u0119boko\u015b\u0107 produktu: 35 mm<\/p>\n<\/li>\n<li class=\"\" data-start=\"1776\" data-end=\"1804\">\n<p class=\"\" data-start=\"1778\" data-end=\"1804\">Napi\u0119cie robocze 12V\/24V: 12V<\/p>\n<\/li>\n<li class=\"\" data-start=\"1805\" data-end=\"1827\">\n<p class=\"\" data-start=\"1807\" data-end=\"1827\">Podw\u00f3jny skr\u0119t drop: Nie<\/p>\n<\/li>\n<li class=\"\" data-start=\"1828\" data-end=\"1849\">\n<p class=\"\" data-start=\"1830\" data-end=\"1849\">Zweryfikowano przez EPD: Nie<\/p>\n<\/li>\n<li class=\"\" data-start=\"1850\" data-end=\"1862\">\n<p class=\"\" data-start=\"1852\" data-end=\"1862\">FINFO: Nie<\/p>\n<\/li>\n<li class=\"\" data-start=\"1863\" data-end=\"1891\">\n<p class=\"\" data-start=\"1865\" data-end=\"1891\">Kolor\/Wyko\u0144czenie: Stal nierdzewna<\/p>\n<\/li>\n<li class=\"\" data-start=\"1892\" data-end=\"1913\">\n<p class=\"\" data-start=\"1894\" data-end=\"1913\">Wysoko\u015b\u0107 produktu: 90 mm<\/p>\n<\/li>\n<li class=\"\" data-start=\"1914\" data-end=\"1932\">\n<p class=\"\" data-start=\"1916\" data-end=\"1932\">Styk t\u0142oka: Nie<\/p>\n<\/li>\n<li class=\"\" data-start=\"1933\" data-end=\"1958\">\n<p class=\"\" data-start=\"1935\" data-end=\"1958\">Prawo\/Odwr\u00f3\u0107: Odwr\u00f3\u0107<\/p>\n<\/li>\n<li class=\"\" data-start=\"1959\" data-end=\"1979\">\n<p class=\"\" data-start=\"1961\" data-end=\"1979\">Napi\u0119cie AC\/DC: DC<\/p>\n<\/li>\n<li class=\"\" data-start=\"1980\" data-end=\"2002\">\n<p class=\"\" data-start=\"1982\" data-end=\"2002\">Maksymalne napi\u0119cie: 27,6 V<\/p>\n<\/li>\n<li class=\"\" data-start=\"2003\" data-end=\"2025\">\n<p class=\"\" data-start=\"2005\" data-end=\"2025\">Napi\u0119cie min: 21,6 V<\/p>\n<\/li>\n<li class=\"\" data-start=\"2026\" data-end=\"2046\">\n<p class=\"\" data-start=\"2028\" data-end=\"2046\">SundaHouse oceni\u0142(a): Tak<\/p>\n<\/li>\n<\/ul>","protected":false},"excerpt":{"rendered":"<p>Tutaj mo\u017cesz zobaczy\u0107, kt\u00f3re s\u0142upki i modele pasuj\u0105 do siebie z asortymentu elektrycznych ogranicznik\u00f3w drzwi STEP.<\/p>\n<h5><strong><a href=\"https:\/\/steplock.com\/sv\/stolpguide\/#!?lang=sv&amp;blog_id=1&amp;paged=1&amp;number=50\" target=\"_blank\" rel=\"noopener\">Przewodnik po STEP Post\u00a0<\/a><\/strong><\/h5>\n<h5><strong><a href=\"https:\/\/steplock.com\/sv\/projekteringsguide\/#!?lang=sv&amp;blog_id=1&amp;paged=1&amp;number=999\" target=\"_blank\" rel=\"noopener\">Przewodnik projektowy STEP<\/a><\/strong><\/h5>","protected":false},"featured_media":140682,"template":"","meta":{"_acf_changed":false},"product_brand":[],"product_cat":[3355],"product_tag":[4198,4201],"class_list":{"0":"post-140684","1":"product","2":"type-product","3":"status-publish","4":"has-post-thumbnail","6":"product_cat-elslutbleck","7":"product_tag-12v","8":"product_tag-omvand","9":"product_shipping_class-tunga-paket","10":"pa_brands-step","11":"tm-no-options","13":"first","14":"onbackorder","15":"sale","16":"taxable","17":"shipping-taxable","18":"purchasable","19":"product-type-simple"},"acf":[],"_links":{"self":[{"href":"https:\/\/secureus.se\/pl\/wp-json\/wp\/v2\/product\/140684","targetHints":{"allow":["GET"]}}],"collection":[{"href":"https:\/\/secureus.se\/pl\/wp-json\/wp\/v2\/product"}],"about":[{"href":"https:\/\/secureus.se\/pl\/wp-json\/wp\/v2\/types\/product"}],"wp:featuredmedia":[{"embeddable":true,"href":"https:\/\/secureus.se\/pl\/wp-json\/wp\/v2\/media\/140682"}],"wp:attachment":[{"href":"https:\/\/secureus.se\/pl\/wp-json\/wp\/v2\/media?parent=140684"}],"wp:term":[{"taxonomy":"product_brand","embeddable":true,"href":"https:\/\/secureus.se\/pl\/wp-json\/wp\/v2\/product_brand?post=140684"},{"taxonomy":"product_cat","embeddable":true,"href":"https:\/\/secureus.se\/pl\/wp-json\/wp\/v2\/product_cat?post=140684"},{"taxonomy":"product_tag","embeddable":true,"href":"https:\/\/secureus.se\/pl\/wp-json\/wp\/v2\/product_tag?post=140684"}],"curies":[{"name":"wp","href":"https:\/\/api.w.org\/{rel}","templated":true}]}}