{"id":140705,"date":"2023-09-26T13:06:22","date_gmt":"2023-09-26T11:06:22","guid":{"rendered":"https:\/\/secureus.se\/elslutbleck-step-98-omvand-12v-kolvkontakt\/"},"modified":"2026-03-26T10:05:42","modified_gmt":"2026-03-26T09:05:42","slug":"elslutbleck-step-98-omvand-12v-kolvkontakt","status":"publish","type":"product","link":"https:\/\/secureus.se\/pl\/elslutbleck-step-98-omvand-12v-kolvkontakt\/","title":{"rendered":"Elektryczna p\u0142ytka przy\u0142\u0105czeniowa STEP 98 Odwrotny styk t\u0142okowy 12 V"},"content":{"rendered":"<div>\n<h1>Elektryczna p\u0142ytka przy\u0142\u0105czeniowa STEP 98 Odwrotny styk t\u0142okowy 12 V<\/h1>\n<p>Elektrozaczep STEP 98 Preload HPR to elektrozaczep przeciwpo\u017carowy o wysokim poziomie bezpiecze\u0144stwa i niezawodnym dzia\u0142aniu, przeznaczony do drzwi wymagaj\u0105cych wysokiej odporno\u015bci na w\u0142amanie.<\/p>\n<p class=\"\" data-start=\"316\" data-end=\"845\">STEP 98 Preload HPR to elektrozaczep z atestem przeciwpo\u017carowym przeznaczony do pomieszcze\u0144, kt\u00f3re maj\u0105 by\u0107 zamykane na ga\u0142k\u0119 lub klucz.<\/p>\n<p class=\"\" data-start=\"316\" data-end=\"845\">Nale\u017cy do serii Preload firmy STEP i jest specjalnie przystosowany do drzwi wymagaj\u0105cych wysokiej niezawodno\u015bci dzia\u0142ania i d\u0142ugiego okresu eksploatacji.<\/p>\n<p class=\"\" data-start=\"316\" data-end=\"845\">STEP 98 Preload wykorzystuje opatentowan\u0105 technologi\u0119 docisku paska, kt\u00f3ra umo\u017cliwia zawsze otwarcie drzwi, nawet przy nacisku do 40 kg.<\/p>\n<p class=\"\" data-start=\"316\" data-end=\"845\">Dodatkowo, blacha zaczepowa posiada certyfikat odporno\u015bci ogniowej E\/EI 120 zgodnie z norm\u0105 SS-EN 14846:2008, co gwarantuje dodatkowe bezpiecze\u0144stwo.<\/p>\n<p class=\"\" data-start=\"847\" data-end=\"1186\">Produkt posiada funkcj\u0119 cofania, dzi\u0119ki kt\u00f3rej drzwi s\u0105 odblokowane w pozycji bez zasilania, i jest wyposa\u017cony w prze\u0142\u0105cznik popychaj\u0105cy, kt\u00f3ry wskazuje, czy drzwi s\u0105 zamkni\u0119te\/otwarte.<\/p>\n<p class=\"\" data-start=\"847\" data-end=\"1186\">Mo\u017cna go r\u00f3wnie\u017c odwraca\u0107, dzi\u0119ki czemu pasuje zar\u00f3wno do drzwi prawo-, jak i lewoskr\u0119tnych.<\/p>\n<p class=\"\" data-start=\"847\" data-end=\"1186\">Funkcja STEP 98 Preload umo\u017cliwia blokowanie \u015brub hakowych lub prostych i mo\u017ce by\u0107 stosowana zar\u00f3wno w zamkach z pojedynczym, jak i podw\u00f3jnym zatrzaskiem.<\/p>\n<div>\n<div>\n<p class=\"\" data-start=\"1188\" data-end=\"1205\"><strong data-start=\"1188\" data-end=\"1202\">Charakterystyka<\/strong>:<\/p>\n<ul data-start=\"1206\" data-end=\"1615\">\n<li class=\"\" data-start=\"1206\" data-end=\"1250\">\n<p class=\"\" data-start=\"1208\" data-end=\"1250\">Funkcja rewersu (odblokowana w trybie beznapi\u0119ciowym)<\/p>\n<\/li>\n<li class=\"\" data-start=\"1251\" data-end=\"1321\">\n<p class=\"\" data-start=\"1253\" data-end=\"1321\">Kontakt t\u0142okowy: Wska\u017anik wykrywania stanu drzwi (zamkni\u0119te\/otwarte)<\/p>\n<\/li>\n<li class=\"\" data-start=\"1322\" data-end=\"1390\">\n<p class=\"\" data-start=\"1324\" data-end=\"1390\">Ognioodporno\u015b\u0107 do E\/EI 120 (120 min) zgodnie z norm\u0105 SS-EN 14846:2008<\/p>\n<\/li>\n<li class=\"\" data-start=\"1391\" data-end=\"1427\">\n<p class=\"\" data-start=\"1393\" data-end=\"1427\">Si\u0142a zrywaj\u0105ca 9 kN (ok. 900 kg)<\/p>\n<\/li>\n<li class=\"\" data-start=\"1428\" data-end=\"1509\">\n<p class=\"\" data-start=\"1430\" data-end=\"1509\">Nacisk ta\u015bmy do 40 kg gwarantuje otwieranie w trybie do przodu i do ty\u0142u<\/p>\n<\/li>\n<li class=\"\" data-start=\"1510\" data-end=\"1525\">\n<p class=\"\" data-start=\"1512\" data-end=\"1525\">Antystukowy<\/p>\n<\/li>\n<li class=\"\" data-start=\"1526\" data-end=\"1566\">\n<p class=\"\" data-start=\"1528\" data-end=\"1566\">Mo\u017cliwo\u015b\u0107 odwr\u00f3cenia do drzwi prawych i lewych<\/p>\n<\/li>\n<li class=\"\" data-start=\"1567\" data-end=\"1615\">\n<p class=\"\" data-start=\"1569\" data-end=\"1615\">Mo\u017cliwo\u015b\u0107 blokowania \u015brub hakowych lub \u015brub prostych<\/p>\n<\/li>\n<\/ul>\n<p class=\"\" data-start=\"1617\" data-end=\"1648\"><strong data-start=\"1617\" data-end=\"1645\">Specyfikacje techniczne<\/strong>:<\/p>\n<ul data-start=\"1649\" data-end=\"2239\">\n<li class=\"\" data-start=\"1649\" data-end=\"1684\">\n<p class=\"\" data-start=\"1651\" data-end=\"1684\"><strong data-start=\"1651\" data-end=\"1674\">Si\u0142a zrywaj\u0105ca maks<\/strong>: 900 kg<\/p>\n<\/li>\n<li class=\"\" data-start=\"1685\" data-end=\"1721\">\n<p class=\"\" data-start=\"1687\" data-end=\"1721\"><strong data-start=\"1687\" data-end=\"1703\">Wisz\u0105ce drzwi<\/strong>:Prawo, Lewo<\/p>\n<\/li>\n<li class=\"\" data-start=\"1722\" data-end=\"1746\">\n<p class=\"\" data-start=\"1724\" data-end=\"1746\"><strong data-start=\"1724\" data-end=\"1739\">Kabel w zestawie<\/strong>: NIE<\/p>\n<\/li>\n<li class=\"\" data-start=\"1747\" data-end=\"1771\">\n<p class=\"\" data-start=\"1749\" data-end=\"1771\"><strong data-start=\"1749\" data-end=\"1762\">Drukowanie listy<\/strong>: 40 kg<\/p>\n<\/li>\n<li class=\"\" data-start=\"1772\" data-end=\"1813\">\n<p class=\"\" data-start=\"1774\" data-end=\"1813\"><strong data-start=\"1774\" data-end=\"1784\">Typ zamka<\/strong>: Zamek z pojedyncz\u0105 zapadk\u0105, Zamek z podw\u00f3jn\u0105 zapadk\u0105<\/p>\n<\/li>\n<li class=\"\" data-start=\"1814\" data-end=\"1842\">\n<p class=\"\" data-start=\"1816\" data-end=\"1842\"><strong data-start=\"1816\" data-end=\"1833\">Szeroki produkt<\/strong>: 25 mm<\/p>\n<\/li>\n<li class=\"\" data-start=\"1843\" data-end=\"1869\">\n<p class=\"\" data-start=\"1845\" data-end=\"1869\"><strong data-start=\"1845\" data-end=\"1863\">Oceniono materia\u0142y budowlane<\/strong>: Tak<\/p>\n<\/li>\n<li class=\"\" data-start=\"1870\" data-end=\"1897\">\n<p class=\"\" data-start=\"1872\" data-end=\"1897\"><strong data-start=\"1872\" data-end=\"1888\">G\u0142\u0119boki produkt<\/strong>: 35mm<\/p>\n<\/li>\n<li class=\"\" data-start=\"1898\" data-end=\"1932\">\n<p class=\"\" data-start=\"1900\" data-end=\"1932\"><strong data-start=\"1900\" data-end=\"1925\">Napi\u0119cie robocze 12V\/24V<\/strong>: 12 V<\/p>\n<\/li>\n<li class=\"\" data-start=\"1933\" data-end=\"1961\">\n<p class=\"\" data-start=\"1935\" data-end=\"1961\"><strong data-start=\"1935\" data-end=\"1954\">Podw\u00f3jne zakr\u0119cane etui<\/strong>: NIE<\/p>\n<\/li>\n<li class=\"\" data-start=\"1962\" data-end=\"1989\">\n<p class=\"\" data-start=\"1964\" data-end=\"1989\"><strong data-start=\"1964\" data-end=\"1982\">Zweryfikowano przez EPD<\/strong>: NIE<\/p>\n<\/li>\n<li class=\"\" data-start=\"1990\" data-end=\"2008\">\n<p class=\"\" data-start=\"1992\" data-end=\"2008\"><strong data-start=\"1992\" data-end=\"2001\">DOBRA INFORMACJA<\/strong>: NIE<\/p>\n<\/li>\n<li class=\"\" data-start=\"2009\" data-end=\"2043\">\n<p class=\"\" data-start=\"2011\" data-end=\"2043\"><strong data-start=\"2011\" data-end=\"2032\">Kolor\/Obr\u00f3bka powierzchni<\/strong>:Stal nierdzewna<\/p>\n<\/li>\n<li class=\"\" data-start=\"2044\" data-end=\"2071\">\n<p class=\"\" data-start=\"2046\" data-end=\"2071\"><strong data-start=\"2046\" data-end=\"2062\">Podwy\u017cszony produkt<\/strong>: 90mm<\/p>\n<\/li>\n<li class=\"\" data-start=\"2072\" data-end=\"2095\">\n<p class=\"\" data-start=\"2074\" data-end=\"2095\"><strong data-start=\"2074\" data-end=\"2089\">Z\u0142\u0105cze t\u0142okowe<\/strong>: Tak<\/p>\n<\/li>\n<li class=\"\" data-start=\"2096\" data-end=\"2127\">\n<p class=\"\" data-start=\"2098\" data-end=\"2127\"><strong data-start=\"2098\" data-end=\"2117\">W prawo\/wstecz<\/strong>: Odwraca\u0107<\/p>\n<\/li>\n<li class=\"\" data-start=\"2128\" data-end=\"2154\">\n<p class=\"\" data-start=\"2130\" data-end=\"2154\"><strong data-start=\"2130\" data-end=\"2148\">Napi\u0119cie AC\/DC<\/strong>:DC<\/p>\n<\/li>\n<li class=\"\" data-start=\"2155\" data-end=\"2183\">\n<p class=\"\" data-start=\"2157\" data-end=\"2183\"><strong data-start=\"2157\" data-end=\"2173\">Napi\u0119cie maks<\/strong>: 13,8 V<\/p>\n<\/li>\n<li class=\"\" data-start=\"2184\" data-end=\"2212\">\n<p class=\"\" data-start=\"2186\" data-end=\"2212\"><strong data-start=\"2186\" data-end=\"2202\">Napi\u0119cie min<\/strong>: 10,8 V<\/p>\n<\/li>\n<li class=\"\" data-start=\"2213\" data-end=\"2239\">\n<p class=\"\" data-start=\"2215\" data-end=\"2239\"><strong data-start=\"2215\" data-end=\"2233\">Ocena SundaHouse<\/strong>: Tak<\/p>\n<\/li>\n<\/ul>\n<\/div>\n<\/div>\n<\/div>","protected":false},"excerpt":{"rendered":"<p>Tutaj mo\u017cesz zobaczy\u0107, kt\u00f3re s\u0142upki i modele pasuj\u0105 do siebie z asortymentu elektrycznych ogranicznik\u00f3w drzwi STEP.<\/p>\n<h5><strong><a href=\"https:\/\/steplock.com\/sv\/stolpguide\/#!?lang=sv&amp;blog_id=1&amp;paged=1&amp;number=50\" target=\"_blank\" rel=\"noopener\">Przewodnik po STEP Post\u00a0<\/a><\/strong><\/h5>\n<h5><strong><a href=\"https:\/\/steplock.com\/sv\/projekteringsguide\/#!?lang=sv&amp;blog_id=1&amp;paged=1&amp;number=999\" target=\"_blank\" rel=\"noopener\">Przewodnik projektowy STEP<\/a><\/strong><\/h5>","protected":false},"featured_media":140704,"template":"","meta":{"_acf_changed":false},"product_brand":[],"product_cat":[3355],"product_tag":[4198,4201],"class_list":{"0":"post-140705","1":"product","2":"type-product","3":"status-publish","4":"has-post-thumbnail","6":"product_cat-elslutbleck","7":"product_tag-12v","8":"product_tag-omvand","9":"product_shipping_class-tunga-paket","10":"pa_brands-step","11":"tm-no-options","13":"first","14":"onbackorder","15":"sale","16":"taxable","17":"shipping-taxable","18":"purchasable","19":"product-type-simple"},"acf":[],"_links":{"self":[{"href":"https:\/\/secureus.se\/pl\/wp-json\/wp\/v2\/product\/140705","targetHints":{"allow":["GET"]}}],"collection":[{"href":"https:\/\/secureus.se\/pl\/wp-json\/wp\/v2\/product"}],"about":[{"href":"https:\/\/secureus.se\/pl\/wp-json\/wp\/v2\/types\/product"}],"wp:featuredmedia":[{"embeddable":true,"href":"https:\/\/secureus.se\/pl\/wp-json\/wp\/v2\/media\/140704"}],"wp:attachment":[{"href":"https:\/\/secureus.se\/pl\/wp-json\/wp\/v2\/media?parent=140705"}],"wp:term":[{"taxonomy":"product_brand","embeddable":true,"href":"https:\/\/secureus.se\/pl\/wp-json\/wp\/v2\/product_brand?post=140705"},{"taxonomy":"product_cat","embeddable":true,"href":"https:\/\/secureus.se\/pl\/wp-json\/wp\/v2\/product_cat?post=140705"},{"taxonomy":"product_tag","embeddable":true,"href":"https:\/\/secureus.se\/pl\/wp-json\/wp\/v2\/product_tag?post=140705"}],"curies":[{"name":"wp","href":"https:\/\/api.w.org\/{rel}","templated":true}]}}