{"id":140729,"date":"2023-09-26T13:06:08","date_gmt":"2023-09-26T11:06:08","guid":{"rendered":"https:\/\/secureus.se\/elslutbleck-step-18-hoger-omvand-12v-for-assa-511\/"},"modified":"2026-03-26T09:57:10","modified_gmt":"2026-03-26T08:57:10","slug":"elslutbleck-step-18-hoger-omvand-12v-for-assa-511","status":"publish","type":"product","link":"https:\/\/secureus.se\/pl\/elslutbleck-step-18-hoger-omvand-12v-for-assa-511\/","title":{"rendered":"Elektryczna p\u0142yta ko\u0144cowa STEP 18 Prawy bieg wsteczny 12 V dla Assa 511"},"content":{"rendered":"<h1>Elektryczna p\u0142yta ko\u0144cowa STEP 18 Prawy bieg wsteczny 12 V dla Assa 511<\/h1>\n<p>Elektrozaczep STEP 18 Secure do drzwi Assa 511 oferuje wysokie bezpiecze\u0144stwo i klas\u0119 ognioodporno\u015bci do E\/EI 60. Doskonale nadaje si\u0119 do drzwi o wysokich wymaganiach dotycz\u0105cych ochrony przed w\u0142amaniem i du\u017cej cz\u0119stotliwo\u015bci otwierania.<\/p>\n<p class=\"\" data-start=\"407\" data-end=\"826\">STEP 18 Secure to zamek elektryczny o wysokim poziomie bezpiecze\u0144stwa, odpowiedni do drzwi o wysokich wymaganiach bezpiecze\u0144stwa, np. w wi\u0119zieniach i bankach.<\/p>\n<p class=\"\" data-start=\"407\" data-end=\"826\">Dzi\u0119ki wytrzyma\u0142o\u015bci na rozerwanie wynosz\u0105cej 15 kN (ok. 1500 kg) i odporno\u015bci ogniowej do E\/EI 60, STEP 18 Secure zosta\u0142 zaprojektowany tak, aby zapewni\u0107 najwy\u017csze bezpiecze\u0144stwo w wymagaj\u0105cych warunkach.<\/p>\n<p class=\"\" data-start=\"407\" data-end=\"826\">Ten zamek elektryczny nadaje si\u0119 do drzwi antyw\u0142amaniowych lub drzwi ewakuacyjnych. Mo\u017cna go otwiera\u0107 cz\u0119sto i szybko.<\/p>\n<p class=\"\" data-start=\"828\" data-end=\"1203\">Zosta\u0142 on specjalnie zaprojektowany do zamka hakowego Assa 511 z t\u0142okiem 10 mm i posiada funkcj\u0119 rewersyjn\u0105 (odblokowanie w pozycji bez zasilania), co czyni go idealnym wyborem do drzwi o du\u017cym nat\u0119\u017ceniu ruchu.<\/p>\n<p class=\"\" data-start=\"828\" data-end=\"1203\">Wbudowany prze\u0142\u0105cznik t\u0142okowy umo\u017cliwia \u0142atwe pod\u0142\u0105czenie do system\u00f3w kontroli dost\u0119pu i system\u00f3w alarmowych w celu zapewnienia dodatkowego bezpiecze\u0144stwa.<\/p>\n<p class=\"\" data-start=\"828\" data-end=\"1203\">W zestawie znajduje si\u0119 5-metrowy kabel po\u0142\u0105czeniowy bezhalogenowy, umo\u017cliwiaj\u0105cy \u0142atw\u0105 instalacj\u0119.<\/p>\n<p class=\"\" data-start=\"1205\" data-end=\"1222\"><strong data-start=\"1205\" data-end=\"1219\">Charakterystyka<\/strong>:<\/p>\n<ul data-start=\"1223\" data-end=\"1659\">\n<li class=\"\" data-start=\"1223\" data-end=\"1266\">\n<p class=\"\" data-start=\"1225\" data-end=\"1266\">Do zamka hakowego Assa 511 z t\u0142okiem 10 mm<\/p>\n<\/li>\n<li class=\"\" data-start=\"1267\" data-end=\"1311\">\n<p class=\"\" data-start=\"1269\" data-end=\"1311\">Funkcja cofania (odblokowana w trybie bez zasilania)<\/p>\n<\/li>\n<li class=\"\" data-start=\"1312\" data-end=\"1338\">\n<p class=\"\" data-start=\"1314\" data-end=\"1338\">Do drzwi prawych<\/p>\n<\/li>\n<li class=\"\" data-start=\"1339\" data-end=\"1372\">\n<p class=\"\" data-start=\"1341\" data-end=\"1372\">Zatwierdzone ognioodpornie do E\/EI 60<\/p>\n<\/li>\n<li class=\"\" data-start=\"1373\" data-end=\"1457\">\n<p class=\"\" data-start=\"1375\" data-end=\"1457\">Wbudowany prze\u0142\u0105cznik popychaj\u0105cy wskazuj\u0105cy stan drzwi zamkni\u0119tych\/otwartych i zablokowanych\/odblokowanych<\/p>\n<\/li>\n<li class=\"\" data-start=\"1458\" data-end=\"1480\">\n<p class=\"\" data-start=\"1460\" data-end=\"1480\">Wbudowana dioda zabezpieczaj\u0105ca<\/p>\n<\/li>\n<li class=\"\" data-start=\"1481\" data-end=\"1519\">\n<p class=\"\" data-start=\"1483\" data-end=\"1519\">Wytrzyma\u0142o\u015b\u0107 na zerwanie 15 kN (ok. 1500 kg)<\/p>\n<\/li>\n<li class=\"\" data-start=\"1520\" data-end=\"1597\">\n<p class=\"\" data-start=\"1522\" data-end=\"1597\">Otwiera si\u0119 pomimo nacisku ta\u015bmy 5 kN (ok. 500 kg) w trybie do przodu i do ty\u0142u<\/p>\n<\/li>\n<li class=\"\" data-start=\"1598\" data-end=\"1613\">\n<p class=\"\" data-start=\"1600\" data-end=\"1613\">Antystukowy<\/p>\n<\/li>\n<li class=\"\" data-start=\"1614\" data-end=\"1659\">\n<p class=\"\" data-start=\"1616\" data-end=\"1659\">W zestawie 5-metrowy kabel po\u0142\u0105czeniowy bezhalogenowy<\/p>\n<\/li>\n<\/ul>\n<p class=\"\" data-start=\"1661\" data-end=\"1692\"><strong data-start=\"1661\" data-end=\"1689\">Specyfikacje techniczne<\/strong>:<\/p>\n<ul data-start=\"1693\" data-end=\"2300\">\n<li class=\"\" data-start=\"1693\" data-end=\"1729\">\n<p class=\"\" data-start=\"1695\" data-end=\"1729\"><strong data-start=\"1695\" data-end=\"1718\">Si\u0142a zrywaj\u0105ca maks<\/strong>: 1500 kg<\/p>\n<\/li>\n<li class=\"\" data-start=\"1730\" data-end=\"1757\">\n<p class=\"\" data-start=\"1732\" data-end=\"1757\"><strong data-start=\"1732\" data-end=\"1748\">Wisz\u0105ce drzwi<\/strong>: Prawid\u0142owy<\/p>\n<\/li>\n<li class=\"\" data-start=\"1758\" data-end=\"1781\">\n<p class=\"\" data-start=\"1760\" data-end=\"1781\"><strong data-start=\"1760\" data-end=\"1775\">Kabel w zestawie<\/strong>: Tak<\/p>\n<\/li>\n<li class=\"\" data-start=\"1782\" data-end=\"1807\">\n<p class=\"\" data-start=\"1784\" data-end=\"1807\"><strong data-start=\"1784\" data-end=\"1797\">Drukowanie listy<\/strong>: 500 kg<\/p>\n<\/li>\n<li class=\"\" data-start=\"1808\" data-end=\"1845\">\n<p class=\"\" data-start=\"1810\" data-end=\"1845\"><strong data-start=\"1810\" data-end=\"1820\">Typ zamka<\/strong>: Zamek zatrzaskowy, Zamek zatrzaskowy<\/p>\n<\/li>\n<li class=\"\" data-start=\"1846\" data-end=\"1874\">\n<p class=\"\" data-start=\"1848\" data-end=\"1874\"><strong data-start=\"1848\" data-end=\"1865\">Szeroki produkt<\/strong>: 35mm<\/p>\n<\/li>\n<li class=\"\" data-start=\"1875\" data-end=\"1901\">\n<p class=\"\" data-start=\"1877\" data-end=\"1901\"><strong data-start=\"1877\" data-end=\"1895\">Oceniono materia\u0142y budowlane<\/strong>: Tak<\/p>\n<\/li>\n<li class=\"\" data-start=\"1902\" data-end=\"1929\">\n<p class=\"\" data-start=\"1904\" data-end=\"1929\"><strong data-start=\"1904\" data-end=\"1920\">G\u0142\u0119boki produkt<\/strong>: 40mm<\/p>\n<\/li>\n<li class=\"\" data-start=\"1930\" data-end=\"1964\">\n<p class=\"\" data-start=\"1932\" data-end=\"1964\"><strong data-start=\"1932\" data-end=\"1957\">Napi\u0119cie robocze 12V\/24V<\/strong>: 12 V<\/p>\n<\/li>\n<li class=\"\" data-start=\"1965\" data-end=\"1993\">\n<p class=\"\" data-start=\"1967\" data-end=\"1993\"><strong data-start=\"1967\" data-end=\"1986\">Podw\u00f3jne zakr\u0119cane etui<\/strong>: NIE<\/p>\n<\/li>\n<li class=\"\" data-start=\"1994\" data-end=\"2021\">\n<p class=\"\" data-start=\"1996\" data-end=\"2021\"><strong data-start=\"1996\" data-end=\"2014\">Zweryfikowano przez EPD<\/strong>: NIE<\/p>\n<\/li>\n<li class=\"\" data-start=\"2022\" data-end=\"2040\">\n<p class=\"\" data-start=\"2024\" data-end=\"2040\"><strong data-start=\"2024\" data-end=\"2033\">DOBRA INFORMACJA<\/strong>: NIE<\/p>\n<\/li>\n<li class=\"\" data-start=\"2041\" data-end=\"2075\">\n<p class=\"\" data-start=\"2043\" data-end=\"2075\"><strong data-start=\"2043\" data-end=\"2064\">Kolor\/Obr\u00f3bka powierzchni<\/strong>:Stal nierdzewna<\/p>\n<\/li>\n<li class=\"\" data-start=\"2076\" data-end=\"2104\">\n<p class=\"\" data-start=\"2078\" data-end=\"2104\"><strong data-start=\"2078\" data-end=\"2094\">Podwy\u017cszony produkt<\/strong>: 230mm<\/p>\n<\/li>\n<li class=\"\" data-start=\"2105\" data-end=\"2132\">\n<p class=\"\" data-start=\"2107\" data-end=\"2132\"><strong data-start=\"2107\" data-end=\"2121\">D\u0142ugo\u015b\u0107 kabla<\/strong>:5 metr\u00f3w<\/p>\n<\/li>\n<li class=\"\" data-start=\"2133\" data-end=\"2156\">\n<p class=\"\" data-start=\"2135\" data-end=\"2156\"><strong data-start=\"2135\" data-end=\"2150\">Z\u0142\u0105cze t\u0142okowe<\/strong>: Tak<\/p>\n<\/li>\n<li class=\"\" data-start=\"2157\" data-end=\"2188\">\n<p class=\"\" data-start=\"2159\" data-end=\"2188\"><strong data-start=\"2159\" data-end=\"2178\">W prawo\/wstecz<\/strong>: Odwraca\u0107<\/p>\n<\/li>\n<li class=\"\" data-start=\"2189\" data-end=\"2215\">\n<p class=\"\" data-start=\"2191\" data-end=\"2215\"><strong data-start=\"2191\" data-end=\"2209\">Napi\u0119cie AC\/DC<\/strong>:DC<\/p>\n<\/li>\n<li class=\"\" data-start=\"2216\" data-end=\"2244\">\n<p class=\"\" data-start=\"2218\" data-end=\"2244\"><strong data-start=\"2218\" data-end=\"2234\">Napi\u0119cie maks<\/strong>: 13,8 V<\/p>\n<\/li>\n<li class=\"\" data-start=\"2245\" data-end=\"2273\">\n<p class=\"\" data-start=\"2247\" data-end=\"2273\"><strong data-start=\"2247\" data-end=\"2263\">Napi\u0119cie min<\/strong>: 10,8 V<\/p>\n<\/li>\n<li class=\"\" data-start=\"2274\" data-end=\"2300\">\n<p class=\"\" data-start=\"2276\" data-end=\"2300\"><strong data-start=\"2276\" data-end=\"2294\">Ocena SundaHouse<\/strong>: Tak<\/p>\n<\/li>\n<\/ul>","protected":false},"excerpt":{"rendered":"<p>Tutaj mo\u017cesz zobaczy\u0107, kt\u00f3re s\u0142upki i modele pasuj\u0105 do siebie z asortymentu elektrycznych ogranicznik\u00f3w drzwi STEP.<\/p>\n<h5><strong><a href=\"https:\/\/steplock.com\/sv\/stolpguide\/#!?lang=sv&amp;blog_id=1&amp;paged=1&amp;number=50\" target=\"_blank\" rel=\"noopener\">Przewodnik po STEP Post\u00a0<\/a><\/strong><\/h5>\n<h5><strong><a href=\"https:\/\/steplock.com\/sv\/projekteringsguide\/#!?lang=sv&amp;blog_id=1&amp;paged=1&amp;number=999\" target=\"_blank\" rel=\"noopener\">Przewodnik projektowy STEP<\/a><\/strong><\/h5>","protected":false},"featured_media":140727,"template":"","meta":{"_acf_changed":false},"product_brand":[],"product_cat":[3355],"product_tag":[4198,4201],"class_list":{"0":"post-140729","1":"product","2":"type-product","3":"status-publish","4":"has-post-thumbnail","6":"product_cat-elslutbleck","7":"product_tag-12v","8":"product_tag-omvand","9":"product_shipping_class-tunga-paket","10":"pa_brands-step","11":"tm-no-options","13":"first","14":"onbackorder","15":"sale","16":"taxable","17":"shipping-taxable","18":"purchasable","19":"product-type-simple"},"acf":[],"_links":{"self":[{"href":"https:\/\/secureus.se\/pl\/wp-json\/wp\/v2\/product\/140729","targetHints":{"allow":["GET"]}}],"collection":[{"href":"https:\/\/secureus.se\/pl\/wp-json\/wp\/v2\/product"}],"about":[{"href":"https:\/\/secureus.se\/pl\/wp-json\/wp\/v2\/types\/product"}],"wp:featuredmedia":[{"embeddable":true,"href":"https:\/\/secureus.se\/pl\/wp-json\/wp\/v2\/media\/140727"}],"wp:attachment":[{"href":"https:\/\/secureus.se\/pl\/wp-json\/wp\/v2\/media?parent=140729"}],"wp:term":[{"taxonomy":"product_brand","embeddable":true,"href":"https:\/\/secureus.se\/pl\/wp-json\/wp\/v2\/product_brand?post=140729"},{"taxonomy":"product_cat","embeddable":true,"href":"https:\/\/secureus.se\/pl\/wp-json\/wp\/v2\/product_cat?post=140729"},{"taxonomy":"product_tag","embeddable":true,"href":"https:\/\/secureus.se\/pl\/wp-json\/wp\/v2\/product_tag?post=140729"}],"curies":[{"name":"wp","href":"https:\/\/api.w.org\/{rel}","templated":true}]}}