{"id":140742,"date":"2023-09-26T13:06:05","date_gmt":"2023-09-26T11:06:05","guid":{"rendered":"https:\/\/secureus.se\/elslutbleck-step-18-vanster-omvand-12v-for-assa-511\/"},"modified":"2026-03-26T09:57:18","modified_gmt":"2026-03-26T08:57:18","slug":"elslutbleck-step-18-vanster-omvand-12v-for-assa-511","status":"publish","type":"product","link":"https:\/\/secureus.se\/pl\/elslutbleck-step-18-vanster-omvand-12v-for-assa-511\/","title":{"rendered":"Elektryczna p\u0142yta ko\u0144cowa STEP 18 Lewy bieg wsteczny 12 V dla Assa 511"},"content":{"rendered":"<h1>Elektryczna p\u0142yta ko\u0144cowa STEP 18 Lewy bieg wsteczny 12 V dla Assa 511<\/h1>\n<p>STEP 18 Secure zapewnia najwy\u017cszy poziom bezpiecze\u0144stwa antyw\u0142amaniowego dzi\u0119ki szybkiemu i trwa\u0142emu blokowaniu, zatwierdzonemu do drzwi antyw\u0142amaniowych do RC4 i przeciwpo\u017carowemu do E\/EI 60. W zestawie znajduje si\u0119 5-metrowy kabel.<\/p>\n<p class=\"\" data-start=\"402\" data-end=\"820\">STEP 18 Secure to zamek elektryczny o wysokim poziomie bezpiecze\u0144stwa z serii Secure marki STEP, przeznaczony do drzwi o wysokich wymaganiach bezpiecze\u0144stwa, np. w wi\u0119zieniach i bankach.<\/p>\n<p class=\"\" data-start=\"402\" data-end=\"820\">Dzi\u0119ki solidnej konstrukcji i szybkiemu blokowaniu i odblokowywaniu, zamek ten nadaje si\u0119 do drzwi z du\u017c\u0105 liczb\u0105 wej\u015b\u0107 i wyj\u015b\u0107.<\/p>\n<p class=\"\" data-start=\"402\" data-end=\"820\">Ten zamek elektryczny posiada certyfikat odporno\u015bci ogniowej do E\/EI 60 i jest dopuszczony do zamykania drzwi antyw\u0142amaniowych do klasy RC4.<\/p>\n<p class=\"\" data-start=\"822\" data-end=\"1198\">Konstrukcja gwarantuje trwa\u0142o\u015b\u0107 i szybkie dzia\u0142anie, dzi\u0119ki czemu nadaje si\u0119 do drzwi ewakuacyjnych.<\/p>\n<p class=\"\" data-start=\"822\" data-end=\"1198\">Elektrozaczep wyposa\u017cony jest w styk t\u0142okowy, kt\u00f3ry sygnalizuje zamkni\u0119cie\/otwarcie oraz zablokowanie\/odblokowanie drzwi, co pozwala na jego integracj\u0119 z systemami kontroli dost\u0119pu oraz systemami alarmowymi.<\/p>\n<p class=\"\" data-start=\"822\" data-end=\"1198\">Wyposa\u017cono go tak\u017ce w diod\u0119 zabezpieczaj\u0105c\u0105 i mo\u017ce otworzy\u0107 si\u0119 nawet przy nacisku ta\u015bmy do 500 kg.<\/p>\n<p class=\"\" data-start=\"1200\" data-end=\"1217\"><strong data-start=\"1200\" data-end=\"1214\">Charakterystyka<\/strong>:<\/p>\n<ul data-start=\"1218\" data-end=\"1722\">\n<li class=\"\" data-start=\"1218\" data-end=\"1261\">\n<p class=\"\" data-start=\"1220\" data-end=\"1261\">Do zamka hakowego Assa 511 z t\u0142okiem 10 mm<\/p>\n<\/li>\n<li class=\"\" data-start=\"1262\" data-end=\"1306\">\n<p class=\"\" data-start=\"1264\" data-end=\"1306\">Funkcja cofania (odblokowana w trybie bez zasilania)<\/p>\n<\/li>\n<li class=\"\" data-start=\"1307\" data-end=\"1335\">\n<p class=\"\" data-start=\"1309\" data-end=\"1335\">Do drzwi lewych<\/p>\n<\/li>\n<li class=\"\" data-start=\"1336\" data-end=\"1393\">\n<p class=\"\" data-start=\"1338\" data-end=\"1393\">Ognioodporno\u015b\u0107 do E\/EI 60 zgodnie z norm\u0105 SS-EN 14846:2008<\/p>\n<\/li>\n<li class=\"\" data-start=\"1394\" data-end=\"1511\">\n<p class=\"\" data-start=\"1396\" data-end=\"1511\">Wbudowana sygnalizacja wykrywania, czy drzwi s\u0105 zamkni\u0119te\/otwarte i zablokowane\/odblokowane (dotyczy produkt\u00f3w z kontaktem t\u0142okowym)<\/p>\n<\/li>\n<li class=\"\" data-start=\"1512\" data-end=\"1534\">\n<p class=\"\" data-start=\"1514\" data-end=\"1534\">Wbudowana dioda zabezpieczaj\u0105ca<\/p>\n<\/li>\n<li class=\"\" data-start=\"1535\" data-end=\"1573\">\n<p class=\"\" data-start=\"1537\" data-end=\"1573\">Wytrzyma\u0142o\u015b\u0107 na zerwanie 15 kN (ok. 1500 kg)<\/p>\n<\/li>\n<li class=\"\" data-start=\"1574\" data-end=\"1656\">\n<p class=\"\" data-start=\"1576\" data-end=\"1656\">Otwiera si\u0119 pomimo nacisku ta\u015bmy wynosz\u0105cego 5 kN (ok. 500 kg) zar\u00f3wno w ruchu do przodu, jak i do ty\u0142u<\/p>\n<\/li>\n<li class=\"\" data-start=\"1657\" data-end=\"1672\">\n<p class=\"\" data-start=\"1659\" data-end=\"1672\">Antystukowy<\/p>\n<\/li>\n<li class=\"\" data-start=\"1673\" data-end=\"1722\">\n<p class=\"\" data-start=\"1675\" data-end=\"1722\">W zestawie 5-metrowy kabel po\u0142\u0105czeniowy bezhalogenowy<\/p>\n<\/li>\n<\/ul>\n<p class=\"\" data-start=\"1724\" data-end=\"1755\"><strong data-start=\"1724\" data-end=\"1752\">Specyfikacje techniczne<\/strong>:<\/p>\n<ul data-start=\"1756\" data-end=\"2365\">\n<li class=\"\" data-start=\"1756\" data-end=\"1792\">\n<p class=\"\" data-start=\"1758\" data-end=\"1792\"><strong data-start=\"1758\" data-end=\"1781\">Si\u0142a zrywaj\u0105ca maks<\/strong>: 1500 kg<\/p>\n<\/li>\n<li class=\"\" data-start=\"1793\" data-end=\"1822\">\n<p class=\"\" data-start=\"1795\" data-end=\"1822\"><strong data-start=\"1795\" data-end=\"1811\">Wisz\u0105ce drzwi<\/strong>: Lewy<\/p>\n<\/li>\n<li class=\"\" data-start=\"1823\" data-end=\"1846\">\n<p class=\"\" data-start=\"1825\" data-end=\"1846\"><strong data-start=\"1825\" data-end=\"1840\">Kabel w zestawie<\/strong>: Tak<\/p>\n<\/li>\n<li class=\"\" data-start=\"1847\" data-end=\"1872\">\n<p class=\"\" data-start=\"1849\" data-end=\"1872\"><strong data-start=\"1849\" data-end=\"1862\">Drukowanie listy<\/strong>: 500 kg<\/p>\n<\/li>\n<li class=\"\" data-start=\"1873\" data-end=\"1910\">\n<p class=\"\" data-start=\"1875\" data-end=\"1910\"><strong data-start=\"1875\" data-end=\"1885\">Typ zamka<\/strong>: Zamek zatrzaskowy, Zamek zatrzaskowy<\/p>\n<\/li>\n<li class=\"\" data-start=\"1911\" data-end=\"1939\">\n<p class=\"\" data-start=\"1913\" data-end=\"1939\"><strong data-start=\"1913\" data-end=\"1930\">Szeroki produkt<\/strong>: 35mm<\/p>\n<\/li>\n<li class=\"\" data-start=\"1940\" data-end=\"1966\">\n<p class=\"\" data-start=\"1942\" data-end=\"1966\"><strong data-start=\"1942\" data-end=\"1960\">Oceniono materia\u0142y budowlane<\/strong>: Tak<\/p>\n<\/li>\n<li class=\"\" data-start=\"1967\" data-end=\"1994\">\n<p class=\"\" data-start=\"1969\" data-end=\"1994\"><strong data-start=\"1969\" data-end=\"1985\">G\u0142\u0119boki produkt<\/strong>: 40mm<\/p>\n<\/li>\n<li class=\"\" data-start=\"1995\" data-end=\"2029\">\n<p class=\"\" data-start=\"1997\" data-end=\"2029\"><strong data-start=\"1997\" data-end=\"2022\">Napi\u0119cie robocze 12V\/24V<\/strong>: 12 V<\/p>\n<\/li>\n<li class=\"\" data-start=\"2030\" data-end=\"2058\">\n<p class=\"\" data-start=\"2032\" data-end=\"2058\"><strong data-start=\"2032\" data-end=\"2051\">Podw\u00f3jne zakr\u0119cane etui<\/strong>: NIE<\/p>\n<\/li>\n<li class=\"\" data-start=\"2059\" data-end=\"2086\">\n<p class=\"\" data-start=\"2061\" data-end=\"2086\"><strong data-start=\"2061\" data-end=\"2079\">Zweryfikowano przez EPD<\/strong>: NIE<\/p>\n<\/li>\n<li class=\"\" data-start=\"2087\" data-end=\"2105\">\n<p class=\"\" data-start=\"2089\" data-end=\"2105\"><strong data-start=\"2089\" data-end=\"2098\">DOBRA INFORMACJA<\/strong>: NIE<\/p>\n<\/li>\n<li class=\"\" data-start=\"2106\" data-end=\"2140\">\n<p class=\"\" data-start=\"2108\" data-end=\"2140\"><strong data-start=\"2108\" data-end=\"2129\">Kolor\/Obr\u00f3bka powierzchni<\/strong>:Stal nierdzewna<\/p>\n<\/li>\n<li class=\"\" data-start=\"2141\" data-end=\"2169\">\n<p class=\"\" data-start=\"2143\" data-end=\"2169\"><strong data-start=\"2143\" data-end=\"2159\">Podwy\u017cszony produkt<\/strong>: 230mm<\/p>\n<\/li>\n<li class=\"\" data-start=\"2170\" data-end=\"2197\">\n<p class=\"\" data-start=\"2172\" data-end=\"2197\"><strong data-start=\"2172\" data-end=\"2186\">D\u0142ugo\u015b\u0107 kabla<\/strong>:5 metr\u00f3w<\/p>\n<\/li>\n<li class=\"\" data-start=\"2198\" data-end=\"2221\">\n<p class=\"\" data-start=\"2200\" data-end=\"2221\"><strong data-start=\"2200\" data-end=\"2215\">Z\u0142\u0105cze t\u0142okowe<\/strong>: Tak<\/p>\n<\/li>\n<li class=\"\" data-start=\"2222\" data-end=\"2253\">\n<p class=\"\" data-start=\"2224\" data-end=\"2253\"><strong data-start=\"2224\" data-end=\"2243\">W prawo\/wstecz<\/strong>: Odwraca\u0107<\/p>\n<\/li>\n<li class=\"\" data-start=\"2254\" data-end=\"2280\">\n<p class=\"\" data-start=\"2256\" data-end=\"2280\"><strong data-start=\"2256\" data-end=\"2274\">Napi\u0119cie AC\/DC<\/strong>:DC<\/p>\n<\/li>\n<li class=\"\" data-start=\"2281\" data-end=\"2309\">\n<p class=\"\" data-start=\"2283\" data-end=\"2309\"><strong data-start=\"2283\" data-end=\"2299\">Napi\u0119cie maks<\/strong>: 13,8 V<\/p>\n<\/li>\n<li class=\"\" data-start=\"2310\" data-end=\"2338\">\n<p class=\"\" data-start=\"2312\" data-end=\"2338\"><strong data-start=\"2312\" data-end=\"2328\">Napi\u0119cie min<\/strong>: 10,8 V<\/p>\n<\/li>\n<li class=\"\" data-start=\"2339\" data-end=\"2365\">\n<p class=\"\" data-start=\"2341\" data-end=\"2365\"><strong data-start=\"2341\" data-end=\"2359\">Ocena SundaHouse<\/strong>: Tak<\/p>\n<\/li>\n<\/ul>\n<p data-start=\"2367\" data-end=\"2438\">","protected":false},"excerpt":{"rendered":"<p>Tutaj mo\u017cesz zobaczy\u0107, kt\u00f3re s\u0142upki i modele pasuj\u0105 do siebie z asortymentu elektrycznych ogranicznik\u00f3w drzwi STEP.<\/p>\n<h5><strong><a href=\"https:\/\/steplock.com\/sv\/stolpguide\/#!?lang=sv&amp;blog_id=1&amp;paged=1&amp;number=50\" target=\"_blank\" rel=\"noopener\">Przewodnik po STEP Post\u00a0<\/a><\/strong><\/h5>\n<h5><strong><a href=\"https:\/\/steplock.com\/sv\/projekteringsguide\/#!?lang=sv&amp;blog_id=1&amp;paged=1&amp;number=999\" target=\"_blank\" rel=\"noopener\">Przewodnik projektowy STEP<\/a><\/strong><\/h5>","protected":false},"featured_media":140740,"template":"","meta":{"_acf_changed":false},"product_brand":[],"product_cat":[3355],"product_tag":[4198,4201],"class_list":{"0":"post-140742","1":"product","2":"type-product","3":"status-publish","4":"has-post-thumbnail","6":"product_cat-elslutbleck","7":"product_tag-12v","8":"product_tag-omvand","9":"product_shipping_class-tunga-paket","10":"pa_brands-step","11":"tm-no-options","13":"first","14":"onbackorder","15":"sale","16":"taxable","17":"shipping-taxable","18":"purchasable","19":"product-type-simple"},"acf":[],"_links":{"self":[{"href":"https:\/\/secureus.se\/pl\/wp-json\/wp\/v2\/product\/140742","targetHints":{"allow":["GET"]}}],"collection":[{"href":"https:\/\/secureus.se\/pl\/wp-json\/wp\/v2\/product"}],"about":[{"href":"https:\/\/secureus.se\/pl\/wp-json\/wp\/v2\/types\/product"}],"wp:featuredmedia":[{"embeddable":true,"href":"https:\/\/secureus.se\/pl\/wp-json\/wp\/v2\/media\/140740"}],"wp:attachment":[{"href":"https:\/\/secureus.se\/pl\/wp-json\/wp\/v2\/media?parent=140742"}],"wp:term":[{"taxonomy":"product_brand","embeddable":true,"href":"https:\/\/secureus.se\/pl\/wp-json\/wp\/v2\/product_brand?post=140742"},{"taxonomy":"product_cat","embeddable":true,"href":"https:\/\/secureus.se\/pl\/wp-json\/wp\/v2\/product_cat?post=140742"},{"taxonomy":"product_tag","embeddable":true,"href":"https:\/\/secureus.se\/pl\/wp-json\/wp\/v2\/product_tag?post=140742"}],"curies":[{"name":"wp","href":"https:\/\/api.w.org\/{rel}","templated":true}]}}