{"id":140751,"date":"2023-03-20T11:58:34","date_gmt":"2023-03-20T10:58:34","guid":{"rendered":"https:\/\/secureus.se\/monteringsstolpe-sa601h-15\/"},"modified":"2026-01-12T13:13:23","modified_gmt":"2026-01-12T12:13:23","slug":"monteringsstolpe-sa601h-15","status":"publish","type":"product","link":"https:\/\/secureus.se\/pl\/monteringsstolpe-sa601h-15\/","title":{"rendered":"S\u0142upek monta\u017cowy Safetron SA601H-15"},"content":{"rendered":"<p>P\u0142aski s\u0142upek monta\u017cowy z zaokr\u0105glonymi naro\u017cnikami ze stali nierdzewnej do elektrycznej p\u0142yty ko\u0144cowej SAFETRON ES17 \/ ES19, odpowiedni do ram drewnianych i metalowych. Stosowany razem z elektrycznym zamkiem dociskowym SAFETRON SL620 lub ABLOY EL580.<\/p>\n<p>\u2022 Do u\u017cytku z elektrycznymi zamkami ci\u015bnieniowymi<br \/>\n<br \/>\n\u2022 Do drzwi otwieranych na prawo<br \/>\n<br \/>\n\u2022 Rozmiar j\u0119zyka: 15 mm<br \/>\n<br \/>\n\u2022 Wymiary: (wys. x szer. x g\u0142.) 245\u00d740 mm<\/p>","protected":false},"excerpt":{"rendered":"<h5><a href=\"https:\/\/www.safetron.com\/stolpguide\/\" target=\"_blank\" rel=\"noopener\">Przewodnik po s\u0142upkach monta\u017cowych Safetrons<\/a><\/h5>","protected":false},"featured_media":140749,"template":"","meta":{"_acf_changed":false},"product_brand":[],"product_cat":[4735],"product_tag":[4440,4866],"class_list":{"0":"post-140751","1":"product","2":"type-product","3":"status-publish","4":"has-post-thumbnail","6":"product_cat-monteringsstolpe","7":"product_tag-safetron-montagestolpar-es17-es19-sa-modell","8":"product_tag-safetron-20","9":"product_shipping_class-tunga-paket","10":"pa_brands-7safetron","11":"tm-has-options","13":"first","14":"instock","15":"featured","16":"taxable","17":"shipping-taxable","18":"purchasable","19":"product-type-simple"},"acf":[],"_links":{"self":[{"href":"https:\/\/secureus.se\/pl\/wp-json\/wp\/v2\/product\/140751","targetHints":{"allow":["GET"]}}],"collection":[{"href":"https:\/\/secureus.se\/pl\/wp-json\/wp\/v2\/product"}],"about":[{"href":"https:\/\/secureus.se\/pl\/wp-json\/wp\/v2\/types\/product"}],"wp:featuredmedia":[{"embeddable":true,"href":"https:\/\/secureus.se\/pl\/wp-json\/wp\/v2\/media\/140749"}],"wp:attachment":[{"href":"https:\/\/secureus.se\/pl\/wp-json\/wp\/v2\/media?parent=140751"}],"wp:term":[{"taxonomy":"product_brand","embeddable":true,"href":"https:\/\/secureus.se\/pl\/wp-json\/wp\/v2\/product_brand?post=140751"},{"taxonomy":"product_cat","embeddable":true,"href":"https:\/\/secureus.se\/pl\/wp-json\/wp\/v2\/product_cat?post=140751"},{"taxonomy":"product_tag","embeddable":true,"href":"https:\/\/secureus.se\/pl\/wp-json\/wp\/v2\/product_tag?post=140751"}],"curies":[{"name":"wp","href":"https:\/\/api.w.org\/{rel}","templated":true}]}}