{"id":140835,"date":"2023-03-17T09:35:13","date_gmt":"2023-03-17T08:35:13","guid":{"rendered":"https:\/\/secureus.se\/elslutbleck-es22-hoger\/"},"modified":"2026-01-12T13:10:52","modified_gmt":"2026-01-12T12:10:52","slug":"elslutbleck-es22-hoger","status":"publish","type":"product","link":"https:\/\/secureus.se\/pl\/elslutbleck-es22-hoger\/","title":{"rendered":"Zaczep elektryczny ES22 prawy"},"content":{"rendered":"<h1>Zaczep elektryczny ES22 prawy<\/h1>\n<p class=\"\" data-start=\"368\" data-end=\"751\">Elektrozaczep ES22 H do drzwi prawych to wysokiej jako\u015bci elektrozaczep przeznaczony do drzwi, w kt\u00f3rych obowi\u0105zuj\u0105 zar\u00f3wno wysokie wymagania bezpiecze\u0144stwa, jak i odporno\u015bci ogniowej.<\/p>\n<p class=\"\" data-start=\"368\" data-end=\"751\">Dzi\u0119ki zatrzaskom dwuskr\u0119tnym zamek ES22 umo\u017cliwia oddzielne blokowanie zatrzask\u00f3w i zatrzask\u00f3w cylindrycznych w obudowach zamk\u00f3w z podw\u00f3jnymi zatrzaskami, stanowi\u0105c rozwi\u0105zanie dla skomplikowanych \u015brodowisk drzwiowych, w kt\u00f3rych wymagana jest zar\u00f3wno automatyzacja drzwi, jak i powstrzymywanie po\u017caru.<\/p>\n<p class=\"\" data-start=\"753\" data-end=\"1047\">Rozwi\u0105zanie Elite nadaje si\u0119 do stosowania w sytuacjach awaryjnych i w sytuacjach wymagaj\u0105cych ponownego wej\u015bcia, natomiast ograniczenie po\u017caru mo\u017cna osi\u0105gn\u0105\u0107 za pomoc\u0105 pu\u0142apek ci\u015bnieniowych, a ponowne wej\u015bcie za pomoc\u0105 alarm\u00f3w przeciwpo\u017carowych.<\/p>\n<p class=\"\" data-start=\"753\" data-end=\"1047\">Certyfikowane i oznaczone znakiem CE do stosowania w granicach stref ogniowych o odporno\u015bci ogniowej do 120 minut (E\/EI 120).<\/p>\n<p class=\"\" data-start=\"1049\" data-end=\"1315\">Opatentowana technologia listwy dociskowej sprawia, \u017ce drzwi otwieraj\u0105 si\u0119 nawet wtedy, gdy na nie dzia\u0142a nacisk, co eliminuje problemy spowodowane nadmiernym ci\u015bnieniem, \u015bniegiem lub brudem w szczelinie drzwi.<\/p>\n<p class=\"\" data-start=\"1049\" data-end=\"1315\">Minimalizuje to ryzyko przestoju i gwarantuje niezawodn\u0105 prac\u0119 w trudnych warunkach.<\/p>\n<p class=\"\" data-start=\"1317\" data-end=\"1584\">SAFETRON ES22 jest r\u00f3wnie\u017c wyposa\u017cony w podw\u00f3jne styki t\u0142okowe i wbudowane czujniki, kt\u00f3re wskazuj\u0105, kiedy blokady obrotowe s\u0105 zablokowane.<\/p>\n<p class=\"\" data-start=\"1317\" data-end=\"1584\">Sygna\u0142 pojawia si\u0119 tylko wtedy, gdy styk t\u0142oka i o\u015b s\u0105 mechanicznie zablokowane, co sprawia, \u017ce jest to bardzo bezpieczny wyb\u00f3r w przypadku rozwi\u0105za\u0144 wymagaj\u0105cych ochrony drzwi.<\/p>\n<p class=\"\" data-start=\"1586\" data-end=\"1603\"><strong data-start=\"1586\" data-end=\"1600\">Charakterystyka<\/strong>:<\/p>\n<ul data-start=\"1604\" data-end=\"1960\">\n<li class=\"\" data-start=\"1604\" data-end=\"1630\">\n<p class=\"\" data-start=\"1606\" data-end=\"1630\">Do drzwi prawych<\/p>\n<\/li>\n<li class=\"\" data-start=\"1631\" data-end=\"1685\">\n<p class=\"\" data-start=\"1633\" data-end=\"1685\">Ognioodporno\u015b\u0107 do 120 minut (zgodnie z norm\u0105 SS-EN 14846)<\/p>\n<\/li>\n<li class=\"\" data-start=\"1686\" data-end=\"1712\">\n<p class=\"\" data-start=\"1688\" data-end=\"1712\">Ci\u015bnienie listwy: ponad 100 kg<\/p>\n<\/li>\n<li class=\"\" data-start=\"1713\" data-end=\"1752\">\n<p class=\"\" data-start=\"1715\" data-end=\"1752\">Si\u0142a trzymania: do 1500 kg \/ 15 kN<\/p>\n<\/li>\n<li class=\"\" data-start=\"1753\" data-end=\"1785\">\n<p class=\"\" data-start=\"1755\" data-end=\"1785\">Funkcja do przodu i do ty\u0142u<\/p>\n<\/li>\n<li class=\"\" data-start=\"1786\" data-end=\"1816\">\n<p class=\"\" data-start=\"1788\" data-end=\"1816\">Kontakt t\u0142okowy (styk wirnika)<\/p>\n<\/li>\n<li class=\"\" data-start=\"1817\" data-end=\"1872\">\n<p class=\"\" data-start=\"1819\" data-end=\"1872\">Pasuje do okien skrzyd\u0142owych dwuskrzyd\u0142owych zgodnych ze standardami skandynawskimi<\/p>\n<\/li>\n<li class=\"\" data-start=\"1873\" data-end=\"1896\">\n<p class=\"\" data-start=\"1875\" data-end=\"1896\">Napi\u0119cie: 12-24 VDC<\/p>\n<\/li>\n<li class=\"\" data-start=\"1897\" data-end=\"1937\">\n<p class=\"\" data-start=\"1899\" data-end=\"1937\">Pob\u00f3r pr\u0105du: 35 mA na obr\u00f3t<\/p>\n<\/li>\n<li class=\"\" data-start=\"1938\" data-end=\"1960\">\n<p class=\"\" data-start=\"1940\" data-end=\"1960\">Wbudowana dioda zabezpieczaj\u0105ca<\/p>\n<\/li>\n<\/ul>\n<p class=\"\" data-start=\"1962\" data-end=\"1993\"><strong data-start=\"1962\" data-end=\"1990\">Specyfikacje techniczne<\/strong>:<\/p>\n<ul data-start=\"1994\" data-end=\"2566\">\n<li class=\"\" data-start=\"1994\" data-end=\"2030\">\n<p class=\"\" data-start=\"1996\" data-end=\"2030\"><strong data-start=\"1996\" data-end=\"2019\">Si\u0142a zrywaj\u0105ca maks<\/strong>: 1500 kg<\/p>\n<\/li>\n<li class=\"\" data-start=\"2031\" data-end=\"2058\">\n<p class=\"\" data-start=\"2033\" data-end=\"2058\"><strong data-start=\"2033\" data-end=\"2049\">Wisz\u0105ce drzwi<\/strong>: Prawid\u0142owy<\/p>\n<\/li>\n<li class=\"\" data-start=\"2059\" data-end=\"2082\">\n<p class=\"\" data-start=\"2061\" data-end=\"2082\"><strong data-start=\"2061\" data-end=\"2076\">Kabel w zestawie<\/strong>: Tak<\/p>\n<\/li>\n<li class=\"\" data-start=\"2083\" data-end=\"2108\">\n<p class=\"\" data-start=\"2085\" data-end=\"2108\"><strong data-start=\"2085\" data-end=\"2098\">Drukowanie listy<\/strong>: 100 kg<\/p>\n<\/li>\n<li class=\"\" data-start=\"2109\" data-end=\"2140\">\n<p class=\"\" data-start=\"2111\" data-end=\"2140\"><strong data-start=\"2111\" data-end=\"2121\">Typ zamka<\/strong>:Obudowa zamka dwuskrzyd\u0142owego<\/p>\n<\/li>\n<li class=\"\" data-start=\"2141\" data-end=\"2169\">\n<p class=\"\" data-start=\"2143\" data-end=\"2169\"><strong data-start=\"2143\" data-end=\"2160\">Szeroki produkt<\/strong>: 35mm<\/p>\n<\/li>\n<li class=\"\" data-start=\"2170\" data-end=\"2196\">\n<p class=\"\" data-start=\"2172\" data-end=\"2196\"><strong data-start=\"2172\" data-end=\"2190\">Oceniono materia\u0142y budowlane<\/strong>: Tak<\/p>\n<\/li>\n<li class=\"\" data-start=\"2197\" data-end=\"2224\">\n<p class=\"\" data-start=\"2199\" data-end=\"2224\"><strong data-start=\"2199\" data-end=\"2215\">G\u0142\u0119boki produkt<\/strong>: 40mm<\/p>\n<\/li>\n<li class=\"\" data-start=\"2225\" data-end=\"2259\">\n<p class=\"\" data-start=\"2227\" data-end=\"2259\"><strong data-start=\"2227\" data-end=\"2252\">Napi\u0119cie robocze 12V\/24V<\/strong>: 12 V<\/p>\n<\/li>\n<li class=\"\" data-start=\"2260\" data-end=\"2287\">\n<p class=\"\" data-start=\"2262\" data-end=\"2287\"><strong data-start=\"2262\" data-end=\"2281\">Podw\u00f3jne zakr\u0119cane etui<\/strong>: Tak<\/p>\n<\/li>\n<li class=\"\" data-start=\"2288\" data-end=\"2315\">\n<p class=\"\" data-start=\"2290\" data-end=\"2315\"><strong data-start=\"2290\" data-end=\"2308\">Zweryfikowano przez EPD<\/strong>: NIE<\/p>\n<\/li>\n<li class=\"\" data-start=\"2316\" data-end=\"2334\">\n<p class=\"\" data-start=\"2318\" data-end=\"2334\"><strong data-start=\"2318\" data-end=\"2327\">DOBRA INFORMACJA<\/strong>: NIE<\/p>\n<\/li>\n<li class=\"\" data-start=\"2335\" data-end=\"2369\">\n<p class=\"\" data-start=\"2337\" data-end=\"2369\"><strong data-start=\"2337\" data-end=\"2358\">Kolor\/Obr\u00f3bka powierzchni<\/strong>:Stal nierdzewna<\/p>\n<\/li>\n<li class=\"\" data-start=\"2370\" data-end=\"2398\">\n<p class=\"\" data-start=\"2372\" data-end=\"2398\"><strong data-start=\"2372\" data-end=\"2388\">Podwy\u017cszony produkt<\/strong>: 230mm<\/p>\n<\/li>\n<li class=\"\" data-start=\"2399\" data-end=\"2422\">\n<p class=\"\" data-start=\"2401\" data-end=\"2422\"><strong data-start=\"2401\" data-end=\"2416\">Z\u0142\u0105cze t\u0142okowe<\/strong>: Tak<\/p>\n<\/li>\n<li class=\"\" data-start=\"2423\" data-end=\"2454\">\n<p class=\"\" data-start=\"2425\" data-end=\"2454\"><strong data-start=\"2425\" data-end=\"2444\">W prawo\/wstecz<\/strong>: Odwraca\u0107<\/p>\n<\/li>\n<li class=\"\" data-start=\"2455\" data-end=\"2481\">\n<p class=\"\" data-start=\"2457\" data-end=\"2481\"><strong data-start=\"2457\" data-end=\"2475\">Napi\u0119cie AC\/DC<\/strong>:DC<\/p>\n<\/li>\n<li class=\"\" data-start=\"2482\" data-end=\"2510\">\n<p class=\"\" data-start=\"2484\" data-end=\"2510\"><strong data-start=\"2484\" data-end=\"2500\">Napi\u0119cie maks<\/strong>: 27,6 V<\/p>\n<\/li>\n<li class=\"\" data-start=\"2511\" data-end=\"2539\">\n<p class=\"\" data-start=\"2513\" data-end=\"2539\"><strong data-start=\"2513\" data-end=\"2529\">Napi\u0119cie min<\/strong>: 21,6 V<\/p>\n<\/li>\n<li class=\"\" data-start=\"2540\" data-end=\"2566\">\n<p class=\"\" data-start=\"2542\" data-end=\"2566\"><strong data-start=\"2542\" data-end=\"2560\">Ocena SundaHouse<\/strong>: Tak<\/p>\n<\/li>\n<\/ul>","protected":false},"excerpt":{"rendered":"<p>Elektrozaczep S22 H do drzwi prawych, elektrozaczep z podw\u00f3jnym czopem.<\/p>\n<p>Ognioodporne do 120 minut, zaprojektowane do skomplikowanych \u015brodowisk z drzwiami, w kt\u00f3rych obowi\u0105zuj\u0105 wymagania dotycz\u0105ce powstrzymywania ognia i automatyzacji drzwi. Zawiera unikaln\u0105 technologi\u0119 drukowania formowanego.<\/p>","protected":false},"featured_media":140834,"template":"","meta":{"_acf_changed":false},"product_brand":[],"product_cat":[3355],"product_tag":[4487,4488,4866,4489],"class_list":{"0":"post-140835","1":"product","2":"type-product","3":"status-publish","4":"has-post-thumbnail","6":"product_cat-elslutbleck","7":"product_tag-rel-sa","8":"product_tag-rel-safetron-elslutbleck","9":"product_tag-safetron-20","10":"product_tag-safetron-elslutbleck-es22","11":"product_shipping_class-tunga-paket","12":"pa_brands-7safetron","13":"tm-has-options","15":"first","16":"instock","17":"featured","18":"taxable","19":"shipping-taxable","20":"purchasable","21":"product-type-simple"},"acf":[],"_links":{"self":[{"href":"https:\/\/secureus.se\/pl\/wp-json\/wp\/v2\/product\/140835","targetHints":{"allow":["GET"]}}],"collection":[{"href":"https:\/\/secureus.se\/pl\/wp-json\/wp\/v2\/product"}],"about":[{"href":"https:\/\/secureus.se\/pl\/wp-json\/wp\/v2\/types\/product"}],"wp:featuredmedia":[{"embeddable":true,"href":"https:\/\/secureus.se\/pl\/wp-json\/wp\/v2\/media\/140834"}],"wp:attachment":[{"href":"https:\/\/secureus.se\/pl\/wp-json\/wp\/v2\/media?parent=140835"}],"wp:term":[{"taxonomy":"product_brand","embeddable":true,"href":"https:\/\/secureus.se\/pl\/wp-json\/wp\/v2\/product_brand?post=140835"},{"taxonomy":"product_cat","embeddable":true,"href":"https:\/\/secureus.se\/pl\/wp-json\/wp\/v2\/product_cat?post=140835"},{"taxonomy":"product_tag","embeddable":true,"href":"https:\/\/secureus.se\/pl\/wp-json\/wp\/v2\/product_tag?post=140835"}],"curies":[{"name":"wp","href":"https:\/\/api.w.org\/{rel}","templated":true}]}}