{"id":140987,"date":"2023-03-20T14:15:20","date_gmt":"2023-03-20T13:15:20","guid":{"rendered":"https:\/\/secureus.se\/safetron-monteringsstolpe-sc75\/"},"modified":"2026-01-12T13:21:20","modified_gmt":"2026-01-12T12:21:20","slug":"safetron-monteringsstolpe-sc75","status":"publish","type":"product","link":"https:\/\/secureus.se\/pl\/safetron-monteringsstolpe-sc75\/","title":{"rendered":"S\u0142upek monta\u017cowy Safetron SC75"},"content":{"rendered":"<p>P\u0142aski s\u0142upek monta\u017cowy ze stali nierdzewnej do elektrycznej p\u0142yty ko\u0144cowej SAFETRON ES22. Przystosowany do systemu profili Wicona 75 EVO i 77FP. Stosowany razem z zamkami dwuspadowymi typu connect\/evolution lub modu\u0142owymi.<\/p>\n<p>\u2022 Odpowiednik ST9517<\/p>\n<p>\u2022 Rozmiar j\u0119zyka: 17,5 mm<\/p>\n<p>\u2022 Wymiary: (wys. x szer.) 200\u00d749 mm<\/p>","protected":false},"excerpt":{"rendered":"<p>P\u0142aski s\u0142upek monta\u017cowy ze stali nierdzewnej do elektrycznej p\u0142yty ko\u0144cowej SAFETRON ES22. Przystosowany do systemu profili Wicona 75 EVO i 77FP. Stosowane razem z zamkami dwuspadowymi typu connect\/evolution lub modu\u0142owymi. \u2022 Odpowiednik ST9517 \u2022<\/p>","protected":false},"featured_media":140986,"template":"","meta":{"_acf_changed":false},"product_brand":[],"product_cat":[4735],"product_tag":[4447,4866],"class_list":{"0":"post-140987","1":"product","2":"type-product","3":"status-publish","4":"has-post-thumbnail","6":"product_cat-monteringsstolpe","7":"product_tag-safetron-montagestolpar-es22-sc","8":"product_tag-safetron-20","9":"product_shipping_class-tunga-paket","10":"pa_brands-7safetron","11":"tm-no-options","13":"first","14":"instock","15":"featured","16":"taxable","17":"shipping-taxable","18":"purchasable","19":"product-type-simple"},"acf":[],"_links":{"self":[{"href":"https:\/\/secureus.se\/pl\/wp-json\/wp\/v2\/product\/140987","targetHints":{"allow":["GET"]}}],"collection":[{"href":"https:\/\/secureus.se\/pl\/wp-json\/wp\/v2\/product"}],"about":[{"href":"https:\/\/secureus.se\/pl\/wp-json\/wp\/v2\/types\/product"}],"wp:featuredmedia":[{"embeddable":true,"href":"https:\/\/secureus.se\/pl\/wp-json\/wp\/v2\/media\/140986"}],"wp:attachment":[{"href":"https:\/\/secureus.se\/pl\/wp-json\/wp\/v2\/media?parent=140987"}],"wp:term":[{"taxonomy":"product_brand","embeddable":true,"href":"https:\/\/secureus.se\/pl\/wp-json\/wp\/v2\/product_brand?post=140987"},{"taxonomy":"product_cat","embeddable":true,"href":"https:\/\/secureus.se\/pl\/wp-json\/wp\/v2\/product_cat?post=140987"},{"taxonomy":"product_tag","embeddable":true,"href":"https:\/\/secureus.se\/pl\/wp-json\/wp\/v2\/product_tag?post=140987"}],"curies":[{"name":"wp","href":"https:\/\/api.w.org\/{rel}","templated":true}]}}