{"id":141296,"date":"2023-01-04T16:39:52","date_gmt":"2023-01-04T15:39:52","guid":{"rendered":"https:\/\/secureus.se\/kombinationsdetektor-ir-mv-tritech-15x15-m-for-utomhusbruk\/"},"modified":"2026-04-01T14:39:04","modified_gmt":"2026-04-01T12:39:04","slug":"bosch-kombinationsdetektor-ir-mv-tritech-15x15-m-for-utomhusbruk","status":"publish","type":"product","link":"https:\/\/secureus.se\/pl\/bosch-kombinationsdetektor-ir-mv-tritech-15x15-m-for-utomhusbruk\/","title":{"rendered":"Detektor kombinowany IR\/MV firmy Bosch Tritech 15\u00d715 m do zastosowa\u0144 zewn\u0119trznych"},"content":{"rendered":"<h1>Detektor kombinowany IR\/MV firmy Bosch Tritech 15\u00d715 m do zastosowa\u0144 zewn\u0119trznych<\/h1>\n<p data-start=\"377\" data-end=\"1362\">Detektor kombinowany IR\/MV firmy Bosch Tritech OD850E to wytrzyma\u0142y i niezawodny detektor przeznaczony do u\u017cytku na zewn\u0105trz i w innych wymagaj\u0105cych \u015brodowiskach.<\/p>\n<p data-start=\"377\" data-end=\"1362\">\u0141\u0105czy technologi\u0119 pasywnej podczerwieni (PIR) i mikrofal, aby zapewni\u0107 dok\u0142adne wykrywanie.<\/p>\n<p data-start=\"377\" data-end=\"1362\">Czujnik OD850E jest wyposa\u017cony w zaawansowan\u0105 technologi\u0119 przetwarzania sygna\u0142u LTD (Linear Travel Distance), kt\u00f3ra umo\u017cliwia ignorowanie niewielkich ruch\u00f3w w otoczeniu, minimalizuj\u0105c fa\u0142szywe alarmy.<br data-start=\"792\" data-end=\"795\" \/>Dzi\u0119ki podw\u00f3jnym przeka\u017anikom dla mikrofal i podczerwieni wyj\u015bcie alarmowe mo\u017cna wybra\u0107 dla r\u00f3\u017cnych metod wykrywania: zar\u00f3wno IR i mikrofale dla alarmu, lub tylko IR i mikrofale.<\/p>\n<p data-start=\"377\" data-end=\"1362\">Detektor ma zasi\u0119g 15 x 15 m i pracuje w szerokim zakresie temperatur od -35 do +60 stopni Celsjusza.<br data-start=\"1066\" data-end=\"1069\" \/>Czujnik OD850E ma tak\u017ce dwa poziomy czu\u0142o\u015bci, kt\u00f3re mo\u017cna regulowa\u0107 w zale\u017cno\u015bci od otoczenia: standardowy poziom czu\u0142o\u015bci minimalizuj\u0105cy liczb\u0119 fa\u0142szywych alarm\u00f3w i poziom \u015bredni zapewniaj\u0105cy szybsze wykrywanie intruz\u00f3w.<\/p>\n<p data-start=\"377\" data-end=\"1362\">Aby zapewni\u0107 wi\u0119ksz\u0105 personalizacj\u0119, urz\u0105dzenie wyposa\u017cono w regulowane wyj\u015bcie przeka\u017anika czasowego, co pozwala na elastyczne zarz\u0105dzanie alarmami.<\/p>\n<p data-start=\"1364\" data-end=\"1394\"><strong data-start=\"1364\" data-end=\"1392\">Funkcje i zalety:<\/strong><\/p>\n<ul data-start=\"1395\" data-end=\"1804\">\n<li data-start=\"1395\" data-end=\"1454\">\n<p data-start=\"1397\" data-end=\"1454\">Po\u0142\u0105czenie technologii PIR i mikrofal zapewniaj\u0105ce wysoki poziom bezpiecze\u0144stwa<\/p>\n<\/li>\n<li data-start=\"1455\" data-end=\"1503\">\n<p data-start=\"1457\" data-end=\"1503\">Pokrycie: 15 x 15 m dla du\u017cych powierzchni zewn\u0119trznych<\/p>\n<\/li>\n<li data-start=\"1504\" data-end=\"1559\">\n<p data-start=\"1506\" data-end=\"1559\">Przetwarzanie sygna\u0142u LTD w celu wyeliminowania ma\u0142ych ruch\u00f3w<\/p>\n<\/li>\n<li data-start=\"1560\" data-end=\"1618\">\n<p data-start=\"1562\" data-end=\"1618\">Regulowane poziomy czu\u0142o\u015bci (tryb standardowy i \u015bredni)<\/p>\n<\/li>\n<li data-start=\"1619\" data-end=\"1697\">\n<p data-start=\"1621\" data-end=\"1697\">Podw\u00f3jne przeka\u017aniki do niestandardowych wyj\u015b\u0107 alarmowych: IR + MV lub tylko IR lub MV<\/p>\n<\/li>\n<li data-start=\"1698\" data-end=\"1747\">\n<p data-start=\"1700\" data-end=\"1747\">Zakres temperatur: -35 do +60 stopni Celsjusza<\/p>\n<\/li>\n<li data-start=\"1748\" data-end=\"1804\">\n<p data-start=\"1750\" data-end=\"1804\">Regulowane wyj\u015bcie przeka\u017anika czasowego do obs\u0142ugi niestandardowego alarmu<\/p>\n<\/li>\n<\/ul>\n<p data-start=\"1806\" data-end=\"1837\"><strong data-start=\"1806\" data-end=\"1835\">Dane techniczne:<\/strong><\/p>\n<ul data-start=\"1838\" data-end=\"2231\">\n<li data-start=\"1838\" data-end=\"1876\">\n<p data-start=\"1840\" data-end=\"1876\">Typ detekcji: PIR i mikrofale<\/p>\n<\/li>\n<li data-start=\"1877\" data-end=\"1900\">\n<p data-start=\"1879\" data-end=\"1900\">Pokrycie: 15 x 15 m<\/p>\n<\/li>\n<li data-start=\"1901\" data-end=\"1939\">\n<p data-start=\"1903\" data-end=\"1939\">Przeka\u017aniki: Podw\u00f3jne dla mikrofal i podczerwieni<\/p>\n<\/li>\n<li data-start=\"1940\" data-end=\"1977\">\n<p data-start=\"1942\" data-end=\"1977\">Zakres temperatur: -35 do +60 \u00b0C<\/p>\n<\/li>\n<li data-start=\"1978\" data-end=\"2012\">\n<p data-start=\"1980\" data-end=\"2012\">Wymiary (wys. x szer. x g\u0142.): 165 x 82 x 63 mm<\/p>\n<\/li>\n<li data-start=\"2013\" data-end=\"2046\">\n<p data-start=\"2015\" data-end=\"2046\">Zasilanie: 9 \u2013 15 V DC<\/p>\n<\/li>\n<li data-start=\"2047\" data-end=\"2125\">\n<p data-start=\"2049\" data-end=\"2125\">Funkcje: Przetwarzanie Motion Analyzer II, Przetwarzanie sygna\u0142u mikrofalowego LTD<\/p>\n<\/li>\n<li data-start=\"2126\" data-end=\"2183\">\n<p data-start=\"2128\" data-end=\"2183\">Regulowane poziomy czu\u0142o\u015bci: tryb standardowy i \u015bredni<\/p>\n<\/li>\n<li data-start=\"2184\" data-end=\"2231\">\n<p data-start=\"2186\" data-end=\"2231\">Regulowane wyj\u015bcie przeka\u017anika czasowego do obs\u0142ugi alarmu<\/p>\n<\/li>\n<\/ul>","protected":false},"excerpt":{"rendered":"<p>Zewn\u0119trzny detektor kombinowany z technologi\u0105 podczerwieni i mikrofal. Zasi\u0119g 15 x 15 m, przetwarzanie sygna\u0142u LTD i regulowane poziomy czu\u0142o\u015bci dla optymalnego wykrywania.<\/p>","protected":false},"featured_media":141295,"template":"","meta":{"_acf_changed":false},"product_brand":[],"product_cat":[1325,4756],"product_tag":[2418],"class_list":{"0":"post-141296","1":"product","2":"type-product","3":"status-publish","4":"has-post-thumbnail","6":"product_cat-larmgivare-skalskydd","7":"product_cat-utomhussakerhet-tradade-larmenheter","8":"product_tag-rel-larmgivare","9":"product_shipping_class-postnord-varubrev","10":"pa_brands-bosch","11":"tm-no-options","13":"first","14":"instock","15":"sale","16":"featured","17":"taxable","18":"shipping-taxable","19":"purchasable","20":"product-type-simple"},"acf":[],"_links":{"self":[{"href":"https:\/\/secureus.se\/pl\/wp-json\/wp\/v2\/product\/141296","targetHints":{"allow":["GET"]}}],"collection":[{"href":"https:\/\/secureus.se\/pl\/wp-json\/wp\/v2\/product"}],"about":[{"href":"https:\/\/secureus.se\/pl\/wp-json\/wp\/v2\/types\/product"}],"wp:featuredmedia":[{"embeddable":true,"href":"https:\/\/secureus.se\/pl\/wp-json\/wp\/v2\/media\/141295"}],"wp:attachment":[{"href":"https:\/\/secureus.se\/pl\/wp-json\/wp\/v2\/media?parent=141296"}],"wp:term":[{"taxonomy":"product_brand","embeddable":true,"href":"https:\/\/secureus.se\/pl\/wp-json\/wp\/v2\/product_brand?post=141296"},{"taxonomy":"product_cat","embeddable":true,"href":"https:\/\/secureus.se\/pl\/wp-json\/wp\/v2\/product_cat?post=141296"},{"taxonomy":"product_tag","embeddable":true,"href":"https:\/\/secureus.se\/pl\/wp-json\/wp\/v2\/product_tag?post=141296"}],"curies":[{"name":"wp","href":"https:\/\/api.w.org\/{rel}","templated":true}]}}