{"id":141318,"date":"2023-05-10T09:52:24","date_gmt":"2023-05-10T07:52:24","guid":{"rendered":"https:\/\/secureus.se\/elqrb-pure-7x10-mm-vit-b100\/"},"modified":"2026-04-08T16:39:50","modified_gmt":"2026-04-08T14:39:50","slug":"elqrb-pure-7x10-mm-vit-b100","status":"publish","type":"product","link":"https:\/\/secureus.se\/pl\/elqrb-pure-7x10-mm-vit-b100\/","title":{"rendered":"ELQRB PURE 7X1,0 MM BIA\u0141Y B100"},"content":{"rendered":"<p>Bezhalogenowy kabel sygna\u0142owy telekomunikacyjny. Nie wydziela gaz\u00f3w korozyjnych, a w przypadku po\u017caru charakteryzuje si\u0119 nisk\u0105 g\u0119sto\u015bci\u0105 dymu. W instalacjach telekomunikacyjnych do monta\u017cu stacjonarnego wewn\u0105trz i na zewn\u0105trz, na linii no\u015bnej lub w ziemi, je\u017celi kabel jest zabezpieczony przed uszkodzeniami mechanicznymi. Kabel czerwony stosowany jest jako linia przekroju w systemach sygnalizacji po\u017caru.<\/p>","protected":false},"excerpt":{"rendered":"<p>Bezhalogenowy przew\u00f3d telesygna\u0142owy. Nie emituje gaz\u00f3w korozyjnych i ma nisk\u0105 g\u0119sto\u015b\u0107 dymu w przypadku po\u017caru. W telekomunikacyjnych instalacjach sygnalizacyjnych do uk\u0142adania na sta\u0142e wewn\u0105trz i na zewn\u0105trz budynk\u00f3w, na liniach no\u015bnych lub w ziemi, je\u015bli kabel jest zabezpieczony przed uszkodzeniami mechanicznymi.<\/p>","protected":false},"featured_media":141317,"template":"","meta":{"_acf_changed":false},"product_brand":[],"product_cat":[2678],"product_tag":[2487],"class_list":{"0":"post-141318","1":"product","2":"type-product","3":"status-publish","4":"has-post-thumbnail","6":"product_cat-telekabel-oskarmad","7":"product_tag-kabel-oskarmad","8":"product_shipping_class-tunga-paket","9":"tm-no-options","11":"first","12":"instock","13":"taxable","14":"shipping-taxable","15":"purchasable","16":"product-type-simple"},"acf":[],"_links":{"self":[{"href":"https:\/\/secureus.se\/pl\/wp-json\/wp\/v2\/product\/141318","targetHints":{"allow":["GET"]}}],"collection":[{"href":"https:\/\/secureus.se\/pl\/wp-json\/wp\/v2\/product"}],"about":[{"href":"https:\/\/secureus.se\/pl\/wp-json\/wp\/v2\/types\/product"}],"wp:featuredmedia":[{"embeddable":true,"href":"https:\/\/secureus.se\/pl\/wp-json\/wp\/v2\/media\/141317"}],"wp:attachment":[{"href":"https:\/\/secureus.se\/pl\/wp-json\/wp\/v2\/media?parent=141318"}],"wp:term":[{"taxonomy":"product_brand","embeddable":true,"href":"https:\/\/secureus.se\/pl\/wp-json\/wp\/v2\/product_brand?post=141318"},{"taxonomy":"product_cat","embeddable":true,"href":"https:\/\/secureus.se\/pl\/wp-json\/wp\/v2\/product_cat?post=141318"},{"taxonomy":"product_tag","embeddable":true,"href":"https:\/\/secureus.se\/pl\/wp-json\/wp\/v2\/product_tag?post=141318"}],"curies":[{"name":"wp","href":"https:\/\/api.w.org\/{rel}","templated":true}]}}