{"id":141329,"date":"2023-05-10T09:50:29","date_gmt":"2023-05-10T07:50:29","guid":{"rendered":"https:\/\/secureus.se\/elqxb-pure-1x4x05-vit-b100\/"},"modified":"2026-04-23T10:42:32","modified_gmt":"2026-04-23T08:42:32","slug":"elqxb-pure-1x4x05-vit-b100","status":"publish","type":"product","link":"https:\/\/secureus.se\/pl\/elqxb-pure-1x4x05-vit-b100\/","title":{"rendered":"ELQXB CZYSTA 1X4X0,5 BIA\u0141A B100"},"content":{"rendered":"","protected":false},"excerpt":{"rendered":"<p>Bezhalogenowy kabel sygna\u0142owy telekomunikacyjny. Nie wydziela gaz\u00f3w korozyjnych, a w przypadku po\u017caru charakteryzuje si\u0119 nisk\u0105 g\u0119sto\u015bci\u0105 dymu. Instalacja na sta\u0142e lub w rurach, do prywatnych sieci komunikacyjnych wewn\u0105trz pomieszcze\u0144. Cz\u0119\u015bci s\u0105 skr\u0119cone parami (1x4x0,5 s\u0105 skr\u0119cone w cztery \u015bruby).<\/p>","protected":false},"featured_media":141328,"template":"","meta":{"_acf_changed":false},"product_brand":[],"product_cat":[2678],"product_tag":[2487],"class_list":{"0":"post-141329","1":"product","2":"type-product","3":"status-publish","4":"has-post-thumbnail","6":"product_cat-telekabel-oskarmad","7":"product_tag-kabel-oskarmad","8":"product_shipping_class-tunga-paket","9":"tm-no-options","11":"first","12":"instock","13":"taxable","14":"shipping-taxable","15":"purchasable","16":"product-type-simple"},"acf":[],"_links":{"self":[{"href":"https:\/\/secureus.se\/pl\/wp-json\/wp\/v2\/product\/141329","targetHints":{"allow":["GET"]}}],"collection":[{"href":"https:\/\/secureus.se\/pl\/wp-json\/wp\/v2\/product"}],"about":[{"href":"https:\/\/secureus.se\/pl\/wp-json\/wp\/v2\/types\/product"}],"wp:featuredmedia":[{"embeddable":true,"href":"https:\/\/secureus.se\/pl\/wp-json\/wp\/v2\/media\/141328"}],"wp:attachment":[{"href":"https:\/\/secureus.se\/pl\/wp-json\/wp\/v2\/media?parent=141329"}],"wp:term":[{"taxonomy":"product_brand","embeddable":true,"href":"https:\/\/secureus.se\/pl\/wp-json\/wp\/v2\/product_brand?post=141329"},{"taxonomy":"product_cat","embeddable":true,"href":"https:\/\/secureus.se\/pl\/wp-json\/wp\/v2\/product_cat?post=141329"},{"taxonomy":"product_tag","embeddable":true,"href":"https:\/\/secureus.se\/pl\/wp-json\/wp\/v2\/product_tag?post=141329"}],"curies":[{"name":"wp","href":"https:\/\/api.w.org\/{rel}","templated":true}]}}