{"id":141496,"date":"2023-03-20T14:15:07","date_gmt":"2023-03-20T13:15:07","guid":{"rendered":"https:\/\/secureus.se\/safetron-monteringsstolpe-sc95\/"},"modified":"2026-01-12T13:21:54","modified_gmt":"2026-01-12T12:21:54","slug":"safetron-monteringsstolpe-sc95","status":"publish","type":"product","link":"https:\/\/secureus.se\/pl\/safetron-monteringsstolpe-sc95\/","title":{"rendered":"S\u0142upek monta\u017cowy Safetron SC95"},"content":{"rendered":"<p>P\u0142aski s\u0142upek monta\u017cowy ze stali nierdzewnej do elektrycznej p\u0142yty ko\u0144cowej SAFETRON ES22. Przystosowany do systemu profili Jansen Economy 50. Stosowany w po\u0142\u0105czeniu z zamkami podw\u00f3jnymi typu connect\/evolution lub modu\u0142owymi.<\/p>\n<p>\u2022 Odpowiednik ST9590<\/p>\n<p>\u2022 Rozmiar j\u0119zyka: 11 mm<\/p>\n<p>\u2022 Wymiary: (wys. x szer.) 245\u00d733,5 mm<\/p>","protected":false},"excerpt":{"rendered":"<p>P\u0142aski s\u0142upek monta\u017cowy ze stali nierdzewnej do elektrycznej p\u0142yty ko\u0144cowej SAFETRON ES22. Przystosowany do systemu profili Jansen Economy 50. Stosowany w po\u0142\u0105czeniu z zamkami podw\u00f3jnymi typu connect\/evolution lub modu\u0142owymi. \u2022 Odpowiednik ST9590 \u2022 Wymiary j\u0119zyka: 11<\/p>","protected":false},"featured_media":141495,"template":"","meta":{"_acf_changed":false},"product_brand":[],"product_cat":[4735],"product_tag":[4447,4866],"class_list":{"0":"post-141496","1":"product","2":"type-product","3":"status-publish","4":"has-post-thumbnail","6":"product_cat-monteringsstolpe","7":"product_tag-safetron-montagestolpar-es22-sc","8":"product_tag-safetron-20","9":"product_shipping_class-tunga-paket","10":"pa_brands-7safetron","11":"tm-has-options","13":"first","14":"instock","15":"featured","16":"taxable","17":"shipping-taxable","18":"purchasable","19":"product-type-simple"},"acf":[],"_links":{"self":[{"href":"https:\/\/secureus.se\/pl\/wp-json\/wp\/v2\/product\/141496","targetHints":{"allow":["GET"]}}],"collection":[{"href":"https:\/\/secureus.se\/pl\/wp-json\/wp\/v2\/product"}],"about":[{"href":"https:\/\/secureus.se\/pl\/wp-json\/wp\/v2\/types\/product"}],"wp:featuredmedia":[{"embeddable":true,"href":"https:\/\/secureus.se\/pl\/wp-json\/wp\/v2\/media\/141495"}],"wp:attachment":[{"href":"https:\/\/secureus.se\/pl\/wp-json\/wp\/v2\/media?parent=141496"}],"wp:term":[{"taxonomy":"product_brand","embeddable":true,"href":"https:\/\/secureus.se\/pl\/wp-json\/wp\/v2\/product_brand?post=141496"},{"taxonomy":"product_cat","embeddable":true,"href":"https:\/\/secureus.se\/pl\/wp-json\/wp\/v2\/product_cat?post=141496"},{"taxonomy":"product_tag","embeddable":true,"href":"https:\/\/secureus.se\/pl\/wp-json\/wp\/v2\/product_tag?post=141496"}],"curies":[{"name":"wp","href":"https:\/\/api.w.org\/{rel}","templated":true}]}}