{"id":141537,"date":"2023-03-17T09:35:23","date_gmt":"2023-03-17T08:35:23","guid":{"rendered":"https:\/\/secureus.se\/elslutbleck-es22-vanster\/"},"modified":"2026-01-12T13:13:59","modified_gmt":"2026-01-12T12:13:59","slug":"elslutbleck-es22-vanster","status":"publish","type":"product","link":"https:\/\/secureus.se\/pl\/elslutbleck-es22-vanster\/","title":{"rendered":"Zaczep elektryczny ES22 lewy"},"content":{"rendered":"<h1>Zaczep elektryczny ES22 lewy<\/h1>\n<p>Nadaje si\u0119 do drzwi, kt\u00f3re wymagaj\u0105 automatycznej obs\u0142ugi, powstrzymywania po\u017caru i ewakuacji w nag\u0142ych wypadkach. Obejmuje technologi\u0119 styku t\u0142okowego i unikaln\u0105 technologi\u0119 drukowania paskowego.<\/p>\n<p class=\"\" data-start=\"396\" data-end=\"991\">Elektrozaczep ES22 V to wysokiej jako\u015bci elektrozaczep do drzwi lewoskr\u0119tnych, zaprojektowany tak, aby sprosta\u0107 wymaganiom skomplikowanych \u015brodowisk drzwiowych, w kt\u00f3rych kluczowe znaczenie maj\u0105 zar\u00f3wno wymagania dotycz\u0105ce bezpiecze\u0144stwa, jak i wymagania przeciwpo\u017carowe.<\/p>\n<p class=\"\" data-start=\"396\" data-end=\"991\">Podw\u00f3jne zatrzaski obrotowe umo\u017cliwiaj\u0105 oddzielne blokowanie zatrzasku naciskowego i zatrzasku cylindrycznego w obudowach zamk\u00f3w z podw\u00f3jnym zatrzaskiem. Ten zamek elektryczny jest szczeg\u00f3lnie przydatny w miejscach, w kt\u00f3rych wymagane jest zar\u00f3wno zautomatyzowanie drzwi, zabezpieczenie przeciwpo\u017carowe, jak i zapewnienie mo\u017cliwo\u015bci powrotu do domu lub mieszkania.<\/p>\n<p class=\"\" data-start=\"396\" data-end=\"991\">Dzi\u0119ki po\u0142\u0105czeniu funkcji ruchu do przodu i do ty\u0142u w podw\u00f3jnych osiach, drzwi mog\u0105 skutecznie zapobiega\u0107 po\u017carom i umo\u017cliwia\u0107 powr\u00f3t do \u015brodka za pomoc\u0105 alarmu przeciwpo\u017carowego.<\/p>\n<p class=\"\" data-start=\"993\" data-end=\"1213\">W modelu ES22 zastosowano opatentowan\u0105 technologi\u0119 formowania ci\u015bnieniowego, kt\u00f3ra umo\u017cliwia otwarcie drzwi nawet wtedy, gdy na drzwi dzia\u0142a ci\u015bnienie, co cz\u0119sto zdarza si\u0119 w \u015brodowiskach, w kt\u00f3rych wyst\u0119puje nadmierne ci\u015bnienie, \u015bnieg lub brud w szczelinie drzwi.<\/p>\n<p class=\"\" data-start=\"993\" data-end=\"1213\">Minimalizuje to ryzyko przestoju.<\/p>\n<p class=\"\" data-start=\"1215\" data-end=\"1513\">P\u0142yta zaczepu elektrycznego jest certyfikowana i oznaczona znakiem CE do stosowania w granicach stref ogniowych. Ma odporno\u015b\u0107 ogniow\u0105 do 120 minut.<\/p>\n<p class=\"\" data-start=\"1215\" data-end=\"1513\">Wyposa\u017cono je w podw\u00f3jne styki t\u0142okowe i wbudowane czujniki, kt\u00f3re informuj\u0105 o zablokowaniu zawias\u00f3w, co czyni je niezawodnym rozwi\u0105zaniem w miejscach, w kt\u00f3rych wyst\u0119puj\u0105 drzwi o krytycznym znaczeniu.<\/p>\n<p class=\"\" data-start=\"1515\" data-end=\"1532\"><strong data-start=\"1515\" data-end=\"1529\">Charakterystyka<\/strong>:<\/p>\n<ul data-start=\"1533\" data-end=\"1891\">\n<li class=\"\" data-start=\"1533\" data-end=\"1561\">\n<p class=\"\" data-start=\"1535\" data-end=\"1561\">Do drzwi lewych<\/p>\n<\/li>\n<li class=\"\" data-start=\"1562\" data-end=\"1616\">\n<p class=\"\" data-start=\"1564\" data-end=\"1616\">Ognioodporno\u015b\u0107 do 120 minut (zgodnie z norm\u0105 SS-EN 14846)<\/p>\n<\/li>\n<li class=\"\" data-start=\"1617\" data-end=\"1643\">\n<p class=\"\" data-start=\"1619\" data-end=\"1643\">Ci\u015bnienie listwy: ponad 100 kg<\/p>\n<\/li>\n<li class=\"\" data-start=\"1644\" data-end=\"1683\">\n<p class=\"\" data-start=\"1646\" data-end=\"1683\">Si\u0142a trzymania: do 1500 kg \/ 15 kN<\/p>\n<\/li>\n<li class=\"\" data-start=\"1684\" data-end=\"1716\">\n<p class=\"\" data-start=\"1686\" data-end=\"1716\">Funkcja do przodu i do ty\u0142u<\/p>\n<\/li>\n<li class=\"\" data-start=\"1717\" data-end=\"1747\">\n<p class=\"\" data-start=\"1719\" data-end=\"1747\">Kontakt t\u0142okowy (styk wirnika)<\/p>\n<\/li>\n<li class=\"\" data-start=\"1748\" data-end=\"1803\">\n<p class=\"\" data-start=\"1750\" data-end=\"1803\">Pasuje do okien skrzyd\u0142owych dwuskrzyd\u0142owych zgodnych ze standardami skandynawskimi<\/p>\n<\/li>\n<li class=\"\" data-start=\"1804\" data-end=\"1827\">\n<p class=\"\" data-start=\"1806\" data-end=\"1827\">Napi\u0119cie: 12-24 VDC<\/p>\n<\/li>\n<li class=\"\" data-start=\"1828\" data-end=\"1868\">\n<p class=\"\" data-start=\"1830\" data-end=\"1868\">Pob\u00f3r pr\u0105du: 35 mA na obr\u00f3t<\/p>\n<\/li>\n<li class=\"\" data-start=\"1869\" data-end=\"1891\">\n<p class=\"\" data-start=\"1871\" data-end=\"1891\">Wbudowana dioda zabezpieczaj\u0105ca<\/p>\n<\/li>\n<\/ul>\n<p class=\"\" data-start=\"1893\" data-end=\"1924\"><strong data-start=\"1893\" data-end=\"1921\">Specyfikacje techniczne<\/strong>:<\/p>\n<ul data-start=\"1925\" data-end=\"2499\">\n<li class=\"\" data-start=\"1925\" data-end=\"1961\">\n<p class=\"\" data-start=\"1927\" data-end=\"1961\"><strong data-start=\"1927\" data-end=\"1950\">Si\u0142a zrywaj\u0105ca maks<\/strong>: 1500 kg<\/p>\n<\/li>\n<li class=\"\" data-start=\"1962\" data-end=\"1991\">\n<p class=\"\" data-start=\"1964\" data-end=\"1991\"><strong data-start=\"1964\" data-end=\"1980\">Wisz\u0105ce drzwi<\/strong>: Lewy<\/p>\n<\/li>\n<li class=\"\" data-start=\"1992\" data-end=\"2015\">\n<p class=\"\" data-start=\"1994\" data-end=\"2015\"><strong data-start=\"1994\" data-end=\"2009\">Kabel w zestawie<\/strong>: Tak<\/p>\n<\/li>\n<li class=\"\" data-start=\"2016\" data-end=\"2041\">\n<p class=\"\" data-start=\"2018\" data-end=\"2041\"><strong data-start=\"2018\" data-end=\"2031\">Drukowanie listy<\/strong>: 100 kg<\/p>\n<\/li>\n<li class=\"\" data-start=\"2042\" data-end=\"2073\">\n<p class=\"\" data-start=\"2044\" data-end=\"2073\"><strong data-start=\"2044\" data-end=\"2054\">Typ zamka<\/strong>:Obudowa zamka dwuskrzyd\u0142owego<\/p>\n<\/li>\n<li class=\"\" data-start=\"2074\" data-end=\"2102\">\n<p class=\"\" data-start=\"2076\" data-end=\"2102\"><strong data-start=\"2076\" data-end=\"2093\">Szeroki produkt<\/strong>: 35mm<\/p>\n<\/li>\n<li class=\"\" data-start=\"2103\" data-end=\"2129\">\n<p class=\"\" data-start=\"2105\" data-end=\"2129\"><strong data-start=\"2105\" data-end=\"2123\">Oceniono materia\u0142y budowlane<\/strong>: Tak<\/p>\n<\/li>\n<li class=\"\" data-start=\"2130\" data-end=\"2157\">\n<p class=\"\" data-start=\"2132\" data-end=\"2157\"><strong data-start=\"2132\" data-end=\"2148\">G\u0142\u0119boki produkt<\/strong>: 40mm<\/p>\n<\/li>\n<li class=\"\" data-start=\"2158\" data-end=\"2192\">\n<p class=\"\" data-start=\"2160\" data-end=\"2192\"><strong data-start=\"2160\" data-end=\"2185\">Napi\u0119cie robocze 12V\/24V<\/strong>: 12 V<\/p>\n<\/li>\n<li class=\"\" data-start=\"2193\" data-end=\"2220\">\n<p class=\"\" data-start=\"2195\" data-end=\"2220\"><strong data-start=\"2195\" data-end=\"2214\">Podw\u00f3jne zakr\u0119cane etui<\/strong>: Tak<\/p>\n<\/li>\n<li class=\"\" data-start=\"2221\" data-end=\"2248\">\n<p class=\"\" data-start=\"2223\" data-end=\"2248\"><strong data-start=\"2223\" data-end=\"2241\">Zweryfikowano przez EPD<\/strong>: NIE<\/p>\n<\/li>\n<li class=\"\" data-start=\"2249\" data-end=\"2267\">\n<p class=\"\" data-start=\"2251\" data-end=\"2267\"><strong data-start=\"2251\" data-end=\"2260\">DOBRA INFORMACJA<\/strong>: NIE<\/p>\n<\/li>\n<li class=\"\" data-start=\"2268\" data-end=\"2302\">\n<p class=\"\" data-start=\"2270\" data-end=\"2302\"><strong data-start=\"2270\" data-end=\"2291\">Kolor\/Obr\u00f3bka powierzchni<\/strong>:Stal nierdzewna<\/p>\n<\/li>\n<li class=\"\" data-start=\"2303\" data-end=\"2331\">\n<p class=\"\" data-start=\"2305\" data-end=\"2331\"><strong data-start=\"2305\" data-end=\"2321\">Podwy\u017cszony produkt<\/strong>: 230mm<\/p>\n<\/li>\n<li class=\"\" data-start=\"2332\" data-end=\"2355\">\n<p class=\"\" data-start=\"2334\" data-end=\"2355\"><strong data-start=\"2334\" data-end=\"2349\">Z\u0142\u0105cze t\u0142okowe<\/strong>: Tak<\/p>\n<\/li>\n<li class=\"\" data-start=\"2356\" data-end=\"2387\">\n<p class=\"\" data-start=\"2358\" data-end=\"2387\"><strong data-start=\"2358\" data-end=\"2377\">W prawo\/wstecz<\/strong>: Odwraca\u0107<\/p>\n<\/li>\n<li class=\"\" data-start=\"2388\" data-end=\"2414\">\n<p class=\"\" data-start=\"2390\" data-end=\"2414\"><strong data-start=\"2390\" data-end=\"2408\">Napi\u0119cie AC\/DC<\/strong>:DC<\/p>\n<\/li>\n<li class=\"\" data-start=\"2415\" data-end=\"2443\">\n<p class=\"\" data-start=\"2417\" data-end=\"2443\"><strong data-start=\"2417\" data-end=\"2433\">Napi\u0119cie maks<\/strong>: 27,6 V<\/p>\n<\/li>\n<li class=\"\" data-start=\"2444\" data-end=\"2472\">\n<p class=\"\" data-start=\"2446\" data-end=\"2472\"><strong data-start=\"2446\" data-end=\"2462\">Napi\u0119cie min<\/strong>: 21,6 V<\/p>\n<\/li>\n<li class=\"\" data-start=\"2473\" data-end=\"2499\">\n<p class=\"\" data-start=\"2475\" data-end=\"2499\"><strong data-start=\"2475\" data-end=\"2493\">Ocena SundaHouse<\/strong>: Tak<\/p>\n<\/li>\n<\/ul>","protected":false},"excerpt":{"rendered":"<p>Elektrozaczep ES22 V do drzwi lewoskr\u0119tnych to elektrozaczep z dwoma osiami, o odporno\u015bci ogniowej do 120 minut.<\/p>","protected":false},"featured_media":141536,"template":"","meta":{"_acf_changed":false},"product_brand":[],"product_cat":[3355],"product_tag":[4487,4488,4866,4489],"class_list":{"0":"post-141537","1":"product","2":"type-product","3":"status-publish","4":"has-post-thumbnail","6":"product_cat-elslutbleck","7":"product_tag-rel-sa","8":"product_tag-rel-safetron-elslutbleck","9":"product_tag-safetron-20","10":"product_tag-safetron-elslutbleck-es22","11":"product_shipping_class-tunga-paket","12":"pa_brands-7safetron","13":"tm-has-options","15":"first","16":"instock","17":"featured","18":"taxable","19":"shipping-taxable","20":"purchasable","21":"product-type-simple"},"acf":[],"_links":{"self":[{"href":"https:\/\/secureus.se\/pl\/wp-json\/wp\/v2\/product\/141537","targetHints":{"allow":["GET"]}}],"collection":[{"href":"https:\/\/secureus.se\/pl\/wp-json\/wp\/v2\/product"}],"about":[{"href":"https:\/\/secureus.se\/pl\/wp-json\/wp\/v2\/types\/product"}],"wp:featuredmedia":[{"embeddable":true,"href":"https:\/\/secureus.se\/pl\/wp-json\/wp\/v2\/media\/141536"}],"wp:attachment":[{"href":"https:\/\/secureus.se\/pl\/wp-json\/wp\/v2\/media?parent=141537"}],"wp:term":[{"taxonomy":"product_brand","embeddable":true,"href":"https:\/\/secureus.se\/pl\/wp-json\/wp\/v2\/product_brand?post=141537"},{"taxonomy":"product_cat","embeddable":true,"href":"https:\/\/secureus.se\/pl\/wp-json\/wp\/v2\/product_cat?post=141537"},{"taxonomy":"product_tag","embeddable":true,"href":"https:\/\/secureus.se\/pl\/wp-json\/wp\/v2\/product_tag?post=141537"}],"curies":[{"name":"wp","href":"https:\/\/api.w.org\/{rel}","templated":true}]}}