{"id":141852,"date":"2022-07-04T10:55:25","date_gmt":"2022-07-04T08:55:25","guid":{"rendered":"https:\/\/secureus.se\/anslutningskabel-c02-10m\/"},"modified":"2026-01-12T13:14:26","modified_gmt":"2026-01-12T12:14:26","slug":"anslutningskabel-c02-10m","status":"publish","type":"product","link":"https:\/\/secureus.se\/pl\/anslutningskabel-c02-10m\/","title":{"rendered":"Kabel po\u0142\u0105czeniowy Safetron C02, 10 metr\u00f3w do zamk\u00f3w SL i ML,"},"content":{"rendered":"<p>Bezhalogenowy kabel przy\u0142\u0105czeniowy 12-\u017cy\u0142owy, przeznaczony do elektrycznych zamk\u00f3w ci\u015bnieniowych SAFETRON. <\/p>\n<p>\u2022 D\u0142ugo\u015b\u0107: 10 metr\u00f3w<br \/>\n<br \/>\n\u2022 12-przewodowy (3 dodatkowe)<br \/>\n<br \/>\n\u2022 Powierzchnia kabla: 0,25 mm\u00b2<\/p>","protected":false},"excerpt":{"rendered":"<p>Kabel przy\u0142\u0105czeniowy bezhalogenowy, 12-\u017cy\u0142owy, przeznaczony do zamk\u00f3w elektrycznych z przyciskiem SAFETRON. \u2022 D\u0142ugo\u015b\u0107: 10 metr\u00f3w \u2022 12-\u017cy\u0142owy (3 dodatkowe) \u2022 Powierzchnia kabla: 0,25 mm\u00b2<\/p>","protected":false},"featured_media":141850,"template":"","meta":{"_acf_changed":false},"product_brand":[],"product_cat":[2834],"product_tag":[2299,4866,4505],"class_list":{"0":"post-141852","1":"product","2":"type-product","3":"status-publish","4":"has-post-thumbnail","6":"product_cat-ellas-motorlastillbehor","7":"product_tag-ellas-tillbehor-anslutningskabel","8":"product_tag-safetron-20","9":"product_tag-safetron-tillbehor-600-serien","10":"product_shipping_class-tunga-paket","11":"pa_brands-7safetron","12":"tm-no-options","14":"first","15":"instock","16":"sale","17":"featured","18":"taxable","19":"shipping-taxable","20":"purchasable","21":"product-type-simple"},"acf":[],"_links":{"self":[{"href":"https:\/\/secureus.se\/pl\/wp-json\/wp\/v2\/product\/141852","targetHints":{"allow":["GET"]}}],"collection":[{"href":"https:\/\/secureus.se\/pl\/wp-json\/wp\/v2\/product"}],"about":[{"href":"https:\/\/secureus.se\/pl\/wp-json\/wp\/v2\/types\/product"}],"wp:featuredmedia":[{"embeddable":true,"href":"https:\/\/secureus.se\/pl\/wp-json\/wp\/v2\/media\/141850"}],"wp:attachment":[{"href":"https:\/\/secureus.se\/pl\/wp-json\/wp\/v2\/media?parent=141852"}],"wp:term":[{"taxonomy":"product_brand","embeddable":true,"href":"https:\/\/secureus.se\/pl\/wp-json\/wp\/v2\/product_brand?post=141852"},{"taxonomy":"product_cat","embeddable":true,"href":"https:\/\/secureus.se\/pl\/wp-json\/wp\/v2\/product_cat?post=141852"},{"taxonomy":"product_tag","embeddable":true,"href":"https:\/\/secureus.se\/pl\/wp-json\/wp\/v2\/product_tag?post=141852"}],"curies":[{"name":"wp","href":"https:\/\/api.w.org\/{rel}","templated":true}]}}