{"id":141868,"date":"2022-07-04T10:43:31","date_gmt":"2022-07-04T08:43:31","guid":{"rendered":"https:\/\/secureus.se\/monteringsstolpe-sa50h-15\/"},"modified":"2026-01-12T13:16:05","modified_gmt":"2026-01-12T12:16:05","slug":"monteringsstolpe-sa50h-15","status":"publish","type":"product","link":"https:\/\/secureus.se\/pl\/monteringsstolpe-sa50h-15\/","title":{"rendered":"S\u0142upek monta\u017cowy Safetron SA50H-15"},"content":{"rendered":"<p>P\u0142aski s\u0142upek monta\u017cowy ze stali nierdzewnej do elektrycznych p\u0142yt ko\u0144cowych SAFETRON w serii standardowej: ES17 \/ ES19. Przystosowane do o\u015bcie\u017cnic drewnianych i metalowych, stosowane w po\u0142\u0105czeniu z zamkami podw\u00f3jnymi lub jednospadowymi typu connect\/evolution lub modu\u0142owymi. <\/p>\n<p>\u2022 Do drzwi prawych<br \/>\n<br \/>\n\u2022 Odpowiedni modu\u0142 p\u0142yty ko\u0144cowej zabezpieczaj\u0105cej 1887-2<br \/>\n<br \/>\n\u2022 Odpowiednik ST 4030H\/V-15<br \/>\n<br \/>\n\u2022 Rozmiar j\u0119zyka: 15 mm<br \/>\n<br \/>\n\u2022 Wymiary: (wys. x szer.) 200\u00d740 mm<\/p>","protected":false},"excerpt":{"rendered":"<p>P\u0142aski s\u0142upek monta\u017cowy ze stali nierdzewnej do elektrycznych p\u0142yt ko\u0144cowych SAFETRON w serii standardowej: ES17 \/ ES19. Przystosowane do o\u015bcie\u017cnic drewnianych i metalowych, stosowane w po\u0142\u0105czeniu z zamkami podw\u00f3jnymi lub jednospadowymi typu connect\/evolution lub modu\u0142owymi. \u2022<\/p>","protected":false},"featured_media":141867,"template":"","meta":{"_acf_changed":false},"product_brand":[],"product_cat":[4735],"product_tag":[4440,4866],"class_list":{"0":"post-141868","1":"product","2":"type-product","3":"status-publish","4":"has-post-thumbnail","6":"product_cat-monteringsstolpe","7":"product_tag-safetron-montagestolpar-es17-es19-sa-modell","8":"product_tag-safetron-20","9":"product_shipping_class-tunga-paket","10":"pa_brands-7safetron","11":"tm-has-options","13":"first","14":"instock","15":"featured","16":"taxable","17":"shipping-taxable","18":"purchasable","19":"product-type-simple"},"acf":[],"_links":{"self":[{"href":"https:\/\/secureus.se\/pl\/wp-json\/wp\/v2\/product\/141868","targetHints":{"allow":["GET"]}}],"collection":[{"href":"https:\/\/secureus.se\/pl\/wp-json\/wp\/v2\/product"}],"about":[{"href":"https:\/\/secureus.se\/pl\/wp-json\/wp\/v2\/types\/product"}],"wp:featuredmedia":[{"embeddable":true,"href":"https:\/\/secureus.se\/pl\/wp-json\/wp\/v2\/media\/141867"}],"wp:attachment":[{"href":"https:\/\/secureus.se\/pl\/wp-json\/wp\/v2\/media?parent=141868"}],"wp:term":[{"taxonomy":"product_brand","embeddable":true,"href":"https:\/\/secureus.se\/pl\/wp-json\/wp\/v2\/product_brand?post=141868"},{"taxonomy":"product_cat","embeddable":true,"href":"https:\/\/secureus.se\/pl\/wp-json\/wp\/v2\/product_cat?post=141868"},{"taxonomy":"product_tag","embeddable":true,"href":"https:\/\/secureus.se\/pl\/wp-json\/wp\/v2\/product_tag?post=141868"}],"curies":[{"name":"wp","href":"https:\/\/api.w.org\/{rel}","templated":true}]}}