{"id":141939,"date":"2022-07-04T11:09:39","date_gmt":"2022-07-04T09:09:39","guid":{"rendered":"https:\/\/secureus.se\/slutbleck-106-4\/"},"modified":"2026-01-12T13:16:57","modified_gmt":"2026-01-12T12:16:57","slug":"slutbleck-106-4","status":"publish","type":"product","link":"https:\/\/secureus.se\/pl\/slutbleck-106-4\/","title":{"rendered":"P\u0142yta ko\u0144cowa 106-4"},"content":{"rendered":"<h1>P\u0142yta ko\u0144cowa 106-4<\/h1>\n<p class=\"\" data-start=\"232\" data-end=\"607\">P\u0142ytka zaczepowa 106-4 przeznaczona jest do zamk\u00f3w silnikowych serii TwoCom 6000 firmy Safetron.<\/p>\n<p class=\"\" data-start=\"232\" data-end=\"607\">Wykonane z wysokiej jako\u015bci stali nierdzewnej, poddanej elektropolerowaniu, co zapewnia d\u0142ug\u0105 trwa\u0142o\u015b\u0107 i wysok\u0105 odporno\u015b\u0107 na korozj\u0119. W zestawie magnes zapewniaj\u0105cy skuteczne blokowanie.<\/p>\n<p class=\"\" data-start=\"232\" data-end=\"607\">Ta blacha zaczepowa to niezawodne akcesorium umo\u017cliwiaj\u0105ce bezpieczne zamykanie drzwi w r\u00f3\u017cnych \u015brodowiskach.<\/p>\n<p class=\"\" data-start=\"609\" data-end=\"626\"><strong data-start=\"609\" data-end=\"623\">Charakterystyka<\/strong>:<\/p>\n<ul data-start=\"627\" data-end=\"829\">\n<li class=\"\" data-start=\"627\" data-end=\"679\">\n<p class=\"\" data-start=\"629\" data-end=\"679\">Pasuje do zamka silnikowego Safetron serii TwoCom 6000<\/p>\n<\/li>\n<li class=\"\" data-start=\"680\" data-end=\"746\">\n<p class=\"\" data-start=\"682\" data-end=\"746\">Wykonane z elektropolerowanej stali nierdzewnej dla zwi\u0119kszenia trwa\u0142o\u015bci<\/p>\n<\/li>\n<li class=\"\" data-start=\"747\" data-end=\"781\">\n<p class=\"\" data-start=\"749\" data-end=\"781\">W zestawie magnes zapewniaj\u0105cy bezpieczne blokowanie<\/p>\n<\/li>\n<li class=\"\" data-start=\"782\" data-end=\"807\">\n<p class=\"\" data-start=\"784\" data-end=\"807\">Wymiary (wys. x szer.): 200\u00d740 mm<\/p>\n<\/li>\n<li class=\"\" data-start=\"808\" data-end=\"829\">\n<p class=\"\" data-start=\"810\" data-end=\"829\">Rozmiar j\u0119zyka: 20,5 mm<\/p>\n<\/li>\n<\/ul>\n<p class=\"\" data-start=\"831\" data-end=\"850\"><strong data-start=\"831\" data-end=\"847\">Dane techniczne<\/strong>:<\/p>\n<ul data-start=\"851\" data-end=\"979\">\n<li class=\"\" data-start=\"851\" data-end=\"880\">\n<p class=\"\" data-start=\"853\" data-end=\"880\"><strong data-start=\"853\" data-end=\"867\">Wymiary (wys. x szer.)<\/strong>: 200\u00d740mm<\/p>\n<\/li>\n<li class=\"\" data-start=\"881\" data-end=\"906\">\n<p class=\"\" data-start=\"883\" data-end=\"906\"><strong data-start=\"883\" data-end=\"895\">Miara j\u0119zyka<\/strong>: 20,5 mm<\/p>\n<\/li>\n<li class=\"\" data-start=\"907\" data-end=\"954\">\n<p class=\"\" data-start=\"909\" data-end=\"954\"><strong data-start=\"909\" data-end=\"921\">Tworzywo<\/strong>:Stal nierdzewna elektropolerowana<\/p>\n<\/li>\n<li class=\"\" data-start=\"955\" data-end=\"979\">\n<p class=\"\" data-start=\"957\" data-end=\"979\"><strong data-start=\"957\" data-end=\"973\">W zestawie magnes<\/strong>: Tak<\/p>\n<\/li>\n<\/ul>","protected":false},"excerpt":{"rendered":"<p>P\u0142ytka zaczepowa 106-4 do zamka silnikowego Safetron TwoCom serii 6000. Wykonany z elektropolerowanej stali nierdzewnej, zawiera magnes.<\/p>","protected":false},"featured_media":141938,"template":"","meta":{"_acf_changed":false},"product_brand":[],"product_cat":[3355],"product_tag":[4504,4866,4503],"class_list":{"0":"post-141939","1":"product","2":"type-product","3":"status-publish","4":"has-post-thumbnail","6":"product_cat-elslutbleck","7":"product_tag-ellas-tillbehor-slutbleck","8":"product_tag-safetron-20","9":"product_tag-safetron-tillbehor-motorlas-5000-serien","10":"product_shipping_class-tunga-paket","11":"pa_brands-7safetron","12":"tm-no-options","14":"first","15":"instock","16":"featured","17":"taxable","18":"shipping-taxable","19":"purchasable","20":"product-type-simple"},"acf":[],"_links":{"self":[{"href":"https:\/\/secureus.se\/pl\/wp-json\/wp\/v2\/product\/141939","targetHints":{"allow":["GET"]}}],"collection":[{"href":"https:\/\/secureus.se\/pl\/wp-json\/wp\/v2\/product"}],"about":[{"href":"https:\/\/secureus.se\/pl\/wp-json\/wp\/v2\/types\/product"}],"wp:featuredmedia":[{"embeddable":true,"href":"https:\/\/secureus.se\/pl\/wp-json\/wp\/v2\/media\/141938"}],"wp:attachment":[{"href":"https:\/\/secureus.se\/pl\/wp-json\/wp\/v2\/media?parent=141939"}],"wp:term":[{"taxonomy":"product_brand","embeddable":true,"href":"https:\/\/secureus.se\/pl\/wp-json\/wp\/v2\/product_brand?post=141939"},{"taxonomy":"product_cat","embeddable":true,"href":"https:\/\/secureus.se\/pl\/wp-json\/wp\/v2\/product_cat?post=141939"},{"taxonomy":"product_tag","embeddable":true,"href":"https:\/\/secureus.se\/pl\/wp-json\/wp\/v2\/product_tag?post=141939"}],"curies":[{"name":"wp","href":"https:\/\/api.w.org\/{rel}","templated":true}]}}