{"id":141946,"date":"2022-07-04T11:08:47","date_gmt":"2022-07-04T09:08:47","guid":{"rendered":"https:\/\/secureus.se\/slutbleck-107-3\/"},"modified":"2026-01-12T13:15:34","modified_gmt":"2026-01-12T12:15:34","slug":"slutbleck-107-3","status":"publish","type":"product","link":"https:\/\/secureus.se\/pl\/slutbleck-107-3\/","title":{"rendered":"P\u0142yta ko\u0144cowa 107-3"},"content":{"rendered":"<h1>P\u0142yta ko\u0144cowa 107-3<\/h1>\n<p class=\"\" data-start=\"244\" data-end=\"635\">P\u0142ytka zaczepowa 107-3 przeznaczona jest do zamk\u00f3w silnikowych 6500 i 6600 oraz zamk\u00f3w elektrycznych z przyciskiem SL620 i SL630.<\/p>\n<p class=\"\" data-start=\"244\" data-end=\"635\">Pasuje zar\u00f3wno do ram drewnianych, jak i stalowych i jest wykonany z trwa\u0142ej stali nierdzewnej, co zapewnia d\u0142ug\u0105 \u017cywotno\u015b\u0107 i odporno\u015b\u0107 na korozj\u0119.<\/p>\n<p class=\"\" data-start=\"244\" data-end=\"635\">W zestawie magnes zapewniaj\u0105cy bezpieczne i skuteczne blokowanie. Doskonale nadaje si\u0119 do rozwi\u0105za\u0144 bezpiecze\u0144stwa komercyjnego i przemys\u0142owego, gdzie wymagana jest wysoka wydajno\u015b\u0107.<\/p>\n<p class=\"\" data-start=\"637\" data-end=\"654\"><strong data-start=\"637\" data-end=\"651\">Charakterystyka<\/strong>:<\/p>\n<ul data-start=\"655\" data-end=\"882\">\n<li class=\"\" data-start=\"655\" data-end=\"693\">\n<p class=\"\" data-start=\"657\" data-end=\"693\">Nadaje si\u0119 do ram drewnianych i stalowych<\/p>\n<\/li>\n<li class=\"\" data-start=\"694\" data-end=\"767\">\n<p class=\"\" data-start=\"696\" data-end=\"767\">Kompatybilny z zamkami silnikowymi 6500, 6600 i zamkami elektrycznymi SL620 i SL630<\/p>\n<\/li>\n<li class=\"\" data-start=\"768\" data-end=\"805\">\n<p class=\"\" data-start=\"770\" data-end=\"805\">W zestawie magnes zapewniaj\u0105cy skuteczne blokowanie<\/p>\n<\/li>\n<li class=\"\" data-start=\"806\" data-end=\"856\">\n<p class=\"\" data-start=\"808\" data-end=\"856\">Wykonany ze stali nierdzewnej dla zapewnienia wysokiej trwa\u0142o\u015bci<\/p>\n<\/li>\n<li class=\"\" data-start=\"857\" data-end=\"882\">\n<p class=\"\" data-start=\"859\" data-end=\"882\"><strong data-start=\"859\" data-end=\"871\">Miara j\u0119zyka<\/strong>: 19,0 mm<\/p>\n<\/li>\n<\/ul>\n<p class=\"\" data-start=\"884\" data-end=\"903\"><strong data-start=\"884\" data-end=\"900\">Dane techniczne<\/strong>:<\/p>\n<ul data-start=\"904\" data-end=\"987\">\n<li class=\"\" data-start=\"904\" data-end=\"929\">\n<p class=\"\" data-start=\"906\" data-end=\"929\"><strong data-start=\"906\" data-end=\"918\">Miara j\u0119zyka<\/strong>: 19,0 mm<\/p>\n<\/li>\n<li class=\"\" data-start=\"930\" data-end=\"962\">\n<p class=\"\" data-start=\"932\" data-end=\"962\"><strong data-start=\"932\" data-end=\"944\">Tworzywo<\/strong>:Stal nierdzewna<\/p>\n<\/li>\n<li class=\"\" data-start=\"963\" data-end=\"987\">\n<p class=\"\" data-start=\"965\" data-end=\"987\"><strong data-start=\"965\" data-end=\"981\">W zestawie magnes<\/strong>: Tak<\/p>\n<\/li>\n<\/ul>","protected":false},"excerpt":{"rendered":"<p>P\u0142ytka zaczepowa 107-3 do stosowania z zamkami silnikowymi 6500, 6600 i zamkami elektrycznymi z przyciskiem SL620, SL630. Wykonany ze stali nierdzewnej, zawiera magnes.<\/p>","protected":false},"featured_media":141944,"template":"","meta":{"_acf_changed":false},"product_brand":[],"product_cat":[3355],"product_tag":[4504,4866,4505,4452],"class_list":{"0":"post-141946","1":"product","2":"type-product","3":"status-publish","4":"has-post-thumbnail","6":"product_cat-elslutbleck","7":"product_tag-ellas-tillbehor-slutbleck","8":"product_tag-safetron-20","9":"product_tag-safetron-tillbehor-600-serien","10":"product_tag-safetron-tillbehor-motorlas-6000-serien","11":"product_shipping_class-tunga-paket","12":"pa_brands-7safetron","13":"tm-no-options","15":"first","16":"instock","17":"featured","18":"taxable","19":"shipping-taxable","20":"purchasable","21":"product-type-simple"},"acf":[],"_links":{"self":[{"href":"https:\/\/secureus.se\/pl\/wp-json\/wp\/v2\/product\/141946","targetHints":{"allow":["GET"]}}],"collection":[{"href":"https:\/\/secureus.se\/pl\/wp-json\/wp\/v2\/product"}],"about":[{"href":"https:\/\/secureus.se\/pl\/wp-json\/wp\/v2\/types\/product"}],"wp:featuredmedia":[{"embeddable":true,"href":"https:\/\/secureus.se\/pl\/wp-json\/wp\/v2\/media\/141944"}],"wp:attachment":[{"href":"https:\/\/secureus.se\/pl\/wp-json\/wp\/v2\/media?parent=141946"}],"wp:term":[{"taxonomy":"product_brand","embeddable":true,"href":"https:\/\/secureus.se\/pl\/wp-json\/wp\/v2\/product_brand?post=141946"},{"taxonomy":"product_cat","embeddable":true,"href":"https:\/\/secureus.se\/pl\/wp-json\/wp\/v2\/product_cat?post=141946"},{"taxonomy":"product_tag","embeddable":true,"href":"https:\/\/secureus.se\/pl\/wp-json\/wp\/v2\/product_tag?post=141946"}],"curies":[{"name":"wp","href":"https:\/\/api.w.org\/{rel}","templated":true}]}}