{"id":142333,"date":"2022-06-29T12:46:56","date_gmt":"2022-06-29T10:46:56","guid":{"rendered":"https:\/\/secureus.se\/ir-detektor-60m-ve735\/"},"modified":"2026-04-23T11:08:11","modified_gmt":"2026-04-23T09:08:11","slug":"ir-detektor-60m-ve735","status":"publish","type":"product","link":"https:\/\/secureus.se\/pl\/ir-detektor-60m-ve735\/","title":{"rendered":"Detektor podczerwieni Ve735 \u2013 k\u0105t 20 metr\u00f3w lub wi\u0105zka o d\u0142ugo\u015bci 60 metr\u00f3w"},"content":{"rendered":"<h1>Detektor podczerwieni Ve735 \u2013 k\u0105t 20 metr\u00f3w lub wi\u0105zka o d\u0142ugo\u015bci 60 metr\u00f3w<\/h1>\n<p data-start=\"339\" data-end=\"1577\">Detektor podczerwieni VE735 to zaawansowany detektor PIR o k\u0105cie widzenia 20 metr\u00f3w lub zasi\u0119gu 60 metr\u00f3w.<\/p>\n<p data-start=\"339\" data-end=\"1577\">Wyposa\u017cony w opatentowany piroelement i algorytmy DSP, VE735 zapewnia wielowymiarowy obraz sygna\u0142u, kt\u00f3ry nie tylko identyfikuje obecno\u015b\u0107 \u017ar\u00f3d\u0142a ciep\u0142a, ale tak\u017ce okre\u015bla jego kierunek.<\/p>\n<p data-start=\"339\" data-end=\"1577\">Ta unikalna konstrukcja zapewnia znaczn\u0105 popraw\u0119 technologii detekcji PIR.<br data-start=\"761\" data-end=\"764\" \/>Detekcja w urz\u0105dzeniu VE735 opiera si\u0119 na wielowymiarowym sygnale z piroelementu, co pozwala na rozr\u00f3\u017cnianie r\u00f3\u017cnych typ\u00f3w \u017ar\u00f3de\u0142 ciep\u0142a, w tym \u017ar\u00f3de\u0142 statycznych, kt\u00f3re nie generuj\u0105 alarm\u00f3w.<\/p>\n<p data-start=\"339\" data-end=\"1577\">Dzi\u0119ki algorytmom DSP, VE735 potrafi filtrowa\u0107 sygna\u0142y ze statycznych \u017ar\u00f3de\u0142 ciep\u0142a i ostrzega\u0107 tylko o wzorcach ruchu wskazuj\u0105cych na potencjalnego intruza.<\/p>\n<p data-start=\"339\" data-end=\"1577\">Oznacza to wysoki poziom bezpiecze\u0144stwa i dok\u0142adne wykrywanie bez fa\u0142szywych alarm\u00f3w.<br data-start=\"1191\" data-end=\"1194\" \/>Aby jeszcze bardziej poprawi\u0107 wykrywalno\u015b\u0107, VE735 wykorzystuje technologi\u0119 lustra HDO (High Density Optics). Technologia HDO zapewnia wi\u0119kszy i szerszy zakres zas\u0142on bez konieczno\u015bci zwi\u0119kszania rozmiaru lustra.<\/p>\n<p data-start=\"339\" data-end=\"1577\">Dzi\u0119ki lustru o k\u0105cie 90 stopni i 11 zas\u0142onom mo\u017ce zapewni\u0107 skuteczn\u0105 i kompleksow\u0105 ochron\u0119.<\/p>\n<p data-start=\"339\" data-end=\"1577\">Dzi\u0119ki temu VE735 jest optymalnym rozwi\u0105zaniem zapewniaj\u0105cym wysoki poziom bezpiecze\u0144stwa zar\u00f3wno w zastosowaniach z wi\u0105zk\u0105 k\u0105tow\u0105, jak i d\u0142ug\u0105.<\/p>\n<p data-start=\"1579\" data-end=\"1609\"><strong data-start=\"1579\" data-end=\"1607\">Funkcje i zalety:<\/strong><\/p>\n<ul data-start=\"1610\" data-end=\"2079\">\n<li data-start=\"1610\" data-end=\"1693\">\n<p data-start=\"1612\" data-end=\"1693\">K\u0105t wi\u0105zki 20 metr\u00f3w lub zasi\u0119g wi\u0105zki 60 metr\u00f3w zapewniaj\u0105 elastyczn\u0105 instalacj\u0119<\/p>\n<\/li>\n<li data-start=\"1694\" data-end=\"1770\">\n<p data-start=\"1696\" data-end=\"1770\">Opatentowany piroelement do wielowymiarowego wykrywania i precyzyjnego celowania<\/p>\n<\/li>\n<li data-start=\"1771\" data-end=\"1852\">\n<p data-start=\"1773\" data-end=\"1852\">Algorytmy DSP do filtrowania zak\u0142\u00f3ce\u0144 ze statycznych \u017ar\u00f3de\u0142 ciep\u0142a<\/p>\n<\/li>\n<li data-start=\"1853\" data-end=\"1937\">\n<p data-start=\"1855\" data-end=\"1937\">Wysoki poziom bezpiecze\u0144stwa dzi\u0119ki filtrowaniu wy\u0142\u0105cznie wzorc\u00f3w ruchu, chroni\u0105cych przed potencjalnymi intruzami<\/p>\n<\/li>\n<li data-start=\"1938\" data-end=\"2009\">\n<p data-start=\"1940\" data-end=\"2009\">Optyka lustrzana HDO pozwala na wykonanie szerszych zas\u0142on bez konieczno\u015bci zwi\u0119kszania rozmiaru lustra<\/p>\n<\/li>\n<li data-start=\"2010\" data-end=\"2079\">\n<p data-start=\"2012\" data-end=\"2079\">Lustro 90 stopni i 11 zas\u0142on zapewniaj\u0105ce skuteczn\u0105 i dok\u0142adn\u0105 detekcj\u0119<\/p>\n<\/li>\n<\/ul>\n<p data-start=\"2081\" data-end=\"2112\"><strong data-start=\"2081\" data-end=\"2110\">Dane techniczne:<\/strong><\/p>\n<ul data-start=\"2113\" data-end=\"2416\">\n<li data-start=\"2113\" data-end=\"2171\">\n<p data-start=\"2115\" data-end=\"2171\">Zasi\u0119g: k\u0105t 20 metr\u00f3w lub wi\u0105zka o d\u0142ugo\u015bci 60 metr\u00f3w<\/p>\n<\/li>\n<li data-start=\"2172\" data-end=\"2214\">\n<p data-start=\"2174\" data-end=\"2214\">Zasi\u0119g: 90 stopni z 11 zas\u0142onami<\/p>\n<\/li>\n<li data-start=\"2215\" data-end=\"2272\">\n<p data-start=\"2217\" data-end=\"2272\">Technologia: opatentowana technologia piroelement\u00f3w i detekcji DSP<\/p>\n<\/li>\n<li data-start=\"2273\" data-end=\"2313\">\n<p data-start=\"2275\" data-end=\"2313\">Optyka lustrzana HDO zapewniaj\u0105ca maksymalny zasi\u0119g<\/p>\n<\/li>\n<li data-start=\"2314\" data-end=\"2346\">\n<p data-start=\"2316\" data-end=\"2346\">Zasilanie: 9 \u2013 15 V DC<\/p>\n<\/li>\n<li data-start=\"2347\" data-end=\"2374\">\n<p data-start=\"2349\" data-end=\"2374\">Pob\u00f3r pr\u0105du: 10 mA<\/p>\n<\/li>\n<li data-start=\"2375\" data-end=\"2416\">\n<p data-start=\"2377\" data-end=\"2416\">Wymiary: Wymiary standardowe dla czujnik\u00f3w PIR<\/p>\n<\/li>\n<\/ul>","protected":false},"excerpt":{"rendered":"<p>Detektor PIR o k\u0105cie widzenia 20 metr\u00f3w lub zasi\u0119gu 60 metr\u00f3w.<\/p>\n<p>Opatentowane algorytmy pyroelement\u00f3w i DSP zapewniaj\u0105ce wielowymiarow\u0105 detekcj\u0119 i wysokie bezpiecze\u0144stwo.<\/p>","protected":false},"featured_media":142331,"template":"","meta":{"_acf_changed":false},"product_brand":[],"product_cat":[1325],"product_tag":[2145,2465],"class_list":{"0":"post-142333","1":"product","2":"type-product","3":"status-publish","4":"has-post-thumbnail","6":"product_cat-larmgivare-skalskydd","7":"product_tag-rorelsedetektor-ir-detektorer","8":"product_tag-sbsc-larmklass2","9":"product_shipping_class-tunga-paket","10":"pa_brands-aritech","11":"tm-no-options","13":"first","14":"instock","15":"sale","16":"taxable","17":"shipping-taxable","18":"purchasable","19":"product-type-simple"},"acf":[],"_links":{"self":[{"href":"https:\/\/secureus.se\/pl\/wp-json\/wp\/v2\/product\/142333","targetHints":{"allow":["GET"]}}],"collection":[{"href":"https:\/\/secureus.se\/pl\/wp-json\/wp\/v2\/product"}],"about":[{"href":"https:\/\/secureus.se\/pl\/wp-json\/wp\/v2\/types\/product"}],"wp:featuredmedia":[{"embeddable":true,"href":"https:\/\/secureus.se\/pl\/wp-json\/wp\/v2\/media\/142331"}],"wp:attachment":[{"href":"https:\/\/secureus.se\/pl\/wp-json\/wp\/v2\/media?parent=142333"}],"wp:term":[{"taxonomy":"product_brand","embeddable":true,"href":"https:\/\/secureus.se\/pl\/wp-json\/wp\/v2\/product_brand?post=142333"},{"taxonomy":"product_cat","embeddable":true,"href":"https:\/\/secureus.se\/pl\/wp-json\/wp\/v2\/product_cat?post=142333"},{"taxonomy":"product_tag","embeddable":true,"href":"https:\/\/secureus.se\/pl\/wp-json\/wp\/v2\/product_tag?post=142333"}],"curies":[{"name":"wp","href":"https:\/\/api.w.org\/{rel}","templated":true}]}}