{"id":142353,"date":"2022-07-04T10:37:12","date_gmt":"2022-07-04T08:37:12","guid":{"rendered":"https:\/\/secureus.se\/monteringsstolpe-sa45\/"},"modified":"2026-01-12T13:15:22","modified_gmt":"2026-01-12T12:15:22","slug":"monteringsstolpe-sa45","status":"publish","type":"product","link":"https:\/\/secureus.se\/pl\/monteringsstolpe-sa45\/","title":{"rendered":"S\u0142upek monta\u017cowy Safetron SA45"},"content":{"rendered":"<p>P\u0142aski s\u0142upek monta\u017cowy ze stali nierdzewnej do elektrycznych p\u0142yt ko\u0144cowych SAFETRON w serii standardowej: ES17 \/ ES19. Przystosowane do systemu profili SCH\u00dcCO ADS 50.NI, stosowane razem z zamkami podw\u00f3jnymi lub pojedynczymi typu connect\/evolution lub modu\u0142owymi.<\/p>\n<p>\u2022 Przystosowany do SCH\u00dcCO ADS 50.NI<br \/>\n<br \/>\n\u2022 Odpowiednik ST 4040<br \/>\n<br \/>\n\u2022 Rozmiar j\u0119zyka: 8 mm<br \/>\n<br \/>\n\u2022 Wymiary: (wys. x szer.) 245\u00d734,3 mm<\/p>","protected":false},"excerpt":{"rendered":"<p>P\u0142aski s\u0142upek monta\u017cowy ze stali nierdzewnej do elektrycznych p\u0142yt ko\u0144cowych SAFETRON w serii standardowej: ES17 \/ ES19. Przystosowane do systemu profili SCH\u00dcCO ADS 50.NI, stosowane razem z zamkami podw\u00f3jnymi lub pojedynczymi typu connect\/evolution lub modu\u0142owymi.<\/p>","protected":false},"featured_media":142352,"template":"","meta":{"_acf_changed":false},"product_brand":[],"product_cat":[4735],"product_tag":[4440,4866],"class_list":{"0":"post-142353","1":"product","2":"type-product","3":"status-publish","4":"has-post-thumbnail","6":"product_cat-monteringsstolpe","7":"product_tag-safetron-montagestolpar-es17-es19-sa-modell","8":"product_tag-safetron-20","9":"product_shipping_class-tunga-paket","10":"pa_brands-7safetron","11":"tm-has-options","13":"first","14":"instock","15":"featured","16":"taxable","17":"shipping-taxable","18":"purchasable","19":"product-type-simple"},"acf":[],"_links":{"self":[{"href":"https:\/\/secureus.se\/pl\/wp-json\/wp\/v2\/product\/142353","targetHints":{"allow":["GET"]}}],"collection":[{"href":"https:\/\/secureus.se\/pl\/wp-json\/wp\/v2\/product"}],"about":[{"href":"https:\/\/secureus.se\/pl\/wp-json\/wp\/v2\/types\/product"}],"wp:featuredmedia":[{"embeddable":true,"href":"https:\/\/secureus.se\/pl\/wp-json\/wp\/v2\/media\/142352"}],"wp:attachment":[{"href":"https:\/\/secureus.se\/pl\/wp-json\/wp\/v2\/media?parent=142353"}],"wp:term":[{"taxonomy":"product_brand","embeddable":true,"href":"https:\/\/secureus.se\/pl\/wp-json\/wp\/v2\/product_brand?post=142353"},{"taxonomy":"product_cat","embeddable":true,"href":"https:\/\/secureus.se\/pl\/wp-json\/wp\/v2\/product_cat?post=142353"},{"taxonomy":"product_tag","embeddable":true,"href":"https:\/\/secureus.se\/pl\/wp-json\/wp\/v2\/product_tag?post=142353"}],"curies":[{"name":"wp","href":"https:\/\/api.w.org\/{rel}","templated":true}]}}