{"id":142542,"date":"2022-06-29T12:46:31","date_gmt":"2022-06-29T10:46:31","guid":{"rendered":"https:\/\/secureus.se\/ir-detektor-tak-ir261\/"},"modified":"2026-04-08T16:52:42","modified_gmt":"2026-04-08T14:52:42","slug":"ir-detektor-tak-ir261","status":"publish","type":"product","link":"https:\/\/secureus.se\/pl\/ir-detektor-tak-ir261\/","title":{"rendered":"Detektor podczerwieni sufitowy IR261 \u2013 360 stopni 4,2 do 18,2 metr\u00f3w w zale\u017cno\u015bci od wysoko\u015bci instalacji"},"content":{"rendered":"<h1>Detektor podczerwieni sufitowy IR261 \u2013 360 stopni 4,2 do 18,2 metr\u00f3w w zale\u017cno\u015bci od wysoko\u015bci instalacji<\/h1>\n<p data-start=\"316\" data-end=\"1255\">Sufitowy detektor podczerwieni IR261 to niezawodny i \u0142atwy w monta\u017cu detektor o zasi\u0119gu 360 stopni, zaprojektowany do dok\u0142adnego wykrywania w du\u017cych pomieszczeniach, otwartych przestrzeniach biurowych, przestrzeniach handlowych, na skrzy\u017cowaniach korytarzy i w magazynach.<\/p>\n<p data-start=\"316\" data-end=\"1255\">Dzi\u0119ki zasi\u0119gowi do 18,2 metr\u00f3w, w zale\u017cno\u015bci od wysoko\u015bci instalacji, IR261 oferuje elastyczno\u015b\u0107, kt\u00f3ra pozwala sprosta\u0107 potrzebom r\u00f3\u017cnych typ\u00f3w \u015brodowisk.<br data-start=\"708\" data-end=\"711\" \/>Posiada cztery poziomy regulacji czu\u0142o\u015bci i wska\u017anik LED testu przej\u015bcia, dzi\u0119ki czemu mo\u017cna \u0142atwo dostosowa\u0107 detektor do konkretnych wymaga\u0144 instalacyjnych.<\/p>\n<p data-start=\"316\" data-end=\"1255\">Detektor IR261 charakteryzuje si\u0119 poborem pr\u0105du wynosz\u0105cym 25 mA (35 mA w przypadku alarmu) i napi\u0119ciem zasilania wynosz\u0105cym od 10,5 do 18 V DC.<br data-start=\"976\" data-end=\"979\" \/>Aby zwi\u0119kszy\u0107 bezpiecze\u0144stwo, urz\u0105dzenie wyposa\u017cono w wyj\u015bcie antysabota\u017cowe (NC \/ 30 V DC, 50 mA).<\/p>\n<p data-start=\"316\" data-end=\"1255\">Urz\u0105dzenie jest dopuszczone do stosowania w zakresie temperatur od -15\u00b0C do +55\u00b0C i ma obudow\u0119 o stopniu ochrony IP41 zgodnie z norm\u0105 IEC529, co czyni je wystarczaj\u0105co wytrzyma\u0142ym, aby mo\u017cna by\u0142o stosowa\u0107 je w wielu r\u00f3\u017cnych \u015brodowiskach.<\/p>\n<p data-start=\"1257\" data-end=\"1287\"><strong data-start=\"1257\" data-end=\"1285\">Funkcje i zalety:<\/strong><\/p>\n<ul data-start=\"1288\" data-end=\"1728\">\n<li data-start=\"1288\" data-end=\"1336\">\n<p data-start=\"1290\" data-end=\"1336\">Nadz\u00f3r 360 stopni zapewniaj\u0105cy kompleksowy zasi\u0119g<\/p>\n<\/li>\n<li data-start=\"1337\" data-end=\"1399\">\n<p data-start=\"1339\" data-end=\"1399\">Zasi\u0119g do 18,2 metr\u00f3w w zale\u017cno\u015bci od wysoko\u015bci instalacji<\/p>\n<\/li>\n<li data-start=\"1400\" data-end=\"1465\">\n<p data-start=\"1402\" data-end=\"1465\">Nadaje si\u0119 do du\u017cych pomieszcze\u0144, otwartych przestrzeni biurowych i magazyn\u00f3w<\/p>\n<\/li>\n<li data-start=\"1466\" data-end=\"1532\">\n<p data-start=\"1468\" data-end=\"1532\">Cztery poziomy ustawie\u0144 czu\u0142o\u015bci dla dostosowanego wykrywania<\/p>\n<\/li>\n<li data-start=\"1533\" data-end=\"1587\">\n<p data-start=\"1535\" data-end=\"1587\">Wska\u017anik LED do testu chodzenia i szybkiej instalacji<\/p>\n<\/li>\n<li data-start=\"1588\" data-end=\"1647\">\n<p data-start=\"1590\" data-end=\"1647\">Wyj\u015bcie antysabota\u017cowe (NC \/ 30 V DC, 50 mA) zapewniaj\u0105ce dodatkowe bezpiecze\u0144stwo<\/p>\n<\/li>\n<li data-start=\"1648\" data-end=\"1685\">\n<p data-start=\"1650\" data-end=\"1685\">Odporno\u015b\u0107 na temperatur\u0119: -15\u00b0C do +55\u00b0C<\/p>\n<\/li>\n<li data-start=\"1686\" data-end=\"1728\">\n<p data-start=\"1688\" data-end=\"1728\">Klasa ochrony IP41 zapewniaj\u0105ca solidn\u0105 wydajno\u015b\u0107<\/p>\n<\/li>\n<\/ul>\n<p data-start=\"1730\" data-end=\"1761\"><strong data-start=\"1730\" data-end=\"1759\">Dane techniczne:<\/strong><\/p>\n<ul data-start=\"1762\" data-end=\"2153\">\n<li data-start=\"1762\" data-end=\"1827\">\n<p data-start=\"1764\" data-end=\"1827\">Zasi\u0119g: 18,2 metra \u015brednicy (w zale\u017cno\u015bci od wysoko\u015bci instalacji)<\/p>\n<\/li>\n<li data-start=\"1828\" data-end=\"1864\">\n<p data-start=\"1830\" data-end=\"1864\">Zasilanie: 10,5 \u2013 18 V pr\u0105du sta\u0142ego<\/p>\n<\/li>\n<li data-start=\"1865\" data-end=\"1909\">\n<p data-start=\"1867\" data-end=\"1909\">Pob\u00f3r pr\u0105du: 25 mA (35 mA w stanie alarmu)<\/p>\n<\/li>\n<li data-start=\"1910\" data-end=\"1962\">\n<p data-start=\"1912\" data-end=\"1962\">Wyj\u015bcie alarmowe: Wyj\u015bcie antysabota\u017cowe (NC \/ 30 V DC, 50 mA)<\/p>\n<\/li>\n<li data-start=\"1963\" data-end=\"1990\">\n<p data-start=\"1965\" data-end=\"1990\">Wska\u017anik testu chodzenia: dioda LED<\/p>\n<\/li>\n<li data-start=\"1991\" data-end=\"2027\">\n<p data-start=\"1993\" data-end=\"2027\">Ustawienie czu\u0142o\u015bci: 4 poziomy<\/p>\n<\/li>\n<li data-start=\"2028\" data-end=\"2066\">\n<p data-start=\"2030\" data-end=\"2066\">Temperatura pracy: -15\u00b0C do +55\u00b0C<\/p>\n<\/li>\n<li data-start=\"2067\" data-end=\"2100\">\n<p data-start=\"2069\" data-end=\"2100\">Klasa obudowy (IEC529): IP41<\/p>\n<\/li>\n<li data-start=\"2101\" data-end=\"2153\">\n<p data-start=\"2103\" data-end=\"2153\">Wymiary: Wymiary standardowe dla czujnik\u00f3w PIR montowanych na suficie<\/p>\n<\/li>\n<\/ul>","protected":false},"excerpt":{"rendered":"<p>Detektor podczerwieni o zasi\u0119gu 360 stopni i promieniu do 18,2 metra.<\/p>\n<p>Elastyczna instalacja w du\u017cych pomieszczeniach, biurach i magazynach.<\/p>","protected":false},"featured_media":142541,"template":"","meta":{"_acf_changed":false},"product_brand":[],"product_cat":[1325],"product_tag":[2145],"class_list":{"0":"post-142542","1":"product","2":"type-product","3":"status-publish","4":"has-post-thumbnail","6":"product_cat-larmgivare-skalskydd","7":"product_tag-rorelsedetektor-ir-detektorer","8":"product_shipping_class-tunga-paket","9":"pa_brands-6vanderbilt","10":"tm-no-options","12":"first","13":"instock","14":"sale","15":"taxable","16":"shipping-taxable","17":"purchasable","18":"product-type-simple"},"acf":[],"_links":{"self":[{"href":"https:\/\/secureus.se\/pl\/wp-json\/wp\/v2\/product\/142542","targetHints":{"allow":["GET"]}}],"collection":[{"href":"https:\/\/secureus.se\/pl\/wp-json\/wp\/v2\/product"}],"about":[{"href":"https:\/\/secureus.se\/pl\/wp-json\/wp\/v2\/types\/product"}],"wp:featuredmedia":[{"embeddable":true,"href":"https:\/\/secureus.se\/pl\/wp-json\/wp\/v2\/media\/142541"}],"wp:attachment":[{"href":"https:\/\/secureus.se\/pl\/wp-json\/wp\/v2\/media?parent=142542"}],"wp:term":[{"taxonomy":"product_brand","embeddable":true,"href":"https:\/\/secureus.se\/pl\/wp-json\/wp\/v2\/product_brand?post=142542"},{"taxonomy":"product_cat","embeddable":true,"href":"https:\/\/secureus.se\/pl\/wp-json\/wp\/v2\/product_cat?post=142542"},{"taxonomy":"product_tag","embeddable":true,"href":"https:\/\/secureus.se\/pl\/wp-json\/wp\/v2\/product_tag?post=142542"}],"curies":[{"name":"wp","href":"https:\/\/api.w.org\/{rel}","templated":true}]}}