{"id":142706,"date":"2022-06-28T13:20:27","date_gmt":"2022-06-28T11:20:27","guid":{"rendered":"https:\/\/secureus.se\/antenn-rundstralande-mmcx\/"},"modified":"2025-10-06T13:53:27","modified_gmt":"2025-10-06T11:53:27","slug":"antenn-rundstralande-mmcx","status":"publish","type":"product","link":"https:\/\/secureus.se\/pl\/antenn-rundstralande-mmcx\/","title":{"rendered":"AddSecure STP 00633 Antena dook\u00f3lna Mmcx"},"content":{"rendered":"<p>Odporna na manipulacje i dyskretna antena do monta\u017cu na \u015bcianie wewn\u0119trznej. Dook\u00f3lny ze wzmocnieniem sygna\u0142u oko\u0142o 2dB. W zestawie kabel o d\u0142ugo\u015bci 0,75 m ze z\u0142\u0105czem MMXC.<\/p>","protected":false},"excerpt":{"rendered":"<p>Odporna na manipulacje i dyskretna antena do monta\u017cu na \u015bcianie wewn\u0119trznej. Dook\u00f3lny ze wzmocnieniem sygna\u0142u oko\u0142o 2dB. W zestawie kabel o d\u0142ugo\u015bci 0,75 m ze z\u0142\u0105czem MMXC.<\/p>","protected":false},"featured_media":142705,"template":"","meta":{"_acf_changed":false},"product_brand":[],"product_cat":[1551],"product_tag":[4517],"class_list":{"0":"post-142706","1":"product","2":"type-product","3":"status-publish","4":"has-post-thumbnail","6":"product_cat-larmoverforing","7":"product_tag-larmoverforing-tillbehor-antenn-etc","8":"product_shipping_class-postnord-varubrev","9":"pa_brands-addsecure","10":"tm-no-options","12":"first","13":"instock","14":"taxable","15":"shipping-taxable","16":"purchasable","17":"product-type-simple"},"acf":[],"_links":{"self":[{"href":"https:\/\/secureus.se\/pl\/wp-json\/wp\/v2\/product\/142706","targetHints":{"allow":["GET"]}}],"collection":[{"href":"https:\/\/secureus.se\/pl\/wp-json\/wp\/v2\/product"}],"about":[{"href":"https:\/\/secureus.se\/pl\/wp-json\/wp\/v2\/types\/product"}],"wp:featuredmedia":[{"embeddable":true,"href":"https:\/\/secureus.se\/pl\/wp-json\/wp\/v2\/media\/142705"}],"wp:attachment":[{"href":"https:\/\/secureus.se\/pl\/wp-json\/wp\/v2\/media?parent=142706"}],"wp:term":[{"taxonomy":"product_brand","embeddable":true,"href":"https:\/\/secureus.se\/pl\/wp-json\/wp\/v2\/product_brand?post=142706"},{"taxonomy":"product_cat","embeddable":true,"href":"https:\/\/secureus.se\/pl\/wp-json\/wp\/v2\/product_cat?post=142706"},{"taxonomy":"product_tag","embeddable":true,"href":"https:\/\/secureus.se\/pl\/wp-json\/wp\/v2\/product_tag?post=142706"}],"curies":[{"name":"wp","href":"https:\/\/api.w.org\/{rel}","templated":true}]}}