{"id":142982,"date":"2022-06-28T13:05:17","date_gmt":"2022-06-28T11:05:17","guid":{"rendered":"https:\/\/secureus.se\/seismisk-detektor-gm-730-2\/"},"modified":"2025-09-15T13:19:34","modified_gmt":"2025-09-15T11:19:34","slug":"seismisk-detektor-gm-730-2","status":"publish","type":"product","link":"https:\/\/secureus.se\/pl\/seismisk-detektor-gm-730-2\/","title":{"rendered":"Detektor sejsmiczny Gm 730"},"content":{"rendered":"<p>Detektor sejsmiczny o niskim profilu do stosowania na stali lub betonie. Ca\u0142odobowy monitoring sejf\u00f3w, bankomat\u00f3w, kas fiskalnych oraz automat\u00f3w biletowych i banknot\u00f3w. Indywidualne programowanie za pomoc\u0105 oprogramowania SensTool. Prosty test instalacji i dzia\u0142ania za pomoc\u0105 nadajnika testowego GMXS1 (oddzielne akcesorium). Czujnik SENSTEC\u00ae Bimorph i inteligentne przetwarzanie sygna\u0142u oparte na mikroprocesorze. Dane techniczne: Obszar dozoru: promie\u0144 4 m \/ 50 m2. Napi\u0119cie zasilania: 8 \u2013 16 VDC. Pob\u00f3r pr\u0105du: tryb u\u015bpienia 3 mA \/ alarm 5 mA. Wyj\u015bcie alarmowe: NC \/ 30 V DC \/ 100 mA \/ Ri.<\/p>","protected":false},"excerpt":{"rendered":"<p>Detektor sejsmiczny o niskim profilu do stosowania na stali lub betonie. Ca\u0142odobowa ochrona sejf\u00f3w, bankomat\u00f3w, boks\u00f3w us\u0142ugowych, biletomat\u00f3w i bankomat\u00f3w. Indywidualne programowanie przy u\u017cyciu oprogramowania SensTool. \u0141atwa instalacja i testowanie<\/p>","protected":false},"featured_media":142981,"template":"","meta":{"_acf_changed":false},"product_brand":[],"product_cat":[3085],"product_tag":[4521],"class_list":{"0":"post-142982","1":"product","2":"type-product","3":"status-publish","4":"has-post-thumbnail","6":"product_cat-vibationsdetektorer-glaskrossdetektorer","7":"product_tag-sbsc-larmklass3_4","8":"product_shipping_class-tunga-paket","9":"pa_brands-6vanderbilt","10":"tm-no-options","12":"first","13":"instock","14":"featured","15":"taxable","16":"shipping-taxable","17":"purchasable","18":"product-type-simple"},"acf":[],"_links":{"self":[{"href":"https:\/\/secureus.se\/pl\/wp-json\/wp\/v2\/product\/142982","targetHints":{"allow":["GET"]}}],"collection":[{"href":"https:\/\/secureus.se\/pl\/wp-json\/wp\/v2\/product"}],"about":[{"href":"https:\/\/secureus.se\/pl\/wp-json\/wp\/v2\/types\/product"}],"wp:featuredmedia":[{"embeddable":true,"href":"https:\/\/secureus.se\/pl\/wp-json\/wp\/v2\/media\/142981"}],"wp:attachment":[{"href":"https:\/\/secureus.se\/pl\/wp-json\/wp\/v2\/media?parent=142982"}],"wp:term":[{"taxonomy":"product_brand","embeddable":true,"href":"https:\/\/secureus.se\/pl\/wp-json\/wp\/v2\/product_brand?post=142982"},{"taxonomy":"product_cat","embeddable":true,"href":"https:\/\/secureus.se\/pl\/wp-json\/wp\/v2\/product_cat?post=142982"},{"taxonomy":"product_tag","embeddable":true,"href":"https:\/\/secureus.se\/pl\/wp-json\/wp\/v2\/product_tag?post=142982"}],"curies":[{"name":"wp","href":"https:\/\/api.w.org\/{rel}","templated":true}]}}