{"id":143110,"date":"2022-06-28T12:48:30","date_gmt":"2022-06-28T10:48:30","guid":{"rendered":"https:\/\/secureus.se\/magnetkontakt-mc-340-5\/"},"modified":"2025-09-15T13:19:48","modified_gmt":"2025-09-15T11:19:48","slug":"magnetkontakt-mc-340-5","status":"publish","type":"product","link":"https:\/\/secureus.se\/pl\/magnetkontakt-mc-340-5\/","title":{"rendered":"Kontakt magnetyczny Mc 340-5"},"content":{"rendered":"<p>Styk magnetyczny z funkcj\u0105 NC do monta\u017cu wpuszczanego w drzwiach i oknach o wymiarach 9x26mm. Zar\u00f3wno cz\u0119\u015b\u0107 stykowa, jak i magnes znajduj\u0105 si\u0119 w wodoodpornej (IP 67) bia\u0142ej obudowie z tworzywa sztucznego z ko\u0142nierzami, co umo\u017cliwia \u0142atwy monta\u017c w drewnie bez dodatkowych akcesori\u00f3w. Dost\u0119pna jest szeroka gama akcesori\u00f3w, patrz 6332803-6332811 oraz w kilku gotowych zestawach do r\u00f3\u017cnych zastosowa\u0144, patrz 6332767-6332778. Styki o wysokim stopniu bezpiecze\u0144stwa mo\u017cna znale\u017a\u0107 w MC 370, 6332790. Mo\u017cna zam\u00f3wi\u0107 specjalne rezystancje i specjalne d\u0142ugo\u015bci kabli lub kable bezhalogenowe.<\/p>","protected":false},"excerpt":{"rendered":"<p>Styk magnetyczny MC340-5<\/p>","protected":false},"featured_media":143109,"template":"","meta":{"_acf_changed":false},"product_brand":[],"product_cat":[3086],"product_tag":[2465],"class_list":{"0":"post-143110","1":"product","2":"type-product","3":"status-publish","4":"has-post-thumbnail","6":"product_cat-magnetkontakter","7":"product_tag-sbsc-larmklass2","8":"product_shipping_class-postnord-varubrev","9":"pa_farg-vit","10":"tm-no-options","12":"first","13":"instock","14":"taxable","15":"shipping-taxable","16":"purchasable","17":"product-type-simple"},"acf":[],"_links":{"self":[{"href":"https:\/\/secureus.se\/pl\/wp-json\/wp\/v2\/product\/143110","targetHints":{"allow":["GET"]}}],"collection":[{"href":"https:\/\/secureus.se\/pl\/wp-json\/wp\/v2\/product"}],"about":[{"href":"https:\/\/secureus.se\/pl\/wp-json\/wp\/v2\/types\/product"}],"wp:featuredmedia":[{"embeddable":true,"href":"https:\/\/secureus.se\/pl\/wp-json\/wp\/v2\/media\/143109"}],"wp:attachment":[{"href":"https:\/\/secureus.se\/pl\/wp-json\/wp\/v2\/media?parent=143110"}],"wp:term":[{"taxonomy":"product_brand","embeddable":true,"href":"https:\/\/secureus.se\/pl\/wp-json\/wp\/v2\/product_brand?post=143110"},{"taxonomy":"product_cat","embeddable":true,"href":"https:\/\/secureus.se\/pl\/wp-json\/wp\/v2\/product_cat?post=143110"},{"taxonomy":"product_tag","embeddable":true,"href":"https:\/\/secureus.se\/pl\/wp-json\/wp\/v2\/product_tag?post=143110"}],"curies":[{"name":"wp","href":"https:\/\/api.w.org\/{rel}","templated":true}]}}