{"id":143873,"date":"2022-06-28T12:49:24","date_gmt":"2022-06-28T10:49:24","guid":{"rendered":"https:\/\/secureus.se\/magnetkontakt-mc-340-s32-10\/"},"modified":"2026-04-09T10:28:52","modified_gmt":"2026-04-09T08:28:52","slug":"magnetkontakt-mc-340-s32-10","status":"publish","type":"product","link":"https:\/\/secureus.se\/pl\/magnetkontakt-mc-340-s32-10\/","title":{"rendered":"Styk magnetyczny Mc 340-S32-10"},"content":{"rendered":"<p>Czujnik magnetyczny z funkcj\u0105 NC jako kompletny zestaw zawieraj\u0105cy plastikowy adapter MC 300-S32 z bardzo mocnym magnesem do monta\u017cu w drzwiach i oknach w materiale magnetycznym lub dla wi\u0119kszej odleg\u0142o\u015bci roboczej w przypadku monta\u017cu w materiale niemagnetycznym. Adapter posiada funkcj\u0119 zatrzasku i jest przystosowany do dw\u00f3ch r\u00f3\u017cnych grubo\u015bci materia\u0142u: 1mm i 1,5mm. Zar\u00f3wno cz\u0119\u015b\u0107 stykowa, jak i magnetyczna znajduj\u0105 si\u0119 w wodoodpornej (IP 67) bia\u0142ej obudowie z tworzywa sztucznego. Do wierte\u0142 o \u015brednicy 19 mm.<\/p>","protected":false},"excerpt":{"rendered":"<p>Styk magnetyczny MC340-S32-10<\/p>","protected":false},"featured_media":143871,"template":"","meta":{"_acf_changed":false},"product_brand":[],"product_cat":[3086],"product_tag":[2465],"class_list":{"0":"post-143873","1":"product","2":"type-product","3":"status-publish","4":"has-post-thumbnail","6":"product_cat-magnetkontakter","7":"product_tag-sbsc-larmklass2","8":"product_shipping_class-postnord-varubrev","9":"pa_brands-alarmtech","10":"pa_farg-vit","11":"tm-no-options","13":"first","14":"instock","15":"sale","16":"taxable","17":"shipping-taxable","18":"purchasable","19":"product-type-simple"},"acf":[],"_links":{"self":[{"href":"https:\/\/secureus.se\/pl\/wp-json\/wp\/v2\/product\/143873","targetHints":{"allow":["GET"]}}],"collection":[{"href":"https:\/\/secureus.se\/pl\/wp-json\/wp\/v2\/product"}],"about":[{"href":"https:\/\/secureus.se\/pl\/wp-json\/wp\/v2\/types\/product"}],"wp:featuredmedia":[{"embeddable":true,"href":"https:\/\/secureus.se\/pl\/wp-json\/wp\/v2\/media\/143871"}],"wp:attachment":[{"href":"https:\/\/secureus.se\/pl\/wp-json\/wp\/v2\/media?parent=143873"}],"wp:term":[{"taxonomy":"product_brand","embeddable":true,"href":"https:\/\/secureus.se\/pl\/wp-json\/wp\/v2\/product_brand?post=143873"},{"taxonomy":"product_cat","embeddable":true,"href":"https:\/\/secureus.se\/pl\/wp-json\/wp\/v2\/product_cat?post=143873"},{"taxonomy":"product_tag","embeddable":true,"href":"https:\/\/secureus.se\/pl\/wp-json\/wp\/v2\/product_tag?post=143873"}],"curies":[{"name":"wp","href":"https:\/\/api.w.org\/{rel}","templated":true}]}}