{"id":144942,"date":"2022-03-10T15:48:00","date_gmt":"2022-03-10T14:48:00","guid":{"rendered":"https:\/\/secureus.se\/linjedetektor-ax-70tn\/"},"modified":"2025-12-31T19:45:34","modified_gmt":"2025-12-31T18:45:34","slug":"linjedetektor-ax-70tn","status":"publish","type":"product","link":"https:\/\/secureus.se\/pl\/linjedetektor-ax-70tn\/","title":{"rendered":"Optex \u2013 Detektor linii AX-70TN"},"content":{"rendered":"<h1>Optex AX-70TN to wysokiej jako\u015bci detektor linii, kt\u00f3ry oferuje wyj\u0105tkow\u0105 niezawodno\u015b\u0107 i wydajno\u015b\u0107 w przypadku nadzoru zewn\u0119trznego.<\/h1>\n<p>Wyposa\u017cony w podw\u00f3jn\u0105 zsynchronizowan\u0105 wi\u0105zk\u0119 liniow\u0105, mo\u017ce skutecznie wykrywa\u0107 ruch na dystansie do 20 metr\u00f3w.<\/p>\n<p>Dzi\u0119ki temu idealnie nadaje si\u0119 do rozwi\u0105za\u0144 bezpiecze\u0144stwa, w kt\u00f3rych wa\u017cne jest pokrycie wi\u0119kszych obszar\u00f3w, np. przy wej\u015bciach, budynkach lub du\u017cych obszarach wymagaj\u0105cych monitorowania.<\/p>\n<p>Regulowany czas wst\u0119pnego alarmu pozwala u\u017cytkownikowi dostosowa\u0107 czu\u0142o\u015b\u0107 czujki i czas reakcji, co jest szczeg\u00f3lnie przydatne w celu unikni\u0119cia fa\u0142szywych alarm\u00f3w spowodowanych sporadycznymi ruchami, kt\u00f3re nie stanowi\u0105 zagro\u017cenia.<\/p>\n<p>To sprawia, \u017ce AX-70TN jest bardzo elastyczn\u0105 opcj\u0105 zar\u00f3wno dla nieruchomo\u015bci mieszkalnych, jak i komercyjnych.<\/p>\n<p>Detektor linii jest wyposa\u017cony w prze\u0142\u0105czny przeka\u017anik alarmowy, co oznacza, \u017ce u\u017cytkownicy mog\u0105 wybiera\u0107 pomi\u0119dzy przeka\u017anikami normalnie otwartymi (NO) lub normalnie zamkni\u0119tymi (NC), w zale\u017cno\u015bci od wymaga\u0144 systemu.<\/p>\n<p>Ta funkcja sprawia, \u017ce AX-70TN jest kompatybilny z r\u00f3\u017cnymi systemami bezpiecze\u0144stwa i zapewnia wi\u0119ksz\u0105 elastyczno\u015b\u0107 w instalacji i obs\u0142udze.<\/p>\n<p>\u0141atwo\u015b\u0107 monta\u017cu i regulacji to kolejna zaleta Optex AX-70TN. W komplecie uchwyt na s\u0142upek o \u015brednicy 32-48 mm, dzi\u0119ki czemu monta\u017c jest szybki i bezpieczny.<\/p>\n<p>Dzi\u0119ki kompaktowym wymiarom i przyjaznej dla u\u017cytkownika konstrukcji detektor mo\u017cna szybko ustawi\u0107 i dostosowa\u0107 w celu optymalizacji obszaru detekcji.<\/p>\n<p>AX-70TN zosta\u0142 zaprojektowany tak, aby wytrzyma\u0107 trudne warunki zewn\u0119trzne. Posiada stopie\u0144 ochrony IP65, co oznacza, \u017ce jest chroniony przed kurzem i wod\u0105, dzi\u0119ki czemu jest solidny i niezawodny nawet w trudnych warunkach pogodowych.<\/p>\n<p>Specyfikacja temperaturowa, kt\u00f3ra waha si\u0119 od -40\u00b0C do +60\u00b0C, sprawia, \u017ce jest on przydatny zar\u00f3wno w zimnym, jak i gor\u0105cym klimacie. Do u\u017cytku w zimnych \u015brodowiskach zaleca si\u0119 element grzejny, aby zapewni\u0107 najlepsz\u0105 mo\u017cliw\u0105 wydajno\u015b\u0107.<\/p>\n<p>Przy poborze pr\u0105du 38-45 mA (zar\u00f3wno dla nadajnika, jak i odbiornika) i zakresie napi\u0119cia 10,5 \u2013 28 VDC, AX-70TN jest energooszcz\u0119dny i dobrze pasuje do r\u00f3\u017cnych system\u00f3w bezpiecze\u0144stwa, zachowuj\u0105c jednocze\u015bnie wysoki poziom wydajno\u015bci i niezawodno\u015bci .<\/p>\n<p><strong>Zalety Optex AX-70TN:<\/strong><\/p>\n<ul>\n<li><strong>Zakres:<\/strong> Do 20 metr\u00f3w na zewn\u0105trz, idealny do wi\u0119kszych obszar\u00f3w.<\/li>\n<li><strong>Regulacja okresu czasu alarmu:<\/strong> Dostosuj czas reakcji czujnika, aby odfiltrowa\u0107 niepo\u017c\u0105dane ruchy.<\/li>\n<li><strong>Prze\u0142\u0105czanie przeka\u017anika alarmowego (NC\/NO):<\/strong> Elastyczne po\u0142\u0105czenie z r\u00f3\u017cnymi systemami bezpiecze\u0144stwa.<\/li>\n<li><strong>Stopie\u0144 ochrony IP65:<\/strong> Odporno\u015b\u0107 na kurz i wod\u0119 zapewnia niezawodne u\u017cytkowanie na zewn\u0105trz.<\/li>\n<li><strong>Szeroka odporno\u015b\u0107 na temperatur\u0119:<\/strong> Temperatura pracy od -40\u00b0C do +60\u00b0C.<\/li>\n<li><strong>\u0141atwa instalacja:<\/strong> W zestawie wspornik do s\u0142upka umo\u017cliwiaj\u0105cy szybki i bezpieczny monta\u017c.<\/li>\n<\/ul>\n<p><strong>Dane techniczne:<\/strong><\/p>\n<ul>\n<li><strong>Zakres:<\/strong> Do 20 metr\u00f3w na zewn\u0105trz<\/li>\n<li><strong>Zasilanie:<\/strong> 10,5\u201328 V pr\u0105du sta\u0142ego<\/li>\n<li><strong>Pob\u00f3r mocy:<\/strong> 38-45mA<\/li>\n<li><strong>Przeka\u017anik alarmowy:<\/strong> Naprzemienne NC\/NO<\/li>\n<li><strong>Wymiary (wys. x szer. x g\u0142\u0119b.):<\/strong> 170 x 65 x 69,5 mm<\/li>\n<li><strong>Zakres temperatur:<\/strong> -40\u00b0C do +60\u00b0C (przy ni\u017cszych temperaturach zaleca si\u0119 element grzejny)<\/li>\n<li><strong>Za\u0142\u0105cznik:<\/strong> IP65 \u2013 Odporny na wod\u0119 i py\u0142<\/li>\n<li><strong>Wspornik monta\u017cowy:<\/strong> Do s\u0142upa \u2300 32-48 mm<\/li>\n<li><strong>Waga:<\/strong> 540 gr<\/li>\n<\/ul>","protected":false},"excerpt":{"rendered":"<p>Optex AX-70TN to detektor linii z podw\u00f3jn\u0105 zsynchronizowan\u0105 wi\u0105zk\u0105 linii i zasi\u0119giem do 20 metr\u00f3w na zewn\u0105trz.<\/p>\n<p>Posiada regulowany czas trwania alarmu wst\u0119pnego i prze\u0142\u0105czany przeka\u017anik alarmowy, co czyni go elastycznym i niezawodnym wyborem do zastosowa\u0144 zwi\u0105zanych z bezpiecze\u0144stwem.<\/p>","protected":false},"featured_media":144938,"template":"","meta":{"_acf_changed":false},"product_brand":[],"product_cat":[1325],"product_tag":[2147],"class_list":{"0":"post-144942","1":"product","2":"type-product","3":"status-publish","4":"has-post-thumbnail","6":"product_cat-larmgivare-skalskydd","7":"product_tag-rorelsedetektor-utomhus","8":"product_shipping_class-tunga-paket","9":"pa_brands-optex","10":"tm-no-options","12":"first","13":"instock","14":"featured","15":"taxable","16":"shipping-taxable","17":"purchasable","18":"product-type-simple"},"acf":[],"_links":{"self":[{"href":"https:\/\/secureus.se\/pl\/wp-json\/wp\/v2\/product\/144942","targetHints":{"allow":["GET"]}}],"collection":[{"href":"https:\/\/secureus.se\/pl\/wp-json\/wp\/v2\/product"}],"about":[{"href":"https:\/\/secureus.se\/pl\/wp-json\/wp\/v2\/types\/product"}],"wp:featuredmedia":[{"embeddable":true,"href":"https:\/\/secureus.se\/pl\/wp-json\/wp\/v2\/media\/144938"}],"wp:attachment":[{"href":"https:\/\/secureus.se\/pl\/wp-json\/wp\/v2\/media?parent=144942"}],"wp:term":[{"taxonomy":"product_brand","embeddable":true,"href":"https:\/\/secureus.se\/pl\/wp-json\/wp\/v2\/product_brand?post=144942"},{"taxonomy":"product_cat","embeddable":true,"href":"https:\/\/secureus.se\/pl\/wp-json\/wp\/v2\/product_cat?post=144942"},{"taxonomy":"product_tag","embeddable":true,"href":"https:\/\/secureus.se\/pl\/wp-json\/wp\/v2\/product_tag?post=144942"}],"curies":[{"name":"wp","href":"https:\/\/api.w.org\/{rel}","templated":true}]}}