{"id":145145,"date":"2022-03-10T15:47:00","date_gmt":"2022-03-10T14:47:00","guid":{"rendered":"https:\/\/secureus.se\/vibrationsdetektor-cd400-alarmtech\/"},"modified":"2025-12-31T19:43:46","modified_gmt":"2025-12-31T18:43:46","slug":"vibrationsdetektor-cd400-alarmtech","status":"publish","type":"product","link":"https:\/\/secureus.se\/pl\/vibrationsdetektor-cd400-alarmtech\/","title":{"rendered":"Detektor wibracyjny CD400 Alarmtech"},"content":{"rendered":"<p>Czujka uderzeniowa CD 400 zapewnia niezawodn\u0105 ochron\u0119 okien, drzwi i \u015bcian wykonanych z mi\u0119kkich materia\u0142\u00f3w przed narz\u0119dziami w\u0142amaniowymi dzia\u0142aj\u0105cymi z du\u017c\u0105 si\u0142\u0105. Posiada cyfrowe przetwarzanie sygna\u0142u z zaawansowanym algorytmem detekcji. Oznacza to, \u017ce czujka charakteryzuje si\u0119 du\u017c\u0105 zdolno\u015bci\u0105 detekcyjn\u0105 i du\u017c\u0105 odporno\u015bci\u0105 na zak\u0142\u00f3cenia w otoczeniu. Czu\u0142o\u015b\u0107 detektora CD 400 mo\u017cna \u0142atwo regulowa\u0107 za pomoc\u0105 potencjometru.<\/p>\n<p>Dane kontaktowe Maks. 100 mA, maks. 50 V, Rs 30 om\u00f3w<\/p>\n<p>Zabezpieczenie przed manipulacj\u0105Tak Pod\u0142\u0105czenie Zacisk \u015brubowy Obudowa Tworzywo ABS Kolor Bia\u0142y<\/p>\n<p>Temperatura pracy -10 do +70\u00b0C<\/p>\n<p>Stopie\u0144 ochrony IP 42 Wymiary (DxSxW) mm91x31x23<\/p>\n<p>Waga kg0,051<\/p>\n<p>Pob\u00f3r pr\u0105du w spoczynku 9 mA Pob\u00f3r pr\u0105du podczas alarmu 11 mA<\/p>\n<p>Wyj\u015bcie alarmowe Przeka\u017anik, NC Sygnalizacja alarmu Dioda LED<\/p>","protected":false},"excerpt":{"rendered":"<p>Produkty z rynku profesjonalnego - Alarmtech - Zawsze niska cena<\/p>","protected":false},"featured_media":145143,"template":"","meta":{"_acf_changed":false},"product_brand":[],"product_cat":[3085],"product_tag":[2418],"class_list":{"0":"post-145145","1":"product","2":"type-product","3":"status-publish","4":"has-post-thumbnail","6":"product_cat-vibationsdetektorer-glaskrossdetektorer","7":"product_tag-rel-larmgivare","8":"product_shipping_class-postnord-varubrev","9":"pa_brands-alarmtech","10":"tm-no-options","12":"first","13":"instock","14":"featured","15":"taxable","16":"shipping-taxable","17":"purchasable","18":"product-type-simple"},"acf":[],"_links":{"self":[{"href":"https:\/\/secureus.se\/pl\/wp-json\/wp\/v2\/product\/145145","targetHints":{"allow":["GET"]}}],"collection":[{"href":"https:\/\/secureus.se\/pl\/wp-json\/wp\/v2\/product"}],"about":[{"href":"https:\/\/secureus.se\/pl\/wp-json\/wp\/v2\/types\/product"}],"wp:featuredmedia":[{"embeddable":true,"href":"https:\/\/secureus.se\/pl\/wp-json\/wp\/v2\/media\/145143"}],"wp:attachment":[{"href":"https:\/\/secureus.se\/pl\/wp-json\/wp\/v2\/media?parent=145145"}],"wp:term":[{"taxonomy":"product_brand","embeddable":true,"href":"https:\/\/secureus.se\/pl\/wp-json\/wp\/v2\/product_brand?post=145145"},{"taxonomy":"product_cat","embeddable":true,"href":"https:\/\/secureus.se\/pl\/wp-json\/wp\/v2\/product_cat?post=145145"},{"taxonomy":"product_tag","embeddable":true,"href":"https:\/\/secureus.se\/pl\/wp-json\/wp\/v2\/product_tag?post=145145"}],"curies":[{"name":"wp","href":"https:\/\/api.w.org\/{rel}","templated":true}]}}