{"id":145559,"date":"2022-03-10T15:26:00","date_gmt":"2022-03-10T14:26:00","guid":{"rendered":"https:\/\/secureus.se\/mellan-pase-100x150-aterforslutningsbarskrivfalt-25-pack\/"},"modified":"2025-12-31T19:46:37","modified_gmt":"2025-12-31T18:46:37","slug":"mellan-pase-100x150-aterforslutningsbarskrivfalt-25-pack","status":"publish","type":"product","link":"https:\/\/secureus.se\/pl\/mellan-pase-100x150-aterforslutningsbarskrivfalt-25-pack\/","title":{"rendered":"\u015arednia torba 25 sztuk 100\u00d7150 z mo\u017cliwo\u015bci\u0105 ponownego zamkni\u0119cia i polem do zapisu"},"content":{"rendered":"<div>\n<p>Torby Ziplock doskonale sprawdzaj\u0105 si\u0119, gdy chcesz \u0142atwo zamkn\u0105\u0107, otworzy\u0107 i ponownie zamkn\u0105\u0107 torebk\u0119.<\/p>\n<ul>\n<li>Torby zapinane na zamek wykonane s\u0105 z przyjaznego dla \u015brodowiska polietylenu i wyposa\u017cone w zamek b\u0142yskawiczny.<\/li>\n<li>Dostarczane z dziurkowanym otworem 6 mm nad zamkni\u0119ciem.<\/li>\n<li>Zawiera pole do pisania, w kt\u00f3rym mo\u017cesz wpisa\u0107 zawarto\u015b\u0107.<\/li>\n<li>Dostarczane w 25 opakowaniach&nbsp;<\/li>\n<\/ul>\n<\/div>","protected":false},"excerpt":{"rendered":"<p>Blixl&aring;sp&aring;sar &auml;r bra n&auml;r du enkelt vill f&ouml;rsluta, &ouml;ppna och &aring;terf&ouml;rsluta en p&aring;se. Blixtl&aring;sp&aring;sarna &auml;r tillverkad av milj&ouml;v&auml;nlig polyeten och f&ouml;rsedda med blixtl&aring;s. Levereras med utstansat h&aring;l, 6 mm, &ouml;ver<\/p>","protected":false},"featured_media":145558,"template":"","meta":{"_acf_changed":false},"product_brand":[],"product_cat":[1692],"product_tag":[],"class_list":{"0":"post-145559","1":"product","2":"type-product","3":"status-publish","4":"has-post-thumbnail","6":"product_cat-kortklamma-montering","7":"product_shipping_class-postnord-varubrev","8":"pa_brands-stonehouse-security","9":"pa_rfid-tillbehor-clips-montering","10":"tm-no-options","12":"first","13":"instock","14":"featured","15":"taxable","16":"shipping-taxable","17":"purchasable","18":"product-type-simple"},"acf":[],"_links":{"self":[{"href":"https:\/\/secureus.se\/pl\/wp-json\/wp\/v2\/product\/145559","targetHints":{"allow":["GET"]}}],"collection":[{"href":"https:\/\/secureus.se\/pl\/wp-json\/wp\/v2\/product"}],"about":[{"href":"https:\/\/secureus.se\/pl\/wp-json\/wp\/v2\/types\/product"}],"wp:featuredmedia":[{"embeddable":true,"href":"https:\/\/secureus.se\/pl\/wp-json\/wp\/v2\/media\/145558"}],"wp:attachment":[{"href":"https:\/\/secureus.se\/pl\/wp-json\/wp\/v2\/media?parent=145559"}],"wp:term":[{"taxonomy":"product_brand","embeddable":true,"href":"https:\/\/secureus.se\/pl\/wp-json\/wp\/v2\/product_brand?post=145559"},{"taxonomy":"product_cat","embeddable":true,"href":"https:\/\/secureus.se\/pl\/wp-json\/wp\/v2\/product_cat?post=145559"},{"taxonomy":"product_tag","embeddable":true,"href":"https:\/\/secureus.se\/pl\/wp-json\/wp\/v2\/product_tag?post=145559"}],"curies":[{"name":"wp","href":"https:\/\/api.w.org\/{rel}","templated":true}]}}