{"id":145678,"date":"2022-03-10T14:57:00","date_gmt":"2022-03-10T13:57:00","guid":{"rendered":"https:\/\/secureus.se\/risco-agility-gsm-gprs-3g-modul\/"},"modified":"2026-04-22T14:17:09","modified_gmt":"2026-04-22T12:17:09","slug":"risco-agility-gsm-gprs-3g-modul","status":"publish","type":"product","link":"https:\/\/secureus.se\/pl\/risco-agility-gsm-gprs-3g-modul\/","title":{"rendered":"MODU\u0141 RISCO Agility GSM\/GPRS 3G"},"content":{"rendered":"<div>\n<h1>MODU\u0141 RISCO Agility GSM\/GPRS 3G<\/h1>\n<p data-start=\"484\" data-end=\"886\">Modu\u0142 Risco Agility GSM\/GPRS 3G (mod. RW132G30000) to rozwi\u0105zanie w postaci karty rozszerzaj\u0105cej system bezpiecze\u0144stwa Agility o mo\u017cliwo\u015bci komunikacji poprzez sie\u0107 GSM\/GPRS.<\/p>\n<p data-start=\"484\" data-end=\"886\">Dzi\u0119ki temu modu\u0142owi system Agility 3 mo\u017ce wysy\u0142a\u0107 alarmy i zdarzenia systemowe do os\u00f3b kontaktowych za po\u015brednictwem wiadomo\u015bci SMS lub wybierania g\u0142osowego, a tak\u017ce przesy\u0142a\u0107 alarmy do centr\u00f3w alarmowych w tradycyjnych formatach, takich jak ContactID lub SIA.<\/p>\n<p data-start=\"888\" data-end=\"1266\">Podczas instalacji systemu Agility 3 dostarczana jest karta sieciowa umo\u017cliwiaj\u0105ca po\u0142\u0105czenie z chmur\u0105 Risco Cloud, ale aby m\u00f3c przesy\u0142a\u0107 alarmy przez GSM\/GPRS i korzysta\u0107 z tradycyjnych format\u00f3w alarm\u00f3w, konieczna jest instalacja tej karty.<\/p>\n<p data-start=\"888\" data-end=\"1266\">Dzi\u0119ki temu u\u017cytkownik mo\u017ce korzysta\u0107 z systemu, kt\u00f3ry mo\u017ce komunikowa\u0107 si\u0119 poprzez GSM\/GPRS, je\u015bli komunikacja cyfrowa lub IP jest niedost\u0119pna.<\/p>\n<p data-start=\"1268\" data-end=\"1584\">Modu\u0142 GSM\/GPRS 3G Risco Agility umo\u017cliwia systemowi wysy\u0142anie alarm\u00f3w za pomoc\u0105 wybierania g\u0142osowego do os\u00f3b kontaktowych, dzi\u0119ki czemu \u0142atwiej i szybciej mo\u017cna uzyska\u0107 informacje o zdarzeniach alarmowych.<\/p>\n<p data-start=\"1268\" data-end=\"1584\">Istnieje r\u00f3wnie\u017c opcja zdalnego sterowania systemem Agility za pomoc\u0105 menu g\u0142osowego, co zapewnia dodatkow\u0105 kontrol\u0119 i wygod\u0119.<\/p>\n<p data-start=\"1586\" data-end=\"1921\">Transmisja alarm\u00f3w do centr\u00f3w alarmowych mo\u017ce odbywa\u0107 si\u0119 poprzez GSM w formacie ContactID lub SIA, a tak\u017ce poprzez GPRS w formacie SIA IP, co sprawia, \u017ce modu\u0142 jest kompatybilny z szerok\u0105 gam\u0105 centr\u00f3w alarmowych.<\/p>\n<p data-start=\"1586\" data-end=\"1921\">Ponadto po\u0142\u0105czenie z Risco Cloud poprzez GPRS oznacza, \u017ce u\u017cytkownicy nadal mog\u0105 zdalnie monitorowa\u0107 i sterowa\u0107 systemem za po\u015brednictwem smartfon\u00f3w i tablet\u00f3w.<\/p>\n<p data-start=\"1923\" data-end=\"1953\"><strong data-start=\"1923\" data-end=\"1951\">G\u0142\u00f3wne cechy:<\/strong><\/p>\n<ul data-start=\"1954\" data-end=\"2669\">\n<li data-start=\"1954\" data-end=\"2054\">\n<p data-start=\"1956\" data-end=\"2054\"><strong data-start=\"1956\" data-end=\"1977\">SMS i alarm g\u0142osowy:<\/strong> Wysy\u0142a wiadomo\u015bci SMS i alerty g\u0142osowe do os\u00f3b kontaktowych w przypadku zdarze\u0144 systemowych i alarm\u00f3w<\/p>\n<\/li>\n<li data-start=\"2055\" data-end=\"2145\">\n<p data-start=\"2057\" data-end=\"2145\"><strong data-start=\"2057\" data-end=\"2077\">Wybieranie g\u0142osowe:<\/strong> Wybieranie g\u0142osowe numer\u00f3w telefon\u00f3w os\u00f3b kontaktowych w przypadku alarm\u00f3w i zdarze\u0144 systemowych<\/p>\n<\/li>\n<li data-start=\"2146\" data-end=\"2215\">\n<p data-start=\"2148\" data-end=\"2215\"><strong data-start=\"2148\" data-end=\"2166\">Zdalne sterowanie:<\/strong> Menu g\u0142osowe do zdalnego sterowania systemem Agility<\/p>\n<\/li>\n<li data-start=\"2216\" data-end=\"2333\">\n<p data-start=\"2218\" data-end=\"2333\"><strong data-start=\"2218\" data-end=\"2254\">Transmisja alarmu do centrum alarmowego:<\/strong> Obs\u0142uguje alarmy GSM w formacie ContactID i SIA, a tak\u017ce alarmy GPRS w formacie SIA IP<\/p>\n<\/li>\n<li data-start=\"2334\" data-end=\"2438\">\n<p data-start=\"2336\" data-end=\"2438\"><strong data-start=\"2336\" data-end=\"2368\">Po\u0142\u0105czenie z chmur\u0105 Risco:<\/strong> Umo\u017cliwia po\u0142\u0105czenie z chmur\u0105 Risco Cloud przez GPRS w celu zdalnego monitorowania<\/p>\n<\/li>\n<li data-start=\"2439\" data-end=\"2536\">\n<p data-start=\"2441\" data-end=\"2536\"><strong data-start=\"2441\" data-end=\"2460\">Zgodno\u015b\u0107:<\/strong> Mo\u017cna go u\u017cy\u0107 do dodania komunikacji GSM\/GPRS do systemu Agility<\/p>\n<\/li>\n<li data-start=\"2537\" data-end=\"2669\">\n<p data-start=\"2539\" data-end=\"2669\"><strong data-start=\"2539\" data-end=\"2575\">Nie mo\u017cna \u0142\u0105czy\u0107 z Risco Cloud:<\/strong> Transmisji alarmowej GSM\/GPRS nie mo\u017cna u\u017cywa\u0107 jednocze\u015bnie z po\u0142\u0105czeniem Risco Cloud na tym module<\/p>\n<\/li>\n<\/ul>\n<p data-start=\"2671\" data-end=\"2702\"><strong data-start=\"2671\" data-end=\"2700\">Dane techniczne:<\/strong><\/p>\n<ul data-start=\"2703\" data-end=\"2944\">\n<li data-start=\"2703\" data-end=\"2739\">\n<p data-start=\"2705\" data-end=\"2739\"><strong data-start=\"2705\" data-end=\"2723\">Komunikacja:<\/strong> GSM\/GPRS (3G)<\/p>\n<\/li>\n<li data-start=\"2740\" data-end=\"2795\">\n<p data-start=\"2742\" data-end=\"2795\"><strong data-start=\"2742\" data-end=\"2757\">Format alarmu:<\/strong> ContactID, SIA (GSM), SIA IP (GPRS)<\/p>\n<\/li>\n<li data-start=\"2796\" data-end=\"2835\">\n<p data-start=\"2798\" data-end=\"2835\"><strong data-start=\"2798\" data-end=\"2816\">Zdalne sterowanie:<\/strong> Tak, za pomoc\u0105 menu g\u0142osowego<\/p>\n<\/li>\n<li data-start=\"2836\" data-end=\"2895\">\n<p data-start=\"2838\" data-end=\"2895\"><strong data-start=\"2838\" data-end=\"2861\">Metoda instalacji:<\/strong> Karty wtykowe w systemie Agility<\/p>\n<\/li>\n<li data-start=\"2896\" data-end=\"2944\">\n<p data-start=\"2898\" data-end=\"2944\"><strong data-start=\"2898\" data-end=\"2930\">Numer artyku\u0142u dostawcy:<\/strong> RW132G30000<\/p>\n<\/li>\n<\/ul>\n<p data-start=\"2946\" data-end=\"3217\">Modu\u0142 Risco Agility GSM\/GPRS 3G zapewnia u\u017cytkownikom niezawodn\u0105 metod\u0119 przesy\u0142ania alarm\u00f3w za po\u015brednictwem GSM\/GPRS, a tak\u017ce mo\u017cliwo\u015b\u0107 \u0142\u0105czenia si\u0119 z chmur\u0105 Risco w celu zdalnego monitorowania, co czyni go doskona\u0142ym wyborem dla u\u017cytkownik\u00f3w, kt\u00f3rzy potrzebuj\u0105 elastycznej komunikacji w swoich systemach bezpiecze\u0144stwa.<\/p>\n<\/div>","protected":false},"excerpt":{"rendered":"<p>Modu\u0142 Risco Agility GSM\/GPRS 3G (RW132G30000) to karta rozszerze\u0144 umo\u017cliwiaj\u0105ca systemowi Agility komunikacj\u0119 poprzez GSM\/GPRS w celu tradycyjnego przesy\u0142ania alarm\u00f3w.<\/p>\n<p>Umo\u017cliwia nawi\u0105zanie kontaktu z osobami za pomoc\u0105 wiadomo\u015bci SMS i alarm\u00f3w g\u0142osowych oraz \u0142\u0105czenie si\u0119 z centrami alarmowymi poprzez GSM lub GPRS. Modu\u0142 obs\u0142uguje r\u00f3wnie\u017c po\u0142\u0105czenie z chmur\u0105 Risco Cloud poprzez GPRS.<\/p>","protected":false},"featured_media":145677,"template":"","meta":{"_acf_changed":false},"product_brand":[],"product_cat":[4882],"product_tag":[],"class_list":{"0":"post-145678","1":"product","2":"type-product","3":"status-publish","4":"has-post-thumbnail","6":"product_cat-agility-v4-3-2","7":"product_shipping_class-postnord-varubrev","8":"pa_brands-4risco","9":"pa_risco-produkter-agility-2","10":"pa_risco-produkter-agility-3","11":"pa_risco-produkter-agility-4","12":"tm-no-options","14":"first","15":"outofstock","16":"sale","17":"featured","18":"taxable","19":"shipping-taxable","20":"purchasable","21":"product-type-simple"},"acf":[],"_links":{"self":[{"href":"https:\/\/secureus.se\/pl\/wp-json\/wp\/v2\/product\/145678","targetHints":{"allow":["GET"]}}],"collection":[{"href":"https:\/\/secureus.se\/pl\/wp-json\/wp\/v2\/product"}],"about":[{"href":"https:\/\/secureus.se\/pl\/wp-json\/wp\/v2\/types\/product"}],"wp:featuredmedia":[{"embeddable":true,"href":"https:\/\/secureus.se\/pl\/wp-json\/wp\/v2\/media\/145677"}],"wp:attachment":[{"href":"https:\/\/secureus.se\/pl\/wp-json\/wp\/v2\/media?parent=145678"}],"wp:term":[{"taxonomy":"product_brand","embeddable":true,"href":"https:\/\/secureus.se\/pl\/wp-json\/wp\/v2\/product_brand?post=145678"},{"taxonomy":"product_cat","embeddable":true,"href":"https:\/\/secureus.se\/pl\/wp-json\/wp\/v2\/product_cat?post=145678"},{"taxonomy":"product_tag","embeddable":true,"href":"https:\/\/secureus.se\/pl\/wp-json\/wp\/v2\/product_tag?post=145678"}],"curies":[{"name":"wp","href":"https:\/\/api.w.org\/{rel}","templated":true}]}}